{"id":173,"date":"2019-10-04T11:04:44","date_gmt":"2019-10-04T09:04:44","guid":{"rendered":"http:\/\/web.philo.ulg.ac.be\/cedopal-exposition\/?page_id=173"},"modified":"2019-10-04T11:04:44","modified_gmt":"2019-10-04T09:04:44","slug":"copyright","status":"publish","type":"page","link":"http:\/\/web.philo.ulg.ac.be\/cedopal-exposition\/copyright\/","title":{"rendered":"Copyright"},"content":{"rendered":"<div class=\"fusion-fullwidth fullwidth-box fusion-builder-row-1 nonhundred-percent-fullwidth non-hundred-percent-height-scrolling\" style=\"background-color: #ffffff;background-position: center center;background-repeat: no-repeat;padding-top:0px;padding-right:0px;padding-bottom:0px;padding-left:0px;margin-bottom: 0px;margin-top: 0px;border-width: 0px 0px 0px 0px;border-color:#eae9e9;border-style:solid;\" ><div class=\"fusion-builder-row fusion-row\"><div class=\"fusion-layout-column fusion_builder_column fusion-builder-column-0 fusion_builder_column_1_1 1_1 fusion-one-full fusion-column-first fusion-column-last\" style=\"margin-top:0px;margin-bottom:0px;\"><div class=\"fusion-column-wrapper fusion-flex-column-wrapper-legacy\" style=\"background-position:left top;background-repeat:no-repeat;-webkit-background-size:cover;-moz-background-size:cover;-o-background-size:cover;background-size:cover;padding: 0px 0px 0px 0px;\"><style type=\"text\/css\"><\/style><div class=\"fusion-title title fusion-title-1 fusion-sep-none fusion-title-text fusion-title-size-one\" style=\"font-size:35px;margin-top:0px;margin-right:0px;margin-bottom:20px;margin-left:0px;\"><h1 class=\"title-heading-left fusion-responsive-typography-calculated\" style=\"margin:0;font-size:1em;color:#cfcfca;--fontSize:35;line-height:1.71;\">Cr\u00e9dits photographiques<\/h1><\/div><div class=\"fusion-text fusion-text-1\"><ol>\n<li style=\"text-align: justify;\">\u00a9 Claude Rapin, DAFA (p. 10, 1-2).<\/li>\n<li style=\"text-align: justify;\">With the permission of the Papyrus Collection, Graduate Library, University of Michigan, Ann Arbor (p. 88, 2).<\/li>\n<li style=\"text-align: justify;\">\u00a9 Ath\u00e8nes, Mus\u00e9e National (p. 14, 1).<\/li>\n<li style=\"text-align: justify;\">\u00a9 Ath\u00e8nes, Mus\u00e9e de l\u2019Agora (p. 28, 1 et 87, 3).<\/li>\n<li style=\"text-align: justify;\">\u00a9 Bildarchiv Preussischer Kulturbesitz, Berlin (p. 11, 2; 13, 2; 16, 1; 19, 3; 26, 1-3; 27, 1; 28, 2; 31, 2; 40, 2; 43, 1; 44, 1; 86, 1).<\/li>\n<li style=\"text-align: justify;\">Su concessione della Biblioteca Universitaria di Bologna. Divieto di ulteriore riproduzione o duplicazione con qualsiasi mezzo (p. 33, 3 : BUB, ms. 1456, Cronaca Villola, ms. cart., sec. XIV, c. 3r).<\/li>\n<li style=\"text-align: justify;\">\u00a9 Bourges, Mus\u00e9e du Berry (p. 37, 3).<\/li>\n<li style=\"text-align: justify;\">\u00a9 Bremen, Staats- und Universit\u00e4tsbibliothek (p. 54, 3).<\/li>\n<li style=\"text-align: justify;\">\u00a9 Cairo, Egyptian Museum (p. 18, 1; 22, 2; 25, 1; 44, 3; 53, 3; 60, 3; 88, 2).<\/li>\n<li style=\"text-align: justify;\">\u00a9 Cairo, Coptic Museum (p. 84, 3).<\/li>\n<li style=\"text-align: justify;\">\u00a9 Cairo, Dr. Ragab Papyrus Institute (p. 5, 1-3; 6, 1-2).<\/li>\n<li style=\"text-align: justify;\">\u00a9 Cambridge University Library (p. 52, 3).<\/li>\n<li style=\"text-align: justify;\">\u00a9 Universit\u00e4t zu K\u00f6ln, Institut f\u00fcr Altertumskunde, Papyrussammlung (p. 43, 3; 62, 2).<\/li>\n<li style=\"text-align: justify;\">Firenze, Biblioteca Medicea Laurenziana. Su concessione del Ministero per i Beni e le Attivit\u00e0 Culturali. \u00c8 vietata ogni ulteriore riproduzione con qualsiasi mezzo (p. 28, 3; 42, 1; 58, 2).<\/li>\n<li style=\"text-align: justify;\">\u00a9 Gen\u00e8ve, Biblioth\u00e8que publique et universitaire (p. 85, 3).<\/li>\n<li style=\"text-align: justify;\">\u00a9 Cologny (Gen\u00e8ve), Fondation Bodmer (p. 42, 3; 44, 2).<\/li>\n<li style=\"text-align: justify;\">\u00a9 Colin A. Hope, Centre for Archaeology &amp; Ancient History, Monash University, Clayton, Victoria, Australia (p. 12, 1-2 et 31, 3).<\/li>\n<li style=\"text-align: justify;\">\u00a9 Papyrologisch Instituut, Universiteit Leiden (p. 84, 2).<\/li>\n<li style=\"text-align: justify;\">\u00a9 Institut de Papyrologie et d\u2019\u00c9gyptologie, Universit\u00e9 Charles de Gaulle-Lille III (p. 51, 1).<\/li>\n<li style=\"text-align: justify;\">\u00a9 Universit\u00e9 de Li\u00e8ge, Biblioth\u00e8que g\u00e9n\u00e9rale de Philosophie et Lettres, CICB (p. 1, 1-2; 24, 3).<\/li>\n<li style=\"text-align: justify;\">\u00a9 Universit\u00e9 de Li\u00e8ge, CEDOPAL (p. 11, 3; 83, 1).<\/li>\n<li style=\"text-align: justify;\">\u00a9 Wellcome Foundation Library, London (p. 47, 2).<\/li>\n<li style=\"text-align: justify;\">\u00a9 British Library, London (p. 12, 3; 15, 3; 20, 1-2; 22, 3; 23, 1-3; 24, 1; 27, 2; 29,3; 30, 3; 31, 1; 37, 1; 40, 3; 53, 2; 56, 3; 65, 1; 85, 2; 34, 1).<\/li>\n<li style=\"text-align: justify;\">\u00a9 Copyright The Trustees of the British Museum, London (p. 67, 1).<\/li>\n<li style=\"text-align: justify;\">\u00a9 John Rylands Library, Manchester (p. 52, 1).<\/li>\n<li style=\"text-align: justify;\">\u00a9 Universit\u00e0 Statale, Istituto di Papirologia, Milano (p. 15, 1; 88, 1; 89, 1-3).<\/li>\n<li style=\"text-align: justify;\">\u00a9 Biblioteca Ambrosiana, Milano (p. 48, 2-3).<\/li>\n<li style=\"text-align: justify;\">\u00a9 Bayerische Staatsbibliothek, M\u00fcnchen (http:\/\/www.bsb-muenchen.de) (p. 18, 2).<\/li>\n<li style=\"text-align: justify;\">Biblioteca Nazionale \u00ab\u00a0Vittorio Emmanuele III\u00a0\u00bb, Napoli, su concessione del Ministero per i Beni e le Attivit\u00e0 Culturali \u2013 Italia, divieto di ulteriore riproduzione o duplicazione con qualsiasi mezzo (p. 71, 3; 73, 2-3).<\/li>\n<li style=\"text-align: justify;\">Museo Archeologico Nazionale di Napoli, su concessione del Ministero per i Beni e le Attivit\u00e0 Culturali, Soprintendenza per i Beni Archeologici delle province di Napoli e Caserta (p. 17, 1-2; 59, 1).<\/li>\n<li style=\"text-align: justify;\">\u00a9 The Metropolitan Museum of Art, New York (p. 67, 2).<\/li>\n<li style=\"text-align: justify;\">\u00a9 The Pierpont Morgan Library and Museum, New York (p. 9, 3).<\/li>\n<li style=\"text-align: justify;\">\u00a9 The Bodleian Library, University of Oxford (p. 11, 1; 22, 1; 41, 3; 45, 3; 56, 2).<\/li>\n<li style=\"text-align: justify;\">\u00a9 Ashmolean Museum, Oxford (p. 15, 2; 18, 3; 21, 3; 22, 1; 29, 1; 34, 2; 39, 1-2; 42, 2; 43, 2; 45, 1; 48, 1; 52, 2; 53, 1; 69, 3).<\/li>\n<li style=\"text-align: justify;\">\u00a9 Institut de Papyrologie, Universit\u00e9 de Paris IV \u2013 Sorbonne, Paris (p. 51, 2-3).<\/li>\n<li style=\"text-align: justify;\">\u00a9 Mus\u00e9e du Louvre, Paris (p. 19, 1; 27, 3; 30, 2; 46, 1; 47, 3; 54, 1).<\/li>\n<li style=\"text-align: justify;\">\u00a9 Biblioth\u00e8que Nationale de France, Paris (p. 16, 2; 32, 1; 46, 2; 54, 2).<\/li>\n<li style=\"text-align: justify;\">\u00a9 Biblioteca Apostolica Vaticana, Citt\u00e0 del Vaticano (p. 9, 2; 49, 1-3).<\/li>\n<li style=\"text-align: justify;\">\u00a9 Sagalassos Project, Leuven (p. 75, 3; 77, 2).<\/li>\n<li style=\"text-align: justify;\">\u00a9 National Library of Russia, St.-Petersburg (p. 68, 3).<\/li>\n<li style=\"text-align: justify;\">\u00a9 Mount Holyoke College, Archives and Special Collections, South Hadley (p. 47, 1).<\/li>\n<li style=\"text-align: justify;\">\u00a9 Photo et collection de la Biblioth\u00e8que Nationale et Universitaire de Strasbourg (p. 83, 2).<\/li>\n<li style=\"text-align: justify;\">\u00a9 Archaeological Museum, Thessaloniki (p. 19, 2).<\/li>\n<li style=\"text-align: justify;\">\u00a9 ROM. Avec la permission du Royal Ontario Museum, Toronto (p. 29, 2).<\/li>\n<li style=\"text-align: justify;\">\u00a9 Rheinisches Landesmuseum, Trier (p. 84, 1).<\/li>\n<li style=\"text-align: justify;\">\u00a9 Mus\u00e9e du Bardo, Tunis (p. 63, 3).<\/li>\n<li style=\"text-align: justify;\">\u00a9 \u00d6sterreichische Nationalbibliothek, Bildarchiv, Wien (p. 45, 2; 46, 3; 50, 1-3; 66, 1).<\/li>\n<li style=\"text-align: justify;\">\u00a9 Martin von Wagner Museum der Universit\u00e4t W\u00fcrzburg. Foto : Karl \u00c4hrlein (p. 83, 3).<\/li>\n<\/ol>\n<\/div><div class=\"fusion-clearfix\"><\/div><\/div><\/div><\/div><\/div>\n","protected":false},"excerpt":{"rendered":"","protected":false},"author":2,"featured_media":0,"parent":0,"menu_order":0,"comment_status":"closed","ping_status":"closed","template":"","meta":{"footnotes":""},"class_list":["post-173","page","type-page","status-publish","hentry"],"_links":{"self":[{"href":"http:\/\/web.philo.ulg.ac.be\/cedopal-exposition\/wp-json\/wp\/v2\/pages\/173","targetHints":{"allow":["GET"]}}],"collection":[{"href":"http:\/\/web.philo.ulg.ac.be\/cedopal-exposition\/wp-json\/wp\/v2\/pages"}],"about":[{"href":"http:\/\/web.philo.ulg.ac.be\/cedopal-exposition\/wp-json\/wp\/v2\/types\/page"}],"author":[{"embeddable":true,"href":"http:\/\/web.philo.ulg.ac.be\/cedopal-exposition\/wp-json\/wp\/v2\/users\/2"}],"replies":[{"embeddable":true,"href":"http:\/\/web.philo.ulg.ac.be\/cedopal-exposition\/wp-json\/wp\/v2\/comments?post=173"}],"version-history":[{"count":1,"href":"http:\/\/web.philo.ulg.ac.be\/cedopal-exposition\/wp-json\/wp\/v2\/pages\/173\/revisions"}],"predecessor-version":[{"id":174,"href":"http:\/\/web.philo.ulg.ac.be\/cedopal-exposition\/wp-json\/wp\/v2\/pages\/173\/revisions\/174"}],"wp:attachment":[{"href":"http:\/\/web.philo.ulg.ac.be\/cedopal-exposition\/wp-json\/wp\/v2\/media?parent=173"}],"curies":[{"name":"wp","href":"https:\/\/api.w.org\/{rel}","templated":true}]}}