{"id":2,"date":"2019-09-25T16:10:52","date_gmt":"2019-09-25T14:10:52","guid":{"rendered":"http:\/\/web.philo.ulg.ac.be\/cedopal-exposition\/?page_id=2"},"modified":"2019-11-20T15:13:22","modified_gmt":"2019-11-20T14:13:22","slug":"page-d-exemple","status":"publish","type":"page","link":"http:\/\/web.philo.ulg.ac.be\/cedopal-exposition\/","title":{"rendered":"Accueil"},"content":{"rendered":"<p><div class=\"fusion-fullwidth fullwidth-box fusion-builder-row-1 nonhundred-percent-fullwidth non-hundred-percent-height-scrolling\" style=\"background-color: #ffffff;background-position: center center;background-repeat: no-repeat;padding-top:0px;padding-right:0px;padding-bottom:0px;padding-left:0px;margin-bottom: 0px;margin-top: 0px;border-width: 0px 0px 0px 0px;border-color:#eae9e9;border-style:solid;\" ><div class=\"fusion-builder-row fusion-row\"><div class=\"fusion-layout-column fusion_builder_column fusion-builder-column-0 fusion_builder_column_2_3 2_3 fusion-two-third fusion-column-first\" style=\"width:65.3333%; margin-right: 4%;margin-top:0px;margin-bottom:0px;\"><div class=\"fusion-column-wrapper fusion-flex-column-wrapper-legacy\" style=\"background-position:left top;background-repeat:no-repeat;-webkit-background-size:cover;-moz-background-size:cover;-o-background-size:cover;background-size:cover;padding: 0px 0px 0px 0px;\"><style type=\"text\/css\"><\/style><div class=\"fusion-title title fusion-title-1 fusion-sep-none fusion-title-text fusion-title-size-one\" style=\"font-size:35px;margin-top:0px;margin-right:0px;margin-bottom:20px;margin-left:0px;\"><h1 class=\"title-heading-left fusion-responsive-typography-calculated\" style=\"margin:0;font-size:1em;color:#cfcfca;--fontSize:35;line-height:1.71;\">Les livres dans le monde gr\u00e9co-romain<\/h1><\/div><div class=\"fusion-text fusion-text-1\"><p style=\"text-align: justify;\">La c\u00e9l\u00e9bration du 175e anniversaire de l&rsquo;Universit\u00e9 de Li\u00e8ge fut l&rsquo;occasion, pour Odette Bouquiaux-Simon, alors directrice du CEDOPAL, d&rsquo;organiser \u00e0 la Salle Marie Delcourt de la Biblioth\u00e8que g\u00e9n\u00e9rale, du 1er au 31 mars 1993, une exposition sur \u00ab\u00a0Le monde des livres dans l&rsquo;Antiquit\u00e9 classique\u00a0\u00bb, reprise en grande partie ici. Avec quelques modifications, et une traduction n\u00e9erlandaise, celle-ci fut \u00e9galement pr\u00e9sent\u00e9e \u00e0 la Biblioth\u00e8que Royale Albert 1er de Bruxelles en f\u00e9vrier-mars 1995 et \u00e0 la Biblioth\u00e8que universitaire de Louvain en septembre-octobre 1996. D&rsquo;autres expositions encore demand\u00e8rent le concours du CEDOPAL, auquel elles emprunt\u00e8rent souvent une partie des panneaux de pr\u00e9sentation compos\u00e9s par Patrick David : \u00ab\u00a0Du papyrus \u00e0 l&rsquo;ordinateur\u00a0\u00bb (Pepinster, septembre 1992), \u00ab\u00a0Le papier et le livre (Vis\u00e9, novembre 1996), \u00ab\u00a0Du papyrus au livre et \u00e0 Internet\u00a0\u00bb (Li\u00e8ge, Palais des Princes-Ev\u00eaques, septembre 1997), \u00ab\u00a0M\u00e9decine et soci\u00e9t\u00e9 en Gr\u00e8ce antique\u00a0\u00bb (Mus\u00e9e Royal de Mariemont, septembre-d\u00e9cembre 1998) pour les papyrus grecs de m\u00e9decine et \u00ab\u00a0Les Empereurs du Nil\u00a0\u00bb (Tongres, Mus\u00e9e Gallo-romain, septembre 1999-f\u00e9vrier 2000; Valenciennes, Mus\u00e9e des Beaux-Arts, mars-juin 2000; Amsterdam, Mus\u00e9e Allard Pierson, d\u00e9cembre 2000-mars 2001) pour la section \u00ab\u00a0litt\u00e9rature\u00a0\u00bb.<\/p>\n<\/div><style type=\"text\/css\"><\/style><div class=\"fusion-title title fusion-title-2 fusion-sep-none fusion-title-text fusion-title-size-one\" style=\"font-size:35px;margin-top:0px;margin-right:0px;margin-bottom:20px;margin-left:0px;\"><h1 class=\"title-heading-left fusion-responsive-typography-calculated\" style=\"margin:0;font-size:1em;color:#cfcfca;--fontSize:35;line-height:1.71;\">Le logo du CEDOPAL<\/h1><\/div><div class=\"fusion-text fusion-text-2\"><p style=\"text-align: justify;\">Con\u00e7u par Denis Renard, le logo du CEDOPAL \u00e9voque l&rsquo;hi\u00e9roglyphe \u00e9gyptien du buisson de papyrus avec, en surimpression, une lettre grecque alpha provenant d&rsquo;un papyrus d&rsquo;Hom\u00e8re (P. Tebt. 2. 426 = MP\u00b3 628 du IIe si\u00e8cle de notre \u00e8re) retrouv\u00e9 \u00e0 Tebtynis.<\/p>\n<\/div><div class=\"fusion-clearfix\"><\/div><\/div><\/div><div class=\"fusion-layout-column fusion_builder_column fusion-builder-column-1 fusion_builder_column_1_3 1_3 fusion-one-third fusion-column-last\" style=\"width:30.6666%;margin-top:0px;margin-bottom:0px;\"><div class=\"fusion-column-wrapper fusion-flex-column-wrapper-legacy\" style=\"background-position:left top;background-repeat:no-repeat;-webkit-background-size:cover;-moz-background-size:cover;-o-background-size:cover;background-size:cover;padding: 0px 0px 0px 0px;\"><div class=\"fusion-sep-clear\"><\/div><div class=\"fusion-separator fusion-full-width-sep\" style=\"margin-left: auto;margin-right: auto;margin-top:10px;width:100%;\"><\/div><div class=\"fusion-sep-clear\"><\/div><script type=\"text\/javascript\">jQuery(function() { _initLayerSlider( '#layerslider_2_yp0j32ou4x9', {sliderVersion: '6.9.0', type: 'fixedsize', responsiveUnder: 0, allowFullscreen: false, slideBGSize: 'auto', hideUnder: 0, hideOver: 100000, autoStart: false, pauseOnHover: 'enabled', twoWaySlideshow: true, skin: 'lightskin', globalBGColor: 'transparent', navPrevNext: false, hoverPrevNext: false, navStartStop: false, showCircleTimer: false, thumbnailNavigation: 'always', tnContainerWidth: '100%', tnWidth: 74, tnHeight: 70, tnActiveOpacity: 40, useSrcset: true, skinsPath: 'http:\/\/web.philo.ulg.ac.be\/cedopal-exposition\/wp-content\/plugins\/LayerSlider\/assets\/static\/layerslider\/skins\/'}); });<\/script><div id=\"layerslider_2_yp0j32ou4x9\" class=\"ls-wp-container fitvidsignore\" style=\"width:230px;height:350px;margin:0 auto;margin-bottom: 50px;\"><div class=\"ls-slide\" data-ls=\"bgposition:50% 0%;duration:8000;transition2d:83;kenburnsscale:1.2;\"><img decoding=\"async\" width=\"200\" height=\"280\" src=\"http:\/\/web.philo.ulg.ac.be\/cedopal-exposition\/wp-content\/uploads\/sites\/56\/2019\/09\/01.jpg\" class=\"ls-bg\" alt=\"\" \/><img decoding=\"async\" width=\"50\" height=\"70\" src=\"http:\/\/web.philo.ulg.ac.be\/cedopal-exposition\/wp-content\/uploads\/sites\/56\/2019\/09\/affiche_cedopalmini.jpg\" class=\"ls-tn\" alt=\"\" \/><\/div><div class=\"ls-slide\" data-ls=\"bgposition:50% 0%;duration:8000;transition2d:83;kenburnsscale:1.2;\"><img decoding=\"async\" width=\"200\" height=\"280\" src=\"http:\/\/web.philo.ulg.ac.be\/cedopal-exposition\/wp-content\/uploads\/sites\/56\/2019\/09\/02.jpg\" class=\"ls-bg\" alt=\"\" \/><img decoding=\"async\" width=\"50\" height=\"70\" src=\"http:\/\/web.philo.ulg.ac.be\/cedopal-exposition\/wp-content\/uploads\/sites\/56\/2019\/09\/folder2mini.jpg\" class=\"ls-tn\" alt=\"\" \/><\/div><div class=\"ls-slide\" data-ls=\"bgposition:50% 0%;duration:8000;transition2d:83;kenburnsscale:1.2;\"><img decoding=\"async\" width=\"200\" height=\"280\" src=\"http:\/\/web.philo.ulg.ac.be\/cedopal-exposition\/wp-content\/uploads\/sites\/56\/2019\/09\/03.jpg\" class=\"ls-bg\" alt=\"\" \/><img decoding=\"async\" width=\"50\" height=\"70\" src=\"http:\/\/web.philo.ulg.ac.be\/cedopal-exposition\/wp-content\/uploads\/sites\/56\/2019\/09\/affiche_bramini.jpg\" class=\"ls-tn\" alt=\"\" \/><\/div><\/div><div class=\"fusion-clearfix\"><\/div><\/div><\/div><\/div><\/div><div class=\"fusion-fullwidth fullwidth-box fusion-builder-row-2 nonhundred-percent-fullwidth non-hundred-percent-height-scrolling\" style=\"background-color: #ffffff;background-position: center center;background-repeat: no-repeat;padding-top:0px;padding-right:0px;padding-bottom:0px;padding-left:0px;margin-bottom: 0px;margin-top: 0px;border-width: 0px 0px 0px 0px;border-color:#eae9e9;border-style:solid;\" ><div class=\"fusion-builder-row fusion-row\"><div class=\"fusion-layout-column fusion_builder_column fusion-builder-column-2 fusion_builder_column_2_3 2_3 fusion-two-third fusion-column-first\" style=\"width:66.666666666667%;width:calc(66.666666666667% - ( ( 4% ) * 0.66666666666667 ) );margin-right: 4%;margin-top:0px;margin-bottom:20px;\"><div class=\"fusion-column-wrapper fusion-flex-column-wrapper-legacy\" style=\"background-position:left top;background-repeat:no-repeat;-webkit-background-size:cover;-moz-background-size:cover;-o-background-size:cover;background-size:cover;padding: 0px 0px 0px 0px;\"><div class=\"fusion-builder-row fusion-builder-row-inner fusion-row\"><div class=\"fusion-layout-column fusion_builder_column_inner fusion-builder-nested-column-0 fusion_builder_column_inner_1_3 1_3 fusion-one-third fusion-column-first\" style=\"width:33.333333333333%;width:calc(33.333333333333% - ( ( 4% + 4% ) * 0.33333333333333 ) );margin-right: 4%;margin-top:0px;margin-bottom:20px;\"><div class=\"fusion-column-wrapper fusion-flex-column-wrapper-legacy\" style=\"background-position:left top;background-repeat:no-repeat;-webkit-background-size:cover;-moz-background-size:cover;-o-background-size:cover;background-size:cover;padding: 0px 0px 0px 0px;\"><div class=\"fusion-clearfix\"><\/div><\/div><\/div><div class=\"fusion-layout-column fusion_builder_column_inner fusion-builder-nested-column-1 fusion_builder_column_inner_1_3 1_3 fusion-one-third\" style=\"width:33.333333333333%;width:calc(33.333333333333% - ( ( 4% + 4% ) * 0.33333333333333 ) );margin-right: 4%;margin-top:0px;margin-bottom:20px;\"><div class=\"fusion-column-wrapper fusion-flex-column-wrapper-legacy\" style=\"background-position:left top;background-repeat:no-repeat;-webkit-background-size:cover;-moz-background-size:cover;-o-background-size:cover;background-size:cover;padding: 0px 0px 0px 0px;\"><div class=\"fusion-alignright\"><style>.fusion-body .fusion-button.button-1{border-radius:0px 0px 0px 0px;}<\/style><a class=\"fusion-button button-flat button-small button-default button-1 fusion-button-default-span fusion-button-default-type\" target=\"_self\" href=\"http:\/\/web.philo.ulg.ac.be\/cedopal-exposition\/visiter01\/\"><span class=\"fusion-button-text\">Commencer la visite<\/span><\/a><\/div><div class=\"fusion-clearfix\"><\/div><\/div><\/div><div class=\"fusion-layout-column fusion_builder_column_inner fusion-builder-nested-column-2 fusion_builder_column_inner_1_3 1_3 fusion-one-third fusion-column-last\" style=\"width:33.333333333333%;width:calc(33.333333333333% - ( ( 4% + 4% ) * 0.33333333333333 ) );margin-top:0px;margin-bottom:20px;\"><div class=\"fusion-column-wrapper fusion-flex-column-wrapper-legacy\" style=\"background-position:left top;background-repeat:no-repeat;-webkit-background-size:cover;-moz-background-size:cover;-o-background-size:cover;background-size:cover;padding: 0px 0px 0px 0px;\"><div class=\"fusion-clearfix\"><\/div><\/div><\/div><\/div><div class=\"fusion-clearfix\"><\/div><\/div><\/div><div class=\"fusion-layout-column fusion_builder_column fusion-builder-column-3 fusion_builder_column_1_3 1_3 fusion-one-third fusion-column-last\" style=\"width:33.333333333333%;width:calc(33.333333333333% - ( ( 4% ) * 0.33333333333333 ) );margin-top:0px;margin-bottom:20px;\"><div class=\"fusion-column-wrapper fusion-flex-column-wrapper-legacy\" style=\"background-position:left top;background-repeat:no-repeat;-webkit-background-size:cover;-moz-background-size:cover;-o-background-size:cover;background-size:cover;padding: 0px 0px 0px 0px;\"><div class=\"fusion-clearfix\"><\/div><\/div><\/div><\/div><\/div><\/p>\n","protected":false},"excerpt":{"rendered":"","protected":false},"author":2,"featured_media":0,"parent":0,"menu_order":0,"comment_status":"closed","ping_status":"closed","template":"","meta":{"footnotes":""},"class_list":["post-2","page","type-page","status-publish","hentry"],"_links":{"self":[{"href":"http:\/\/web.philo.ulg.ac.be\/cedopal-exposition\/wp-json\/wp\/v2\/pages\/2","targetHints":{"allow":["GET"]}}],"collection":[{"href":"http:\/\/web.philo.ulg.ac.be\/cedopal-exposition\/wp-json\/wp\/v2\/pages"}],"about":[{"href":"http:\/\/web.philo.ulg.ac.be\/cedopal-exposition\/wp-json\/wp\/v2\/types\/page"}],"author":[{"embeddable":true,"href":"http:\/\/web.philo.ulg.ac.be\/cedopal-exposition\/wp-json\/wp\/v2\/users\/2"}],"replies":[{"embeddable":true,"href":"http:\/\/web.philo.ulg.ac.be\/cedopal-exposition\/wp-json\/wp\/v2\/comments?post=2"}],"version-history":[{"count":6,"href":"http:\/\/web.philo.ulg.ac.be\/cedopal-exposition\/wp-json\/wp\/v2\/pages\/2\/revisions"}],"predecessor-version":[{"id":1298,"href":"http:\/\/web.philo.ulg.ac.be\/cedopal-exposition\/wp-json\/wp\/v2\/pages\/2\/revisions\/1298"}],"wp:attachment":[{"href":"http:\/\/web.philo.ulg.ac.be\/cedopal-exposition\/wp-json\/wp\/v2\/media?parent=2"}],"curies":[{"name":"wp","href":"https:\/\/api.w.org\/{rel}","templated":true}]}}