{"id":418,"date":"2019-11-04T10:06:44","date_gmt":"2019-11-04T09:06:44","guid":{"rendered":"http:\/\/web.philo.ulg.ac.be\/cedopal-exposition\/?page_id=418"},"modified":"2019-11-15T11:24:50","modified_gmt":"2019-11-15T10:24:50","slug":"visiter44","status":"publish","type":"page","link":"http:\/\/web.philo.ulg.ac.be\/cedopal-exposition\/visiter44\/","title":{"rendered":"Visiter44"},"content":{"rendered":"<p><div class=\"fusion-fullwidth fullwidth-box fusion-builder-row-1 nonhundred-percent-fullwidth non-hundred-percent-height-scrolling\" style=\"background-color: #ffffff;background-position: center center;background-repeat: no-repeat;padding-top:0px;padding-right:0px;padding-bottom:0px;padding-left:0px;margin-bottom: 0px;margin-top: 0px;border-width: 0px 0px 0px 0px;border-color:#eae9e9;border-style:solid;\" ><div class=\"fusion-builder-row fusion-row\"><div class=\"fusion-layout-column fusion_builder_column fusion-builder-column-0 fusion_builder_column_2_3 2_3 fusion-two-third fusion-column-first\" style=\"width:66.666666666667%;width:calc(66.666666666667% - ( ( 4% ) * 0.66666666666667 ) );margin-right: 4%;margin-top:0px;margin-bottom:20px;\"><div class=\"fusion-column-wrapper fusion-flex-column-wrapper-legacy\" style=\"background-position:left top;background-repeat:no-repeat;-webkit-background-size:cover;-moz-background-size:cover;-o-background-size:cover;background-size:cover;padding: 0px 0px 0px 0px;\"><style type=\"text\/css\"><\/style><div class=\"fusion-title title fusion-title-1 fusion-sep-none fusion-title-text fusion-title-size-one\" style=\"font-size:35px;margin-top:0px;margin-right:0px;margin-bottom:20px;margin-left:0px;\"><h1 class=\"title-heading-left fusion-responsive-typography-calculated\" style=\"margin:0;font-size:1em;color:#cfcfca;--fontSize:35;line-height:1.71;\">Le codex (suite)&#8230;<\/h1><\/div><div class=\"fusion-text fusion-text-1\"><p style=\"text-align: justify;\">Les formats carr\u00e9s : le monde grec les conna\u00eet depuis longtemps (avec <em>Les Cr\u00e9tois<\/em> d&rsquo;Euripide). Ils deviendront familiers au monde latin et au monde chr\u00e9tien.<\/p>\n<p style=\"text-align: justify;\">Il arrive aussi aux livres d&rsquo;\u00eatre tr\u00e8s individualistes et de se pr\u00e9senter dans un format assez isol\u00e9, tel ce <em>codex<\/em> de D\u00e9mosth\u00e8ne dont on a pu reconstituer une portion \u00e0 partir de 2 feuilles subsistantes. Une hauteur de page un rien sup\u00e9rieure \u00e0 2 x sa largeur (17.5 x 8.5 cm) lui donne cette silhouette \u00e9lanc\u00e9e.<\/p>\n<p style=\"text-align: justify;\">Ce <em>codex<\/em>, qui contenait au moins trois discours de D\u00e9mosth\u00e8ne, se composait de quaternions (cahiers de 4 feuilles). Les deux feuilles conserv\u00e9es sont respectivement la 2\u00e8me du premier quaternion et la 1\u00e8re du quatri\u00e8me, s\u00e9par\u00e9es donc par 2 quaternions aujourd&rsquo;hui enti\u00e8rement perdus. On voit le titre final <em>Sur les classes<\/em> et, sur une autre feuille, dans une marge sup\u00e9rieure, un autre titre, <em>Sur la libert\u00e9 des Rhodiens<\/em>, sans doute ajout\u00e9 post\u00e9rieurement.<\/p>\n<\/div><div class=\"fusion-clearfix\"><\/div><\/div><\/div><div class=\"fusion-layout-column fusion_builder_column fusion-builder-column-1 fusion_builder_column_1_3 1_3 fusion-one-third fusion-column-last\" style=\"width:33.333333333333%;width:calc(33.333333333333% - ( ( 4% ) * 0.33333333333333 ) );margin-top:0px;margin-bottom:20px;\"><div class=\"fusion-column-wrapper fusion-flex-column-wrapper-legacy\" style=\"background-position:left top;background-repeat:no-repeat;-webkit-background-size:cover;-moz-background-size:cover;-o-background-size:cover;background-size:cover;background-color:#ffffff;padding: 0px 0px 0px 0px;\"><div class=\"fusion-column-content-centered\"><div class=\"fusion-column-content\"><div class=\"fusion-sep-clear\"><\/div><div class=\"fusion-separator fusion-full-width-sep\" style=\"margin-left: auto;margin-right: auto;margin-top:10px;width:100%;\"><\/div><div class=\"fusion-sep-clear\"><\/div><script type=\"text\/javascript\">jQuery(function() { _initLayerSlider( '#layerslider_46_igotshk10w21', {sliderVersion: '6.9.0', type: 'fixedsize', responsiveUnder: 0, allowFullscreen: false, slideBGSize: 'auto', hideUnder: 0, hideOver: 100000, autoStart: false, pauseOnHover: 'enabled', twoWaySlideshow: true, skin: 'lightskin', globalBGColor: 'transparent', navPrevNext: false, hoverPrevNext: false, navStartStop: false, showCircleTimer: false, thumbnailNavigation: 'always', tnContainerWidth: '100%', tnWidth: 74, tnHeight: 70, tnActiveOpacity: 40, useSrcset: true, skinsPath: 'http:\/\/web.philo.ulg.ac.be\/cedopal-exposition\/wp-content\/plugins\/LayerSlider\/assets\/static\/layerslider\/skins\/'}); });<\/script><div id=\"layerslider_46_igotshk10w21\" class=\"ls-wp-container fitvidsignore\" style=\"width:230px;height:350px;margin:0 auto;margin-bottom: 50px;\"><div class=\"ls-slide\" data-ls=\"bgposition:50% 0%;duration:0;kenburnsscale:1.2;\"><img decoding=\"async\" width=\"200\" height=\"280\" src=\"http:\/\/web.philo.ulg.ac.be\/cedopal-exposition\/wp-content\/uploads\/sites\/56\/2019\/11\/v44a.jpg\" class=\"ls-bg\" alt=\"\" \/><img decoding=\"async\" width=\"50\" height=\"70\" src=\"http:\/\/web.philo.ulg.ac.be\/cedopal-exposition\/wp-content\/uploads\/sites\/56\/2019\/11\/v44a_mini.jpg\" class=\"ls-tn\" alt=\"\" \/><p style=\"top:100%;left:50%;text-align:center;background-size:inherit;background-position:inherit;font-size:10px;line-height:15px;width:201px;\" class=\"ls-l ls-text-layer\" data-ls=\"durationin:0;easingin:linear;fadein:false;transitionout:false;position:relative;\">CIC&Eacute;RON, <i>Pro Plancio<\/i>, Ve si&egrave;cle, <i>codex<\/i> en<br>parchemin (surface &eacute;crite carr&eacute;e : 8 x 8 cm),<br>Hermopolis (<i>P. Berol.<\/i> inv. 13229 A = MP3 2924)<\/p><\/div><div class=\"ls-slide\" data-ls=\"bgposition:50% 0%;duration:0;kenburnsscale:1.2;\"><img decoding=\"async\" width=\"200\" height=\"280\" src=\"http:\/\/web.philo.ulg.ac.be\/cedopal-exposition\/wp-content\/uploads\/sites\/56\/2019\/11\/v44b.jpg\" class=\"ls-bg\" alt=\"\" \/><img decoding=\"async\" width=\"50\" height=\"70\" src=\"http:\/\/web.philo.ulg.ac.be\/cedopal-exposition\/wp-content\/uploads\/sites\/56\/2019\/11\/v44b_mini.jpg\" class=\"ls-tn\" alt=\"\" \/><p style=\"top:100%;left:50%;text-align:center;background-size:inherit;background-position:0% 50%;font-size:10px;line-height:15px;\" class=\"ls-l ls-text-layer\" data-ls=\"durationin:0;easingin:linear;fadein:false;transitionout:false;position:relative;\">&Eacute;vangile de Jean : c'est le plus ancien <i>codex<\/i><br>chr&eacute;tien assez bien conserv&eacute; (surface &eacute;crite<br>carr&eacute;e : 11 x 11 cm), d&eacute;but du IIIe si&egrave;cle<br>(<i>P. Bodmer<\/i> II = Van Haelst 426)<\/p><\/div><div class=\"ls-slide\" data-ls=\"bgposition:50% 0%;duration:0;kenburnsscale:1.2;\"><img decoding=\"async\" width=\"200\" height=\"280\" src=\"http:\/\/web.philo.ulg.ac.be\/cedopal-exposition\/wp-content\/uploads\/sites\/56\/2019\/11\/v44c.jpg\" class=\"ls-bg\" alt=\"\" \/><img decoding=\"async\" width=\"50\" height=\"70\" src=\"http:\/\/web.philo.ulg.ac.be\/cedopal-exposition\/wp-content\/uploads\/sites\/56\/2019\/11\/v44c_mini.jpg\" class=\"ls-tn\" alt=\"\" \/><p style=\"top:100%;left:50%;text-align:center;background-size:inherit;background-position:inherit;font-size:10px;line-height:15px;\" class=\"ls-l ls-text-layer\" data-ls=\"durationin:0;easingin:linear;fadein:false;transitionout:false;position:relative;\">Feuille d'un <i>codex<\/i> de D&eacute;mosth&egrave;ne,<br>parchemin, V\/VIe si&egrave;cles, Hermopolis<br>(<i>P. Cairo<\/i> inv. 274 AB = MP3 270)<\/p><\/div><\/div><\/div><\/div><div class=\"fusion-clearfix\"><\/div><\/div><\/div><\/div><\/div><div class=\"fusion-fullwidth fullwidth-box fusion-builder-row-2 nonhundred-percent-fullwidth non-hundred-percent-height-scrolling\" style=\"background-color: #ffffff;background-position: center center;background-repeat: no-repeat;padding-top:0px;padding-right:0px;padding-bottom:0px;padding-left:0px;margin-bottom: 0px;margin-top: 0px;border-width: 0px 0px 0px 0px;border-color:#eae9e9;border-style:solid;\" ><div class=\"fusion-builder-row fusion-row\"><div class=\"fusion-layout-column fusion_builder_column fusion-builder-column-2 fusion_builder_column_2_3 2_3 fusion-two-third fusion-column-first\" style=\"width:66.666666666667%;width:calc(66.666666666667% - ( ( 4% ) * 0.66666666666667 ) );margin-right: 4%;margin-top:0px;margin-bottom:20px;\"><div class=\"fusion-column-wrapper fusion-flex-column-wrapper-legacy\" style=\"background-position:left top;background-repeat:no-repeat;-webkit-background-size:cover;-moz-background-size:cover;-o-background-size:cover;background-size:cover;padding: 0px 0px 0px 0px;\"><div class=\"fusion-builder-row fusion-builder-row-inner fusion-row\"><div class=\"fusion-layout-column fusion_builder_column_inner fusion-builder-nested-column-0 fusion_builder_column_inner_1_3 1_3 fusion-one-third fusion-column-first\" style=\"width:33.333333333333%;width:calc(33.333333333333% - ( ( 4% + 4% ) * 0.33333333333333 ) );margin-right: 4%;margin-top:0px;margin-bottom:20px;\"><div class=\"fusion-column-wrapper fusion-flex-column-wrapper-legacy\" style=\"background-position:left top;background-repeat:no-repeat;-webkit-background-size:cover;-moz-background-size:cover;-o-background-size:cover;background-size:cover;padding: 0px 0px 0px 0px;\"><div class=\"fusion-alignleft\"><style>.fusion-body .fusion-button.button-1{border-radius:0px 0px 0px 0px;}<\/style><a class=\"fusion-button button-flat button-small button-default button-1 fusion-button-default-span fusion-button-default-type\" target=\"_self\" href=\"http:\/\/web.philo.ulg.ac.be\/cedopal-exposition\/visiter43\/\"><i class=\"fa-angle-double-left fas button-icon-left\" aria-hidden=\"true\"><\/i><span class=\"fusion-button-text\">Pr\u00e9c\u00e9dent<\/span><\/a><\/div><div class=\"fusion-clearfix\"><\/div><\/div><\/div><div class=\"fusion-layout-column fusion_builder_column_inner fusion-builder-nested-column-1 fusion_builder_column_inner_1_3 1_3 fusion-one-third\" style=\"width:33.333333333333%;width:calc(33.333333333333% - ( ( 4% + 4% ) * 0.33333333333333 ) );margin-right: 4%;margin-top:0px;margin-bottom:20px;\"><div class=\"fusion-column-wrapper fusion-flex-column-wrapper-legacy\" style=\"background-position:left top;background-repeat:no-repeat;-webkit-background-size:cover;-moz-background-size:cover;-o-background-size:cover;background-size:cover;padding: 0px 0px 0px 0px;\"><style type=\"text\/css\"><\/style><div class=\"fusion-title title fusion-title-2 fusion-sep-none fusion-title-center fusion-title-text fusion-title-size-one\" style=\"font-size:16px;margin-top:0px;margin-right:0px;margin-bottom:20px;margin-left:0px;\"><h1 class=\"title-heading-center fusion-responsive-typography-calculated\" style=\"margin:0;font-size:1em;color:#cfcfca;--fontSize:16;--minFontSize:16px;line-height:1.88;\">&#8211; 44 &#8211;<\/h1><\/div><div class=\"fusion-clearfix\"><\/div><\/div><\/div><div class=\"fusion-layout-column fusion_builder_column_inner fusion-builder-nested-column-2 fusion_builder_column_inner_1_3 1_3 fusion-one-third fusion-column-last\" style=\"width:33.333333333333%;width:calc(33.333333333333% - ( ( 4% + 4% ) * 0.33333333333333 ) );margin-top:0px;margin-bottom:20px;\"><div class=\"fusion-column-wrapper fusion-flex-column-wrapper-legacy\" style=\"background-position:left top;background-repeat:no-repeat;-webkit-background-size:cover;-moz-background-size:cover;-o-background-size:cover;background-size:cover;padding: 0px 0px 0px 0px;\"><div class=\"fusion-alignright\"><style>.fusion-body .fusion-button.button-2{border-radius:0px 0px 0px 0px;}<\/style><a class=\"fusion-button button-flat button-small button-default button-2 fusion-button-default-span fusion-button-default-type\" target=\"_self\" href=\"http:\/\/web.philo.ulg.ac.be\/cedopal-exposition\/visiter45\/\"><span class=\"fusion-button-text\">Suivant<\/span><i class=\"fa-angle-double-right fas button-icon-right\" aria-hidden=\"true\"><\/i><\/a><\/div><div class=\"fusion-clearfix\"><\/div><\/div><\/div><\/div><div class=\"fusion-clearfix\"><\/div><\/div><\/div><div class=\"fusion-layout-column fusion_builder_column fusion-builder-column-3 fusion_builder_column_1_3 1_3 fusion-one-third fusion-column-last\" style=\"width:33.333333333333%;width:calc(33.333333333333% - ( ( 4% ) * 0.33333333333333 ) );margin-top:0px;margin-bottom:20px;\"><div class=\"fusion-column-wrapper fusion-flex-column-wrapper-legacy\" style=\"background-position:left top;background-repeat:no-repeat;-webkit-background-size:cover;-moz-background-size:cover;-o-background-size:cover;background-size:cover;padding: 0px 0px 0px 0px;\"><div class=\"fusion-clearfix\"><\/div><\/div><\/div><\/div><\/div><\/p>\n","protected":false},"excerpt":{"rendered":"","protected":false},"author":2,"featured_media":0,"parent":0,"menu_order":0,"comment_status":"closed","ping_status":"closed","template":"","meta":{"footnotes":""},"class_list":["post-418","page","type-page","status-publish","hentry"],"_links":{"self":[{"href":"http:\/\/web.philo.ulg.ac.be\/cedopal-exposition\/wp-json\/wp\/v2\/pages\/418","targetHints":{"allow":["GET"]}}],"collection":[{"href":"http:\/\/web.philo.ulg.ac.be\/cedopal-exposition\/wp-json\/wp\/v2\/pages"}],"about":[{"href":"http:\/\/web.philo.ulg.ac.be\/cedopal-exposition\/wp-json\/wp\/v2\/types\/page"}],"author":[{"embeddable":true,"href":"http:\/\/web.philo.ulg.ac.be\/cedopal-exposition\/wp-json\/wp\/v2\/users\/2"}],"replies":[{"embeddable":true,"href":"http:\/\/web.philo.ulg.ac.be\/cedopal-exposition\/wp-json\/wp\/v2\/comments?post=418"}],"version-history":[{"count":4,"href":"http:\/\/web.philo.ulg.ac.be\/cedopal-exposition\/wp-json\/wp\/v2\/pages\/418\/revisions"}],"predecessor-version":[{"id":1246,"href":"http:\/\/web.philo.ulg.ac.be\/cedopal-exposition\/wp-json\/wp\/v2\/pages\/418\/revisions\/1246"}],"wp:attachment":[{"href":"http:\/\/web.philo.ulg.ac.be\/cedopal-exposition\/wp-json\/wp\/v2\/media?parent=418"}],"curies":[{"name":"wp","href":"https:\/\/api.w.org\/{rel}","templated":true}]}}