{"id":420,"date":"2019-11-04T10:11:03","date_gmt":"2019-11-04T09:11:03","guid":{"rendered":"http:\/\/web.philo.ulg.ac.be\/cedopal-exposition\/?page_id=420"},"modified":"2019-11-15T11:25:33","modified_gmt":"2019-11-15T10:25:33","slug":"visiter45","status":"publish","type":"page","link":"http:\/\/web.philo.ulg.ac.be\/cedopal-exposition\/visiter45\/","title":{"rendered":"Visiter45"},"content":{"rendered":"<p><div class=\"fusion-fullwidth fullwidth-box fusion-builder-row-1 nonhundred-percent-fullwidth non-hundred-percent-height-scrolling\" style=\"background-color: #ffffff;background-position: center center;background-repeat: no-repeat;padding-top:0px;padding-right:0px;padding-bottom:0px;padding-left:0px;margin-bottom: 0px;margin-top: 0px;border-width: 0px 0px 0px 0px;border-color:#eae9e9;border-style:solid;\" ><div class=\"fusion-builder-row fusion-row\"><div class=\"fusion-layout-column fusion_builder_column fusion-builder-column-0 fusion_builder_column_2_3 2_3 fusion-two-third fusion-column-first\" style=\"width:66.666666666667%;width:calc(66.666666666667% - ( ( 4% ) * 0.66666666666667 ) );margin-right: 4%;margin-top:0px;margin-bottom:20px;\"><div class=\"fusion-column-wrapper fusion-flex-column-wrapper-legacy\" style=\"background-position:left top;background-repeat:no-repeat;-webkit-background-size:cover;-moz-background-size:cover;-o-background-size:cover;background-size:cover;padding: 0px 0px 0px 0px;\"><style type=\"text\/css\"><\/style><div class=\"fusion-title title fusion-title-1 fusion-sep-none fusion-title-text fusion-title-size-one\" style=\"font-size:35px;margin-top:0px;margin-right:0px;margin-bottom:20px;margin-left:0px;\"><h1 class=\"title-heading-left fusion-responsive-typography-calculated\" style=\"margin:0;font-size:1em;color:#cfcfca;--fontSize:35;line-height:1.71;\">Le codex (suite)&#8230;<\/h1><\/div><div class=\"fusion-text fusion-text-1\"><p style=\"text-align: justify;\">Libanios, le grand rh\u00e9teur d&rsquo;Antioche au IVe si\u00e8cle, se lamente d&rsquo;avoir perdu une jolie petite \u00e9dition de Thucydide :<\/p>\n<p style=\"text-align: justify;\">\u00ab\u00a0J&rsquo;avais l&rsquo;histoire de Thucydide, \u00e9crite en caract\u00e8res fins et plaisants, et le volume entier \u00e9tait si l\u00e9ger que je le portais moi-m\u00eame, l&rsquo;esclave me suivant, et ce fardeau avait son charme. J&rsquo;y lisais le r\u00e9cit de la guerre entre les P\u00e9loponn\u00e9siens et les Ath\u00e9niens, en ressentant ce qu&rsquo;un autre peut-\u00eatre a d\u00e9j\u00e0 ressenti : un autre exemplaire ne m&rsquo;aurait pas procur\u00e9 le m\u00eame plaisir. \u00c0 force de tant vanter mon bien \u00e0 beaucoup de gens, avec plus de joie que Polycrate parlant de son anneau, je finis par attirer les voleurs\u00a0\u00bb.<\/p>\n<p style=\"text-align: justify;\">Peut-\u00eatre l&rsquo;exemplaire repr\u00e9sent\u00e9 ici est-il \u00e9crit aussi joliment que celui dont Libanios regrettait si am\u00e8rement la perte?<\/p>\n<p style=\"text-align: justify;\">La librairie antique offrait aussi des formats pratiques dont nos actuels 16 x 24 sont les lointains descendants.<\/p>\n<\/div><div class=\"fusion-clearfix\"><\/div><\/div><\/div><div class=\"fusion-layout-column fusion_builder_column fusion-builder-column-1 fusion_builder_column_1_3 1_3 fusion-one-third fusion-column-last\" style=\"width:33.333333333333%;width:calc(33.333333333333% - ( ( 4% ) * 0.33333333333333 ) );margin-top:0px;margin-bottom:20px;\"><div class=\"fusion-column-wrapper fusion-flex-column-wrapper-legacy\" style=\"background-position:left top;background-repeat:no-repeat;-webkit-background-size:cover;-moz-background-size:cover;-o-background-size:cover;background-size:cover;background-color:#ffffff;padding: 0px 0px 0px 0px;\"><div class=\"fusion-column-content-centered\"><div class=\"fusion-column-content\"><div class=\"fusion-sep-clear\"><\/div><div class=\"fusion-separator fusion-full-width-sep\" style=\"margin-left: auto;margin-right: auto;margin-top:10px;width:100%;\"><\/div><div class=\"fusion-sep-clear\"><\/div><script type=\"text\/javascript\">jQuery(function() { _initLayerSlider( '#layerslider_47_18m6bcuzpba1j', {sliderVersion: '6.9.0', type: 'fixedsize', responsiveUnder: 0, allowFullscreen: false, slideBGSize: 'auto', hideUnder: 0, hideOver: 100000, autoStart: false, pauseOnHover: 'enabled', twoWaySlideshow: true, skin: 'lightskin', globalBGColor: 'transparent', navPrevNext: false, hoverPrevNext: false, navStartStop: false, showCircleTimer: false, thumbnailNavigation: 'always', tnContainerWidth: '100%', tnWidth: 74, tnHeight: 70, tnActiveOpacity: 40, useSrcset: true, skinsPath: 'http:\/\/web.philo.ulg.ac.be\/cedopal-exposition\/wp-content\/plugins\/LayerSlider\/assets\/static\/layerslider\/skins\/'}); });<\/script><div id=\"layerslider_47_18m6bcuzpba1j\" class=\"ls-wp-container fitvidsignore\" style=\"width:230px;height:350px;margin:0 auto;margin-bottom: 50px;\"><div class=\"ls-slide\" data-ls=\"bgposition:50% 0%;duration:0;kenburnsscale:1.2;\"><img decoding=\"async\" width=\"200\" height=\"280\" src=\"http:\/\/web.philo.ulg.ac.be\/cedopal-exposition\/wp-content\/uploads\/sites\/56\/2019\/11\/v45a.jpg\" class=\"ls-bg\" alt=\"\" \/><img decoding=\"async\" width=\"50\" height=\"70\" src=\"http:\/\/web.philo.ulg.ac.be\/cedopal-exposition\/wp-content\/uploads\/sites\/56\/2019\/11\/v45a_mini.jpg\" class=\"ls-tn\" alt=\"\" \/><p style=\"top:100%;left:50%;text-align:center;background-size:inherit;background-position:inherit;font-size:10px;line-height:15px;width:201px;\" class=\"ls-l ls-text-layer\" data-ls=\"durationin:0;easingin:linear;fadein:false;transitionout:false;position:relative;\">THUCYDIDE, <i>Histoires<\/i>, VIII, 80.1-82.1, <i>codex<\/i><br>en parchemin dont la page mesure<br>8,2 x 11,8 cm, IIIe si&egrave;cle, Antino&eacute;<br>(<i>P. Ant.<\/i> 1.25 = MP3 1533)<\/p><\/div><div class=\"ls-slide\" data-ls=\"bgposition:50% 0%;duration:0;kenburnsscale:1.2;\"><img decoding=\"async\" width=\"200\" height=\"280\" src=\"http:\/\/web.philo.ulg.ac.be\/cedopal-exposition\/wp-content\/uploads\/sites\/56\/2019\/11\/v45b.jpg\" class=\"ls-bg\" alt=\"\" \/><img decoding=\"async\" width=\"50\" height=\"70\" src=\"http:\/\/web.philo.ulg.ac.be\/cedopal-exposition\/wp-content\/uploads\/sites\/56\/2019\/11\/v45b_mini.jpg\" class=\"ls-tn\" alt=\"\" \/><p style=\"top:100%;left:50%;text-align:center;background-size:inherit;background-position:0% 50%;font-size:10px;line-height:15px;\" class=\"ls-l ls-text-layer\" data-ls=\"durationin:0;easingin:linear;fadein:false;transitionout:false;position:relative;\">ESCHINE, <i>Contre Ct&eacute;siphon<\/i>, 178-186, <i>codex<\/i><br>en parchemin dont la page mesure 16,5 x 23,5<br>cm, Ve si&egrave;cle, Fayoum<br>(<i>P. Vindob.<\/i> inv. G 2314 = MP3 17)<\/p><\/div><div class=\"ls-slide\" data-ls=\"bgposition:50% 0%;duration:0;kenburnsscale:1.2;\"><img decoding=\"async\" width=\"200\" height=\"280\" src=\"http:\/\/web.philo.ulg.ac.be\/cedopal-exposition\/wp-content\/uploads\/sites\/56\/2019\/11\/v45c.jpg\" class=\"ls-bg\" alt=\"\" \/><img decoding=\"async\" width=\"50\" height=\"70\" src=\"http:\/\/web.philo.ulg.ac.be\/cedopal-exposition\/wp-content\/uploads\/sites\/56\/2019\/11\/v45c_mini.jpg\" class=\"ls-tn\" alt=\"\" \/><p style=\"top:100%;left:50%;text-align:center;background-size:inherit;background-position:inherit;font-size:10px;line-height:15px;\" class=\"ls-l ls-text-layer\" data-ls=\"durationin:0;easingin:linear;fadein:false;transitionout:false;position:relative;\">SALLUSTE, <i>Guerre de Catilina<\/i>, 6.2 et 7, <i>codex<\/i><br>en papyrus dont la page devait mesurer<br>17 x 23 cm, Ve si&egrave;cle, Oxyrhynchus<br>(<i>P. Oxy.<\/i> 6.884 = MP3 2931)<\/p><\/div><\/div><\/div><\/div><div class=\"fusion-clearfix\"><\/div><\/div><\/div><\/div><\/div><div class=\"fusion-fullwidth fullwidth-box fusion-builder-row-2 nonhundred-percent-fullwidth non-hundred-percent-height-scrolling\" style=\"background-color: #ffffff;background-position: center center;background-repeat: no-repeat;padding-top:0px;padding-right:0px;padding-bottom:0px;padding-left:0px;margin-bottom: 0px;margin-top: 0px;border-width: 0px 0px 0px 0px;border-color:#eae9e9;border-style:solid;\" ><div class=\"fusion-builder-row fusion-row\"><div class=\"fusion-layout-column fusion_builder_column fusion-builder-column-2 fusion_builder_column_2_3 2_3 fusion-two-third fusion-column-first\" style=\"width:66.666666666667%;width:calc(66.666666666667% - ( ( 4% ) * 0.66666666666667 ) );margin-right: 4%;margin-top:0px;margin-bottom:20px;\"><div class=\"fusion-column-wrapper fusion-flex-column-wrapper-legacy\" style=\"background-position:left top;background-repeat:no-repeat;-webkit-background-size:cover;-moz-background-size:cover;-o-background-size:cover;background-size:cover;padding: 0px 0px 0px 0px;\"><div class=\"fusion-builder-row fusion-builder-row-inner fusion-row\"><div class=\"fusion-layout-column fusion_builder_column_inner fusion-builder-nested-column-0 fusion_builder_column_inner_1_3 1_3 fusion-one-third fusion-column-first\" style=\"width:33.333333333333%;width:calc(33.333333333333% - ( ( 4% + 4% ) * 0.33333333333333 ) );margin-right: 4%;margin-top:0px;margin-bottom:20px;\"><div class=\"fusion-column-wrapper fusion-flex-column-wrapper-legacy\" style=\"background-position:left top;background-repeat:no-repeat;-webkit-background-size:cover;-moz-background-size:cover;-o-background-size:cover;background-size:cover;padding: 0px 0px 0px 0px;\"><div class=\"fusion-alignleft\"><style>.fusion-body .fusion-button.button-1{border-radius:0px 0px 0px 0px;}<\/style><a class=\"fusion-button button-flat button-small button-default button-1 fusion-button-default-span fusion-button-default-type\" target=\"_self\" href=\"http:\/\/web.philo.ulg.ac.be\/cedopal-exposition\/visiter44\/\"><i class=\"fa-angle-double-left fas button-icon-left\" aria-hidden=\"true\"><\/i><span class=\"fusion-button-text\">Pr\u00e9c\u00e9dent<\/span><\/a><\/div><div class=\"fusion-clearfix\"><\/div><\/div><\/div><div class=\"fusion-layout-column fusion_builder_column_inner fusion-builder-nested-column-1 fusion_builder_column_inner_1_3 1_3 fusion-one-third\" style=\"width:33.333333333333%;width:calc(33.333333333333% - ( ( 4% + 4% ) * 0.33333333333333 ) );margin-right: 4%;margin-top:0px;margin-bottom:20px;\"><div class=\"fusion-column-wrapper fusion-flex-column-wrapper-legacy\" style=\"background-position:left top;background-repeat:no-repeat;-webkit-background-size:cover;-moz-background-size:cover;-o-background-size:cover;background-size:cover;padding: 0px 0px 0px 0px;\"><style type=\"text\/css\"><\/style><div class=\"fusion-title title fusion-title-2 fusion-sep-none fusion-title-center fusion-title-text fusion-title-size-one\" style=\"font-size:16px;margin-top:0px;margin-right:0px;margin-bottom:20px;margin-left:0px;\"><h1 class=\"title-heading-center fusion-responsive-typography-calculated\" style=\"margin:0;font-size:1em;color:#cfcfca;--fontSize:16;--minFontSize:16px;line-height:1.88;\">&#8211; 45 &#8211;<\/h1><\/div><div class=\"fusion-clearfix\"><\/div><\/div><\/div><div class=\"fusion-layout-column fusion_builder_column_inner fusion-builder-nested-column-2 fusion_builder_column_inner_1_3 1_3 fusion-one-third fusion-column-last\" style=\"width:33.333333333333%;width:calc(33.333333333333% - ( ( 4% + 4% ) * 0.33333333333333 ) );margin-top:0px;margin-bottom:20px;\"><div class=\"fusion-column-wrapper fusion-flex-column-wrapper-legacy\" style=\"background-position:left top;background-repeat:no-repeat;-webkit-background-size:cover;-moz-background-size:cover;-o-background-size:cover;background-size:cover;padding: 0px 0px 0px 0px;\"><div class=\"fusion-alignright\"><style>.fusion-body .fusion-button.button-2{border-radius:0px 0px 0px 0px;}<\/style><a class=\"fusion-button button-flat button-small button-default button-2 fusion-button-default-span fusion-button-default-type\" target=\"_self\" href=\"http:\/\/web.philo.ulg.ac.be\/cedopal-exposition\/visiter46\/\"><span class=\"fusion-button-text\">Suivant<\/span><i class=\"fa-angle-double-right fas button-icon-right\" aria-hidden=\"true\"><\/i><\/a><\/div><div class=\"fusion-clearfix\"><\/div><\/div><\/div><\/div><div class=\"fusion-clearfix\"><\/div><\/div><\/div><div class=\"fusion-layout-column fusion_builder_column fusion-builder-column-3 fusion_builder_column_1_3 1_3 fusion-one-third fusion-column-last\" style=\"width:33.333333333333%;width:calc(33.333333333333% - ( ( 4% ) * 0.33333333333333 ) );margin-top:0px;margin-bottom:20px;\"><div class=\"fusion-column-wrapper fusion-flex-column-wrapper-legacy\" style=\"background-position:left top;background-repeat:no-repeat;-webkit-background-size:cover;-moz-background-size:cover;-o-background-size:cover;background-size:cover;padding: 0px 0px 0px 0px;\"><div class=\"fusion-clearfix\"><\/div><\/div><\/div><\/div><\/div><\/p>\n","protected":false},"excerpt":{"rendered":"","protected":false},"author":2,"featured_media":0,"parent":0,"menu_order":0,"comment_status":"closed","ping_status":"closed","template":"","meta":{"footnotes":""},"class_list":["post-420","page","type-page","status-publish","hentry"],"_links":{"self":[{"href":"http:\/\/web.philo.ulg.ac.be\/cedopal-exposition\/wp-json\/wp\/v2\/pages\/420","targetHints":{"allow":["GET"]}}],"collection":[{"href":"http:\/\/web.philo.ulg.ac.be\/cedopal-exposition\/wp-json\/wp\/v2\/pages"}],"about":[{"href":"http:\/\/web.philo.ulg.ac.be\/cedopal-exposition\/wp-json\/wp\/v2\/types\/page"}],"author":[{"embeddable":true,"href":"http:\/\/web.philo.ulg.ac.be\/cedopal-exposition\/wp-json\/wp\/v2\/users\/2"}],"replies":[{"embeddable":true,"href":"http:\/\/web.philo.ulg.ac.be\/cedopal-exposition\/wp-json\/wp\/v2\/comments?post=420"}],"version-history":[{"count":4,"href":"http:\/\/web.philo.ulg.ac.be\/cedopal-exposition\/wp-json\/wp\/v2\/pages\/420\/revisions"}],"predecessor-version":[{"id":1247,"href":"http:\/\/web.philo.ulg.ac.be\/cedopal-exposition\/wp-json\/wp\/v2\/pages\/420\/revisions\/1247"}],"wp:attachment":[{"href":"http:\/\/web.philo.ulg.ac.be\/cedopal-exposition\/wp-json\/wp\/v2\/media?parent=420"}],"curies":[{"name":"wp","href":"https:\/\/api.w.org\/{rel}","templated":true}]}}