{"id":424,"date":"2019-11-04T10:14:07","date_gmt":"2019-11-04T09:14:07","guid":{"rendered":"http:\/\/web.philo.ulg.ac.be\/cedopal-exposition\/?page_id=424"},"modified":"2019-11-15T11:26:56","modified_gmt":"2019-11-15T10:26:56","slug":"visiter47","status":"publish","type":"page","link":"http:\/\/web.philo.ulg.ac.be\/cedopal-exposition\/visiter47\/","title":{"rendered":"Visiter47"},"content":{"rendered":"<p><div class=\"fusion-fullwidth fullwidth-box fusion-builder-row-1 nonhundred-percent-fullwidth non-hundred-percent-height-scrolling\" style=\"background-color: #ffffff;background-position: center center;background-repeat: no-repeat;padding-top:0px;padding-right:0px;padding-bottom:0px;padding-left:0px;margin-bottom: 0px;margin-top: 0px;border-width: 0px 0px 0px 0px;border-color:#eae9e9;border-style:solid;\" ><div class=\"fusion-builder-row fusion-row\"><div class=\"fusion-layout-column fusion_builder_column fusion-builder-column-0 fusion_builder_column_2_3 2_3 fusion-two-third fusion-column-first\" style=\"width:66.666666666667%;width:calc(66.666666666667% - ( ( 4% ) * 0.66666666666667 ) );margin-right: 4%;margin-top:0px;margin-bottom:20px;\"><div class=\"fusion-column-wrapper fusion-flex-column-wrapper-legacy\" style=\"background-position:left top;background-repeat:no-repeat;-webkit-background-size:cover;-moz-background-size:cover;-o-background-size:cover;background-size:cover;padding: 0px 0px 0px 0px;\"><style type=\"text\/css\"><\/style><div class=\"fusion-title title fusion-title-1 fusion-sep-none fusion-title-text fusion-title-size-one\" style=\"font-size:35px;margin-top:0px;margin-right:0px;margin-bottom:20px;margin-left:0px;\"><h1 class=\"title-heading-left fusion-responsive-typography-calculated\" style=\"margin:0;font-size:1em;color:#cfcfca;--fontSize:35;line-height:1.71;\">Les livres illustr\u00e9s (suite)&#8230;<\/h1><\/div><div class=\"fusion-text fusion-text-1\"><p style=\"text-align: justify;\">L&rsquo;illustration des textes litt\u00e9raires na\u00eet sans doute au d\u00e9but de la p\u00e9riode hell\u00e9nistique. Celle des textes scientifiques et techniques, o\u00f9 les diagrammes et dessins aident \u00e0 la compr\u00e9hension, pourrait remonter plus haut encore :<\/p>\n<ul>\n<li style=\"text-align: justify;\">ouvrages de math\u00e9matiques ;<\/li>\n<li style=\"text-align: justify;\">ouvrages de botanique ;<\/li>\n<li style=\"text-align: justify;\">ouvrages d&rsquo;astronomie.<\/li>\n<\/ul>\n<p style=\"text-align: justify;\">Selon Pline l&rsquo;Ancien c&rsquo;est le m\u00e9decin Crat\u00e9vas qui inaugura le genre des herbiers illustr\u00e9s au d\u00e9but du Ier si\u00e8cle avant notre \u00e8re.<\/p>\n<p style=\"text-align: justify;\">L&rsquo;utilisation de couleurs sur les rouleaux de papyrus est une technique d\u00e9licate \u00e9tant donn\u00e9 les inconv\u00e9nients de la manipulation. Les dessins \u00e0 la plume r\u00e9sistent mieux.<\/p>\n<\/div><div class=\"fusion-clearfix\"><\/div><\/div><\/div><div class=\"fusion-layout-column fusion_builder_column fusion-builder-column-1 fusion_builder_column_1_3 1_3 fusion-one-third fusion-column-last\" style=\"width:33.333333333333%;width:calc(33.333333333333% - ( ( 4% ) * 0.33333333333333 ) );margin-top:0px;margin-bottom:20px;\"><div class=\"fusion-column-wrapper fusion-flex-column-wrapper-legacy\" style=\"background-position:left top;background-repeat:no-repeat;-webkit-background-size:cover;-moz-background-size:cover;-o-background-size:cover;background-size:cover;background-color:#ffffff;padding: 0px 0px 0px 0px;\"><div class=\"fusion-column-content-centered\"><div class=\"fusion-column-content\"><div class=\"fusion-sep-clear\"><\/div><div class=\"fusion-separator fusion-full-width-sep\" style=\"margin-left: auto;margin-right: auto;margin-top:10px;width:100%;\"><\/div><div class=\"fusion-sep-clear\"><\/div><script type=\"text\/javascript\">jQuery(function() { _initLayerSlider( '#layerslider_49_1rt2z18gvh6ck', {sliderVersion: '6.9.0', type: 'fixedsize', responsiveUnder: 0, allowFullscreen: false, slideBGSize: 'auto', hideUnder: 0, hideOver: 100000, autoStart: false, pauseOnHover: 'enabled', twoWaySlideshow: true, skin: 'lightskin', globalBGColor: 'transparent', navPrevNext: false, hoverPrevNext: false, navStartStop: false, showCircleTimer: false, thumbnailNavigation: 'always', tnContainerWidth: '100%', tnWidth: 74, tnHeight: 70, tnActiveOpacity: 40, useSrcset: true, skinsPath: 'http:\/\/web.philo.ulg.ac.be\/cedopal-exposition\/wp-content\/plugins\/LayerSlider\/assets\/static\/layerslider\/skins\/'}); });<\/script><div id=\"layerslider_49_1rt2z18gvh6ck\" class=\"ls-wp-container fitvidsignore\" style=\"width:230px;height:350px;margin:0 auto;margin-bottom: 50px;\"><div class=\"ls-slide\" data-ls=\"bgposition:50% 0%;duration:0;kenburnsscale:1.2;\"><img decoding=\"async\" width=\"200\" height=\"280\" src=\"http:\/\/web.philo.ulg.ac.be\/cedopal-exposition\/wp-content\/uploads\/sites\/56\/2019\/11\/v47a.jpg\" class=\"ls-bg\" alt=\"\" \/><img decoding=\"async\" width=\"50\" height=\"70\" src=\"http:\/\/web.philo.ulg.ac.be\/cedopal-exposition\/wp-content\/uploads\/sites\/56\/2019\/11\/v47a_mini.jpg\" class=\"ls-tn\" alt=\"\" \/><p style=\"top:100%;left:50%;text-align:center;background-size:inherit;background-position:inherit;font-size:10px;line-height:15px;width:201px;\" class=\"ls-l ls-text-layer\" data-ls=\"durationin:0;easingin:linear;fadein:false;transitionout:false;position:relative;\">EUCLIDE, <i>&Eacute;l&eacute;ments<\/i>, I, 39 et 41, avec sch&eacute;ma<br>(<i>P. Fay.<\/i> 9 = MP3 367), IIe si&egrave;cle, Euhemeria<\/p><\/div><div class=\"ls-slide\" data-ls=\"bgposition:50% 0%;duration:0;kenburnsscale:1.2;\"><img decoding=\"async\" width=\"200\" height=\"280\" src=\"http:\/\/web.philo.ulg.ac.be\/cedopal-exposition\/wp-content\/uploads\/sites\/56\/2019\/11\/v47b.jpg\" class=\"ls-bg\" alt=\"\" \/><img decoding=\"async\" width=\"50\" height=\"70\" src=\"http:\/\/web.philo.ulg.ac.be\/cedopal-exposition\/wp-content\/uploads\/sites\/56\/2019\/11\/v47b_mini.jpg\" class=\"ls-tn\" alt=\"\" \/><p style=\"top:100%;left:50%;text-align:center;background-size:inherit;background-position:0% 50%;font-size:10px;line-height:15px;\" class=\"ls-l ls-text-layer\" data-ls=\"durationin:0;easingin:linear;fadein:false;transitionout:false;position:relative;\">La plante <i>sumphuton<\/i> ou consoude dans un<br>herbier illustr&eacute; (<i>P. Johnson<\/i> = MP3 2095),<br>vers 400, codex en papyrus, Antino&eacute;<\/p><\/div><div class=\"ls-slide\" data-ls=\"bgposition:50% 0%;duration:0;kenburnsscale:1.2;\"><img decoding=\"async\" width=\"200\" height=\"280\" src=\"http:\/\/web.philo.ulg.ac.be\/cedopal-exposition\/wp-content\/uploads\/sites\/56\/2019\/11\/v47c.jpg\" class=\"ls-bg\" alt=\"\" \/><img decoding=\"async\" width=\"50\" height=\"70\" src=\"http:\/\/web.philo.ulg.ac.be\/cedopal-exposition\/wp-content\/uploads\/sites\/56\/2019\/11\/v47c_mini.jpg\" class=\"ls-tn\" alt=\"\" \/><p style=\"top:100%;left:50%;text-align:center;background-size:inherit;background-position:inherit;font-size:10px;line-height:15px;\" class=\"ls-l ls-text-layer\" data-ls=\"durationin:0;easingin:linear;fadein:false;transitionout:false;position:relative;\">Abr&eacute;g&eacute; du <i>Trait&eacute; astronomique<\/i> d'Eudoxe de<br>Cnide (<i>P. Paris<\/i> 1 = MP3 369), IIe si&egrave;cle avant<br>notre &egrave;re, S&eacute;rap&eacute;um de Memphis : le plus<br>ancien papyrus grec illustr&eacute;<\/p><\/div><\/div><\/div><\/div><div class=\"fusion-clearfix\"><\/div><\/div><\/div><\/div><\/div><div class=\"fusion-fullwidth fullwidth-box fusion-builder-row-2 nonhundred-percent-fullwidth non-hundred-percent-height-scrolling\" style=\"background-color: #ffffff;background-position: center center;background-repeat: no-repeat;padding-top:0px;padding-right:0px;padding-bottom:0px;padding-left:0px;margin-bottom: 0px;margin-top: 0px;border-width: 0px 0px 0px 0px;border-color:#eae9e9;border-style:solid;\" ><div class=\"fusion-builder-row fusion-row\"><div class=\"fusion-layout-column fusion_builder_column fusion-builder-column-2 fusion_builder_column_2_3 2_3 fusion-two-third fusion-column-first\" style=\"width:66.666666666667%;width:calc(66.666666666667% - ( ( 4% ) * 0.66666666666667 ) );margin-right: 4%;margin-top:0px;margin-bottom:20px;\"><div class=\"fusion-column-wrapper fusion-flex-column-wrapper-legacy\" style=\"background-position:left top;background-repeat:no-repeat;-webkit-background-size:cover;-moz-background-size:cover;-o-background-size:cover;background-size:cover;padding: 0px 0px 0px 0px;\"><div class=\"fusion-builder-row fusion-builder-row-inner fusion-row\"><div class=\"fusion-layout-column fusion_builder_column_inner fusion-builder-nested-column-0 fusion_builder_column_inner_1_3 1_3 fusion-one-third fusion-column-first\" style=\"width:33.333333333333%;width:calc(33.333333333333% - ( ( 4% + 4% ) * 0.33333333333333 ) );margin-right: 4%;margin-top:0px;margin-bottom:20px;\"><div class=\"fusion-column-wrapper fusion-flex-column-wrapper-legacy\" style=\"background-position:left top;background-repeat:no-repeat;-webkit-background-size:cover;-moz-background-size:cover;-o-background-size:cover;background-size:cover;padding: 0px 0px 0px 0px;\"><div class=\"fusion-alignleft\"><style>.fusion-body .fusion-button.button-1{border-radius:0px 0px 0px 0px;}<\/style><a class=\"fusion-button button-flat button-small button-default button-1 fusion-button-default-span fusion-button-default-type\" target=\"_self\" href=\"http:\/\/web.philo.ulg.ac.be\/cedopal-exposition\/visiter46\/\"><i class=\"fa-angle-double-left fas button-icon-left\" aria-hidden=\"true\"><\/i><span class=\"fusion-button-text\">Pr\u00e9c\u00e9dent<\/span><\/a><\/div><div class=\"fusion-clearfix\"><\/div><\/div><\/div><div class=\"fusion-layout-column fusion_builder_column_inner fusion-builder-nested-column-1 fusion_builder_column_inner_1_3 1_3 fusion-one-third\" style=\"width:33.333333333333%;width:calc(33.333333333333% - ( ( 4% + 4% ) * 0.33333333333333 ) );margin-right: 4%;margin-top:0px;margin-bottom:20px;\"><div class=\"fusion-column-wrapper fusion-flex-column-wrapper-legacy\" style=\"background-position:left top;background-repeat:no-repeat;-webkit-background-size:cover;-moz-background-size:cover;-o-background-size:cover;background-size:cover;padding: 0px 0px 0px 0px;\"><style type=\"text\/css\"><\/style><div class=\"fusion-title title fusion-title-2 fusion-sep-none fusion-title-center fusion-title-text fusion-title-size-one\" style=\"font-size:16px;margin-top:0px;margin-right:0px;margin-bottom:20px;margin-left:0px;\"><h1 class=\"title-heading-center fusion-responsive-typography-calculated\" style=\"margin:0;font-size:1em;color:#cfcfca;--fontSize:16;--minFontSize:16px;line-height:1.88;\">&#8211; 47 &#8211;<\/h1><\/div><div class=\"fusion-clearfix\"><\/div><\/div><\/div><div class=\"fusion-layout-column fusion_builder_column_inner fusion-builder-nested-column-2 fusion_builder_column_inner_1_3 1_3 fusion-one-third fusion-column-last\" style=\"width:33.333333333333%;width:calc(33.333333333333% - ( ( 4% + 4% ) * 0.33333333333333 ) );margin-top:0px;margin-bottom:20px;\"><div class=\"fusion-column-wrapper fusion-flex-column-wrapper-legacy\" style=\"background-position:left top;background-repeat:no-repeat;-webkit-background-size:cover;-moz-background-size:cover;-o-background-size:cover;background-size:cover;padding: 0px 0px 0px 0px;\"><div class=\"fusion-alignright\"><style>.fusion-body .fusion-button.button-2{border-radius:0px 0px 0px 0px;}<\/style><a class=\"fusion-button button-flat button-small button-default button-2 fusion-button-default-span fusion-button-default-type\" target=\"_self\" href=\"http:\/\/web.philo.ulg.ac.be\/cedopal-exposition\/visiter48\/\"><span class=\"fusion-button-text\">Suivant<\/span><i class=\"fa-angle-double-right fas button-icon-right\" aria-hidden=\"true\"><\/i><\/a><\/div><div class=\"fusion-clearfix\"><\/div><\/div><\/div><\/div><div class=\"fusion-clearfix\"><\/div><\/div><\/div><div class=\"fusion-layout-column fusion_builder_column fusion-builder-column-3 fusion_builder_column_1_3 1_3 fusion-one-third fusion-column-last\" style=\"width:33.333333333333%;width:calc(33.333333333333% - ( ( 4% ) * 0.33333333333333 ) );margin-top:0px;margin-bottom:20px;\"><div class=\"fusion-column-wrapper fusion-flex-column-wrapper-legacy\" style=\"background-position:left top;background-repeat:no-repeat;-webkit-background-size:cover;-moz-background-size:cover;-o-background-size:cover;background-size:cover;padding: 0px 0px 0px 0px;\"><div class=\"fusion-clearfix\"><\/div><\/div><\/div><\/div><\/div><\/p>\n","protected":false},"excerpt":{"rendered":"","protected":false},"author":2,"featured_media":0,"parent":0,"menu_order":0,"comment_status":"closed","ping_status":"closed","template":"","meta":{"footnotes":""},"class_list":["post-424","page","type-page","status-publish","hentry"],"_links":{"self":[{"href":"http:\/\/web.philo.ulg.ac.be\/cedopal-exposition\/wp-json\/wp\/v2\/pages\/424","targetHints":{"allow":["GET"]}}],"collection":[{"href":"http:\/\/web.philo.ulg.ac.be\/cedopal-exposition\/wp-json\/wp\/v2\/pages"}],"about":[{"href":"http:\/\/web.philo.ulg.ac.be\/cedopal-exposition\/wp-json\/wp\/v2\/types\/page"}],"author":[{"embeddable":true,"href":"http:\/\/web.philo.ulg.ac.be\/cedopal-exposition\/wp-json\/wp\/v2\/users\/2"}],"replies":[{"embeddable":true,"href":"http:\/\/web.philo.ulg.ac.be\/cedopal-exposition\/wp-json\/wp\/v2\/comments?post=424"}],"version-history":[{"count":4,"href":"http:\/\/web.philo.ulg.ac.be\/cedopal-exposition\/wp-json\/wp\/v2\/pages\/424\/revisions"}],"predecessor-version":[{"id":1249,"href":"http:\/\/web.philo.ulg.ac.be\/cedopal-exposition\/wp-json\/wp\/v2\/pages\/424\/revisions\/1249"}],"wp:attachment":[{"href":"http:\/\/web.philo.ulg.ac.be\/cedopal-exposition\/wp-json\/wp\/v2\/media?parent=424"}],"curies":[{"name":"wp","href":"https:\/\/api.w.org\/{rel}","templated":true}]}}