{"id":544,"date":"2019-11-04T15:58:32","date_gmt":"2019-11-04T14:58:32","guid":{"rendered":"http:\/\/web.philo.ulg.ac.be\/cedopal-exposition\/?page_id=544"},"modified":"2019-11-15T11:52:18","modified_gmt":"2019-11-15T10:52:18","slug":"visiter84","status":"publish","type":"page","link":"http:\/\/web.philo.ulg.ac.be\/cedopal-exposition\/visiter84\/","title":{"rendered":"Visiter84"},"content":{"rendered":"<p><div class=\"fusion-fullwidth fullwidth-box fusion-builder-row-1 nonhundred-percent-fullwidth non-hundred-percent-height-scrolling\" style=\"background-color: #ffffff;background-position: center center;background-repeat: no-repeat;padding-top:0px;padding-right:0px;padding-bottom:0px;padding-left:0px;margin-bottom: 0px;margin-top: 0px;border-width: 0px 0px 0px 0px;border-color:#eae9e9;border-style:solid;\" ><div class=\"fusion-builder-row fusion-row\"><div class=\"fusion-layout-column fusion_builder_column fusion-builder-column-0 fusion_builder_column_2_3 2_3 fusion-two-third fusion-column-first\" style=\"width:66.666666666667%;width:calc(66.666666666667% - ( ( 4% ) * 0.66666666666667 ) );margin-right: 4%;margin-top:0px;margin-bottom:20px;\"><div class=\"fusion-column-wrapper fusion-flex-column-wrapper-legacy\" style=\"background-position:left top;background-repeat:no-repeat;-webkit-background-size:cover;-moz-background-size:cover;-o-background-size:cover;background-size:cover;padding: 0px 0px 0px 0px;\"><style type=\"text\/css\"><\/style><div class=\"fusion-title title fusion-title-1 fusion-sep-none fusion-title-text fusion-title-size-one\" style=\"font-size:35px;margin-top:0px;margin-right:0px;margin-bottom:20px;margin-left:0px;\"><h1 class=\"title-heading-left fusion-responsive-typography-calculated\" style=\"margin:0;font-size:1em;color:#cfcfca;--fontSize:35;line-height:1.71;\">Comment les livres r\u00e9sistent (suite)&#8230;<\/h1><\/div><div class=\"fusion-text fusion-text-1\"><p style=\"text-align: justify;\">Pour emp\u00eacher le v\u00eatement d&rsquo;\u00e9railler le papyrus (les bords du rouleau sont particuli\u00e8rement vuln\u00e9rables) on utilise ce que Martial (XIV, 84) nomme <em>manuale<\/em>, qui devait ressembler \u00e0 ce lutrin portatif repr\u00e9sent\u00e9 \u00e0 plusieurs reprises par les sculpteurs de l&rsquo;ancienne Noviomagus (Neumagen).<\/p>\n<p style=\"text-align: justify;\">Le <em>codex<\/em> est moins fragile que le <em>volumen<\/em>. La reliure le prot\u00e9gera.<\/p>\n<p style=\"text-align: justify;\">Le <em>codex<\/em> de tablettes offre d\u00e9j\u00e0 l&rsquo;\u00e9bauche d&rsquo;une reliure avec sa cordelette qui r\u00e9unit les divers \u00e9l\u00e9ments et les c\u00f4t\u00e9s ext\u00e9rieurs de la premi\u00e8re et de la derni\u00e8re tablette parfois pourvus d&rsquo;une ornementation.<\/p>\n<p style=\"text-align: justify;\">Les cahiers du <em>codex<\/em> seront enferm\u00e9s entre des couvertures rigides constitu\u00e9es par plusieurs feuilles de papyrus ou de parchemin recouvertes de cuir : ainsi se pr\u00e9sentent les plus anciennes reliures retrouv\u00e9es en \u00c9gypte, elles datent du IVe si\u00e8cle. \u00c0 cette \u00e9poque on trouve aussi des reliures compl\u00e8tement en cuir.<\/p>\n<\/div><div class=\"fusion-clearfix\"><\/div><\/div><\/div><div class=\"fusion-layout-column fusion_builder_column fusion-builder-column-1 fusion_builder_column_1_3 1_3 fusion-one-third fusion-column-last\" style=\"width:33.333333333333%;width:calc(33.333333333333% - ( ( 4% ) * 0.33333333333333 ) );margin-top:0px;margin-bottom:20px;\"><div class=\"fusion-column-wrapper fusion-flex-column-wrapper-legacy\" style=\"background-position:left top;background-repeat:no-repeat;-webkit-background-size:cover;-moz-background-size:cover;-o-background-size:cover;background-size:cover;background-color:#ffffff;padding: 0px 0px 0px 0px;\"><div class=\"fusion-column-content-centered\"><div class=\"fusion-column-content\"><div class=\"fusion-sep-clear\"><\/div><div class=\"fusion-separator fusion-full-width-sep\" style=\"margin-left: auto;margin-right: auto;margin-top:10px;width:100%;\"><\/div><div class=\"fusion-sep-clear\"><\/div><script type=\"text\/javascript\">jQuery(function() { _initLayerSlider( '#layerslider_86_1qqlgiuyefkm9', {sliderVersion: '6.9.0', type: 'fixedsize', responsiveUnder: 0, allowFullscreen: false, slideBGSize: 'auto', hideUnder: 0, hideOver: 100000, autoStart: false, pauseOnHover: 'enabled', twoWaySlideshow: true, skin: 'lightskin', globalBGColor: 'transparent', navPrevNext: false, hoverPrevNext: false, navStartStop: false, showCircleTimer: false, thumbnailNavigation: 'always', tnContainerWidth: '100%', tnWidth: 74, tnHeight: 70, tnActiveOpacity: 40, useSrcset: true, skinsPath: 'http:\/\/web.philo.ulg.ac.be\/cedopal-exposition\/wp-content\/plugins\/LayerSlider\/assets\/static\/layerslider\/skins\/'}); });<\/script><div id=\"layerslider_86_1qqlgiuyefkm9\" class=\"ls-wp-container fitvidsignore\" style=\"width:230px;height:350px;margin:0 auto;margin-bottom: 50px;\"><div class=\"ls-slide\" data-ls=\"bgposition:50% 0%;duration:0;kenburnsscale:1.2;\"><img decoding=\"async\" width=\"200\" height=\"280\" src=\"http:\/\/web.philo.ulg.ac.be\/cedopal-exposition\/wp-content\/uploads\/sites\/56\/2019\/11\/v84a.jpg\" class=\"ls-bg\" alt=\"\" \/><img decoding=\"async\" width=\"50\" height=\"70\" src=\"http:\/\/web.philo.ulg.ac.be\/cedopal-exposition\/wp-content\/uploads\/sites\/56\/2019\/11\/v84a_mini.jpg\" class=\"ls-tn\" alt=\"\" \/><p style=\"top:100%;left:50%;text-align:center;background-size:inherit;background-position:inherit;font-size:10px;line-height:15px;width:201px;\" class=\"ls-l ls-text-layer\" data-ls=\"durationin:0;easingin:linear;fadein:false;transitionout:false;position:relative;\">Sc&egrave;ne d'&eacute;cole sur un relief fun&eacute;raire de<br>Neumagen, vers 180 de notre &egrave;re (Tr&egrave;ves,<br>Rheinisches Landesmuseum, inv. NM 180)<\/p><\/div><div class=\"ls-slide\" data-ls=\"bgposition:50% 0%;duration:0;kenburnsscale:1.2;\"><img decoding=\"async\" width=\"200\" height=\"280\" src=\"http:\/\/web.philo.ulg.ac.be\/cedopal-exposition\/wp-content\/uploads\/sites\/56\/2019\/11\/v84b.jpg\" class=\"ls-bg\" alt=\"\" \/><img decoding=\"async\" width=\"50\" height=\"70\" src=\"http:\/\/web.philo.ulg.ac.be\/cedopal-exposition\/wp-content\/uploads\/sites\/56\/2019\/11\/v84b_mini.jpg\" class=\"ls-tn\" alt=\"\" \/><p style=\"top:100%;left:50%;text-align:center;background-size:inherit;background-position:0% 50%;font-size:10px;line-height:15px;\" class=\"ls-l ls-text-layer\" data-ls=\"durationin:0;easingin:linear;fadein:false;transitionout:false;position:relative;\">Tablettes de cire scolaires, IIIe ou milieu du<br>IVe si&egrave;cle (Leyde, Papyrologisch Instituut,<br>inv. V 16-20 = MP3 2736.1)<\/p><\/div><div class=\"ls-slide\" data-ls=\"bgposition:50% 0%;duration:0;kenburnsscale:1.2;\"><img decoding=\"async\" width=\"200\" height=\"280\" src=\"http:\/\/web.philo.ulg.ac.be\/cedopal-exposition\/wp-content\/uploads\/sites\/56\/2019\/11\/v84c.jpg\" class=\"ls-bg\" alt=\"\" \/><img decoding=\"async\" width=\"50\" height=\"70\" src=\"http:\/\/web.philo.ulg.ac.be\/cedopal-exposition\/wp-content\/uploads\/sites\/56\/2019\/11\/v84c_mini.jpg\" class=\"ls-tn\" alt=\"\" \/><p style=\"top:100%;left:50%;text-align:center;background-size:inherit;background-position:inherit;font-size:10px;line-height:15px;\" class=\"ls-l ls-text-layer\" data-ls=\"durationin:0;easingin:linear;fadein:false;transitionout:false;position:relative;\">La couverture des <i>codices<\/i> de Nag Hammadi<\/p><\/div><\/div><\/div><\/div><div class=\"fusion-clearfix\"><\/div><\/div><\/div><\/div><\/div><div class=\"fusion-fullwidth fullwidth-box fusion-builder-row-2 nonhundred-percent-fullwidth non-hundred-percent-height-scrolling\" style=\"background-color: #ffffff;background-position: center center;background-repeat: no-repeat;padding-top:0px;padding-right:0px;padding-bottom:0px;padding-left:0px;margin-bottom: 0px;margin-top: 0px;border-width: 0px 0px 0px 0px;border-color:#eae9e9;border-style:solid;\" ><div class=\"fusion-builder-row fusion-row\"><div class=\"fusion-layout-column fusion_builder_column fusion-builder-column-2 fusion_builder_column_2_3 2_3 fusion-two-third fusion-column-first\" style=\"width:66.666666666667%;width:calc(66.666666666667% - ( ( 4% ) * 0.66666666666667 ) );margin-right: 4%;margin-top:0px;margin-bottom:20px;\"><div class=\"fusion-column-wrapper fusion-flex-column-wrapper-legacy\" style=\"background-position:left top;background-repeat:no-repeat;-webkit-background-size:cover;-moz-background-size:cover;-o-background-size:cover;background-size:cover;padding: 0px 0px 0px 0px;\"><div class=\"fusion-builder-row fusion-builder-row-inner fusion-row\"><div class=\"fusion-layout-column fusion_builder_column_inner fusion-builder-nested-column-0 fusion_builder_column_inner_1_3 1_3 fusion-one-third fusion-column-first\" style=\"width:33.333333333333%;width:calc(33.333333333333% - ( ( 4% + 4% ) * 0.33333333333333 ) );margin-right: 4%;margin-top:0px;margin-bottom:20px;\"><div class=\"fusion-column-wrapper fusion-flex-column-wrapper-legacy\" style=\"background-position:left top;background-repeat:no-repeat;-webkit-background-size:cover;-moz-background-size:cover;-o-background-size:cover;background-size:cover;padding: 0px 0px 0px 0px;\"><div class=\"fusion-alignleft\"><style>.fusion-body .fusion-button.button-1{border-radius:0px 0px 0px 0px;}<\/style><a class=\"fusion-button button-flat button-small button-default button-1 fusion-button-default-span fusion-button-default-type\" target=\"_self\" href=\"http:\/\/web.philo.ulg.ac.be\/cedopal-exposition\/visiter83\/\"><i class=\"fa-angle-double-left fas button-icon-left\" aria-hidden=\"true\"><\/i><span class=\"fusion-button-text\">Pr\u00e9c\u00e9dent<\/span><\/a><\/div><div class=\"fusion-clearfix\"><\/div><\/div><\/div><div class=\"fusion-layout-column fusion_builder_column_inner fusion-builder-nested-column-1 fusion_builder_column_inner_1_3 1_3 fusion-one-third\" style=\"width:33.333333333333%;width:calc(33.333333333333% - ( ( 4% + 4% ) * 0.33333333333333 ) );margin-right: 4%;margin-top:0px;margin-bottom:20px;\"><div class=\"fusion-column-wrapper fusion-flex-column-wrapper-legacy\" style=\"background-position:left top;background-repeat:no-repeat;-webkit-background-size:cover;-moz-background-size:cover;-o-background-size:cover;background-size:cover;padding: 0px 0px 0px 0px;\"><style type=\"text\/css\"><\/style><div class=\"fusion-title title fusion-title-2 fusion-sep-none fusion-title-center fusion-title-text fusion-title-size-one\" style=\"font-size:16px;margin-top:0px;margin-right:0px;margin-bottom:20px;margin-left:0px;\"><h1 class=\"title-heading-center fusion-responsive-typography-calculated\" style=\"margin:0;font-size:1em;color:#cfcfca;--fontSize:16;--minFontSize:16px;line-height:1.88;\">&#8211; 84 &#8211;<\/h1><\/div><div class=\"fusion-clearfix\"><\/div><\/div><\/div><div class=\"fusion-layout-column fusion_builder_column_inner fusion-builder-nested-column-2 fusion_builder_column_inner_1_3 1_3 fusion-one-third fusion-column-last\" style=\"width:33.333333333333%;width:calc(33.333333333333% - ( ( 4% + 4% ) * 0.33333333333333 ) );margin-top:0px;margin-bottom:20px;\"><div class=\"fusion-column-wrapper fusion-flex-column-wrapper-legacy\" style=\"background-position:left top;background-repeat:no-repeat;-webkit-background-size:cover;-moz-background-size:cover;-o-background-size:cover;background-size:cover;padding: 0px 0px 0px 0px;\"><div class=\"fusion-alignright\"><style>.fusion-body .fusion-button.button-2{border-radius:0px 0px 0px 0px;}<\/style><a class=\"fusion-button button-flat button-small button-default button-2 fusion-button-default-span fusion-button-default-type\" target=\"_self\" href=\"http:\/\/web.philo.ulg.ac.be\/cedopal-exposition\/visiter85\/\"><span class=\"fusion-button-text\">Suivant<\/span><i class=\"fa-angle-double-right fas button-icon-right\" aria-hidden=\"true\"><\/i><\/a><\/div><div class=\"fusion-clearfix\"><\/div><\/div><\/div><\/div><div class=\"fusion-clearfix\"><\/div><\/div><\/div><div class=\"fusion-layout-column fusion_builder_column fusion-builder-column-3 fusion_builder_column_1_3 1_3 fusion-one-third fusion-column-last\" style=\"width:33.333333333333%;width:calc(33.333333333333% - ( ( 4% ) * 0.33333333333333 ) );margin-top:0px;margin-bottom:20px;\"><div class=\"fusion-column-wrapper fusion-flex-column-wrapper-legacy\" style=\"background-position:left top;background-repeat:no-repeat;-webkit-background-size:cover;-moz-background-size:cover;-o-background-size:cover;background-size:cover;padding: 0px 0px 0px 0px;\"><div class=\"fusion-clearfix\"><\/div><\/div><\/div><\/div><\/div><\/p>\n","protected":false},"excerpt":{"rendered":"","protected":false},"author":2,"featured_media":0,"parent":0,"menu_order":0,"comment_status":"closed","ping_status":"closed","template":"","meta":{"footnotes":""},"class_list":["post-544","page","type-page","status-publish","hentry"],"_links":{"self":[{"href":"http:\/\/web.philo.ulg.ac.be\/cedopal-exposition\/wp-json\/wp\/v2\/pages\/544","targetHints":{"allow":["GET"]}}],"collection":[{"href":"http:\/\/web.philo.ulg.ac.be\/cedopal-exposition\/wp-json\/wp\/v2\/pages"}],"about":[{"href":"http:\/\/web.philo.ulg.ac.be\/cedopal-exposition\/wp-json\/wp\/v2\/types\/page"}],"author":[{"embeddable":true,"href":"http:\/\/web.philo.ulg.ac.be\/cedopal-exposition\/wp-json\/wp\/v2\/users\/2"}],"replies":[{"embeddable":true,"href":"http:\/\/web.philo.ulg.ac.be\/cedopal-exposition\/wp-json\/wp\/v2\/comments?post=544"}],"version-history":[{"count":4,"href":"http:\/\/web.philo.ulg.ac.be\/cedopal-exposition\/wp-json\/wp\/v2\/pages\/544\/revisions"}],"predecessor-version":[{"id":1286,"href":"http:\/\/web.philo.ulg.ac.be\/cedopal-exposition\/wp-json\/wp\/v2\/pages\/544\/revisions\/1286"}],"wp:attachment":[{"href":"http:\/\/web.philo.ulg.ac.be\/cedopal-exposition\/wp-json\/wp\/v2\/media?parent=544"}],"curies":[{"name":"wp","href":"https:\/\/api.w.org\/{rel}","templated":true}]}}