{"id":7,"date":"2015-11-14T10:58:38","date_gmt":"2015-11-14T10:58:38","guid":{"rendered":"http:\/\/web.philo.ulg.ac.be\/cegs\/?page_id=7"},"modified":"2021-10-11T13:28:31","modified_gmt":"2021-10-11T11:28:31","slug":"home","status":"publish","type":"page","link":"http:\/\/web.philo.ulg.ac.be\/cegs\/","title":{"rendered":"Accueil"},"content":{"rendered":"<p><div class=\"fusion-fullwidth fullwidth-box fusion-builder-row-1 fusion-flex-container nonhundred-percent-fullwidth non-hundred-percent-height-scrolling\" style=\"background-color: #ffffff;background-position: left top;background-repeat: no-repeat;border-width: 0px 0px 0px 0px;border-color:#eae9e9;border-style:solid;\" ><div class=\"fusion-builder-row fusion-row fusion-flex-align-items-flex-start\" style=\"max-width:calc( 1170px + 0px );margin-left: calc(-0px \/ 2 );margin-right: calc(-0px \/ 2 );\"><div class=\"fusion-layout-column fusion_builder_column fusion-builder-column-0 fusion_builder_column_1_1 1_1 fusion-flex-column\"><div class=\"fusion-column-wrapper fusion-flex-justify-content-flex-start fusion-content-layout-column\" style=\"background-position:left top;background-repeat:no-repeat;-webkit-background-size:cover;-moz-background-size:cover;-o-background-size:cover;background-size:cover;padding: 0% 0% 0% 0%;\"><style type=\"text\/css\">@media only screen and (max-width:1024px) {.fusion-title.fusion-title-1{margin-top:0px!important; margin-right:0px!important;margin-bottom:20px!important;margin-left:0px!important;}}@media only screen and (max-width:640px) {.fusion-title.fusion-title-1{margin-top:0px!important; margin-right:0px!important;margin-bottom:20px!important; margin-left:0px!important;}}<\/style><div class=\"fusion-title title fusion-title-1 fusion-sep-none fusion-title-center fusion-title-text fusion-title-size-three\" style=\"margin-top:0px;margin-right:0px;margin-bottom:20px;margin-left:0px;\"><h3 class=\"title-heading-center fusion-responsive-typography-calculated\" style=\"margin:0;--fontSize:20;--minFontSize:20px;line-height:2.22;\">LE CENTRE D&rsquo;\u00c9TUDES GEORGES SIMENON ET LE FONDS SIMENON DE L&rsquo;ULI\u00c8GE<\/h3><\/div><div class=\"fusion-separator fusion-full-width-sep\" style=\"align-self: center;margin-left: auto;margin-right: auto;margin-top:30px;width:100%;\"><\/div><div class=\"fusion-text fusion-text-1\" style=\"text-align:center;\"><p style=\"text-align: justify;\">N\u00e9 \u00e0 Li\u00e8ge en 1903 et mort \u00e0 Lausanne en 1989, Georges Simenon est un \u00e9crivain majeur du vingti\u00e8me si\u00e8cle, \u00e0 propos duquel il est devenu banal de multiplier les superlatifs. L\u2019auteur est en effet d\u2019une f\u00e9condit\u00e9 exceptionnelle\u00a0: il a sign\u00e9 de son nom 192 romans (dont 75 Maigret), 158 nouvelles, 176 romans populaires sous pseudonymes, un bon millier d\u2019articles de presse et une trentaine de reportages ainsi que 21 \u00ab\u00a0dict\u00e9es\u00a0\u00bb, r\u00e9flexions \u00e0 caract\u00e8re autobiographique enregistr\u00e9es sur magn\u00e9tophone. Il a vendu plus de 550 millions de livres et est l\u2019auteur francophone du si\u00e8cle pass\u00e9 le plus traduit dans le monde (3500 traductions dans 47 langues). Il est \u00e9galement l\u2019\u00e9crivain de langue fran\u00e7aise le plus adapt\u00e9 au cin\u00e9ma et \u00e0 la t\u00e9l\u00e9vision. Son \u0153uvre a su conqu\u00e9rir un vaste public tout en s\u00e9duisant les \u00e9crivains les plus exigeants, d\u2019Andr\u00e9 Gide \u00e0 Patrick Modiano, pour ne citer que deux prix Nobel de litt\u00e9rature.<\/p>\n<p style=\"text-align: justify;\">C\u2019est en 1976 qu\u2019a \u00e9t\u00e9 cr\u00e9\u00e9 \u00e0 l\u2019Universit\u00e9 de Li\u00e8ge, sous l\u2019impulsion du Professeur Maurice Piron, le Centre d\u2019\u00e9tudes Georges Simenon, qui s\u2019est donn\u00e9 pour objectif de d\u00e9velopper les \u00e9tudes concernant le romancier et son \u0153uvre, de rassembler toute la documentation utile et d\u2019aider les chercheurs dans leur d\u00e9marche. Touch\u00e9 par l\u2019int\u00e9r\u00eat qui lui \u00e9tait manifest\u00e9, Georges Simenon a d\u00e9cid\u00e9 de faire don \u00e0 ce centre d\u2019\u00e9tudes de toutes ses archives litt\u00e9raires\u00a0: c\u2019est ainsi qu\u2019est n\u00e9 ce qu\u2019on appelle commun\u00e9ment le Fonds Simenon. Il s\u2019agit l\u00e0 d\u2019une donation exceptionnelle, que l\u2019universit\u00e9 s\u2019attache \u00e0 conserver et \u00e0 \u00e9tudier depuis pr\u00e8s d\u2019un demi-si\u00e8cle.<\/p>\n<\/div><\/div><style type=\"text\/css\">.fusion-body .fusion-builder-column-0{width:100% !important;margin-top : 0px;margin-bottom : 50px;}.fusion-builder-column-0 > .fusion-column-wrapper {padding-top : 0% !important;padding-right : 0% !important;margin-right : 0px;padding-bottom : 0% !important;padding-left : 0% !important;margin-left : 0px;}@media only screen and (max-width:1024px) {.fusion-body .fusion-builder-column-0{width:100% !important;order : 0;}.fusion-builder-column-0 > .fusion-column-wrapper {margin-right : 0px;margin-left : 0px;}}@media only screen and (max-width:640px) {.fusion-body .fusion-builder-column-0{width:100% !important;order : 0;margin-bottom : 20px;}.fusion-builder-column-0 > .fusion-column-wrapper {margin-right : 0px;margin-left : 0px;}}<\/style><\/div><\/div><style type=\"text\/css\">.fusion-body .fusion-flex-container.fusion-builder-row-1{ padding-top : 40px;margin-top : 0px;padding-right : 0px;padding-bottom : 0px;margin-bottom : 0px;padding-left : 0px;}<\/style><\/div><div class=\"fusion-fullwidth fullwidth-box fusion-builder-row-2 fusion-flex-container hundred-percent-fullwidth non-hundred-percent-height-scrolling\" style=\"background-color: #ffffff;background-position: left top;background-repeat: no-repeat;border-width: 0px 0px 0px 0px;border-color:#eae9e9;border-style:solid;\" ><div class=\"fusion-builder-row fusion-row fusion-flex-align-items-flex-start\" style=\"width:104% !important;max-width:104% !important;margin-left: calc(-4% \/ 2 );margin-right: calc(-4% \/ 2 );\"><div class=\"fusion-layout-column fusion_builder_column fusion-builder-column-1 fusion_builder_column_1_1 1_1 fusion-flex-column fusion-flex-align-self-flex-start fusion-column-no-min-height\"><div class=\"fusion-column-wrapper fusion-flex-justify-content-flex-start fusion-content-layout-column\" style=\"background-position:left top;background-repeat:no-repeat;-webkit-background-size:cover;-moz-background-size:cover;-o-background-size:cover;background-size:cover;padding: 0px 0px 0px 0px;\"><div class=\"fusion-recent-works fusion-portfolio-element fusion-portfolio fusion-portfolio-1 fusion-portfolio-grid fusion-portfolio-paging-none fusion-portfolio-four fusion-portfolio-no_text fusion-portfolio-rollover\" data-id=\"-rw-1\" data-columns=\"four\"><style type=\"text\/css\">.fusion-portfolio-1 .fusion-portfolio-wrapper .fusion-col-spacing{padding:20px;}<\/style><div class=\"fusion-portfolio-wrapper\" id=\"fusion-portfolio-1\" data-picturesize=\"auto\" data-pages=\"1\" style=\"margin:-20px;\"><article id=\"portfolio-1-post-12099\" class=\"fusion-portfolio-post fusion-col-spacing post-12099\"><div class=\"fusion-portfolio-content-wrapper\" style=\"border:none;\"><span class=\"entry-title rich-snippet-hidden\">GEORGES SIMENON<\/span><span class=\"vcard rich-snippet-hidden\"><span class=\"fn\"><a href=\"http:\/\/web.philo.ulg.ac.be\/cegs\/author\/u201550\/\" title=\"Articles par u201550\" rel=\"author\">u201550<\/a><\/span><\/span><span class=\"updated rich-snippet-hidden\">2022-06-15T10:36:51+02:00<\/span><div  class=\"fusion-image-wrapper\" aria-haspopup=\"true\">\n\t\t\t\t<img decoding=\"async\" width=\"800\" height=\"505\" src=\"http:\/\/web.philo.ulg.ac.be\/cegs\/wp-content\/uploads\/sites\/49\/2018\/05\/Simenon_a.jpg\" class=\"attachment-full size-full wp-post-image\" alt=\"\" srcset=\"http:\/\/web.philo.ulg.ac.be\/cegs\/wp-content\/uploads\/sites\/49\/2018\/05\/Simenon_a-200x126.jpg 200w, http:\/\/web.philo.ulg.ac.be\/cegs\/wp-content\/uploads\/sites\/49\/2018\/05\/Simenon_a-400x253.jpg 400w, http:\/\/web.philo.ulg.ac.be\/cegs\/wp-content\/uploads\/sites\/49\/2018\/05\/Simenon_a-600x379.jpg 600w, http:\/\/web.philo.ulg.ac.be\/cegs\/wp-content\/uploads\/sites\/49\/2018\/05\/Simenon_a.jpg 800w\" sizes=\"(min-width: 2200px) 100vw, (min-width: 1186px) 263px, (min-width: 1004px) 350px, (min-width: 822px) 525px, (min-width: 640px) 822px, \" \/><div class=\"fusion-rollover\">\n\t<div class=\"fusion-rollover-content\">\n\n\t\t\t\t\n\t\t\n\t\t\t\t\t\t\t\t\t\t\t\t<h4 class=\"fusion-rollover-title\">\n\t\t\t\t\t<a class=\"fusion-rollover-title-link\" href=\"http:\/\/web.philo.ulg.ac.be\/cegs\/portfolio-items\/georges-simenon\/\">\n\t\t\t\t\t\tGEORGES SIMENON\t\t\t\t\t<\/a>\n\t\t\t\t<\/h4>\n\t\t\t\n\t\t\t\t\t\t\t\t\n\t\t\n\t\t\t\t\t\t<a class=\"fusion-link-wrapper\" href=\"http:\/\/web.philo.ulg.ac.be\/cegs\/portfolio-items\/georges-simenon\/\" aria-label=\"GEORGES SIMENON\"><\/a>\n\t<\/div>\n<\/div>\n<\/div>\n<\/div><\/article><article id=\"portfolio-1-post-12097\" class=\"fusion-portfolio-post fusion-col-spacing post-12097\"><div class=\"fusion-portfolio-content-wrapper\" style=\"border:none;\"><span class=\"entry-title rich-snippet-hidden\">LE CENTRE D&rsquo;\u00c9TUDES<\/span><span class=\"vcard rich-snippet-hidden\"><span class=\"fn\"><a href=\"http:\/\/web.philo.ulg.ac.be\/cegs\/author\/u201550\/\" title=\"Articles par u201550\" rel=\"author\">u201550<\/a><\/span><\/span><span class=\"updated rich-snippet-hidden\">2021-10-11T13:35:47+02:00<\/span><div  class=\"fusion-image-wrapper\" aria-haspopup=\"true\">\n\t\t\t\t<img decoding=\"async\" width=\"800\" height=\"505\" src=\"http:\/\/web.philo.ulg.ac.be\/cegs\/wp-content\/uploads\/sites\/49\/2018\/05\/simenon_b.jpg\" class=\"attachment-full size-full wp-post-image\" alt=\"\" srcset=\"http:\/\/web.philo.ulg.ac.be\/cegs\/wp-content\/uploads\/sites\/49\/2018\/05\/simenon_b-200x126.jpg 200w, http:\/\/web.philo.ulg.ac.be\/cegs\/wp-content\/uploads\/sites\/49\/2018\/05\/simenon_b-400x253.jpg 400w, http:\/\/web.philo.ulg.ac.be\/cegs\/wp-content\/uploads\/sites\/49\/2018\/05\/simenon_b-600x379.jpg 600w, http:\/\/web.philo.ulg.ac.be\/cegs\/wp-content\/uploads\/sites\/49\/2018\/05\/simenon_b.jpg 800w\" sizes=\"(min-width: 2200px) 100vw, (min-width: 1186px) 263px, (min-width: 1004px) 350px, (min-width: 822px) 525px, (min-width: 640px) 822px, \" \/><div class=\"fusion-rollover\">\n\t<div class=\"fusion-rollover-content\">\n\n\t\t\t\t\n\t\t\n\t\t\t\t\t\t\t\t\t\t\t\t<h4 class=\"fusion-rollover-title\">\n\t\t\t\t\t<a class=\"fusion-rollover-title-link\" href=\"http:\/\/web.philo.ulg.ac.be\/cegs\/portfolio-items\/le-centre-detudes\/\">\n\t\t\t\t\t\tLE CENTRE D&rsquo;\u00c9TUDES\t\t\t\t\t<\/a>\n\t\t\t\t<\/h4>\n\t\t\t\n\t\t\t\t\t\t\t\t\n\t\t\n\t\t\t\t\t\t<a class=\"fusion-link-wrapper\" href=\"http:\/\/web.philo.ulg.ac.be\/cegs\/portfolio-items\/le-centre-detudes\/\" aria-label=\"LE CENTRE D&rsquo;\u00c9TUDES\"><\/a>\n\t<\/div>\n<\/div>\n<\/div>\n<\/div><\/article><article id=\"portfolio-1-post-12178\" class=\"fusion-portfolio-post fusion-col-spacing post-12178\"><div class=\"fusion-portfolio-content-wrapper\" style=\"border:none;\"><span class=\"entry-title rich-snippet-hidden\">LE FONDS SIMENON<\/span><span class=\"vcard rich-snippet-hidden\"><span class=\"fn\"><a href=\"http:\/\/web.philo.ulg.ac.be\/cegs\/author\/u201550\/\" title=\"Articles par u201550\" rel=\"author\">u201550<\/a><\/span><\/span><span class=\"updated rich-snippet-hidden\">2021-10-11T13:39:03+02:00<\/span><div  class=\"fusion-image-wrapper\" aria-haspopup=\"true\">\n\t\t\t\t<img decoding=\"async\" width=\"800\" height=\"505\" src=\"http:\/\/web.philo.ulg.ac.be\/cegs\/wp-content\/uploads\/sites\/49\/2020\/11\/simenon_c.jpg\" class=\"attachment-full size-full wp-post-image\" alt=\"\" srcset=\"http:\/\/web.philo.ulg.ac.be\/cegs\/wp-content\/uploads\/sites\/49\/2020\/11\/simenon_c-200x126.jpg 200w, http:\/\/web.philo.ulg.ac.be\/cegs\/wp-content\/uploads\/sites\/49\/2020\/11\/simenon_c-400x253.jpg 400w, http:\/\/web.philo.ulg.ac.be\/cegs\/wp-content\/uploads\/sites\/49\/2020\/11\/simenon_c-600x379.jpg 600w, http:\/\/web.philo.ulg.ac.be\/cegs\/wp-content\/uploads\/sites\/49\/2020\/11\/simenon_c.jpg 800w\" sizes=\"(min-width: 2200px) 100vw, (min-width: 1186px) 263px, (min-width: 1004px) 350px, (min-width: 822px) 525px, (min-width: 640px) 822px, \" \/><div class=\"fusion-rollover\">\n\t<div class=\"fusion-rollover-content\">\n\n\t\t\t\t\n\t\t\n\t\t\t\t\t\t\t\t\t\t\t\t<h4 class=\"fusion-rollover-title\">\n\t\t\t\t\t<a class=\"fusion-rollover-title-link\" href=\"http:\/\/web.philo.ulg.ac.be\/cegs\/portfolio-items\/le-fonds-simenon\/\">\n\t\t\t\t\t\tLE FONDS SIMENON\t\t\t\t\t<\/a>\n\t\t\t\t<\/h4>\n\t\t\t\n\t\t\t\t\t\t\t\t\n\t\t\n\t\t\t\t\t\t<a class=\"fusion-link-wrapper\" href=\"http:\/\/web.philo.ulg.ac.be\/cegs\/portfolio-items\/le-fonds-simenon\/\" aria-label=\"LE FONDS SIMENON\"><\/a>\n\t<\/div>\n<\/div>\n<\/div>\n<\/div><\/article><article id=\"portfolio-1-post-12095\" class=\"fusion-portfolio-post fusion-col-spacing post-12095\"><div class=\"fusion-portfolio-content-wrapper\" style=\"border:none;\"><span class=\"entry-title rich-snippet-hidden\">PUBLICATIONS<\/span><span class=\"vcard rich-snippet-hidden\"><span class=\"fn\"><a href=\"http:\/\/web.philo.ulg.ac.be\/cegs\/author\/u201550\/\" title=\"Articles par u201550\" rel=\"author\">u201550<\/a><\/span><\/span><span class=\"updated rich-snippet-hidden\">2020-12-01T10:02:16+01:00<\/span><div  class=\"fusion-image-wrapper\" aria-haspopup=\"true\">\n\t\t\t\t<img decoding=\"async\" width=\"800\" height=\"505\" src=\"http:\/\/web.philo.ulg.ac.be\/cegs\/wp-content\/uploads\/sites\/49\/2018\/05\/simenon_d.jpg\" class=\"attachment-full size-full wp-post-image\" alt=\"\" srcset=\"http:\/\/web.philo.ulg.ac.be\/cegs\/wp-content\/uploads\/sites\/49\/2018\/05\/simenon_d-200x126.jpg 200w, http:\/\/web.philo.ulg.ac.be\/cegs\/wp-content\/uploads\/sites\/49\/2018\/05\/simenon_d-400x253.jpg 400w, http:\/\/web.philo.ulg.ac.be\/cegs\/wp-content\/uploads\/sites\/49\/2018\/05\/simenon_d-600x379.jpg 600w, http:\/\/web.philo.ulg.ac.be\/cegs\/wp-content\/uploads\/sites\/49\/2018\/05\/simenon_d.jpg 800w\" sizes=\"(min-width: 2200px) 100vw, (min-width: 1186px) 263px, (min-width: 1004px) 350px, (min-width: 822px) 525px, (min-width: 640px) 822px, \" \/><div class=\"fusion-rollover\">\n\t<div class=\"fusion-rollover-content\">\n\n\t\t\t\t\n\t\t\n\t\t\t\t\t\t\t\t\t\t\t\t<h4 class=\"fusion-rollover-title\">\n\t\t\t\t\t<a class=\"fusion-rollover-title-link\" href=\"http:\/\/web.philo.ulg.ac.be\/cegs\/portfolio-items\/publications\/\">\n\t\t\t\t\t\tPUBLICATIONS\t\t\t\t\t<\/a>\n\t\t\t\t<\/h4>\n\t\t\t\n\t\t\t\t\t\t\t\t\n\t\t\n\t\t\t\t\t\t<a class=\"fusion-link-wrapper\" href=\"http:\/\/web.philo.ulg.ac.be\/cegs\/portfolio-items\/publications\/\" aria-label=\"PUBLICATIONS\"><\/a>\n\t<\/div>\n<\/div>\n<\/div>\n<\/div><\/article><article id=\"portfolio-1-post-12093\" class=\"fusion-portfolio-post fusion-col-spacing post-12093\"><div class=\"fusion-portfolio-content-wrapper\" style=\"border:none;\"><span class=\"entry-title rich-snippet-hidden\">LA REVUE TRACES<\/span><span class=\"vcard rich-snippet-hidden\"><span class=\"fn\"><a href=\"http:\/\/web.philo.ulg.ac.be\/cegs\/author\/u201550\/\" title=\"Articles par u201550\" rel=\"author\">u201550<\/a><\/span><\/span><span class=\"updated rich-snippet-hidden\">2021-10-11T13:43:21+02:00<\/span><div  class=\"fusion-image-wrapper\" aria-haspopup=\"true\">\n\t\t\t\t<img decoding=\"async\" width=\"800\" height=\"505\" src=\"http:\/\/web.philo.ulg.ac.be\/cegs\/wp-content\/uploads\/sites\/49\/2018\/05\/simenon_e.jpg\" class=\"attachment-full size-full wp-post-image\" alt=\"\" srcset=\"http:\/\/web.philo.ulg.ac.be\/cegs\/wp-content\/uploads\/sites\/49\/2018\/05\/simenon_e-200x126.jpg 200w, http:\/\/web.philo.ulg.ac.be\/cegs\/wp-content\/uploads\/sites\/49\/2018\/05\/simenon_e-400x253.jpg 400w, http:\/\/web.philo.ulg.ac.be\/cegs\/wp-content\/uploads\/sites\/49\/2018\/05\/simenon_e-600x379.jpg 600w, http:\/\/web.philo.ulg.ac.be\/cegs\/wp-content\/uploads\/sites\/49\/2018\/05\/simenon_e.jpg 800w\" sizes=\"(min-width: 2200px) 100vw, (min-width: 1186px) 263px, (min-width: 1004px) 350px, (min-width: 822px) 525px, (min-width: 640px) 822px, \" \/><div class=\"fusion-rollover\">\n\t<div class=\"fusion-rollover-content\">\n\n\t\t\t\t\n\t\t\n\t\t\t\t\t\t\t\t\t\t\t\t<h4 class=\"fusion-rollover-title\">\n\t\t\t\t\t<a class=\"fusion-rollover-title-link\" href=\"http:\/\/web.philo.ulg.ac.be\/cegs\/portfolio-items\/la-revue-traces\/\">\n\t\t\t\t\t\tLA REVUE TRACES\t\t\t\t\t<\/a>\n\t\t\t\t<\/h4>\n\t\t\t\n\t\t\t\t\t\t\t\t\n\t\t\n\t\t\t\t\t\t<a class=\"fusion-link-wrapper\" href=\"http:\/\/web.philo.ulg.ac.be\/cegs\/portfolio-items\/la-revue-traces\/\" aria-label=\"LA REVUE TRACES\"><\/a>\n\t<\/div>\n<\/div>\n<\/div>\n<\/div><\/article><article id=\"portfolio-1-post-12091\" class=\"fusion-portfolio-post fusion-col-spacing post-12091\"><div class=\"fusion-portfolio-content-wrapper\" style=\"border:none;\"><span class=\"entry-title rich-snippet-hidden\">\u00c9V\u00c9NEMENTS<\/span><span class=\"vcard rich-snippet-hidden\"><span class=\"fn\"><a href=\"http:\/\/web.philo.ulg.ac.be\/cegs\/author\/u201550\/\" title=\"Articles par u201550\" rel=\"author\">u201550<\/a><\/span><\/span><span class=\"updated rich-snippet-hidden\">2021-09-17T14:57:49+02:00<\/span><div  class=\"fusion-image-wrapper\" aria-haspopup=\"true\">\n\t\t\t\t<img decoding=\"async\" width=\"800\" height=\"505\" src=\"http:\/\/web.philo.ulg.ac.be\/cegs\/wp-content\/uploads\/sites\/49\/2018\/05\/simenon_f.jpg\" class=\"attachment-full size-full wp-post-image\" alt=\"\" srcset=\"http:\/\/web.philo.ulg.ac.be\/cegs\/wp-content\/uploads\/sites\/49\/2018\/05\/simenon_f-200x126.jpg 200w, http:\/\/web.philo.ulg.ac.be\/cegs\/wp-content\/uploads\/sites\/49\/2018\/05\/simenon_f-400x253.jpg 400w, http:\/\/web.philo.ulg.ac.be\/cegs\/wp-content\/uploads\/sites\/49\/2018\/05\/simenon_f-600x379.jpg 600w, http:\/\/web.philo.ulg.ac.be\/cegs\/wp-content\/uploads\/sites\/49\/2018\/05\/simenon_f.jpg 800w\" sizes=\"(min-width: 2200px) 100vw, (min-width: 1186px) 263px, (min-width: 1004px) 350px, (min-width: 822px) 525px, (min-width: 640px) 822px, \" \/><div class=\"fusion-rollover\">\n\t<div class=\"fusion-rollover-content\">\n\n\t\t\t\t\n\t\t\n\t\t\t\t\t\t\t\t\t\t\t\t<h4 class=\"fusion-rollover-title\">\n\t\t\t\t\t<a class=\"fusion-rollover-title-link\" href=\"http:\/\/web.philo.ulg.ac.be\/cegs\/portfolio-items\/evenements\/\">\n\t\t\t\t\t\t\u00c9V\u00c9NEMENTS\t\t\t\t\t<\/a>\n\t\t\t\t<\/h4>\n\t\t\t\n\t\t\t\t\t\t\t\t\n\t\t\n\t\t\t\t\t\t<a class=\"fusion-link-wrapper\" href=\"http:\/\/web.philo.ulg.ac.be\/cegs\/portfolio-items\/evenements\/\" aria-label=\"\u00c9V\u00c9NEMENTS\"><\/a>\n\t<\/div>\n<\/div>\n<\/div>\n<\/div><\/article><article id=\"portfolio-1-post-12089\" class=\"fusion-portfolio-post fusion-col-spacing post-12089\"><div class=\"fusion-portfolio-content-wrapper\" style=\"border:none;\"><span class=\"entry-title rich-snippet-hidden\">BASE DE DONN\u00c9ES<\/span><span class=\"vcard rich-snippet-hidden\"><span class=\"fn\"><a href=\"http:\/\/web.philo.ulg.ac.be\/cegs\/author\/u201550\/\" title=\"Articles par u201550\" rel=\"author\">u201550<\/a><\/span><\/span><span class=\"updated rich-snippet-hidden\">2024-09-20T15:17:18+02:00<\/span><div  class=\"fusion-image-wrapper\" aria-haspopup=\"true\">\n\t\t\t\t<img decoding=\"async\" width=\"800\" height=\"505\" src=\"http:\/\/web.philo.ulg.ac.be\/cegs\/wp-content\/uploads\/sites\/49\/2018\/05\/simenon_g.jpg\" class=\"attachment-full size-full wp-post-image\" alt=\"\" srcset=\"http:\/\/web.philo.ulg.ac.be\/cegs\/wp-content\/uploads\/sites\/49\/2018\/05\/simenon_g-200x126.jpg 200w, http:\/\/web.philo.ulg.ac.be\/cegs\/wp-content\/uploads\/sites\/49\/2018\/05\/simenon_g-400x253.jpg 400w, http:\/\/web.philo.ulg.ac.be\/cegs\/wp-content\/uploads\/sites\/49\/2018\/05\/simenon_g-600x379.jpg 600w, http:\/\/web.philo.ulg.ac.be\/cegs\/wp-content\/uploads\/sites\/49\/2018\/05\/simenon_g.jpg 800w\" sizes=\"(min-width: 2200px) 100vw, (min-width: 1186px) 263px, (min-width: 1004px) 350px, (min-width: 822px) 525px, (min-width: 640px) 822px, \" \/><div class=\"fusion-rollover\">\n\t<div class=\"fusion-rollover-content\">\n\n\t\t\t\t\n\t\t\n\t\t\t\t\t\t\t\t\t\t\t\t<h4 class=\"fusion-rollover-title\">\n\t\t\t\t\t<a class=\"fusion-rollover-title-link\" href=\"http:\/\/web.philo.ulg.ac.be\/cegs\/portfolio-items\/base-de-donnees\/\">\n\t\t\t\t\t\tBASE DE DONN\u00c9ES\t\t\t\t\t<\/a>\n\t\t\t\t<\/h4>\n\t\t\t\n\t\t\t\t\t\t\t\t\n\t\t\n\t\t\t\t\t\t<a class=\"fusion-link-wrapper\" href=\"http:\/\/web.philo.ulg.ac.be\/cegs\/portfolio-items\/base-de-donnees\/\" aria-label=\"BASE DE DONN\u00c9ES\"><\/a>\n\t<\/div>\n<\/div>\n<\/div>\n<\/div><\/article><article id=\"portfolio-1-post-12176\" class=\"fusion-portfolio-post fusion-col-spacing post-12176\"><div class=\"fusion-portfolio-content-wrapper\" style=\"border:none;\"><span class=\"entry-title rich-snippet-hidden\">CONTACTS<\/span><span class=\"vcard rich-snippet-hidden\"><span class=\"fn\"><a href=\"http:\/\/web.philo.ulg.ac.be\/cegs\/author\/u201550\/\" title=\"Articles par u201550\" rel=\"author\">u201550<\/a><\/span><\/span><span class=\"updated rich-snippet-hidden\">2026-03-27T16:59:46+01:00<\/span><div  class=\"fusion-image-wrapper\" aria-haspopup=\"true\">\n\t\t\t\t<img decoding=\"async\" width=\"800\" height=\"505\" src=\"http:\/\/web.philo.ulg.ac.be\/cegs\/wp-content\/uploads\/sites\/49\/2020\/11\/simenon_h.jpg\" class=\"attachment-full size-full wp-post-image\" alt=\"\" srcset=\"http:\/\/web.philo.ulg.ac.be\/cegs\/wp-content\/uploads\/sites\/49\/2020\/11\/simenon_h-200x126.jpg 200w, http:\/\/web.philo.ulg.ac.be\/cegs\/wp-content\/uploads\/sites\/49\/2020\/11\/simenon_h-400x253.jpg 400w, http:\/\/web.philo.ulg.ac.be\/cegs\/wp-content\/uploads\/sites\/49\/2020\/11\/simenon_h-600x379.jpg 600w, http:\/\/web.philo.ulg.ac.be\/cegs\/wp-content\/uploads\/sites\/49\/2020\/11\/simenon_h.jpg 800w\" sizes=\"(min-width: 2200px) 100vw, (min-width: 1186px) 263px, (min-width: 1004px) 350px, (min-width: 822px) 525px, (min-width: 640px) 822px, \" \/><div class=\"fusion-rollover\">\n\t<div class=\"fusion-rollover-content\">\n\n\t\t\t\t\n\t\t\n\t\t\t\t\t\t\t\t\t\t\t\t<h4 class=\"fusion-rollover-title\">\n\t\t\t\t\t<a class=\"fusion-rollover-title-link\" href=\"http:\/\/web.philo.ulg.ac.be\/cegs\/portfolio-items\/contacts\/\">\n\t\t\t\t\t\tCONTACTS\t\t\t\t\t<\/a>\n\t\t\t\t<\/h4>\n\t\t\t\n\t\t\t\t\t\t\t\t\n\t\t\n\t\t\t\t\t\t<a class=\"fusion-link-wrapper\" href=\"http:\/\/web.philo.ulg.ac.be\/cegs\/portfolio-items\/contacts\/\" aria-label=\"CONTACTS\"><\/a>\n\t<\/div>\n<\/div>\n<\/div>\n<\/div><\/article><\/div><\/div><\/div><style type=\"text\/css\">.fusion-body .fusion-builder-column-1{width:100% !important;margin-top : 0px;margin-bottom : 0px;}.fusion-builder-column-1 > .fusion-column-wrapper {padding-top : 0px !important;padding-right : 0px !important;margin-right : 1.92%;padding-bottom : 0px !important;padding-left : 0px !important;margin-left : 1.92%;}@media only screen and (max-width:1024px) {.fusion-body .fusion-builder-column-1{width:100% !important;}.fusion-builder-column-1 > .fusion-column-wrapper {margin-right : 1.92%;margin-left : 1.92%;}}@media only screen and (max-width:640px) {.fusion-body .fusion-builder-column-1{width:100% !important;}.fusion-builder-column-1 > .fusion-column-wrapper {margin-right : 1.92%;margin-left : 1.92%;}}<\/style><\/div><\/div><style type=\"text\/css\">.fusion-body .fusion-flex-container.fusion-builder-row-2{ padding-top : 0px;margin-top : 0px;padding-right : 4%;padding-bottom : 0px;margin-bottom : 0px;padding-left : 4%;}@media only screen and (max-width:640px) {.fusion-body .fusion-flex-container.fusion-builder-row-2{ padding-bottom : 60px;}}<\/style><\/div><\/p>\n","protected":false},"excerpt":{"rendered":"","protected":false},"author":2,"featured_media":0,"parent":0,"menu_order":0,"comment_status":"closed","ping_status":"closed","template":"100-width.php","meta":{"footnotes":""},"class_list":["post-7","page","type-page","status-publish","hentry"],"_links":{"self":[{"href":"http:\/\/web.philo.ulg.ac.be\/cegs\/wp-json\/wp\/v2\/pages\/7","targetHints":{"allow":["GET"]}}],"collection":[{"href":"http:\/\/web.philo.ulg.ac.be\/cegs\/wp-json\/wp\/v2\/pages"}],"about":[{"href":"http:\/\/web.philo.ulg.ac.be\/cegs\/wp-json\/wp\/v2\/types\/page"}],"author":[{"embeddable":true,"href":"http:\/\/web.philo.ulg.ac.be\/cegs\/wp-json\/wp\/v2\/users\/2"}],"replies":[{"embeddable":true,"href":"http:\/\/web.philo.ulg.ac.be\/cegs\/wp-json\/wp\/v2\/comments?post=7"}],"version-history":[{"count":5,"href":"http:\/\/web.philo.ulg.ac.be\/cegs\/wp-json\/wp\/v2\/pages\/7\/revisions"}],"predecessor-version":[{"id":12509,"href":"http:\/\/web.philo.ulg.ac.be\/cegs\/wp-json\/wp\/v2\/pages\/7\/revisions\/12509"}],"wp:attachment":[{"href":"http:\/\/web.philo.ulg.ac.be\/cegs\/wp-json\/wp\/v2\/media?parent=7"}],"curies":[{"name":"wp","href":"https:\/\/api.w.org\/{rel}","templated":true}]}}