{"id":46,"date":"2015-08-26T08:44:49","date_gmt":"2015-08-26T07:44:49","guid":{"rendered":"http:\/\/web.philo.ulg.ac.be\/cill\/?page_id=46"},"modified":"2026-01-29T12:50:24","modified_gmt":"2026-01-29T11:50:24","slug":"home","status":"publish","type":"page","link":"http:\/\/web.philo.ulg.ac.be\/cill\/en\/","title":{"rendered":"Home"},"content":{"rendered":"<div class=\"heading-wrapper\"><h6><span class=\"heading-line-left\"><\/span><strong>Welcome to the official website of the International Colloquium on Latin Linguistics &#8211; ICLL<\/strong><span class=\"heading-line-right\"><\/span><\/h6><\/div>\n<p style=\"text-align: justify;\"><img loading=\"lazy\" decoding=\"async\" class=\"alignleft wp-image-43\" src=\"http:\/\/web.philo.ulg.ac.be\/cill\/wp-content\/uploads\/sites\/17\/2015\/07\/test.png\" alt=\"test\" width=\"153\" height=\"105\" \/>The biennial International Colloquium on Latin Linguistics has been held continuously for nearly three decades, first in Amsterdam (1981), then in Aix-en-Provence (1983), Bologna (1985), Cambridge (1987), Louvain-la-Neuve (1989), Budapest (1991), Jerusalem (1993), Eichst\u00e4tt (1995), Madrid (1997), Paris (1999), Amsterdam (2001), Bologna (2003), Brussels (2005), Erfurt (2007), Innsbruck (2009), Uppsala (2011), Roma (2013), Toulouse (2015), M\u00fcnchen (2017), Las Palmas (2019), Santiago de Compostela (2022), Prague (2023) and Udine (2025).<\/p>\n<p style=\"text-align: justify;\">The Colloquium is devoted to all aspects of Latin linguistics, from a synchronic and a diachronic perspective. Each conference has resulted in one or more volumes of proceedings on a wide range of issues in Latin linguistics, in phonology, morphosyntax, semantics, pragmatics, and text structure, with or without explicit reference to developments in general linguistic theory. The official languages of the Colloquium are English, French, German, Spanish, Italian and Latin. Participants have found each of these meetings a stimulating and rewarding experience.<\/p>\n<p>The meetings are organized under the auspices of the International Committee on Latin Linguistics, whose members are :<\/p>\n<ul>\n<li>Suzanne Adema (Universiteit Leiden)<\/li>\n<li>Gualtiero Calboli (Universit\u00e0 degli Studi di Bologna)<\/li>\n<li>Mich\u00e8le Fruyt (Universit\u00e9 de Paris IV-Sorbonne)<\/li>\n<li>Gerd V. M. Haverling (Uppsala Universitet)<\/li>\n<li>Roland Hoffmann (Mainz)<\/li>\n<li>Caroline Kroon (Universiteit van Amsterdam &amp; Vrije Universiteit van Amsterdam)<\/li>\n<li>Dominique Longr\u00e9e (Universit\u00e9 de Li\u00e8ge et Universit\u00e9 Saint-Louis-Bruxelles) (Chair)<\/li>\n<li>Antonio M. Mart\u00edn Rodr\u00edguez (Universidad de Las Palmas de Gran Canaria)<\/li>\n<li>Renato Oniga (Universit\u00e0 di Udine)<\/li>\n<li>Paolo Poccetti (Universit\u00e0 di Roma Tor Vergata)<\/li>\n<li>Lucie Pultrova (Univerzita Karlova, Prague)<\/li>\n<li>Josine Schrickx (Thesaurus linguae Latinae, Bayerische Akademie der Wissenschaften)<\/li>\n<li>Olga Spevak (Universit\u00e9 Toulouse Jean Jaur\u00e8s)<\/li>\n<\/ul>\n<div class=\"spacer\" style=\"height:20px\"><\/div>\n<p>Honour Committee :<\/p>\n<ul>\n<li>Phillip Baldi (Pennstate University)<\/li>\n<li>Benjamin Garc\u00eda Hern\u00e1ndez (Universidad Aut\u00f3noma de Madrid)<\/li>\n<li>Friedrich Heberlein (Universit\u00e4t Eichst\u00e4tt)<\/li>\n<li>Manfred Kienpointner (Universit\u00e4t Innsbruck)<\/li>\n<li>Christian Lehmann (Universit\u00e4t Erfurt)<\/li>\n<\/ul>\n<div class=\"spacer\" style=\"height:20px\"><\/div>\n<p>In memoriam :<\/p>\n<ul>\n<li>Machtelt Bolkestein (Universiteit van Amsterdam)<\/li>\n<li>Robert Coleman (Cambridge University)<\/li>\n<li>Concepci\u00f3n Cabrillana Leal (Universidad de Santiago de Compostela)<\/li>\n<li>Joseph Hermann (Budapest University)<\/li>\n<li>Marius Lavency (Universit\u00e9 de Louvain)<\/li>\n<li>Claude Moussy (Universit\u00e9 de Paris IV-Sorbonne)<\/li>\n<li>Harm Pinkster (Universiteit van Amsterdam)<\/li>\n<li>Hannah Ros\u00e9n (The Hebrew University of Jerusalem)<\/li>\n<li>Christian Touratier (Universit\u00e9 d\u2019Aix-Marseille)<\/li>\n<\/ul>\n","protected":false},"excerpt":{"rendered":"<p>The biennial International Colloquium on Latin Linguistics has been held continuously for nearly three decades, first in Amsterdam (1981), then in Aix-en-Provence (1983), Bologna (1985), Cambridge (1987), Louvain-la-Neuve (1989), Budapest (1991), Jerusalem (1993), Eichst\u00e4tt (1995), Madrid (1997), Paris (1999), Amsterdam (2001), Bologna (2003), Brussels (2005), Erfurt (2007), Innsbruck (2009), Uppsala (2011), Roma (2013), Toulouse (2015), [&hellip;]<\/p>\n","protected":false},"author":2,"featured_media":0,"parent":0,"menu_order":0,"comment_status":"closed","ping_status":"closed","template":"","meta":{"footnotes":""},"class_list":["post-46","page","type-page","status-publish","hentry"],"_links":{"self":[{"href":"http:\/\/web.philo.ulg.ac.be\/cill\/wp-json\/wp\/v2\/pages\/46","targetHints":{"allow":["GET"]}}],"collection":[{"href":"http:\/\/web.philo.ulg.ac.be\/cill\/wp-json\/wp\/v2\/pages"}],"about":[{"href":"http:\/\/web.philo.ulg.ac.be\/cill\/wp-json\/wp\/v2\/types\/page"}],"author":[{"embeddable":true,"href":"http:\/\/web.philo.ulg.ac.be\/cill\/wp-json\/wp\/v2\/users\/2"}],"replies":[{"embeddable":true,"href":"http:\/\/web.philo.ulg.ac.be\/cill\/wp-json\/wp\/v2\/comments?post=46"}],"version-history":[{"count":5,"href":"http:\/\/web.philo.ulg.ac.be\/cill\/wp-json\/wp\/v2\/pages\/46\/revisions"}],"predecessor-version":[{"id":263,"href":"http:\/\/web.philo.ulg.ac.be\/cill\/wp-json\/wp\/v2\/pages\/46\/revisions\/263"}],"wp:attachment":[{"href":"http:\/\/web.philo.ulg.ac.be\/cill\/wp-json\/wp\/v2\/media?parent=46"}],"curies":[{"name":"wp","href":"https:\/\/api.w.org\/{rel}","templated":true}]}}