{"id":2,"date":"2021-05-28T10:44:01","date_gmt":"2021-05-28T08:44:01","guid":{"rendered":"http:\/\/web.philo.ulg.ac.be\/csb\/?page_id=2"},"modified":"2021-06-28T10:47:22","modified_gmt":"2021-06-28T08:47:22","slug":"page-d-exemple","status":"publish","type":"page","link":"http:\/\/web.philo.ulg.ac.be\/csb\/","title":{"rendered":"Accueil"},"content":{"rendered":"<div class=\"fusion-fullwidth fullwidth-box fusion-builder-row-1 nonhundred-percent-fullwidth non-hundred-percent-height-scrolling\" style=\"background-color: #ffffff;background-position: center center;background-repeat: no-repeat;padding-top:0px;padding-right:0px;padding-bottom:0px;padding-left:0px;margin-bottom: 0px;margin-top: 0px;border-width: 0px 0px 0px 0px;border-color:#eae9e9;border-style:solid;\" ><div class=\"fusion-builder-row fusion-row\"><div class=\"fusion-layout-column fusion_builder_column fusion-builder-column-0 fusion_builder_column_1_1 1_1 fusion-one-full fusion-column-first fusion-column-last\" style=\"margin-top:0px;margin-bottom:0px;\"><div class=\"fusion-column-wrapper fusion-flex-column-wrapper-legacy\" style=\"background-position:left top;background-repeat:no-repeat;-webkit-background-size:cover;-moz-background-size:cover;-o-background-size:cover;background-size:cover;padding: 0px 0px 0px 0px;\"><style type=\"text\/css\"><\/style><div class=\"fusion-title title fusion-title-1 fusion-sep-none fusion-title-text fusion-title-size-one\" style=\"font-size:50px;margin-top:70px;margin-right:0px;margin-bottom:70px;margin-left:0px;\"><h1 class=\"title-heading-left fusion-responsive-typography-calculated\" style=\"margin:0;font-size:1em;color:#d0c3b3;--fontSize:50;line-height:1;\">Accueil<\/h1><\/div><div class=\"fusion-text fusion-text-1\"><p style=\"text-align: justify;\">Le programme interuniversitaire de recherche <em>Cultures du Spectacle Baroque entre Italie et anciens Pays-Bas<\/em> (Universit\u00e9 catholique de Louvain, Universit\u00e9 de Li\u00e8ge et Universit\u00e9 de Gand) s\u2019est donn\u00e9 pour ambition de renouveler l\u2019analyse historique et th\u00e9orique des solennit\u00e9s spectaculaires en engageant une comparaison entre l\u2019Italie et les Pays-Bas dits catholiques (fin XVIe-XVIIe\u00a0si\u00e8cles). L\u2019\u00e9quipe interdisciplinaire (histoire religieuse, histoire de l\u2019art, histoire de l\u2019architecture, histoire des sciences) a choisi de porter l\u2019accent sur les festivit\u00e9s religieuses et singuli\u00e8rement sur les festivit\u00e9s j\u00e9suites. C\u2019est pourquoi les relations des manifestations spectaculaires organis\u00e9es en 1622 par la Compagnie de J\u00e9sus \u00e0 l\u2019occasion de la canonisation d\u2019Ignace de Loyola et Fran\u00e7ois-Xavier ont particuli\u00e8rement retenu l\u2019attention de l\u2019\u00e9quipe. Ce corpus offre en effet un tr\u00e8s riche mat\u00e9riel pour explorer plus avant le fonctionnement de la spectacularit\u00e9 baroque ainsi que les liens entre Rome et le reste de la catholicit\u00e9. C\u2019est la raison pour laquelle il a \u00e9t\u00e9 d\u00e9cid\u00e9 de mettre en valeur ce mat\u00e9riel en le mettant en ligne et en offrant les outils pour effectuer des recherches en son sein.<\/p>\n<p style=\"text-align: justify;\">Ce site internet propose une <strong>base de donn\u00e9es<\/strong> permettant d\u2019interroger ces relations pour une partie de l\u2019espace europ\u00e9en. Celle-ci est accompagn\u00e9e d\u2019un <strong>index multilingue th\u00e9matique<\/strong> de la f\u00eate baroque ainsi que d\u2019une <strong>exposition virtuelle<\/strong> destin\u00e9e \u00e0 rendre compte de la rh\u00e9torique\u00a0visuelle du spectacle baroque entre Italie et anciens Pays-Bas.<\/p>\n<p style=\"text-align: justify;\">Le projet a \u00e9t\u00e9 financ\u00e9 de 2012 \u00e0 2017 par la <a href=\"https:\/\/www.belspo.be\/belspo\/index_fr.stm\" target=\"_blank\" rel=\"noopener\">Politique Scientifique F\u00e9d\u00e9rale Belge<\/a> (BelSPo) et plac\u00e9 sous les auspices de l\u2019<a href=\"http:\/\/www.academiabelgica.it\/index.php?lang=fr\" target=\"_blank\" rel=\"noopener\">Academia Belgica<\/a>, de l\u2019<a href=\"https:\/\/kadoc.kuleuven.be\/bhir-ihbr\/fr\/index.php\" target=\"_blank\" rel=\"noopener\">Institut Historique Belge de Rome<\/a> et de la <a href=\"http:\/\/www.academiabelgica.it\/index.php?option=com_content&amp;view=article&amp;id=163&amp;Itemid=126&amp;lang=fr\" target=\"_blank\" rel=\"noopener\">Fondation Nationale Princesse Marie\u2010Jos\u00e9<\/a>.<\/p>\n<\/div><div class=\"fusion-clearfix\"><\/div><\/div><\/div><\/div><\/div>\n","protected":false},"excerpt":{"rendered":"","protected":false},"author":2,"featured_media":0,"parent":0,"menu_order":0,"comment_status":"closed","ping_status":"closed","template":"","meta":{"footnotes":""},"class_list":["post-2","page","type-page","status-publish","hentry"],"_links":{"self":[{"href":"http:\/\/web.philo.ulg.ac.be\/csb\/wp-json\/wp\/v2\/pages\/2","targetHints":{"allow":["GET"]}}],"collection":[{"href":"http:\/\/web.philo.ulg.ac.be\/csb\/wp-json\/wp\/v2\/pages"}],"about":[{"href":"http:\/\/web.philo.ulg.ac.be\/csb\/wp-json\/wp\/v2\/types\/page"}],"author":[{"embeddable":true,"href":"http:\/\/web.philo.ulg.ac.be\/csb\/wp-json\/wp\/v2\/users\/2"}],"replies":[{"embeddable":true,"href":"http:\/\/web.philo.ulg.ac.be\/csb\/wp-json\/wp\/v2\/comments?post=2"}],"version-history":[{"count":5,"href":"http:\/\/web.philo.ulg.ac.be\/csb\/wp-json\/wp\/v2\/pages\/2\/revisions"}],"predecessor-version":[{"id":31,"href":"http:\/\/web.philo.ulg.ac.be\/csb\/wp-json\/wp\/v2\/pages\/2\/revisions\/31"}],"wp:attachment":[{"href":"http:\/\/web.philo.ulg.ac.be\/csb\/wp-json\/wp\/v2\/media?parent=2"}],"curies":[{"name":"wp","href":"https:\/\/api.w.org\/{rel}","templated":true}]}}