{"id":1664,"date":"2013-03-23T19:39:23","date_gmt":"2013-03-23T19:39:23","guid":{"rendered":"http:\/\/www.mnkystudio.com\/theme-10\/?page_id=1664"},"modified":"2016-12-01T14:36:19","modified_gmt":"2016-12-01T13:36:19","slug":"carl-havelange","status":"publish","type":"page","link":"http:\/\/web.philo.ulg.ac.be\/culturessensibles\/carl-havelange\/","title":{"rendered":"Carl Havelange"},"content":{"rendered":"<div class=\"heading-wrapper\"><h6><span class=\"heading-line-left\"><\/span><strong>Membres<\/strong><span class=\"heading-line-right\"><\/span><\/h6><\/div>\n<div class=\"column column-1-3\"><div class=\"staff-wrapper\"><img decoding=\"async\" src=\"\" alt=\"\"\/><div class=\"person-name\">Carl Havelange<i class=\"moon-users-2\"><\/i><\/div><div class=\"person-title\">FNRS, ULg<\/div><div class=\"person-description\"><\/div><\/div><\/div>\n<div class=\"column column-2-3 column-last\">\n<div class=\"su-accordion\">\n<div class=\"su-spoiler su-spoiler-style-1 su-spoiler-open\"><div class=\"su-spoiler-title\"><i class=\"moon-arrow-right-2 spoiler-button\"><\/i><i class=\"moon-arrow-down spoiler-button spoiler-active\"><\/i><strong>Pr\u00e9sentation<\/strong><\/div><div class=\"su-spoiler-content\" style=\"display:block\">\n<p style=\"text-align: justify;\">Carl Havelange est historien et photographe. Ma\u00eetre de recherches au FNRS, il enseigne l\u2019histoire culturelle \u00e0 l\u2019universit\u00e9 de Li\u00e8ge. Il accorde une toute particuli\u00e8re attention \u00e0 l\u2019histoire culturelle du visuel, \u00e0 quoi il a consacr\u00e9 de nombreuses recherches. Il travaille <span id=\"OBJ_PREFIX_DWT134_com_zimbra_date\" class=\"Object\"><span id=\"OBJ_PREFIX_DWT135_com_zimbra_date\" class=\"Object\">aujourd\u2019hui<\/span><\/span>, plus \u00e9lectivement, sur la question du portrait.<\/p>\n<\/div><\/div>\n<\/div>\n<\/div><div class=\"clear\"><\/div>\n","protected":false},"excerpt":{"rendered":"","protected":false},"author":4,"featured_media":0,"parent":0,"menu_order":0,"comment_status":"closed","ping_status":"closed","template":"","meta":{"footnotes":""},"class_list":["post-1664","page","type-page","status-publish","hentry"],"_links":{"self":[{"href":"http:\/\/web.philo.ulg.ac.be\/culturessensibles\/wp-json\/wp\/v2\/pages\/1664","targetHints":{"allow":["GET"]}}],"collection":[{"href":"http:\/\/web.philo.ulg.ac.be\/culturessensibles\/wp-json\/wp\/v2\/pages"}],"about":[{"href":"http:\/\/web.philo.ulg.ac.be\/culturessensibles\/wp-json\/wp\/v2\/types\/page"}],"author":[{"embeddable":true,"href":"http:\/\/web.philo.ulg.ac.be\/culturessensibles\/wp-json\/wp\/v2\/users\/4"}],"replies":[{"embeddable":true,"href":"http:\/\/web.philo.ulg.ac.be\/culturessensibles\/wp-json\/wp\/v2\/comments?post=1664"}],"version-history":[{"count":1,"href":"http:\/\/web.philo.ulg.ac.be\/culturessensibles\/wp-json\/wp\/v2\/pages\/1664\/revisions"}],"predecessor-version":[{"id":5024,"href":"http:\/\/web.philo.ulg.ac.be\/culturessensibles\/wp-json\/wp\/v2\/pages\/1664\/revisions\/5024"}],"wp:attachment":[{"href":"http:\/\/web.philo.ulg.ac.be\/culturessensibles\/wp-json\/wp\/v2\/media?parent=1664"}],"curies":[{"name":"wp","href":"https:\/\/api.w.org\/{rel}","templated":true}]}}