{"id":22,"date":"2012-12-11T16:47:26","date_gmt":"2012-12-11T16:47:26","guid":{"rendered":"http:\/\/www.mnkystudio.com\/theme-10\/?page_id=2"},"modified":"2014-08-26T14:22:50","modified_gmt":"2014-08-26T13:22:50","slug":"home","status":"publish","type":"page","link":"http:\/\/web.philo.ulg.ac.be\/culturessensibles\/","title":{"rendered":"Accueil"},"content":{"rendered":"<div class=\"heading-wrapper\"><h6><span class=\"heading-line-left\"><\/span><strong>\n<h4><strong>Cultures sensibles<\/strong><\/h4>\n<\/strong><span class=\"heading-line-right\"><\/span><\/h6><\/div>\n<p style=\"text-align: justify;\">Le groupe de recherches <em>Cultures sensibles<\/em> est n\u00e9, \u00e0 l&rsquo;universit\u00e9 de Li\u00e8ge, de collaborations parfois tr\u00e8s anciennes et de pr\u00e9occupations devenues peu \u00e0 peu communes &#8211; tout un r\u00e9seau d&rsquo;affinit\u00e9s qui s&rsquo;est d\u00e9velopp\u00e9 entre histoire, anthropologie, histoire de l&rsquo;art, philosophie et sciences de la communication. Ces pr\u00e9occupations concernent \u00e0 la fois les objets et les m\u00e9thodes de la recherche. <em>Cultures sensibles<\/em> : nous nous int\u00e9ressons aux modalit\u00e9s de la perception telles qu&rsquo;elles sont historiquement et culturellement institu\u00e9es, c&rsquo;est-\u00e0-dire telles qu&rsquo;elles organisent les relations que l&rsquo;homme entretient avec ses environnements humains et non-humains et telles qu&rsquo;elles signifient accords et discords entre ext\u00e9riorit\u00e9s et int\u00e9riorit\u00e9s. Mais l&rsquo;adjectif \u00ab\u00a0sensible\u00a0\u00bb d\u00e9signe aussi, en l&rsquo;une de ses significations les plus communes,\u00a0 la d\u00e9licatesse et, en m\u00eame temps, l&rsquo;intensit\u00e9 de percevoir et de comprendre. Nous mettons en banni\u00e8re de nos m\u00e9thodes cette signification du sensible: travailler, toujours, dans l&rsquo;inqui\u00e9tude heureuse d&rsquo;une juste perception; travailler \u00ab\u00a0avec\u00a0\u00bb et non pas \u00ab\u00a0sur\u00a0\u00bb, dans l&rsquo;entre-deux de r\u00e9alit\u00e9s &#8211; \u00ab\u00a0objets\u00a0\u00bb, \u00ab\u00a0sujets\u00a0\u00bb -, que seule une parole \u00ab\u00a0sensible\u00a0\u00bb est en mesure de nouer. Ni arrogance, ni conqu\u00eate, ni pr\u00e9dation savantes, donc: mais la volont\u00e9 de cheminer en rigueur parmi la for\u00eat des significations, d&rsquo;y reconna\u00eetre et d&rsquo;y construire quelques directions qui nous paraissent importantes et, somme toute, d&rsquo;incarner dans nos pratiques de savoirs les relations entre sensible et intelligible que nous cherchons \u00e0 comprendre.<\/p>\n","protected":false},"excerpt":{"rendered":"<p>Le groupe de recherches Cultures sensibles est n\u00e9, \u00e0 l&rsquo;universit\u00e9 de Li\u00e8ge, de collaborations parfois tr\u00e8s anciennes et de pr\u00e9occupations devenues peu \u00e0 peu communes &#8211; tout un r\u00e9seau d&rsquo;affinit\u00e9s qui s&rsquo;est d\u00e9velopp\u00e9 entre histoire, anthropologie, histoire de l&rsquo;art, philosophie et sciences de la communication. Ces pr\u00e9occupations concernent \u00e0 la fois les objets et les [&hellip;]<\/p>\n","protected":false},"author":4,"featured_media":0,"parent":0,"menu_order":0,"comment_status":"open","ping_status":"open","template":"","meta":{"footnotes":""},"class_list":["post-22","page","type-page","status-publish","hentry"],"_links":{"self":[{"href":"http:\/\/web.philo.ulg.ac.be\/culturessensibles\/wp-json\/wp\/v2\/pages\/22","targetHints":{"allow":["GET"]}}],"collection":[{"href":"http:\/\/web.philo.ulg.ac.be\/culturessensibles\/wp-json\/wp\/v2\/pages"}],"about":[{"href":"http:\/\/web.philo.ulg.ac.be\/culturessensibles\/wp-json\/wp\/v2\/types\/page"}],"author":[{"embeddable":true,"href":"http:\/\/web.philo.ulg.ac.be\/culturessensibles\/wp-json\/wp\/v2\/users\/4"}],"replies":[{"embeddable":true,"href":"http:\/\/web.philo.ulg.ac.be\/culturessensibles\/wp-json\/wp\/v2\/comments?post=22"}],"version-history":[{"count":0,"href":"http:\/\/web.philo.ulg.ac.be\/culturessensibles\/wp-json\/wp\/v2\/pages\/22\/revisions"}],"wp:attachment":[{"href":"http:\/\/web.philo.ulg.ac.be\/culturessensibles\/wp-json\/wp\/v2\/media?parent=22"}],"curies":[{"name":"wp","href":"https:\/\/api.w.org\/{rel}","templated":true}]}}