{"id":3355,"date":"2014-07-03T10:04:05","date_gmt":"2014-07-03T09:04:05","guid":{"rendered":"http:\/\/web.philo.ulg.ac.be\/culturessensibles\/?page_id=3355"},"modified":"2017-06-19T06:53:30","modified_gmt":"2017-06-19T05:53:30","slug":"membres","status":"publish","type":"page","link":"http:\/\/web.philo.ulg.ac.be\/culturessensibles\/membres\/","title":{"rendered":"Membres"},"content":{"rendered":"<div class=\"heading-wrapper\"><h6><span class=\"heading-line-left\"><\/span><strong>\n<h4><strong>membres<\/strong><\/h4>\n<\/strong><span class=\"heading-line-right\"><\/span><\/h6><\/div>\n<strong>Coordination :<\/strong><\/p>\n<p><a title=\"Carl Havelange\" href=\"http:\/\/web.philo.ulg.ac.be\/culturessensibles\/carl-havelange\/\">HAVELANGE Carl<\/a> (FNRS, ULg)<br \/>\n<a title=\"Ma\u00eft\u00e9 Molina-Marmol\" href=\"http:\/\/web.philo.ulg.ac.be\/culturessensibles\/maite-molina-marmol\/\">MOLINA MARMOL Ma\u00eft\u00e9<\/a> (ULg)<br \/>\n<a title=\"Amandine Servais\" href=\"http:\/\/web.philo.ulg.ac.be\/culturessensibles\/amandine-servais\/\">SERVAIS Amandine<\/a> (Fresh, ULg)<br \/>\n<a title=\"Lucienne Strivay\" href=\"http:\/\/web.philo.ulg.ac.be\/culturessensibles\/lucienne-strivay\/\">STRIVAY Lucienne<\/a> (ULg)<br \/>\n<a title=\"Viktoria Von Hoffmann\" href=\"http:\/\/web.philo.ulg.ac.be\/culturessensibles\/viktoria-von-hoffmann\/\">VON HOFFMANN Viktoria<\/a> (Villa I Tatti, ULg)<\/p>\n<p><strong>Ramifications :<\/strong><\/p>\n<p><a title=\"Jan Baetens\" href=\"http:\/\/web.philo.ulg.ac.be\/culturessensibles\/jan-baetens\/\">BAETENS Jan<\/a> (KUL)<br \/>\n<a title=\"Dani\u00e8le Bajom\u00e9e\" href=\"http:\/\/web.philo.ulg.ac.be\/culturessensibles\/daniele-bajomee\/\">BAJOM\u00c9E Danielle<\/a> (ULg)<br \/>\n<a title=\"Gil Bartholeyns\" href=\"http:\/\/web.philo.ulg.ac.be\/culturessensibles\/gil-bartholeyns\/\">BARTHOLEYNS Gil<\/a> (Universit\u00e9 de Lille 3)<br \/>\n<a title=\"Jean-Pierre Bertrand\" href=\"http:\/\/web.philo.ulg.ac.be\/culturessensibles\/jean-pierre-bertrand\/\">BERTRAND Jean-Pierre<\/a> (ULg)<br \/>\n<a title=\"Charlotte Breda\" href=\"http:\/\/web.philo.ulg.ac.be\/culturessensibles\/charlotte-breda\/\">BREDA Charlotte<\/a> (UCL)<br \/>\n<a title=\"Laurence Bouquiaux\" href=\"http:\/\/web.philo.ulg.ac.be\/culturessensibles\/laurence-bouquiaux\/\">BOUQUIAUX Laurence<\/a> (ULg)<br \/>\n<a title=\"Andrea Cavazzini\" href=\"http:\/\/web.philo.ulg.ac.be\/culturessensibles\/andrea-cavazzini\/\">CAVAZZINI Andrea<\/a> (ULg)<br \/>\n<a title=\"Bernard Charlier\" href=\"http:\/\/web.philo.ulg.ac.be\/culturessensibles\/bernard-charlier\/\">CHARLIER Bernard<\/a> (UCL)<br \/>\n<a title=\"Alexandre Christiaens\" href=\"http:\/\/web.philo.ulg.ac.be\/culturessensibles\/alexandre-christiaens\/\">CHRISTIAENS Alexandre<\/a> (Dave)<br \/>\n<a title=\"Anna Maria Coderch\" href=\"http:\/\/web.philo.ulg.ac.be\/culturessensibles\/anna-maria-coderch\/\">CODERCH Anna Maria<\/a> (Fribourg)<br \/>\n<a title=\"\u00c9milie Corswarem\" href=\"http:\/\/web.philo.ulg.ac.be\/culturessensibles\/emilie-corswarem\/\">CORSWAREM \u00c9milie<\/a> (FNRS, ULg)<br \/>\n<a title=\"Fr\u00e9d\u00e9ric Cousini\u00e9\" href=\"http:\/\/web.philo.ulg.ac.be\/culturessensibles\/frederic-cousinie\/\">COUSINIE Fr\u00e9d\u00e9ric<\/a> (Universit\u00e9 de Rouen)<br \/>\n<a title=\"Ralph Dekoninck\" href=\"http:\/\/web.philo.ulg.ac.be\/culturessensibles\/ralph-dekoninck\/\">DEKONINCK Ralph<\/a> (UCL)<br \/>\n<a title=\"Annick Delfosse\" href=\"http:\/\/web.philo.ulg.ac.be\/culturessensibles\/annick-delfosse\/\">DELFOSSE Annick<\/a> (ULg)<br \/>\n<a title=\"Michel Delville\" href=\"http:\/\/web.philo.ulg.ac.be\/culturessensibles\/michel-delville\/\">DELVILLE Michel<\/a> (ULg)<br \/>\n<a title=\"Vincianne Despret\" href=\"http:\/\/web.philo.ulg.ac.be\/culturessensibles\/vincianne-despret\/\">DESPRET Vincianne<\/a> (ULg et ULB)<br \/>\n<a title=\"Maria Gulia Dondero\" href=\"http:\/\/web.philo.ulg.ac.be\/culturessensibles\/maria-gulia-dondero\/\">DONDERO Maria Giulia<\/a> (FNRS, ULg)<br \/>\n<a href=\"http:\/\/web.philo.ulg.ac.be\/culturessensibles\/julie-marie-duro\/\">DURO Julie-Marie<\/a> (ULg)<br \/>\n<a title=\"Ingrid Falque\" href=\"http:\/\/web.philo.ulg.ac.be\/culturessensibles\/ingrid-falque\/\">FALQUE Ingrid<\/a> (UCL)<br \/>\n<a title=\"Marie-Luce G\u00e9lard\" href=\"http:\/\/web.philo.ulg.ac.be\/culturessensibles\/marie-luce-gelard\/\">GELARD Marie-Luce<\/a> (Universit\u00e9 de Paris 5)<br \/>\n<a title=\"Val\u00e9rie Glansdorff\" href=\"http:\/\/web.philo.ulg.ac.be\/culturessensibles\/valerie-glansdorff\/\">GLANSDORFF Val\u00e9rie<\/a> (ULB)<br \/>\n<a title=\"Agn\u00e8s Guiderdoni\" href=\"http:\/\/web.philo.ulg.ac.be\/culturessensibles\/agnes-guiderdoni\/\">GUIDERDONI Agn\u00e8s<\/a> (UCL)<br \/>\n<a title=\"Maud Hagelstein\" href=\"http:\/\/web.philo.ulg.ac.be\/culturessensibles\/maud-hagelstein\/\">HAGELSTEIN Maud<\/a> (FNRS, ULg)<br \/>\n<a title=\"J\u00e9r\u00e9my Hamers\" href=\"http:\/\/web.philo.ulg.ac.be\/culturessensibles\/jeremie-hamers\/\">HAMERS J\u00e9r\u00e9my<\/a> (ULg)<br \/>\n<a title=\"David Howes\" href=\"http:\/\/web.philo.ulg.ac.be\/culturessensibles\/david-howes\/\">HOWES David<\/a> (Universit\u00e9 Concordia \u00e0 Montr\u00e9al)<br \/>\n<a title=\"John Issingi\" href=\"http:\/\/web.philo.ulg.ac.be\/culturessensibles\/john-issingi\/\">ISSINGI John<\/a> (Universit\u00e9 de Lubumbashi)<br \/>\n<a title=\"Georges-Eric Lantair\" href=\"http:\/\/web.philo.ulg.ac.be\/culturessensibles\/georges-eric-lantair\/\">LANTAIR Georges-Eric<\/a> (ULg)<br \/>\n<a title=\"Thierry Lenain\" href=\"http:\/\/web.philo.ulg.ac.be\/culturessensibles\/thierry-lenain\/\">LENAIN Thierry<\/a> (ULB)<br \/>\n<a href=\"http:\/\/web.philo.ulg.ac.be\/culturessensibles\/celine-letawe\/\">LETAWE C\u00e9line<\/a> (ULg)<br \/>\n<a title=\"Arnaud Maillet\" href=\"http:\/\/web.philo.ulg.ac.be\/culturessensibles\/arnaud-maillet\/\">MAILLET Arnaud<\/a> (Universit\u00e9 de Paris-Sorbonne)<br \/>\n<a title=\"Marc-Emmanuel M\u00e9lon\" href=\"http:\/\/web.philo.ulg.ac.be\/culturessensibles\/marc-emmanuel-melon\/\">MELON Marc-Emmanuel<\/a> (ULg)<br \/>\n<a title=\"Thomas Morard\" href=\"http:\/\/web.philo.ulg.ac.be\/culturessensibles\/thomas-morard\/\">MORARD Thomas<\/a> (ULg)<br \/>\n<a title=\"Catherine Mougenot\" href=\"http:\/\/web.philo.ulg.ac.be\/culturessensibles\/catherine-mougenot\/\">MOUGENOT Catherine<\/a> (ULg)<br \/>\n<a title=\"Sophie Mulkers\" href=\"http:\/\/web.philo.ulg.ac.be\/culturessensibles\/sophie-mulkers\/\">MULKERS Sophie<\/a> (Li\u00e8ge)<br \/>\n<a href=\"http:\/\/web.philo.ulg.ac.be\/culturessensibles\/quentin-nicolai\/\">NICOLA\u00cf Quentin<\/a> (ULB)<br \/>\n<a title=\"Stephan Npwotnick\" href=\"http:\/\/web.philo.ulg.ac.be\/culturessensibles\/stephan-nowotnick\/\">NOWOTNICK Stephan<\/a> (Bergische Universit\u00e4t Wuppertal)<br \/>\n<a href=\"http:\/\/web.philo.ulg.ac.be\/culturessensibles\/valentine-pasin\/\">PASIN Valentine (UCL)<br \/>\n<\/a><a title=\"Christophe Pirenne\" href=\"http:\/\/web.philo.ulg.ac.be\/culturessensibles\/christophe-pirenne\/\">PIRENNE Christophe<\/a><a href=\"http:\/\/web.philo.ulg.ac.be\/culturessensibles\/valentine-pasin\/\"> (ULg)<\/a><br \/>\n<a title=\"Pierre-Fran\u00e7ois PIRLET\" href=\"http:\/\/web.philo.ulg.ac.be\/culturessensibles\/pierre-francois-pirlet\/\">PIRLET Pierre-Fran\u00e7ois<\/a> (ULg)<br \/>\n<a title=\"Danielle Pr\u00e9gardien\" href=\"http:\/\/web.philo.ulg.ac.be\/culturessensibles\/danielle-pregardien\/\">PREGARDIEN Danielle<\/a> (Li\u00e8ge)<br \/>\n<a title=\"Marie Preston\" href=\"http:\/\/web.philo.ulg.ac.be\/culturessensibles\/marie-preston\/\">PRESTON Marie<\/a> (Paris)<br \/>\n<a title=\"Peter Scholliers\" href=\"http:\/\/web.philo.ulg.ac.be\/culturessensibles\/peter-scholliers\/\">SCHOLLIERS Peter<\/a> (VUB)<br \/>\n<a title=\"Olivier Servais\" href=\"http:\/\/web.philo.ulg.ac.be\/culturessensibles\/olivier-servais\/\">SERVAIS Olivier<\/a> (UCL)<br \/>\n<a title=\"Victor I. Stoichita\" href=\"http:\/\/web.philo.ulg.ac.be\/culturessensibles\/victor-i-stoichita\/\">STOICHITA Victor I.<\/a> (Universit\u00e9 de Fribourg)<br \/>\n<a title=\"Alexander Streitberger\" href=\"http:\/\/web.philo.ulg.ac.be\/culturessensibles\/alexander-streitberger\/\">STREITBERGER Alexander<\/a> (Universit\u00e9 Catholique de Louvain)<br \/>\n<a title=\"Laurent Van Eynde\" href=\"http:\/\/web.philo.ulg.ac.be\/culturessensibles\/laurent-van-eynde\/\">VAN EYNDE Laurent<\/a> (Universit\u00e9 St-Louis de Bruxelles)<br \/>\n<a title=\"Bertrand Verine\" href=\"http:\/\/web.philo.ulg.ac.be\/culturessensibles\/bertrand-verine\/\">VERINE Bertrand<\/a> (Universit\u00e9 de Montpellier 3)<br \/>\n<a href=\"http:\/\/web.philo.ulg.ac.be\/culturessensibles\/erika-wicky\/\" target=\"_blank\" rel=\"noopener\">WICKY Erika<\/a> (FNRS, ULg)<\/p>\n","protected":false},"excerpt":{"rendered":"<p>Coordination : HAVELANGE Carl (FNRS, ULg) MOLINA MARMOL Ma\u00eft\u00e9 (ULg) SERVAIS Amandine (Fresh, ULg) STRIVAY Lucienne (ULg) VON HOFFMANN Viktoria (Villa I Tatti, ULg) Ramifications : BAETENS Jan (KUL) BAJOM\u00c9E Danielle (ULg) BARTHOLEYNS Gil (Universit\u00e9 de Lille 3) BERTRAND Jean-Pierre (ULg) BREDA Charlotte (UCL) BOUQUIAUX Laurence (ULg) CAVAZZINI Andrea (ULg) CHARLIER Bernard (UCL) CHRISTIAENS Alexandre [&hellip;]<\/p>\n","protected":false},"author":4,"featured_media":0,"parent":0,"menu_order":0,"comment_status":"closed","ping_status":"closed","template":"","meta":{"footnotes":""},"class_list":["post-3355","page","type-page","status-publish","hentry"],"_links":{"self":[{"href":"http:\/\/web.philo.ulg.ac.be\/culturessensibles\/wp-json\/wp\/v2\/pages\/3355","targetHints":{"allow":["GET"]}}],"collection":[{"href":"http:\/\/web.philo.ulg.ac.be\/culturessensibles\/wp-json\/wp\/v2\/pages"}],"about":[{"href":"http:\/\/web.philo.ulg.ac.be\/culturessensibles\/wp-json\/wp\/v2\/types\/page"}],"author":[{"embeddable":true,"href":"http:\/\/web.philo.ulg.ac.be\/culturessensibles\/wp-json\/wp\/v2\/users\/4"}],"replies":[{"embeddable":true,"href":"http:\/\/web.philo.ulg.ac.be\/culturessensibles\/wp-json\/wp\/v2\/comments?post=3355"}],"version-history":[{"count":5,"href":"http:\/\/web.philo.ulg.ac.be\/culturessensibles\/wp-json\/wp\/v2\/pages\/3355\/revisions"}],"predecessor-version":[{"id":5211,"href":"http:\/\/web.philo.ulg.ac.be\/culturessensibles\/wp-json\/wp\/v2\/pages\/3355\/revisions\/5211"}],"wp:attachment":[{"href":"http:\/\/web.philo.ulg.ac.be\/culturessensibles\/wp-json\/wp\/v2\/media?parent=3355"}],"curies":[{"name":"wp","href":"https:\/\/api.w.org\/{rel}","templated":true}]}}