{"id":3359,"date":"2014-07-03T10:04:31","date_gmt":"2014-07-03T09:04:31","guid":{"rendered":"http:\/\/web.philo.ulg.ac.be\/culturessensibles\/?page_id=3359"},"modified":"2019-06-03T14:28:04","modified_gmt":"2019-06-03T13:28:04","slug":"les-ateliers-du-sensible","status":"publish","type":"page","link":"http:\/\/web.philo.ulg.ac.be\/culturessensibles\/les-ateliers-du-sensible\/","title":{"rendered":"Les Ateliers du sensible"},"content":{"rendered":"<div class=\"heading-wrapper\"><h6><span class=\"heading-line-left\"><\/span><strong>\n<h4><strong>les ateliers du sensible<\/strong><\/h4>\n<\/strong><span class=\"heading-line-right\"><\/span><\/h6><\/div>\n<p style=\"text-align: justify\">Cette section reprend des textes, publi\u00e9s ou in\u00e9dits, qu&rsquo;il nous para\u00eet int\u00e9ressant de soumettre \u00e0 l&rsquo;appr\u00e9ciation des lecteurs de <em>Cultures sensibles. <\/em>C&rsquo;est un petit syst\u00e8me d&rsquo;\u00e9dition \u00e9lectronique, dont nous esp\u00e9rons qu&rsquo;il favorise la l\u00e9g\u00e8ret\u00e9 que nous recherchons. Chacun est, bien entendu, invit\u00e9 \u00e0 nous soumettre les textes qu&rsquo;il souhaiterait voir figurer ici. Ni ranking, ni courbettes, ni permis \u00e0 points: mais la joie seule &#8211; et le risque heureux &#8211; de mettre en commun les choses qui se pensent.<\/p>\n<div class=\"spacer\" style=\"height:20px\"><\/div>\n<p style=\"text-align: justify\"><a href=\"http:\/\/web.philo.ulg.ac.be\/culturessensibles\/wp-content\/uploads\/sites\/34\/pdf\/Les%20yeux.pdf\" target=\"_blank\" rel=\"noopener\">&#8211; <strong>Jean-Christophe BAILLY,\u00a0\u00bb<\/strong> Les yeux puis ce qu&rsquo;ils voient\u00a0\u00bb, conf\u00e9rence prononc\u00e9e \u00e0 l&rsquo;occasion de la journ\u00e9e d&rsquo;\u00e9tudes \u00ab\u00a0Etre touch\u00e9. Autour de Jean-Christophe Bailly\u00a0\u00bb, ULg, 12 mars 2015 &#8211; mise en ligne le 17 mars 2015.<\/a><\/p>\n<p style=\"text-align: justify\">&#8211; <strong>Laurence BOUQUIAUX<\/strong>, \u00ab\u00a0<a href=\"http:\/\/web.philo.ulg.ac.be\/culturessensibles\/wp-content\/uploads\/sites\/34\/pdf\/Laurence-1.pdf\" target=\"_blank\" rel=\"noopener\">Dire l&rsquo;indicible. Leibniz et le partage de l&rsquo;exp\u00e9rience sensible\u00a0\u00bb<\/a>, conf\u00e9rence pr\u00e9sent\u00e9e lors de la journ\u00e9e d&rsquo;\u00e9tudes \u00ab\u00a0<a href=\"http:\/\/web.philo.ulg.ac.be\/culturessensibles\/les-recits-du-sensible\/\" target=\"_blank\" rel=\"noopener\">Les r\u00e9cits du sensible\u00a0\u00bb<\/a>, ULg, 21 mai 2012 &#8211; mise en ligne le 14 ao\u00fbt 2014.<\/p>\n<p>&#8211; <strong>Gilles CLEMENT, <\/strong>\u00ab\u00a0<a href=\"http:\/\/web.philo.ulg.ac.be\/culturessensibles\/wp-content\/uploads\/sites\/34\/2017\/09\/copylefttextes_70146_alternative-ambiante.pdf\" target=\"_blank\" rel=\"noopener\">L&rsquo;Alternative ambiante<\/a>\u00ab\u00a0, article propos\u00e9 pour <em>Les carnets du paysage<\/em> &#8211; mise en ligne 13 septembre 2017.<\/p>\n<p>&#8211; <strong><a href=\"http:\/\/web.philo.ulg.ac.be\/culturessensibles\/emilie-corswarem\/\" target=\"_blank\" rel=\"noopener\">Emilie CORSWAREM <\/a><\/strong>et <strong><a href=\"http:\/\/web.philo.ulg.ac.be\/culturessensibles\/annick-delfosse\/\" target=\"_blank\" rel=\"noopener\">Annick DELFOSSE <\/a><\/strong>,<a href=\"http:\/\/web.philo.ulg.ac.be\/culturessensibles\/wp-content\/uploads\/sites\/34\/pdf\/Emilie.pdf\" target=\"_blank\" rel=\"noopener\"> \u00ab\u00a0Les ruptures du quotidien sonore: une strat\u00e9gie de pouvoir? L&rsquo;exemple li\u00e9geois dans la premi\u00e8re moiti\u00e9 du XVIIe si\u00e8cle\u00a0\u00bb,<em>\u00a0<\/em> dans Laure Gauthier, M\u00e9lanie Traversier (dir.),<em> <i>M\u00e9lodies urbaines. La musique dans les ville d\u2019Europe (XVIe-XIXe si\u00e8cles)<\/i>, <\/em>pr\u00e9face de Jean-Pierre Bartoli, Paris, PUPS, 2008 &#8211; mise en ligne le 11 d\u00e9cembre 2014.<\/a><em><br \/>\n<\/em><\/p>\n<p style=\"text-align: justify\">&#8211; <strong><a href=\"http:\/\/web.philo.ulg.ac.be\/culturessensibles\/?p=3423\" target=\"_blank\" rel=\"noopener\">Ralph DEKONINCK<\/a><\/strong> et <strong><a href=\"http:\/\/web.philo.ulg.ac.be\/culturessensibles\/?p=3437\" target=\"_blank\" rel=\"noopener\">Maud HAGELSTEIN<\/a><\/strong>, \u00ab\u00a0<a href=\"http:\/\/web.philo.ulg.ac.be\/culturessensibles\/wp-content\/uploads\/sites\/34\/2014\/08\/Maud-1.pdf\" target=\"_blank\" rel=\"noopener\">Quand le voir d\u00e9termine le savoir\u00a0\u00bb<\/a>, introduction \u00e0 la journ\u00e9e d&rsquo;\u00e9tudes du groupe de contact FNRS \u00ab\u00a0Historiographie et \u00e9pist\u00e9mologie de l&rsquo;histoire de l&rsquo;art\u00a0\u00bb intitul\u00e9e \u00ab\u00a0<a href=\"http:\/\/www.facphl.ulg.ac.be\/display.jsp?id=c_17193\" target=\"_blank\" rel=\"noopener\">Logiques iconiques :R\u00e9flexion \u00e9pist\u00e9mologique sur le statut de l\u2019image dans nos disciplines<\/a>\u00ab\u00a0, Universit\u00e9 de Li\u00e8ge, 28 f\u00e9vrier 2014 &#8211; mise en ligne le 28 ao\u00fbt 2014.<\/p>\n<p style=\"text-align: justify\">&#8211; <a href=\"http:\/\/web.philo.ulg.ac.be\/culturessensibles\/vincianne-despret\/\" target=\"_blank\" rel=\"noopener\"><strong>Vinciane DESPRET<\/strong><\/a>, \u00ab\u00a0<a href=\"http:\/\/web.philo.ulg.ac.be\/culturessensibles\/wp-content\/uploads\/sites\/34\/pdf\/vinciane-1.pdf\" target=\"_blank\" rel=\"noopener\">Emily Carr: souvent d&rsquo;une autre&#8230;\u00a0\u00bb<\/a>, texte in\u00e9dit r\u00e9dig\u00e9 en anglais \u00e0 l&rsquo;occasion d\u02bcune exposition consacr\u00e9e en 2014 \u00e0 l\u02bcartiste peintre canadienne Emily Carr (1871-1945), <em>Convoluted Beauty, in the company of Emily Carr<\/em>, Mendel Art Gallery, Saskatoon, Canada &#8211; mise en ligne le 10 septembre 2014.<\/p>\n<p style=\"text-align: justify\">&#8211; <strong>Val\u00e9rie GLANSDORFF<\/strong>, \u00ab\u00a0<a href=\"http:\/\/web.philo.ulg.ac.be\/culturessensibles\/wp-content\/uploads\/sites\/34\/pdf\/Val%C3%A9rie-1.pdf\" target=\"_blank\" rel=\"noopener\">Les animaux et le temps\u00a0: Claire Morgan ou comment ne pas apprivoiser l\u2019impr\u00e9visible\u00a0\u00bb<\/a>, paru dans\u00a0 <a href=\"http:\/\/www.presses-univ-pau.fr\/cart\/Categorie\/1\/figures-de-lart.html\" target=\"_blank\" rel=\"noopener\"><em>Figures de l\u2019art,\u00a0<\/em><\/a> n\u00b027 \u00ab\u00a0Animal\/Humain\u00a0: passages\u00a0\u00bb [dir.] D. M\u00e9aux, 2014, p. 243-254.<\/p>\n<p style=\"text-align: justify\">&#8211; <strong>Maud HAGELSTEIN<\/strong>, <a href=\"http:\/\/web.philo.ulg.ac.be\/culturessensibles\/wp-content\/uploads\/sites\/34\/pdf\/Maud-2.pdf\" target=\"_blank\" rel=\"noopener\">\u00ab\u00a0Brasser l\u2019histoire de l\u2019art de ses larges bras : l\u2019imagier, l\u2019atlas, le mus\u00e9e imaginaire. A partir de L\u2019Atelier infini de Jean-Christophe Bailly\u00a0\u00bb<\/a>, prononc\u00e9 le 13 mars 2015, \u00e0 l&rsquo;occasion de la journ\u00e9e d&rsquo;\u00e9tudes \u00ab\u00a0Etre touch\u00e9. Autour de Jean-Christophe Bailly\u00a0\u00bb &#8211; mise en ligne: 25 mars 2015.<\/p>\n<p style=\"text-align: justify\">&#8211; <strong>Carl HAVELANGE<\/strong><em>, \u00ab\u00a0<\/em><a href=\"http:\/\/web.philo.ulg.ac.be\/culturessensibles\/wp-content\/uploads\/sites\/34\/pdf\/licorne.pdf\" target=\"_blank\" rel=\"noopener\">La condition documentaire. Libres propositions pour une intelligence plurielle du document et de ses usages\u00a0\u00bb<\/a>, \u00e0 para\u00eetre en septembre 2014 dans la revue <a href=\"http:\/\/licorne.edel.univ-poitiers.fr\/\" target=\"_blank\" rel=\"noopener\"><em>La Licorne<\/em><\/a> &#8211; mise en ligne le 13 ao\u00fbt 2014.<\/p>\n<p style=\"text-align: justify\">&#8211; <strong>Carl HAVELANGE<\/strong>, <a href=\"http:\/\/web.philo.ulg.ac.be\/culturessensibles\/wp-content\/uploads\/sites\/34\/pdf\/ARD-Havelange.pdf\" target=\"_blank\" rel=\"noopener\">\u00ab\u00a0Plaidoyer pour une recherche-compagne\u00a0\u00bb<\/a> &#8211; mise en ligne le 17 d\u00e9cembre 2014.<\/p>\n<p style=\"text-align: justify\">&#8211; <strong>Mait\u00e9 MOLINA-MARMOL<\/strong>, \u00ab\u00a0<a href=\"http:\/\/web.philo.ulg.ac.be\/culturessensibles\/wp-content\/uploads\/sites\/34\/pdf\/Mait\u00e9-1.pdf\" target=\"_blank\" rel=\"noopener\">De l&rsquo;usage de la photographie dans une enqu\u00eate ethno-sociologique sur la m\u00e9moire de l&rsquo;exil et de l&rsquo;immigration espagnols en Belgique\u00a0\u00bb<\/a>, conf\u00e9rence pr\u00e9sent\u00e9e lors du colloque \u00ab\u00a0<a href=\"http:\/\/web.philo.ulg.ac.be\/culturessensibles\/wp-content\/uploads\/sites\/34\/2014\/08\/lettreimage.pdf\">La lettre et l&rsquo;image. Enqu\u00eates interculturelles sur les territoires du visible\u00a0\u00bb<\/a>, ULg, 15-17 d\u00e9cembre 2009 &#8211; mise en ligne le 14 ao\u00fbt 2014.<\/p>\n<p>&#8211; <strong>Mait\u00e9 MOLINA MARMOL<\/strong>,<a href=\"http:\/\/web.philo.ulg.ac.be\/culturessensibles\/wp-content\/uploads\/sites\/34\/2019\/06\/Argument-et-biblio.pdf\" target=\"_blank\" rel=\"noopener\"> \u00ab\u00a0Propositions th\u00e9matiques et bibliographiques pour une p\u00e9dagogie situ\u00e9e\u00a0\u00bb, annexe au dossier de candidature<\/a>, mise en ligne le 3 juin 2019.<\/p>\n<p style=\"text-align: justify\">&#8211; <strong>Catherine MOUGENOT<\/strong>, \u00ab\u00a0<a href=\"http:\/\/web.philo.ulg.ac.be\/culturessensibles\/wp-content\/uploads\/sites\/34\/pdf\/catherine-1.pdf\" target=\"_blank\" rel=\"noopener\">Raconter la biodiversit\u00e9\u00a0\u00bb<\/a>, r\u00e9flexions propos\u00e9es pour la journ\u00e9e d&rsquo;\u00e9tudes \u00ab\u00a0<a href=\"http:\/\/web.philo.ulg.ac.be\/culturessensibles\/les-recits-du-sensible\/\" target=\"_blank\" rel=\"noopener\">Les r\u00e9cits du sensible\u00a0\u00bb<\/a>, ULg, 21 mai 2012 &#8211; mise en ligne le 14 ao\u00fbt 2014.<\/p>\n<p style=\"text-align: justify\">&#8211; <strong>Amandine SERVAIS,\u00a0<\/strong><a href=\"http:\/\/web.philo.ulg.ac.be\/culturessensibles\/wp-content\/uploads\/sites\/34\/pdf\/Amandine-1.pdf\" target=\"_blank\" rel=\"noopener\"> \u00ab\u00a0Conclusions non conclusives\u00a0\u00bb<\/a>,\u00a0 texte prononc\u00e9 le 13 mars 2015, au terme de la journ\u00e9e d&rsquo;\u00e9tudes \u00ab\u00a0Etre touch\u00e9. Autour de Jean-Christophe Bailly\u00a0\u00bb &#8211; mise en ligne: 25 mars 2015.<\/p>\n<p style=\"text-align: justify\">&#8211; <a href=\"http:\/\/web.philo.ulg.ac.be\/culturessensibles\/wp-content\/uploads\/sites\/34\/2017\/03\/Servais-Am.pdf\" target=\"_blank\" rel=\"noopener\"><strong>Amandine SERVAIS<\/strong>,<\/a> <a href=\"http:\/\/web.philo.ulg.ac.be\/culturessensibles\/wp-content\/uploads\/sites\/34\/2017\/03\/SERVAISamandinepdf.pdf\" target=\"_blank\" rel=\"noopener\">\u00ab\u00a0Le paradigme visuel de l&rsquo;historiographie. Le cas d&rsquo;Arlette Farge\u00a0\u00bb<\/a>, texte prononc\u00e9 le 25 mars 2017, lors de la journ\u00e9e de formation doctorale, \u00e9cole doctorale IV Histar, Bruxelles, Palais des Acad\u00e9mies.<\/p>\n<p style=\"text-align: justify\">&#8211; <strong>Lucienne STRIVAY<\/strong>, \u00ab\u00a0<a href=\"http:\/\/web.philo.ulg.ac.be\/culturessensibles\/wp-content\/uploads\/sites\/34\/pdf\/Lucienne-1.pdf\" target=\"_blank\" rel=\"noopener\">L&rsquo;\u00e9criture et la perte. Les questions de l&rsquo;anthropologie\u00a0\u00bb<\/a>, dans <a href=\"http:\/\/www.indexsavant.com\/index.php?title=Cahiers_internationaux_de_symbolisme\" target=\"_blank\" rel=\"noopener\"><em>Cahiers internationaux de symbolisme<\/em><\/a> (2009\/122-124), p.321-332 &#8211; mise en ligne le 14 ao\u00fbt 2014.<\/p>\n<p style=\"text-align: justify\"><a href=\"http:\/\/web.philo.ulg.ac.be\/culturessensibles\/wp-content\/uploads\/sites\/34\/pdf\/strivay%20%282%29.pdf\" target=\"_blank\" rel=\"noopener\">&#8211; <strong>Lucienne STRIVAY<\/strong>, \u00ab\u00a0<\/a><a href=\"http:\/\/web.philo.ulg.ac.be\/culturessensibles\/wp-content\/uploads\/sites\/34\/2017\/09\/AS-39-1-2-2015-TaP-Strivay1.pdf\" target=\"_blank\" rel=\"noopener\">Taxidermie. Le trouble du vivant\u00a0\u00bb<\/a><a href=\"http:\/\/web.philo.ulg.ac.be\/culturessensibles\/wp-content\/uploads\/sites\/34\/pdf\/strivay%20%282%29.pdf\" target=\"_blank\" rel=\"noopener\">,\u00a0 dans <em>Anthropologie et Soci\u00e9t\u00e9s<\/em>, vol. 39, nos 1-2, 2015, p.251-268.<\/a><\/p>\n<p style=\"text-align: justify\">&#8211; <strong>Bertrand VERINE<\/strong>, <em><a href=\"http:\/\/web.philo.ulg.ac.be\/culturessensibles\/wp-content\/uploads\/sites\/34\/pdf\/Bertrand-1.pdf\" target=\"_blank\" rel=\"noopener\">Du transfert du sens \u00e0 la repr\u00e9sentation altersensorielle<\/a>,<\/em> conf\u00e9rence pr\u00e9sent\u00e9e lors du colloque \u00ab\u00a0<a href=\"http:\/\/web.philo.ulg.ac.be\/culturessensibles\/wp-content\/uploads\/sites\/34\/2014\/08\/lettreimage.pdf\">La lettre et l&rsquo;image. Enqu\u00eates interculturelles sur les territoires du visible\u00a0\u00bb<\/a>, ULg, 15-17 d\u00e9cembre 2009 &#8211; mise en ligne le 19 ao\u00fbt 2014.<\/p>\n<p style=\"text-align: justify\">&#8211; <strong>Viktoria VON HOFFMANN<\/strong>,<a href=\"http:\/\/web.philo.ulg.ac.be\/culturessensibles\/wp-content\/uploads\/sites\/34\/2014\/08\/viktoria-1.pdf\" target=\"_blank\" rel=\"noopener\"> \u00ab\u00a0Les langages du go\u00fbt. Migrations de langages sensoriels pluriels (XVIe-XVIIIe si\u00e8cles)\u00a0\u00bb<\/a>, dans Marie-Luce GELARD, <a href=\"http:\/\/www.lcdpu.fr\/livre\/?GCOI=27000100564450\" target=\"_blank\" rel=\"noopener\">Corps sensibles. <\/a><em><a href=\"http:\/\/www.lcdpu.fr\/livre\/?GCOI=27000100564450\" target=\"_blank\" rel=\"noopener\">Usages et langages des sens<\/a>,<\/em> Presses Universitaires de Nancy, 2013, p.75-89.<\/p>\n<p>&nbsp;<\/p>\n","protected":false},"excerpt":{"rendered":"<p>Cette section reprend des textes, publi\u00e9s ou in\u00e9dits, qu&rsquo;il nous para\u00eet int\u00e9ressant de soumettre \u00e0 l&rsquo;appr\u00e9ciation des lecteurs de Cultures sensibles. C&rsquo;est un petit syst\u00e8me d&rsquo;\u00e9dition \u00e9lectronique, dont nous esp\u00e9rons qu&rsquo;il favorise la l\u00e9g\u00e8ret\u00e9 que nous recherchons. Chacun est, bien entendu, invit\u00e9 \u00e0 nous soumettre les textes qu&rsquo;il souhaiterait voir figurer ici. Ni ranking, ni [&hellip;]<\/p>\n","protected":false},"author":4,"featured_media":0,"parent":0,"menu_order":0,"comment_status":"closed","ping_status":"closed","template":"","meta":{"footnotes":""},"class_list":["post-3359","page","type-page","status-publish","hentry"],"_links":{"self":[{"href":"http:\/\/web.philo.ulg.ac.be\/culturessensibles\/wp-json\/wp\/v2\/pages\/3359","targetHints":{"allow":["GET"]}}],"collection":[{"href":"http:\/\/web.philo.ulg.ac.be\/culturessensibles\/wp-json\/wp\/v2\/pages"}],"about":[{"href":"http:\/\/web.philo.ulg.ac.be\/culturessensibles\/wp-json\/wp\/v2\/types\/page"}],"author":[{"embeddable":true,"href":"http:\/\/web.philo.ulg.ac.be\/culturessensibles\/wp-json\/wp\/v2\/users\/4"}],"replies":[{"embeddable":true,"href":"http:\/\/web.philo.ulg.ac.be\/culturessensibles\/wp-json\/wp\/v2\/comments?post=3359"}],"version-history":[{"count":6,"href":"http:\/\/web.philo.ulg.ac.be\/culturessensibles\/wp-json\/wp\/v2\/pages\/3359\/revisions"}],"predecessor-version":[{"id":5304,"href":"http:\/\/web.philo.ulg.ac.be\/culturessensibles\/wp-json\/wp\/v2\/pages\/3359\/revisions\/5304"}],"wp:attachment":[{"href":"http:\/\/web.philo.ulg.ac.be\/culturessensibles\/wp-json\/wp\/v2\/media?parent=3359"}],"curies":[{"name":"wp","href":"https:\/\/api.w.org\/{rel}","templated":true}]}}