{"id":3363,"date":"2014-07-03T10:04:51","date_gmt":"2014-07-03T09:04:51","guid":{"rendered":"http:\/\/web.philo.ulg.ac.be\/culturessensibles\/?page_id=3363"},"modified":"2016-12-01T12:25:07","modified_gmt":"2016-12-01T11:25:07","slug":"collection","status":"publish","type":"page","link":"http:\/\/web.philo.ulg.ac.be\/culturessensibles\/collection\/","title":{"rendered":"Edition"},"content":{"rendered":"<div class=\"heading-wrapper\"><h6><span class=\"heading-line-left\"><\/span><strong>\n<h4><strong>Collection<em> Cultures sensibles<\/em><\/strong><\/h4>\n<\/strong><span class=\"heading-line-right\"><\/span><\/h6><\/div>\n<p style=\"text-align: justify;\">Cette collection est fond\u00e9e sur la conviction que l&rsquo;exp\u00e9rience sensible est non seulement culturellement construite, mais aussi qu&rsquo;elle organise, fondamentalement, les relations que l&rsquo;homme entretient avec lui-m\u00eame et avec ses environnements humains et non-humains. L&rsquo;exp\u00e9rience sensible, d\u00e8s lors qu&rsquo;elle est pens\u00e9e comme totalit\u00e9, invite au rapprochement des objets et au dialogue entre les disciplines. Elle sugg\u00e8re \u00e9galement, d&rsquo;un point de vue m\u00e9thodologique, voire \u00e9pist\u00e9mologique, de questionner \u00e0 nouveaux frais les clivages convenus entre \u00ab\u00a0th\u00e9ories\u00a0\u00bb et \u00ab\u00a0pratiques\u00a0\u00bb: le sensible comme objet n&rsquo;est pas dissociable d&rsquo;une r\u00e9flexion \u00e0 propos du sensible comme moyen.<\/p>\n<p style=\"text-align: justify;\"><strong>1.<\/strong>\u00a0<a href=\"http:\/\/www.presses.ulg.ac.be\/jcms\/c_12534\/arts-et-sciences\" target=\"_blank\">Anne BEYAERT-GESLIN et Maria Giulia DONDERO (\u00e9ds), <em>Arts et sciences. Approches s\u00e9miotiques et philosophiques des images, <\/em>2014.<br \/>\n<\/a><strong>2.<\/strong>\u00a0<a href=\"http:\/\/www.presses.ulg.ac.be\/jcms\/c_13766\/dire-le-non-visuel-a-paraitre\" target=\"_blank\">Bertrand VERINE (\u00e9d), <em>Dire le non-visuel. Approches pluridisciplinaires des discours sur les perceptions autres que la vue, <\/em>2014.<br \/>\n<\/a><strong>3.<\/strong>\u00a0Michel Delville, Andrew Norris et Viktoria von Hoffmann (\u00e9d.), <em>Disgust. Histoire, langage, politique et esth\u00e9tique d\u2019une \u00e9motion plurielle<\/em>, Presses Universitaires de Li\u00e8ge (\u00ab\u00a0Cultures sensibles\u00a0\u00bb, vol.3), \u00e0 para\u00eetre (2015).<br \/>\n<strong>4.<\/strong>\u00a0Gr\u00e9gory Cormann et Jeremy Hamers, <em>Alexander Kluge et le cin\u00e9ma de l&rsquo;ind\u00e9cision<\/em>, Presses Universitaires de Li\u00e8ge (\u00ab\u00a0Cultures sensibles\u00a0\u00bb, vol.4), \u00e0 para\u00eetre (2015).<br \/>\n<strong>5.<\/strong>\u00a0Maud Hagelstein et C\u00e9line Letawe, <em>Aby Warburg. Textes &amp; Fragments (1926-1929). Traduction et critique<\/em>, Presses Universitaires de Li\u00e8ge (\u00ab\u00a0Cultures Sensibles\u00a0\u00bb, vol.5), \u00e0 para\u00eetre (2015).<br \/>\n<strong>6.<\/strong>\u00a0Mait\u00e9 Molina Marmol, <em>M\u00e9moires de l\u2019immigration espagnole en Belgique<\/em>, Presses Universitaires de Li\u00e8ge (\u00ab\u00a0Cultures Sensibles\u00a0\u00bb, vol.6), \u00e0 para\u00eetre (2016).<\/p>\n<p style=\"text-align: justify;\">Pour soumettre un manuscrit :<br \/>\n<a href=\"mailto:Amandine.Servais@ulg.ac.be\">Amandine.Servais@ulg.ac.be<\/a><\/p>\n<p style=\"text-align: justify;\">Voir aussi le site des <a href=\"http:\/\/www.presses.ulg.ac.be\/jcms\/c_12530\/collection-cultures-sensibles\" target=\"_blank\">Presses Universitaires de Li\u00e8ge<\/a><\/p>\n","protected":false},"excerpt":{"rendered":"<p>Cette collection est fond\u00e9e sur la conviction que l&rsquo;exp\u00e9rience sensible est non seulement culturellement construite, mais aussi qu&rsquo;elle organise, fondamentalement, les relations que l&rsquo;homme entretient avec lui-m\u00eame et avec ses environnements humains et non-humains. L&rsquo;exp\u00e9rience sensible, d\u00e8s lors qu&rsquo;elle est pens\u00e9e comme totalit\u00e9, invite au rapprochement des objets et au dialogue entre les disciplines. Elle [&hellip;]<\/p>\n","protected":false},"author":4,"featured_media":0,"parent":0,"menu_order":0,"comment_status":"closed","ping_status":"closed","template":"","meta":{"footnotes":""},"class_list":["post-3363","page","type-page","status-publish","hentry"],"_links":{"self":[{"href":"http:\/\/web.philo.ulg.ac.be\/culturessensibles\/wp-json\/wp\/v2\/pages\/3363","targetHints":{"allow":["GET"]}}],"collection":[{"href":"http:\/\/web.philo.ulg.ac.be\/culturessensibles\/wp-json\/wp\/v2\/pages"}],"about":[{"href":"http:\/\/web.philo.ulg.ac.be\/culturessensibles\/wp-json\/wp\/v2\/types\/page"}],"author":[{"embeddable":true,"href":"http:\/\/web.philo.ulg.ac.be\/culturessensibles\/wp-json\/wp\/v2\/users\/4"}],"replies":[{"embeddable":true,"href":"http:\/\/web.philo.ulg.ac.be\/culturessensibles\/wp-json\/wp\/v2\/comments?post=3363"}],"version-history":[{"count":3,"href":"http:\/\/web.philo.ulg.ac.be\/culturessensibles\/wp-json\/wp\/v2\/pages\/3363\/revisions"}],"predecessor-version":[{"id":4994,"href":"http:\/\/web.philo.ulg.ac.be\/culturessensibles\/wp-json\/wp\/v2\/pages\/3363\/revisions\/4994"}],"wp:attachment":[{"href":"http:\/\/web.philo.ulg.ac.be\/culturessensibles\/wp-json\/wp\/v2\/media?parent=3363"}],"curies":[{"name":"wp","href":"https:\/\/api.w.org\/{rel}","templated":true}]}}