{"id":3365,"date":"2014-07-03T10:05:00","date_gmt":"2014-07-03T09:05:00","guid":{"rendered":"http:\/\/web.philo.ulg.ac.be\/culturessensibles\/?page_id=3365"},"modified":"2016-12-01T16:51:31","modified_gmt":"2016-12-01T15:51:31","slug":"liens","status":"publish","type":"page","link":"http:\/\/web.philo.ulg.ac.be\/culturessensibles\/liens\/","title":{"rendered":"Liens"},"content":{"rendered":"<div class=\"heading-wrapper\"><h6><span class=\"heading-line-left\"><\/span><strong>\n<h4><strong>liens<\/strong><\/h4>\n<\/strong><span class=\"heading-line-right\"><\/span><\/h6><\/div>\n<p><em>Cultures sensibles<\/em> entretient de nombreuses relations d&rsquo;affinit\u00e9, d&rsquo;amiti\u00e9 et de collaboration avec des associations similaires. Ainsi, par exemple:<\/p>\n<p>&#8211; <em><strong> <a href=\"http:\/\/www.centreforsensorystudies.org\/\" target=\"_blank\">Centre for Sensory Studies<\/a><\/strong><\/em> (Universit\u00e9 Concordia \u00e0 Montr\u00e9al)<\/p>\n<p>&#8211; <em><strong> <a href=\"http:\/\/culturevisuelle.org\/\" target=\"_blank\">Culture visuelle<\/a><\/strong><\/em> (EHESS \u00e0 Paris)<\/p>\n<p>&#8211; <strong><a href=\"http:\/\/imagesrevues.revues.org\/\" target=\"_blank\">Images re-vues. Histoire, anthropologie et th\u00e9orie de l&rsquo;art<\/a><\/strong> (EHESS et CNRS)<\/p>\n<p>&#8211; <em><strong> <a href=\"http:\/\/www.uclouvain.be\/laap.html\" target=\"_blank\">LAAP. Laboratoire d&rsquo;anthropologie prospective<\/a><\/strong><\/em> (UCL)<\/p>\n<p>&#8211; <em><strong> <a href=\"http:\/\/gemca.fltr.ucl.ac.be\/php\/pages\/default.fr.php\" target=\"_blank\">GEMCA. Groupe d&rsquo;analyse culturelle de la premi\u00e8re modernit\u00e9 <\/a><\/strong><\/em> (Universit\u00e9 Catholique de Louvain)<\/p>\n<p>&#8211; <em><strong> <strong><a href=\"http:\/\/urimage.ulb.ac.be\/\" target=\"_blank\">Image et culture visuelle<\/a><\/strong><\/strong><\/em> (Universit\u00e9 libre de Bruxelles)<\/p>\n<p>&#8211; <em><strong> <a href=\"http:\/\/www.centreprospero.be\/\" target=\"_blank\">Prospero. Langage, image, connaissance<\/a><\/strong><\/em> (Universit\u00e9 saint Louis de Bruxelles)<\/p>\n<p>&#8211; <em><strong> <a href=\"http:\/\/scv.hypotheses.org\/\" target=\"_blank\">SCV &#8211; Sciences et Cultures du Visuel<\/a><\/strong><\/em> (Universit\u00e9s de Lille 3 et de Lille 1, CNRS)<\/p>\n","protected":false},"excerpt":{"rendered":"<p>Cultures sensibles entretient de nombreuses relations d&rsquo;affinit\u00e9, d&rsquo;amiti\u00e9 et de collaboration avec des associations similaires. Ainsi, par exemple: &#8211; Centre for Sensory Studies (Universit\u00e9 Concordia \u00e0 Montr\u00e9al) &#8211; Culture visuelle (EHESS \u00e0 Paris) &#8211; Images re-vues. Histoire, anthropologie et th\u00e9orie de l&rsquo;art (EHESS et CNRS) &#8211; LAAP. Laboratoire d&rsquo;anthropologie prospective (UCL) &#8211; GEMCA. Groupe d&rsquo;analyse [&hellip;]<\/p>\n","protected":false},"author":4,"featured_media":0,"parent":0,"menu_order":0,"comment_status":"closed","ping_status":"closed","template":"","meta":{"footnotes":""},"class_list":["post-3365","page","type-page","status-publish","hentry"],"_links":{"self":[{"href":"http:\/\/web.philo.ulg.ac.be\/culturessensibles\/wp-json\/wp\/v2\/pages\/3365","targetHints":{"allow":["GET"]}}],"collection":[{"href":"http:\/\/web.philo.ulg.ac.be\/culturessensibles\/wp-json\/wp\/v2\/pages"}],"about":[{"href":"http:\/\/web.philo.ulg.ac.be\/culturessensibles\/wp-json\/wp\/v2\/types\/page"}],"author":[{"embeddable":true,"href":"http:\/\/web.philo.ulg.ac.be\/culturessensibles\/wp-json\/wp\/v2\/users\/4"}],"replies":[{"embeddable":true,"href":"http:\/\/web.philo.ulg.ac.be\/culturessensibles\/wp-json\/wp\/v2\/comments?post=3365"}],"version-history":[{"count":3,"href":"http:\/\/web.philo.ulg.ac.be\/culturessensibles\/wp-json\/wp\/v2\/pages\/3365\/revisions"}],"predecessor-version":[{"id":5158,"href":"http:\/\/web.philo.ulg.ac.be\/culturessensibles\/wp-json\/wp\/v2\/pages\/3365\/revisions\/5158"}],"wp:attachment":[{"href":"http:\/\/web.philo.ulg.ac.be\/culturessensibles\/wp-json\/wp\/v2\/media?parent=3365"}],"curies":[{"name":"wp","href":"https:\/\/api.w.org\/{rel}","templated":true}]}}