{"id":3367,"date":"2014-07-03T10:05:10","date_gmt":"2014-07-03T09:05:10","guid":{"rendered":"http:\/\/web.philo.ulg.ac.be\/culturessensibles\/?page_id=3367"},"modified":"2016-12-01T16:53:16","modified_gmt":"2016-12-01T15:53:16","slug":"contact","status":"publish","type":"page","link":"http:\/\/web.philo.ulg.ac.be\/culturessensibles\/contact\/","title":{"rendered":"Contact"},"content":{"rendered":"<div class=\"heading-wrapper\"><h6><span class=\"heading-line-left\"><\/span><strong>\n<h4><strong>contacts<\/strong><\/h4>\n<\/strong><span class=\"heading-line-right\"><\/span><\/h6><\/div>\n<p><strong>Carl HAVELANGE<\/strong><a href=\"http:\/\/www.schist.ulg.ac.be\" target=\"_blank\"><br \/>\nD\u00e9partement des sciences historiques<\/a> &#8211; Histoire culturelle<br \/>\nQuai Roosevelt, 1B (B\u00e2t. A4)<br \/>\nB-4000 Li\u00e8ge<br \/>\nTel. +32 (0)4 366 53 68\u00a0 Courriel <a href=\"mailto:carl.havelange@ulg.ac.be\">carl.havelange@ulg.ac.be<\/a><\/p>\n<div class=\"spacer\" style=\"height:15px\"><\/div>\n<p><strong>Ma\u00eft\u00e9 MOLINA-MARMOL<\/strong><a href=\"http:\/\/www.schist.ulg.ac.be\" target=\"_blank\"><br \/>\nD\u00e9partement des sciences historiques<\/a> &#8211; Histoire culturelle<br \/>\nQuai Roosevelt, 1B (B\u00e2t. A4)<br \/>\nB-4000 Li\u00e8ge<br \/>\nTel. +32 (0)4 366 53 64\u00a0 Courriel <a href=\"mailto:maite.molinamarmol@gmail.com\">maite.molinamarmol@gmail.com<\/a><\/p>\n<div class=\"spacer\" style=\"height:15px\"><\/div>\n<p><strong>Amandine SERVAIS<\/strong><a href=\"http:\/\/www.schist.ulg.ac.be\" target=\"_blank\"><br \/>\nD\u00e9partement des sciences historiques<\/a> &#8211; Histoire culturelle<br \/>\nQuai Roosevelt, 1B (B\u00e2t. A4)<br \/>\nB-4000 Li\u00e8ge<br \/>\nTel. +32 (0)4 366 53 64\u00a0 Courriel <a href=\"mailto:amandine.servais@ulg.ac.be\">amandine.servais@ulg.ac.be<\/a><\/p>\n<div class=\"spacer\" style=\"height:15px\"><\/div>\n<p><strong>Lucienne\u00a0 STRIVAY<\/strong><a href=\"http:\/\/www.schist.ulg.ac.be\" target=\"_blank\"><br \/>\nD\u00e9partement des arts et sciences de la communication<\/a> &#8211; Anthropologie de la nature et m\u00e9diation culturelle<br \/>\nPlace du 20-Ao\u00fbt, 7 (B\u00e2t. A1)<br \/>\n4000 Li\u00e8ge<br \/>\nBELGIQUE<br \/>\nTel. +32 (0)4 366 32 43\u00a0 Courriel <a href=\"mailto:lucienne.strivay@ulg.ac.be\">lucienne.strivay@ulg.ac.be<\/a><\/p>\n<div class=\"spacer\" style=\"height:15px\"><\/div>\n<p><strong>Viktoria VON HOFFMANN<a href=\"http:\/\/www.schist.ulg.ac.be\" target=\"_blank\"><br \/>\n<\/a><\/strong><a href=\"http:\/\/www.schist.ulg.ac.be\" target=\"_blank\">D\u00e9partement des sciences historiques<\/a> &#8211; Histoire culturelle<br \/>\nQuai Roosevelt, 1B (B\u00e2t. A4)<br \/>\n4000 Li\u00e8ge<br \/>\nBELGIQUE<br \/>\nTel. +32 (0)4 366 53 64\u00a0 Courriel <a href=\"mailto:V.VonHoffmann@ulg.ac.be\">V.VonHoffmann@ulg.ac.be<\/a><\/p>\n","protected":false},"excerpt":{"rendered":"<p>Carl HAVELANGE D\u00e9partement des sciences historiques &#8211; Histoire culturelle Quai Roosevelt, 1B (B\u00e2t. A4) B-4000 Li\u00e8ge Tel. +32 (0)4 366 53 68\u00a0 Courriel carl.havelange@ulg.ac.be Ma\u00eft\u00e9 MOLINA-MARMOL D\u00e9partement des sciences historiques &#8211; Histoire culturelle Quai Roosevelt, 1B (B\u00e2t. A4) B-4000 Li\u00e8ge Tel. +32 (0)4 366 53 64\u00a0 Courriel maite.molinamarmol@gmail.com Amandine SERVAIS D\u00e9partement des sciences historiques &#8211; [&hellip;]<\/p>\n","protected":false},"author":4,"featured_media":0,"parent":0,"menu_order":0,"comment_status":"closed","ping_status":"closed","template":"","meta":{"footnotes":""},"class_list":["post-3367","page","type-page","status-publish","hentry"],"_links":{"self":[{"href":"http:\/\/web.philo.ulg.ac.be\/culturessensibles\/wp-json\/wp\/v2\/pages\/3367","targetHints":{"allow":["GET"]}}],"collection":[{"href":"http:\/\/web.philo.ulg.ac.be\/culturessensibles\/wp-json\/wp\/v2\/pages"}],"about":[{"href":"http:\/\/web.philo.ulg.ac.be\/culturessensibles\/wp-json\/wp\/v2\/types\/page"}],"author":[{"embeddable":true,"href":"http:\/\/web.philo.ulg.ac.be\/culturessensibles\/wp-json\/wp\/v2\/users\/4"}],"replies":[{"embeddable":true,"href":"http:\/\/web.philo.ulg.ac.be\/culturessensibles\/wp-json\/wp\/v2\/comments?post=3367"}],"version-history":[{"count":2,"href":"http:\/\/web.philo.ulg.ac.be\/culturessensibles\/wp-json\/wp\/v2\/pages\/3367\/revisions"}],"predecessor-version":[{"id":5160,"href":"http:\/\/web.philo.ulg.ac.be\/culturessensibles\/wp-json\/wp\/v2\/pages\/3367\/revisions\/5160"}],"wp:attachment":[{"href":"http:\/\/web.philo.ulg.ac.be\/culturessensibles\/wp-json\/wp\/v2\/media?parent=3367"}],"curies":[{"name":"wp","href":"https:\/\/api.w.org\/{rel}","templated":true}]}}