{"id":3405,"date":"2014-07-03T10:37:55","date_gmt":"2014-07-03T09:37:55","guid":{"rendered":"http:\/\/web.philo.ulg.ac.be\/culturessensibles\/?page_id=3405"},"modified":"2016-12-01T14:36:49","modified_gmt":"2016-12-01T13:36:49","slug":"maite-molina-marmol","status":"publish","type":"page","link":"http:\/\/web.philo.ulg.ac.be\/culturessensibles\/maite-molina-marmol\/","title":{"rendered":"Ma\u00eft\u00e9 Molina-Marmol"},"content":{"rendered":"<div class=\"heading-wrapper\"><h6><span class=\"heading-line-left\"><\/span><strong>Membres<\/strong><span class=\"heading-line-right\"><\/span><\/h6><\/div>\n<div class=\"column column-1-3\"><div class=\"staff-wrapper\"><img decoding=\"async\" src=\"\" alt=\"\"\/><div class=\"person-name\">Ma\u00eft\u00e9 Molina Marmol<i class=\"moon-users-2\"><\/i><\/div><div class=\"person-title\">ULg<\/div><div class=\"person-description\"><\/div><\/div><\/div>\n<div class=\"column column-2-3 column-last\">\n<div class=\"su-accordion\">\n<div class=\"su-spoiler su-spoiler-style-1 su-spoiler-open\"><div class=\"su-spoiler-title\"><i class=\"moon-arrow-right-2 spoiler-button\"><\/i><i class=\"moon-arrow-down spoiler-button spoiler-active\"><\/i><strong>Pr\u00e9sentation<\/strong><\/div><div class=\"su-spoiler-content\" style=\"display:block\">\n<p style=\"text-align: justify;\">Maite Molina Marmol est docteure en Information et Communication de l\u2019Universit\u00e9 de Li\u00e8ge. Ses recherches, consacr\u00e9es \u00e0 la question de la m\u00e9moire, se sont d\u00e9ploy\u00e9es \u00e0 partir du terrain \u00e9lectif constitu\u00e9 par le ph\u00e9nom\u00e8ne migratoire \u2013 plus pr\u00e9cis\u00e9ment celui de l\u2019exil et de l\u2019immigration espagnols en Belgique. Apr\u00e8s avoir mis \u00e0 profit diff\u00e9rentes approches, de l\u2019histoire orale \u00e0 la sociologie de la m\u00e9moire, elle entend d\u00e9ployer aujourd\u2019hui les apports d\u2019une perspective situ\u00e9e \u00e0 la crois\u00e9e de l\u2019histoire culturelle et de l\u2019anthropologie, pour explorer le noyau volatil des ph\u00e9nom\u00e8nes m\u00e9moriels, incorpor\u00e9s et dilu\u00e9s dans les lieux, gestes et objets du quotidien (m\u00e9moire incarn\u00e9e, m\u00e9moire situ\u00e9e, m\u00e9moire genr\u00e9e).<\/p>\n<\/div><\/div>\n<div class=\"su-spoiler su-spoiler-style-1\"><div class=\"su-spoiler-title\"><i class=\"moon-arrow-right-2 spoiler-button\"><\/i><i class=\"moon-arrow-down spoiler-button spoiler-active\"><\/i><strong>Adresse de contact<\/strong><\/div><div class=\"su-spoiler-content\">\n<p><a href=\"mailto:Maite.MolinaMarmol@gmail.com\">Maite.MolinaMarmol@gmail.com<\/a><\/p>\n<\/div><\/div>\n<\/div>\n<\/div><div class=\"clear\"><\/div>\n","protected":false},"excerpt":{"rendered":"","protected":false},"author":4,"featured_media":0,"parent":0,"menu_order":0,"comment_status":"closed","ping_status":"closed","template":"","meta":{"footnotes":""},"class_list":["post-3405","page","type-page","status-publish","hentry"],"_links":{"self":[{"href":"http:\/\/web.philo.ulg.ac.be\/culturessensibles\/wp-json\/wp\/v2\/pages\/3405","targetHints":{"allow":["GET"]}}],"collection":[{"href":"http:\/\/web.philo.ulg.ac.be\/culturessensibles\/wp-json\/wp\/v2\/pages"}],"about":[{"href":"http:\/\/web.philo.ulg.ac.be\/culturessensibles\/wp-json\/wp\/v2\/types\/page"}],"author":[{"embeddable":true,"href":"http:\/\/web.philo.ulg.ac.be\/culturessensibles\/wp-json\/wp\/v2\/users\/4"}],"replies":[{"embeddable":true,"href":"http:\/\/web.philo.ulg.ac.be\/culturessensibles\/wp-json\/wp\/v2\/comments?post=3405"}],"version-history":[{"count":2,"href":"http:\/\/web.philo.ulg.ac.be\/culturessensibles\/wp-json\/wp\/v2\/pages\/3405\/revisions"}],"predecessor-version":[{"id":5025,"href":"http:\/\/web.philo.ulg.ac.be\/culturessensibles\/wp-json\/wp\/v2\/pages\/3405\/revisions\/5025"}],"wp:attachment":[{"href":"http:\/\/web.philo.ulg.ac.be\/culturessensibles\/wp-json\/wp\/v2\/media?parent=3405"}],"curies":[{"name":"wp","href":"https:\/\/api.w.org\/{rel}","templated":true}]}}