{"id":3411,"date":"2014-07-03T10:41:05","date_gmt":"2014-07-03T09:41:05","guid":{"rendered":"http:\/\/web.philo.ulg.ac.be\/culturessensibles\/?page_id=3411"},"modified":"2016-12-01T14:37:21","modified_gmt":"2016-12-01T13:37:21","slug":"amandine-servais","status":"publish","type":"page","link":"http:\/\/web.philo.ulg.ac.be\/culturessensibles\/amandine-servais\/","title":{"rendered":"Amandine Servais"},"content":{"rendered":"<div class=\"heading-wrapper\"><h6><span class=\"heading-line-left\"><\/span><strong>Membres<\/strong><span class=\"heading-line-right\"><\/span><\/h6><\/div>\n<div class=\"column column-1-3\"><div class=\"staff-wrapper\"><img decoding=\"async\" src=\"\" alt=\"\"\/><div class=\"person-name\">Amandine Servais<i class=\"moon-users-2\"><\/i><\/div><div class=\"person-title\">Fresh, ULg<\/div><div class=\"person-description\"><\/div><\/div><\/div>\n<div class=\"column column-2-3 column-last\">\n<div class=\"su-accordion\">\n<div class=\"su-spoiler su-spoiler-style-1 su-spoiler-open\"><div class=\"su-spoiler-title\"><i class=\"moon-arrow-right-2 spoiler-button\"><\/i><i class=\"moon-arrow-down spoiler-button spoiler-active\"><\/i><strong>Pr\u00e9sentation<\/strong><\/div><div class=\"su-spoiler-content\" style=\"display:block\">\n<p style=\"text-align: justify;\">Titulaire d\u2019une bourse de doctorat \u00ab FRESH \u00bb allou\u00e9e par le FNRS, Amandine Servais r\u00e9dige actuellement une th\u00e8se en histoire culturelle. Son enqu\u00eate concerne les rapports entre images et histoire. Il s\u2019agit de r\u00e9v\u00e9ler \u2013 et de comprendre \u2013 non pas ce que les historiens font des images mais ce que l\u2019image fait au r\u00e9cit historien. Une telle probl\u00e9matique \u2013 quelle est l\u2019agence historiographique de l\u2019image ? \u2013 s\u2019inscrit donc dans un questionnement plus large sur la forte, et souvent implicite, influence du visuel dans l\u2019\u00e9laboration de nos discours de connaissance.<\/p>\n<\/div><\/div>\n<div class=\"su-spoiler su-spoiler-style-1\"><div class=\"su-spoiler-title\"><i class=\"moon-arrow-right-2 spoiler-button\"><\/i><i class=\"moon-arrow-down spoiler-button spoiler-active\"><\/i><strong>Adresse de contact<\/strong><\/div><div class=\"su-spoiler-content\">\n<p><a href=\"mailto:amandine.servais@ulg.ac.be\">amandine.servais@ulg.ac.be<\/a><\/p>\n<\/div><\/div>\n<\/div>\n<\/div><div class=\"clear\"><\/div>\n","protected":false},"excerpt":{"rendered":"","protected":false},"author":4,"featured_media":0,"parent":0,"menu_order":0,"comment_status":"closed","ping_status":"closed","template":"","meta":{"footnotes":""},"class_list":["post-3411","page","type-page","status-publish","hentry"],"_links":{"self":[{"href":"http:\/\/web.philo.ulg.ac.be\/culturessensibles\/wp-json\/wp\/v2\/pages\/3411","targetHints":{"allow":["GET"]}}],"collection":[{"href":"http:\/\/web.philo.ulg.ac.be\/culturessensibles\/wp-json\/wp\/v2\/pages"}],"about":[{"href":"http:\/\/web.philo.ulg.ac.be\/culturessensibles\/wp-json\/wp\/v2\/types\/page"}],"author":[{"embeddable":true,"href":"http:\/\/web.philo.ulg.ac.be\/culturessensibles\/wp-json\/wp\/v2\/users\/4"}],"replies":[{"embeddable":true,"href":"http:\/\/web.philo.ulg.ac.be\/culturessensibles\/wp-json\/wp\/v2\/comments?post=3411"}],"version-history":[{"count":3,"href":"http:\/\/web.philo.ulg.ac.be\/culturessensibles\/wp-json\/wp\/v2\/pages\/3411\/revisions"}],"predecessor-version":[{"id":5026,"href":"http:\/\/web.philo.ulg.ac.be\/culturessensibles\/wp-json\/wp\/v2\/pages\/3411\/revisions\/5026"}],"wp:attachment":[{"href":"http:\/\/web.philo.ulg.ac.be\/culturessensibles\/wp-json\/wp\/v2\/media?parent=3411"}],"curies":[{"name":"wp","href":"https:\/\/api.w.org\/{rel}","templated":true}]}}