{"id":3415,"date":"2014-07-03T10:42:28","date_gmt":"2014-07-03T09:42:28","guid":{"rendered":"http:\/\/web.philo.ulg.ac.be\/culturessensibles\/?page_id=3415"},"modified":"2017-06-19T06:51:38","modified_gmt":"2017-06-19T05:51:38","slug":"viktoria-von-hoffmann","status":"publish","type":"page","link":"http:\/\/web.philo.ulg.ac.be\/culturessensibles\/viktoria-von-hoffmann\/","title":{"rendered":"Viktoria Von Hoffmann"},"content":{"rendered":"<div class=\"heading-wrapper\"><h6><span class=\"heading-line-left\"><\/span><strong>Membres<\/strong><span class=\"heading-line-right\"><\/span><\/h6><\/div>\n<div class=\"column column-1-3\"><div class=\"staff-wrapper\"><img decoding=\"async\" src=\"\" alt=\"\"\/><div class=\"person-name\">Viktoria Von Hoffmann<i class=\"moon-users-2\"><\/i><\/div><div class=\"person-title\">Villa I Tatti, ULg<\/div><div class=\"person-description\"><\/div><\/div><\/div>\n<div class=\"column column-2-3 column-last\">\n<div class=\"su-accordion\">\n<div class=\"su-spoiler su-spoiler-style-1 su-spoiler-open\"><div class=\"su-spoiler-title\"><i class=\"moon-arrow-right-2 spoiler-button\"><\/i><i class=\"moon-arrow-down spoiler-button spoiler-active\"><\/i><strong>Pr\u00e9sentation<\/strong><\/div><div class=\"su-spoiler-content\" style=\"display:block\">\n<p>Docteure en Histoire, Art et Arch\u00e9ologie (2010), Viktoria von Hoffmann est actuellement Research Fellow \u00e0 la Villa I Tatti \u2013 The Harvard University Center for Italian Renaissance Studies et collaboratrice scientifique \u00e0 l&rsquo;Universit\u00e9 de Li\u00e8ge. Ses travaux portent sur l\u2019histoire des sensorialit\u00e9s basses, c\u2019est-\u00e0-dire des sens historiquement et culturellement construits comme inf\u00e9rieurs (le go\u00fbt et le toucher). Ses recherches sur le sens du go\u00fbt ont donn\u00e9 lieu \u00e0 deux monographies, Go\u00fbter le monde. Une histoire culturelle du go\u00fbt \u00e0 l\u2019\u00e9poque moderne (2013) et From Gluttony to Enlightenment. The World of Taste in Early Modern Europe (2016). Outre le go\u00fbt, ses travaux de recherche se d\u00e9ploient \u00e9galement vers l\u2019\u00e9tude historique du d\u00e9go\u00fbt, auquel elle a consacr\u00e9 un livre collectif, en collaboration avec Michel Delville et Andrew Norris (Le D\u00e9go\u00fbt. Histoire, langage, esth\u00e9tique et politique d\u2019une \u00e9motion plurielle, 2015). Enfin, ses recherches les plus r\u00e9centes s\u2019orientent vers l\u2019histoire culturelle et sociale du toucher, une question qu\u2019elle explore actuellement au sein des discours et pratiques anatomiques dans l\u2019Italie de la Renaissance.<\/p>\n<p>&nbsp;<\/p>\n<\/div><\/div>\n<div class=\"su-spoiler su-spoiler-style-1\"><div class=\"su-spoiler-title\"><i class=\"moon-arrow-right-2 spoiler-button\"><\/i><i class=\"moon-arrow-down spoiler-button spoiler-active\"><\/i><strong>Adresse de contact<\/strong><\/div><div class=\"su-spoiler-content\">\n<p style=\"text-align: justify\"><a href=\"mailto:v.vonhoffmann@ulg.ac.be\">v.vonhoffmann@ulg.ac.be<\/a><\/p>\n<\/div><\/div>\n<\/div>\n<\/div><div class=\"clear\"><\/div>\n","protected":false},"excerpt":{"rendered":"","protected":false},"author":4,"featured_media":0,"parent":0,"menu_order":0,"comment_status":"closed","ping_status":"closed","template":"","meta":{"footnotes":""},"class_list":["post-3415","page","type-page","status-publish","hentry"],"_links":{"self":[{"href":"http:\/\/web.philo.ulg.ac.be\/culturessensibles\/wp-json\/wp\/v2\/pages\/3415","targetHints":{"allow":["GET"]}}],"collection":[{"href":"http:\/\/web.philo.ulg.ac.be\/culturessensibles\/wp-json\/wp\/v2\/pages"}],"about":[{"href":"http:\/\/web.philo.ulg.ac.be\/culturessensibles\/wp-json\/wp\/v2\/types\/page"}],"author":[{"embeddable":true,"href":"http:\/\/web.philo.ulg.ac.be\/culturessensibles\/wp-json\/wp\/v2\/users\/4"}],"replies":[{"embeddable":true,"href":"http:\/\/web.philo.ulg.ac.be\/culturessensibles\/wp-json\/wp\/v2\/comments?post=3415"}],"version-history":[{"count":4,"href":"http:\/\/web.philo.ulg.ac.be\/culturessensibles\/wp-json\/wp\/v2\/pages\/3415\/revisions"}],"predecessor-version":[{"id":5210,"href":"http:\/\/web.philo.ulg.ac.be\/culturessensibles\/wp-json\/wp\/v2\/pages\/3415\/revisions\/5210"}],"wp:attachment":[{"href":"http:\/\/web.philo.ulg.ac.be\/culturessensibles\/wp-json\/wp\/v2\/media?parent=3415"}],"curies":[{"name":"wp","href":"https:\/\/api.w.org\/{rel}","templated":true}]}}