{"id":3417,"date":"2014-07-03T10:42:43","date_gmt":"2014-07-03T09:42:43","guid":{"rendered":"http:\/\/web.philo.ulg.ac.be\/culturessensibles\/?page_id=3417"},"modified":"2016-12-01T14:39:20","modified_gmt":"2016-12-01T13:39:20","slug":"daniele-bajomee","status":"publish","type":"page","link":"http:\/\/web.philo.ulg.ac.be\/culturessensibles\/daniele-bajomee\/","title":{"rendered":"Dani\u00e8le Bajom\u00e9e"},"content":{"rendered":"<div class=\"heading-wrapper\"><h6><span class=\"heading-line-left\"><\/span><strong>Membres<\/strong><span class=\"heading-line-right\"><\/span><\/h6><\/div>\n<div class=\"column column-1-3\"><div class=\"staff-wrapper\"><img decoding=\"async\" src=\"\" alt=\"\"\/><div class=\"person-name\">Danielle Bajom\u00e9e<i class=\"moon-users-2\"><\/i><\/div><div class=\"person-title\">ULg<\/div><div class=\"person-description\"><\/div><\/div><\/div>\n<div class=\"column column-2-3 column-last\">\n<div class=\"su-accordion\">\n<div class=\"su-spoiler su-spoiler-style-1 su-spoiler-open\"><div class=\"su-spoiler-title\"><i class=\"moon-arrow-right-2 spoiler-button\"><\/i><i class=\"moon-arrow-down spoiler-button spoiler-active\"><\/i><strong>Pr\u00e9sentation<\/strong><\/div><div class=\"su-spoiler-content\" style=\"display:block\">\n<p style=\"text-align: justify;\">Professeur honoraire de l\u2019Universit\u00e9 de Li\u00e8ge, Danielle Bajom\u00e9e y a enseign\u00e9 la litt\u00e9rature fran\u00e7aise et belge des 19<sup>\u00e8me<\/sup> et 20<sup>\u00e8me<\/sup> si\u00e8cles, la mythanalyse et la po\u00e9tique du cin\u00e9ma. Professeur visiteur \u00e0 l\u2019Universit\u00e9 libre de Bruxelles, \u00e0 El Jadida ( Maroc ) et Dakar (S\u00e9n\u00e9gal), elle a fond\u00e9, avec Abdel Mabrour, le Laboratoire de recherches sur l\u2019interculturel. Avec Juliette Dor, le FERUlg, groupe de recherches f\u00e9ministes de l\u2019Universit\u00e9 de Li\u00e8ge.<\/p>\n<p style=\"text-align: justify;\">Pr\u00e9sidente du Centre d\u2019\u00e9tudes Georges Simenon (Universit\u00e9 de Li\u00e8ge), elle est l\u2019auteur de livres consacr\u00e9s au Nouveau Roman, \u00e0 Pierre Mertens, \u00e0 Georges Simenon<strong>, <\/strong>ainsi que de nombreuses \u00e9tudes relatives aux \u00e9crits de Georges Perec, Annie Ernaux, Claude Simon, Samuel Beckett, Michel Butor, Nicole Malinconi, Eug\u00e8ne Savitzkaya, Marcel Moreau, Fran\u00e7oise Mallet-Joris, etc.<\/p>\n<p style=\"text-align: justify;\">Elle a organis\u00e9, en 1983, le premier colloque europ\u00e9en consacr\u00e9 \u00e0 Marguerite Duras, <em>Ecrire, dit-elle<\/em>, et publi\u00e9 un ouvrage relatif \u00e0 l\u2019univers imaginaire de cet auteur, <em>Duras ou la douleur<\/em>. Elle vient de consacrer deux ann\u00e9es \u00e0 d\u00e9pouiller les archives de la po\u00e8te-philosophe Claire Lejeune. Elle a \u00e9t\u00e9 Commissaire de l\u2019exposition \u00ab\u00a0<strong>Claire Lejeune. Une voix pourpre\u00a0\u00bb<\/strong>( Mus\u00e9e Saint-Georges, Mons, novembre 2012 &#8211; janvier 2013) et travaille actuellement pour le futur <strong>Fonds Claire Lejeune<\/strong>, qui sera inaugur\u00e9 \u00e0 Mons ( Maison Losseau), en avril 2015.<\/p>\n<p style=\"text-align: justify;\">Elle est membre \u00e9lu de l\u2019Acad\u00e9mie royale de langue et de litt\u00e9rature fran\u00e7aises de Belgique depuis 2006.<\/p>\n<\/div><\/div>\n<div class=\"su-spoiler su-spoiler-style-1\"><div class=\"su-spoiler-title\"><i class=\"moon-arrow-right-2 spoiler-button\"><\/i><i class=\"moon-arrow-down spoiler-button spoiler-active\"><\/i><strong>Choix de publications<\/strong><\/div><div class=\"su-spoiler-content\">\n<ul>\n<li style=\"text-align: justify;\"><em>Vingt ans apr\u00e8s\u2026Essai de d\u00e9finition et de situation du Nouveau Roman<\/em>, Li\u00e8ge, Etabetyp, 1975 (1\u00e8re partie : <em>Approches critiques<\/em>; 2\u00e8me partie : <em>Narration et fiction dans le Nouveau Roman; <\/em>3\u00e8me partie : <em>Tentative d&rsquo;explication mythologique)<\/em>.<\/li>\n<li style=\"text-align: justify;\"><em>Ecrire, dit-elle, imaginaires de Marguerite Duras<\/em> ( avec Ralph Heyndels ) Bruxelles, Editions de l&rsquo;Universit\u00e9 de Bruxelles, 1985.<\/li>\n<li style=\"text-align: justify;\"><em>Pierre Mertens, l&rsquo;arpenteur<\/em>, Bruxelles, Labor, coll. Archives du futur, 1989.<\/li>\n<li style=\"text-align: justify;\"><em>Duras ou la douleur<\/em>, Paris-Bruxelles, Ed. Universitaires-De Boeck, 1989; 2\u00e8me \u00e9dition revue et augment\u00e9e en 1999.<\/li>\n<li style=\"text-align: justify;\"><em>Une parole po\u00e9tique<\/em>. Sur Jacques Sojcher. Ni la m\u00e9moire, ni l&rsquo;oubli, avec une pr\u00e9face de Jacques Carion et un frontispice de Anne Gilsoul, Bruxelles, Ed. de l&rsquo;Ambedui, 1991.<\/li>\n<li style=\"text-align: justify;\"><em>Les lieux romanesques et filmiques de Marguerite Duras<\/em> (avec des photographies de Ralph Gibson), Paris, Marval, 1997.<\/li>\n<li style=\"text-align: justify;\"><em>Simenon, une mythologie du XX\u00e8me si\u00e8cle<\/em>, Tournai-Paris, La Renaissance du Livre, 2003.<\/li>\n<li style=\"text-align: justify;\"><em>Femmes et livres<\/em> (avec Juliette Dor et Marie-Elisabeth Henneau), Paris, L\u2019Harmattan, 2007.<\/li>\n<li style=\"text-align: justify;\"><em>Annie Ernaux. Se perdre dans l\u2019\u00e9criture de soi<\/em> (avec Juliette Dor), Paris, Klincksieck, 2011.<\/li>\n<li style=\"text-align: justify;\"><em>Claire Lejeune, une voix pourpre <\/em>(avec Martine Renouprez), Bruxelles, La Renaissance du livre, 2012.<\/li>\n<\/ul>\n<\/div><\/div>\n<div class=\"su-spoiler su-spoiler-style-1\"><div class=\"su-spoiler-title\"><i class=\"moon-arrow-right-2 spoiler-button\"><\/i><i class=\"moon-arrow-down spoiler-button spoiler-active\"><\/i><strong>Adresse de contact<\/strong><\/div><div class=\"su-spoiler-content\">\n<p style=\"text-align: justify;\">\u00a0 <a href=\"mailto:danielle.bajomee@ulg.ac.be\">danielle.bajomee@ulg.ac.be<\/a><\/p>\n<\/div><\/div>\n<\/div>\n<\/div><div class=\"clear\"><\/div>\n","protected":false},"excerpt":{"rendered":"","protected":false},"author":4,"featured_media":0,"parent":0,"menu_order":0,"comment_status":"closed","ping_status":"closed","template":"","meta":{"footnotes":""},"class_list":["post-3417","page","type-page","status-publish","hentry"],"_links":{"self":[{"href":"http:\/\/web.philo.ulg.ac.be\/culturessensibles\/wp-json\/wp\/v2\/pages\/3417","targetHints":{"allow":["GET"]}}],"collection":[{"href":"http:\/\/web.philo.ulg.ac.be\/culturessensibles\/wp-json\/wp\/v2\/pages"}],"about":[{"href":"http:\/\/web.philo.ulg.ac.be\/culturessensibles\/wp-json\/wp\/v2\/types\/page"}],"author":[{"embeddable":true,"href":"http:\/\/web.philo.ulg.ac.be\/culturessensibles\/wp-json\/wp\/v2\/users\/4"}],"replies":[{"embeddable":true,"href":"http:\/\/web.philo.ulg.ac.be\/culturessensibles\/wp-json\/wp\/v2\/comments?post=3417"}],"version-history":[{"count":3,"href":"http:\/\/web.philo.ulg.ac.be\/culturessensibles\/wp-json\/wp\/v2\/pages\/3417\/revisions"}],"predecessor-version":[{"id":5030,"href":"http:\/\/web.philo.ulg.ac.be\/culturessensibles\/wp-json\/wp\/v2\/pages\/3417\/revisions\/5030"}],"wp:attachment":[{"href":"http:\/\/web.philo.ulg.ac.be\/culturessensibles\/wp-json\/wp\/v2\/media?parent=3417"}],"curies":[{"name":"wp","href":"https:\/\/api.w.org\/{rel}","templated":true}]}}