{"id":3419,"date":"2014-07-03T10:43:04","date_gmt":"2014-07-03T09:43:04","guid":{"rendered":"http:\/\/web.philo.ulg.ac.be\/culturessensibles\/?page_id=3419"},"modified":"2016-12-01T14:41:35","modified_gmt":"2016-12-01T13:41:35","slug":"laurence-bouquiaux","status":"publish","type":"page","link":"http:\/\/web.philo.ulg.ac.be\/culturessensibles\/laurence-bouquiaux\/","title":{"rendered":"Laurence Bouquiaux"},"content":{"rendered":"<div class=\"heading-wrapper\"><h6><span class=\"heading-line-left\"><\/span><strong>Membres<\/strong><span class=\"heading-line-right\"><\/span><\/h6><\/div>\n<div class=\"column column-1-3\"><div class=\"staff-wrapper\"><img decoding=\"async\" src=\"\" alt=\"\"\/><div class=\"person-name\">Laurence Bouquiaux<i class=\"moon-users-2\"><\/i><\/div><div class=\"person-title\">ULg<\/div><div class=\"person-description\"><\/div><\/div><\/div>\n<div class=\"column column-2-3 column-last\">\n<div class=\"su-accordion\">\n<div class=\"su-spoiler su-spoiler-style-1 su-spoiler-open\"><div class=\"su-spoiler-title\"><i class=\"moon-arrow-right-2 spoiler-button\"><\/i><i class=\"moon-arrow-down spoiler-button spoiler-active\"><\/i><strong>Pr\u00e9sentation<\/strong><\/div><div class=\"su-spoiler-content\" style=\"display:block\">\n<p style=\"text-align: justify;\">Laurence Bouquiaux est math\u00e9maticienne et philosophe. Elle enseigne la philosophie des sciences et l&rsquo;histoire de la philosophie moderne \u00e0 l&rsquo;Universit\u00e9 de Li\u00e8ge. Ses recherches actuelles portent sur les relations entre science et m\u00e9taphysique au dix-septi\u00e8me si\u00e8cle.<\/p>\n<\/div><\/div>\n<div class=\"su-spoiler su-spoiler-style-1\"><div class=\"su-spoiler-title\"><i class=\"moon-arrow-right-2 spoiler-button\"><\/i><i class=\"moon-arrow-down spoiler-button spoiler-active\"><\/i><strong>Adresse de contact<\/strong><\/div><div class=\"su-spoiler-content\">\n<p style=\"text-align: justify;\"><a href=\"mailto:Laurence.Bouquiaux@ulg.ac.be\">Laurence.Bouquiaux@ulg.ac.be<\/a><\/p>\n<\/div><\/div>\n<\/div>\n<\/div><div class=\"clear\"><\/div>\n","protected":false},"excerpt":{"rendered":"","protected":false},"author":4,"featured_media":0,"parent":0,"menu_order":0,"comment_status":"closed","ping_status":"closed","template":"","meta":{"footnotes":""},"class_list":["post-3419","page","type-page","status-publish","hentry"],"_links":{"self":[{"href":"http:\/\/web.philo.ulg.ac.be\/culturessensibles\/wp-json\/wp\/v2\/pages\/3419","targetHints":{"allow":["GET"]}}],"collection":[{"href":"http:\/\/web.philo.ulg.ac.be\/culturessensibles\/wp-json\/wp\/v2\/pages"}],"about":[{"href":"http:\/\/web.philo.ulg.ac.be\/culturessensibles\/wp-json\/wp\/v2\/types\/page"}],"author":[{"embeddable":true,"href":"http:\/\/web.philo.ulg.ac.be\/culturessensibles\/wp-json\/wp\/v2\/users\/4"}],"replies":[{"embeddable":true,"href":"http:\/\/web.philo.ulg.ac.be\/culturessensibles\/wp-json\/wp\/v2\/comments?post=3419"}],"version-history":[{"count":3,"href":"http:\/\/web.philo.ulg.ac.be\/culturessensibles\/wp-json\/wp\/v2\/pages\/3419\/revisions"}],"predecessor-version":[{"id":5034,"href":"http:\/\/web.philo.ulg.ac.be\/culturessensibles\/wp-json\/wp\/v2\/pages\/3419\/revisions\/5034"}],"wp:attachment":[{"href":"http:\/\/web.philo.ulg.ac.be\/culturessensibles\/wp-json\/wp\/v2\/media?parent=3419"}],"curies":[{"name":"wp","href":"https:\/\/api.w.org\/{rel}","templated":true}]}}