{"id":3425,"date":"2014-07-03T10:44:50","date_gmt":"2014-07-03T09:44:50","guid":{"rendered":"http:\/\/web.philo.ulg.ac.be\/culturessensibles\/?page_id=3425"},"modified":"2016-12-01T15:02:57","modified_gmt":"2016-12-01T14:02:57","slug":"annick-delfosse","status":"publish","type":"page","link":"http:\/\/web.philo.ulg.ac.be\/culturessensibles\/annick-delfosse\/","title":{"rendered":"Annick Delfosse"},"content":{"rendered":"<div class=\"heading-wrapper\"><h6><span class=\"heading-line-left\"><\/span><strong>Membres<\/strong><span class=\"heading-line-right\"><\/span><\/h6><\/div>\n<div class=\"column column-1-3\"><div class=\"staff-wrapper\"><img decoding=\"async\" src=\"\" alt=\"\"\/><div class=\"person-name\">Annick Delfosse<i class=\"moon-users-2\"><\/i><\/div><div class=\"person-title\">ULg<\/div><div class=\"person-description\"><\/div><\/div><\/div>\n<div class=\"column column-2-3 column-last\">\n<div class=\"su-accordion\">\n<div class=\"su-spoiler su-spoiler-style-1 su-spoiler-open\"><div class=\"su-spoiler-title\"><i class=\"moon-arrow-right-2 spoiler-button\"><\/i><i class=\"moon-arrow-down spoiler-button spoiler-active\"><\/i><strong>Pr\u00e9sentation<\/strong><\/div><div class=\"su-spoiler-content\" style=\"display:block\">\n<div class=\"su-spoiler-content\" style=\"display: block;\">\n<p style=\"text-align: justify;\">Docteure en Histoire, Annick Delfosse est responsable de la recherche et des enseignements en Histoire Moderne \u00e0 l\u2019Universit\u00e9 de Li\u00e8ge depuis octobre 2009 apr\u00e8s avoir \u00e9t\u00e9 Charg\u00e9e de recherches du FRS-FNRS (2005-2009). Elle a \u00e9galement \u00e9t\u00e9 Charg\u00e9e d\u2019enseignement visiteur aux Facult\u00e9s Universitaires Notre-Dame de la Paix de Namur de 2008 \u00e0 2011. Plusieurs fois r\u00e9sidente \u00e0 l\u2019Academia Belgica (Rome), elle entretient des liens \u00e9troits avec cette institution o\u00f9 elle se rend r\u00e9guli\u00e8rement et o\u00f9 elle organise chaque ann\u00e9e un s\u00e9minaire \u00e0 l\u2019intention des \u00e9tudiants li\u00e9geois.<\/p>\n<p style=\"text-align: justify;\">Ses travaux se d\u00e9ploient dans le champ de l\u2019histoire religieuse moderne. Elle a publi\u00e9 un ouvrage consacr\u00e9 \u00e0 <em>La \u00ab\u00a0Protectrice du Pa\u00efs-Bas\u00a0\u00bb. Strat\u00e9gies politiques et figures de la Vierge dans les Pays-Bas espagnols<\/em> (Brepols, 2009) et s\u2019est int\u00e9ress\u00e9e de pr\u00e8s \u00e0 l\u2019histoire de la Compagnie de J\u00e9sus. Aujourd\u2019hui, elle explore particuli\u00e8rement le ph\u00e9nom\u00e8ne c\u00e9r\u00e9monial tridentin, particuli\u00e8rement dans ses formes spectaculaires et sensibles. Ainsi, elle coordonne depuis 2011 avec Ralph Dekoninck (UCL), Maarten Delbeke (UG) et Koen Vermeir (UCL) un projet f\u00e9d\u00e9ral intitul\u00e9 <a title=\"Cultures du Spectacle Baroque\" href=\"http:\/\/web.philo.ulg.ac.be\/transitions\/cultures-du-spectacle-baroque\/\"><em>Cultures du Spectacle Baroque entre Italie et Pays-Bas<\/em><\/a>. Par ailleurs, avec Paola Moreno (porte-parole), Dominique Allart et Laure Fagnart, elle co-promeut depuis octobre 2013 l\u2019Action de Recherche Concert\u00e9e\u00a0<i><a title=\"EpistolART\" href=\"http:\/\/web.philo.ulg.ac.be\/transitions\/epistolart\/\">EpistolART. La correspondance comme lieu d\u2019\u00e9mergence de l\u2019artiste \u00e0 la Renaissance<\/a>.<\/i><\/p>\n<\/div>\n<\/div><\/div>\n<div class=\"su-spoiler su-spoiler-style-1\"><div class=\"su-spoiler-title\"><i class=\"moon-arrow-right-2 spoiler-button\"><\/i><i class=\"moon-arrow-down spoiler-button spoiler-active\"><\/i><strong>Adresse de contact<\/strong><\/div><div class=\"su-spoiler-content\">\n<p style=\"text-align: justify;\"><a href=\"mailto:adelfosse@ulg.ac.be\">adelfosse@ulg.ac.be<\/a><\/p>\n<\/div><\/div>\n<div class=\"su-spoiler su-spoiler-style-1\"><div class=\"su-spoiler-title\"><i class=\"moon-arrow-right-2 spoiler-button\"><\/i><i class=\"moon-arrow-down spoiler-button spoiler-active\"><\/i><strong>Page personnelle<\/strong><\/div><div class=\"su-spoiler-content\">\n<p><a href=\"http:\/\/web.philo.ulg.ac.be\/transitions\/annick-delfosse\/\" target=\"_blank\">http:\/\/web.philo.ulg.ac.be\/transitions\/annick-delfosse\/<\/a><\/p>\n<\/div><\/div>\n<\/div>\n<\/div><div class=\"clear\"><\/div>\n","protected":false},"excerpt":{"rendered":"","protected":false},"author":4,"featured_media":0,"parent":0,"menu_order":0,"comment_status":"closed","ping_status":"closed","template":"","meta":{"footnotes":""},"class_list":["post-3425","page","type-page","status-publish","hentry"],"_links":{"self":[{"href":"http:\/\/web.philo.ulg.ac.be\/culturessensibles\/wp-json\/wp\/v2\/pages\/3425","targetHints":{"allow":["GET"]}}],"collection":[{"href":"http:\/\/web.philo.ulg.ac.be\/culturessensibles\/wp-json\/wp\/v2\/pages"}],"about":[{"href":"http:\/\/web.philo.ulg.ac.be\/culturessensibles\/wp-json\/wp\/v2\/types\/page"}],"author":[{"embeddable":true,"href":"http:\/\/web.philo.ulg.ac.be\/culturessensibles\/wp-json\/wp\/v2\/users\/4"}],"replies":[{"embeddable":true,"href":"http:\/\/web.philo.ulg.ac.be\/culturessensibles\/wp-json\/wp\/v2\/comments?post=3425"}],"version-history":[{"count":2,"href":"http:\/\/web.philo.ulg.ac.be\/culturessensibles\/wp-json\/wp\/v2\/pages\/3425\/revisions"}],"predecessor-version":[{"id":5046,"href":"http:\/\/web.philo.ulg.ac.be\/culturessensibles\/wp-json\/wp\/v2\/pages\/3425\/revisions\/5046"}],"wp:attachment":[{"href":"http:\/\/web.philo.ulg.ac.be\/culturessensibles\/wp-json\/wp\/v2\/media?parent=3425"}],"curies":[{"name":"wp","href":"https:\/\/api.w.org\/{rel}","templated":true}]}}