{"id":3427,"date":"2014-07-03T10:45:09","date_gmt":"2014-07-03T09:45:09","guid":{"rendered":"http:\/\/web.philo.ulg.ac.be\/culturessensibles\/?page_id=3427"},"modified":"2016-12-01T15:06:24","modified_gmt":"2016-12-01T14:06:24","slug":"vincianne-despret","status":"publish","type":"page","link":"http:\/\/web.philo.ulg.ac.be\/culturessensibles\/vincianne-despret\/","title":{"rendered":"Vincianne Despret"},"content":{"rendered":"<div class=\"heading-wrapper\"><h6><span class=\"heading-line-left\"><\/span><strong>Membres<\/strong><span class=\"heading-line-right\"><\/span><\/h6><\/div>\n<div class=\"column column-1-3\"><div class=\"staff-wrapper\"><img decoding=\"async\" src=\"\" alt=\"\"\/><div class=\"person-name\">Vincianne Despret<i class=\"moon-users-2\"><\/i><\/div><div class=\"person-title\">ULg et ULB<\/div><div class=\"person-description\"><\/div><\/div><\/div>\n<p style=\"text-align: justify;\"><div class=\"column column-2-3 column-last\">\n<div class=\"su-accordion\">\n<div class=\"su-spoiler su-spoiler-style-1 su-spoiler-open\"><div class=\"su-spoiler-title\"><i class=\"moon-arrow-right-2 spoiler-button\"><\/i><i class=\"moon-arrow-down spoiler-button spoiler-active\"><\/i><strong>Pr\u00e9sentation<\/strong><\/div><div class=\"su-spoiler-content\" style=\"display:block\">\n<p style=\"text-align: justify;\">Vinciane Despret est philosophe et psychologue. Depuis 1991, elle travaille au d\u00e9partement de philosophie de l\u2019universit\u00e9 de Li\u00e8ge\u00a0. Elle y enseigne actuellement ainsi qu\u2019\u00e0 l\u2019universit\u00e9 libre de Bruxelles. Ses recherches ont d\u2019abord port\u00e9 sur les relations que les scientifiques cr\u00e9ent (ou pas) avec les animaux, ce qui l\u2019a men\u00e9e \u00e0 explorer d\u2019autres formes de savoirs qui se constituent \u00e0 partir de ces relations. Elle a \u00e9t\u00e9 commissaire scientifique de l\u2019exposition <em>B\u00eates et Hommes<\/em> qui s\u2019est tenue \u00e0 la Grande Halle de la Villette \u00e0 Paris en 2007-2008. Ses travaux l\u2019ont \u00e9galement conduite \u00e0 s\u2019int\u00e9resser \u00e0 l\u2019ethnopsychologie des \u00e9motions. A la suite de ce dernier courant de recherches, elle s\u2019attache \u00e0 la mani\u00e8re dont les personnes entretiennent, aujourd\u2019hui et chez nous, des relations souvent inventives avec leurs d\u00e9funts et \u00e0 la fa\u00e7on, souvent moins inventive, dont les sciences humaines tentent de th\u00e9oriser ces exp\u00e9riences.<\/p>\n<\/div><\/div>\n<div class=\"su-spoiler su-spoiler-style-1\"><div class=\"su-spoiler-title\"><i class=\"moon-arrow-right-2 spoiler-button\"><\/i><i class=\"moon-arrow-down spoiler-button spoiler-active\"><\/i><strong>Choix de publications<\/strong><\/div><div class=\"su-spoiler-content\">\n<ul>\n<li style=\"text-align: justify;\">(1996)<em> Naissance d&rsquo;une th\u00e9orie \u00e9thologique : la danse du crat\u00e9rope \u00e9caill\u00e9<\/em>. Paris : Les emp\u00eacheurs de penser en rond.<\/li>\n<li style=\"text-align: justify;\">(1999)<em>Ces \u00e9motions qui nous fabriquent\u00a0: ethnopsychologie de l&rsquo;authenticit\u00e9<\/em>. Paris\u00a0: Les emp\u00eacheurs de penser en rond; seconde \u00e9dition 2001\u00a0; troisi\u00e8me \u00e9dition 2005.<\/li>\n<li style=\"text-align: justify;\">(2002) <em>Quand le loup habitera avec l\u2019agneau<\/em>. Paris\u00a0: Le Seuil\/ Les Emp\u00eacheurs de penser en rond.<\/li>\n<li style=\"text-align: justify;\">(2004) <em> Hans, le cheval qui savait compter<\/em>. Paris\u00a0: Le Seuil\/ Les Emp\u00eacheurs de penser en rond.<\/li>\n<li style=\"text-align: justify;\">(2007) <em>B\u00eates et Hommes. <\/em> Paris\u00a0: Gallimard.<\/li>\n<li style=\"text-align: justify;\">(2009)\u00a0 <em>Penser comme un rat<\/em>, Quae.<\/li>\n<li style=\"text-align: justify;\">(2012) Que diraient les animaux\u2026 si on leur posait les bonnes questions\u00a0? Paris, La D\u00e9couverte\/Les Emp\u00eacheurs de penser en rond.<\/li>\n<\/ul>\n<div class=\"spacer\" style=\"height:15px\"><\/div>\n<p><strong>En collaboration<\/strong><\/p>\n<ul>\n<li style=\"text-align: justify;\">(1996) En collaboration avec A. Chauvenet et J.-M. Lemaire,<em> Clinique de la reconstruction. Une exp\u00e9rience avec les r\u00e9fugi\u00e9s en ex-Yougoslavie.<\/em>.Paris : L&rsquo;Harmattan.<\/li>\n<li style=\"text-align: justify;\">(2005) <em>Les grands singes\u00a0; L\u2019humanit\u00e9 au fond des yeux.<\/em> En collaboration avec P. Picq, D. Lestel et C. Herzfeld. Paris\u00a0: Odile Jacob.<\/li>\n<li style=\"text-align: justify;\">(2007) En collaboration avec Jocelyne Porcher\u00a0: <em> Etre B\u00eate<\/em>, Arles, Actes sud, 143 p.<\/li>\n<li style=\"text-align: justify;\">(2011)<em> Les faiseuses d\u2019histoires. Que font les femmes \u00e0 la pens\u00e9e\u00a0<\/em>? Avec Isabelle Stengers. Paris\u00a0; Les emp\u00eacheurs de penser en rond\/La D\u00e9couverte.<\/li>\n<\/ul>\n<div class=\"spacer\" style=\"height:15px\"><\/div>\n<p><strong>Direction d\u2019ouvrage<\/strong><\/p>\n<ul>\n<li style=\"text-align: justify;\">(2014) En collaboration avec Rapha\u00ebl Larr\u00e8re\u00a0, <em> Les animaux\u2026 deux ou trois choses que nous savons d\u2019eux<\/em>. Paris, Hermann.<\/li>\n<\/ul>\n<\/div><\/div>\n<div class=\"su-spoiler su-spoiler-style-1\"><div class=\"su-spoiler-title\"><i class=\"moon-arrow-right-2 spoiler-button\"><\/i><i class=\"moon-arrow-down spoiler-button spoiler-active\"><\/i><strong>Adresse de contact<\/strong><\/div><div class=\"su-spoiler-content\">\n<p><a href=\"mailto:v.despret@ulg.ac.be\">v.despret@ulg.ac.be<\/a><\/p>\n<\/div><\/div>\n<\/div>\n<\/div><div class=\"clear\"><\/div>\n","protected":false},"excerpt":{"rendered":"","protected":false},"author":4,"featured_media":0,"parent":0,"menu_order":0,"comment_status":"closed","ping_status":"closed","template":"","meta":{"footnotes":""},"class_list":["post-3427","page","type-page","status-publish","hentry"],"_links":{"self":[{"href":"http:\/\/web.philo.ulg.ac.be\/culturessensibles\/wp-json\/wp\/v2\/pages\/3427","targetHints":{"allow":["GET"]}}],"collection":[{"href":"http:\/\/web.philo.ulg.ac.be\/culturessensibles\/wp-json\/wp\/v2\/pages"}],"about":[{"href":"http:\/\/web.philo.ulg.ac.be\/culturessensibles\/wp-json\/wp\/v2\/types\/page"}],"author":[{"embeddable":true,"href":"http:\/\/web.philo.ulg.ac.be\/culturessensibles\/wp-json\/wp\/v2\/users\/4"}],"replies":[{"embeddable":true,"href":"http:\/\/web.philo.ulg.ac.be\/culturessensibles\/wp-json\/wp\/v2\/comments?post=3427"}],"version-history":[{"count":2,"href":"http:\/\/web.philo.ulg.ac.be\/culturessensibles\/wp-json\/wp\/v2\/pages\/3427\/revisions"}],"predecessor-version":[{"id":5049,"href":"http:\/\/web.philo.ulg.ac.be\/culturessensibles\/wp-json\/wp\/v2\/pages\/3427\/revisions\/5049"}],"wp:attachment":[{"href":"http:\/\/web.philo.ulg.ac.be\/culturessensibles\/wp-json\/wp\/v2\/media?parent=3427"}],"curies":[{"name":"wp","href":"https:\/\/api.w.org\/{rel}","templated":true}]}}