{"id":3447,"date":"2014-07-03T10:48:21","date_gmt":"2014-07-03T09:48:21","guid":{"rendered":"http:\/\/web.philo.ulg.ac.be\/culturessensibles\/?page_id=3447"},"modified":"2016-12-01T15:44:56","modified_gmt":"2016-12-01T14:44:56","slug":"catherine-mougenot","status":"publish","type":"page","link":"http:\/\/web.philo.ulg.ac.be\/culturessensibles\/catherine-mougenot\/","title":{"rendered":"Catherine Mougenot"},"content":{"rendered":"<div class=\"heading-wrapper\"><h6><span class=\"heading-line-left\"><\/span><strong>Membres<\/strong><span class=\"heading-line-right\"><\/span><\/h6><\/div>\n<div class=\"column column-1-3\"><div class=\"staff-wrapper\"><img decoding=\"async\" src=\"\" alt=\"\"\/><div class=\"person-name\">Catherine Mougenot<i class=\"moon-users-2\"><\/i><\/div><div class=\"person-title\">ULg<\/div><div class=\"person-description\"><\/div><\/div><\/div>\n<div class=\"column column-2-3 column-last\">\n<div class=\"su-accordion\">\n<div class=\"su-spoiler su-spoiler-style-1 su-spoiler-open\"><div class=\"su-spoiler-title\"><i class=\"moon-arrow-right-2 spoiler-button\"><\/i><i class=\"moon-arrow-down spoiler-button spoiler-active\"><\/i><strong>Pr\u00e9sentation<\/strong><\/div><div class=\"su-spoiler-content\" style=\"display:block\">\n<p style=\"text-align: justify;\">Mes travaux portent prioritairement sur les relations entre les humains, les animaux et leurs environnements en privil\u00e9giant les pratiques du r\u00e9cit comme mani\u00e8re d\u2019explorer ces r\u00e9alit\u00e9s. J\u2019essaie ainsi de tenir ensemble les ingr\u00e9dients d\u2019une \u00ab\u00a0sociologie modeste\u00a0\u00bb \u00e0 savoir\u00a0: s\u2019int\u00e9resser prioritairement aux processus toujours en train de se faire, \u00e9viter d\u2019assigner \u00e0 quiconque une position fixe et garder \u00e0 l\u2019esprit que les connaissances que nous produisons affectent la vie des personnes et de tous les vivants.<\/p>\n<\/div><\/div>\n<div class=\"su-spoiler su-spoiler-style-1\"><div class=\"su-spoiler-title\"><i class=\"moon-arrow-right-2 spoiler-button\"><\/i><i class=\"moon-arrow-down spoiler-button spoiler-active\"><\/i><strong>Choix de publications<\/strong><\/div><div class=\"su-spoiler-content\">\n<ul>\n<li style=\"text-align: justify;\">Strivay L. et Mougenot C. (2014), \u00ab\u00a0L\u2019\u00e9chiquier des tricheurs : Le &lsquo;making off&rsquo; d\u2019une recherche et d&rsquo;un livre\u00a0\u00bb, in <em>Les animaux: deux ou trois choses que nous savons d&rsquo;eux<\/em>, Despret V. et Larr\u00e8re R. Eds, Paris, Herman, 291-303.<\/li>\n<li style=\"text-align: justify;\">Mougenot C. et Strivay L., (2011), <em>Le pire ami de l&rsquo;homme. Du lapin de garenne aux guerres biologiques<\/em>, Paris, La d\u00e9couverte.<\/li>\n<li style=\"text-align: justify;\">Mougenot C., (2011), <em>Raconter le paysage de la recherche<\/em>, Paris, QUAE.<\/li>\n<li style=\"text-align: justify;\">Petit S., Fleury P. and Mougenot C. (2011), \u00ab\u00a0Stories on research, research on stories\u00a0\u00bb, <em>Journal of Rural Studies<\/em>, 27, 4, 394-402.<\/li>\n<li style=\"text-align: justify;\">Mougenot C. et Mormont M., (2009), \u00ab\u00a0Etats de guerre ou de paix : autour de la prolif\u00e9ration des rats\u00a0\u00bb, <em>Ethnologie fran\u00e7aise<\/em>, 39, 1, 35-43.<\/li>\n<li style=\"text-align: justify;\">Mougenot C. and Roussel L., (2005), \u00ab\u00a0To poison or to trap? The ecologisation of &lsquo;pest&rsquo; control\u00a0\u00bb, <em>Sociologia Ruralis<\/em>, 45, 1-2, 115-129.<\/li>\n<li style=\"text-align: justify;\">Mougenot C., (2003), <em>Prendre soin de la nature ordinaire<\/em>. Paris, INRA, Maison des sciences de l\u2019homme.<\/li>\n<\/ul>\n<\/div><\/div>\n<div class=\"su-spoiler su-spoiler-style-1\"><div class=\"su-spoiler-title\"><i class=\"moon-arrow-right-2 spoiler-button\"><\/i><i class=\"moon-arrow-down spoiler-button spoiler-active\"><\/i><strong>Adresse de contact<\/strong><\/div><div class=\"su-spoiler-content\">\n<p><a href=\"mailto:cmougenot@ulg.ac.be\">cmougenot@ulg.ac.be<\/a><\/p>\n<\/div><\/div>\n<\/div>\n<\/div><div class=\"clear\"><\/div>\n","protected":false},"excerpt":{"rendered":"","protected":false},"author":4,"featured_media":0,"parent":0,"menu_order":0,"comment_status":"closed","ping_status":"closed","template":"","meta":{"footnotes":""},"class_list":["post-3447","page","type-page","status-publish","hentry"],"_links":{"self":[{"href":"http:\/\/web.philo.ulg.ac.be\/culturessensibles\/wp-json\/wp\/v2\/pages\/3447","targetHints":{"allow":["GET"]}}],"collection":[{"href":"http:\/\/web.philo.ulg.ac.be\/culturessensibles\/wp-json\/wp\/v2\/pages"}],"about":[{"href":"http:\/\/web.philo.ulg.ac.be\/culturessensibles\/wp-json\/wp\/v2\/types\/page"}],"author":[{"embeddable":true,"href":"http:\/\/web.philo.ulg.ac.be\/culturessensibles\/wp-json\/wp\/v2\/users\/4"}],"replies":[{"embeddable":true,"href":"http:\/\/web.philo.ulg.ac.be\/culturessensibles\/wp-json\/wp\/v2\/comments?post=3447"}],"version-history":[{"count":1,"href":"http:\/\/web.philo.ulg.ac.be\/culturessensibles\/wp-json\/wp\/v2\/pages\/3447\/revisions"}],"predecessor-version":[{"id":5081,"href":"http:\/\/web.philo.ulg.ac.be\/culturessensibles\/wp-json\/wp\/v2\/pages\/3447\/revisions\/5081"}],"wp:attachment":[{"href":"http:\/\/web.philo.ulg.ac.be\/culturessensibles\/wp-json\/wp\/v2\/media?parent=3447"}],"curies":[{"name":"wp","href":"https:\/\/api.w.org\/{rel}","templated":true}]}}