{"id":3453,"date":"2014-07-03T10:49:11","date_gmt":"2014-07-03T09:49:11","guid":{"rendered":"http:\/\/web.philo.ulg.ac.be\/culturessensibles\/?page_id=3453"},"modified":"2016-12-01T16:06:12","modified_gmt":"2016-12-01T15:06:12","slug":"laurent-van-eynde","status":"publish","type":"page","link":"http:\/\/web.philo.ulg.ac.be\/culturessensibles\/laurent-van-eynde\/","title":{"rendered":"Laurent Van Eynde"},"content":{"rendered":"<div class=\"heading-wrapper\"><h6><span class=\"heading-line-left\"><\/span><strong>Membres<\/strong><span class=\"heading-line-right\"><\/span><\/h6><\/div>\n<div class=\"column column-1-3\"><div class=\"staff-wrapper\"><img decoding=\"async\" src=\"\" alt=\"\"\/><div class=\"person-name\">Laurent Van Eynde<i class=\"moon-users-2\"><\/i><\/div><div class=\"person-title\">Universit\u00e9 St-Louis<\/div><div class=\"person-description\"><\/div><\/div><\/div>\n<div class=\"column column-2-3 column-last\">\n<div class=\"su-accordion\">\n<div class=\"su-spoiler su-spoiler-style-1 su-spoiler-open\"><div class=\"su-spoiler-title\"><i class=\"moon-arrow-right-2 spoiler-button\"><\/i><i class=\"moon-arrow-down spoiler-button spoiler-active\"><\/i><strong>Pr\u00e9sentation<\/strong><\/div><div class=\"su-spoiler-content\" style=\"display:block\">\n<p style=\"text-align: justify;\">N\u00e9 en 1967, Laurent Van Eynde est Docteur en philosophie. Il est Professeur \u00e0 l&rsquo;Universit\u00e9 Saint-Louis &#8211; Bruxelles et Professeur invit\u00e9 \u00e0 l\u2019Universit\u00e9 de Haute-Alsace (Mulhouse). Il a \u00e9galement \u00e9t\u00e9 Professeur invit\u00e9 \u00e0 l\u2019Universit\u00e9 de Lausanne.<\/p>\n<p style=\"text-align: justify;\">Fondateur et Directeur du\u00a0<strong><a href=\"http:\/\/www.centreprospero.be\/\" target=\"_blank\"><em>Centre Prosp\u00e9ro &#8211; Langage, image et\u00a0connaissance<\/em><\/a><\/strong>, il dirige \u00e9galement l\u2019<a href=\"http:\/\/www.fusl.ac.be\/fr\/102.html\" target=\"_blank\"><strong><em>\u00c9cole des sciences philosophiques et religieuses<\/em><\/strong><\/a>. Apr\u00e8s avoir \u00e9t\u00e9 Doyen de la Facult\u00e9 de Philosophie, Lettres et Sciences humaines, il est aujourd&rsquo;hui Vice-Recteur \u00e0 la recherche de l&rsquo;Universit\u00e9 Saint-Louis &#8211; Bruxelles.<\/p>\n<p style=\"text-align: justify;\">Sa th\u00e8se de doctorat, consacr\u00e9e aux rapports entre l\u2019esth\u00e9tique et la\u00a0<em>Naturphilosophie<\/em>\u00a0chez Goethe, dans la perspective d\u2019une lecture ph\u00e9nom\u00e9nologique (conjoignant les influences de Husserl et de Maldiney, notamment) traduit le positionnement de ses recherches au croisement de la philosophie moderne et de la philosophie contemporaine. C\u2019est ainsi qu\u2019il a conduit des recherches \u00e0 la fois sur la performativit\u00e9 du\u00a0<em>po\u00ef\u00e9tique<\/em>\u00a0dans le premier romantisme allemand et sur la ph\u00e9nom\u00e9nologie de l\u2019imagination, en situant au foyer de ce double travail la question anthropologique. La poursuite de cette enqu\u00eate anthropologique l\u2019a conduit \u00e0 explorer le champ de la ph\u00e9nom\u00e9nologie clinique. Au d\u00e9part de celle-ci, et dans une inspiration binswang\u00e9rienne, il a d\u00e9velopp\u00e9 des analyses sur les formes po\u00e9tiques et romanesques de l\u2019humain (Heinrich von Kleist, Thomas Mann, Emil Staiger), prolongeant ainsi l\u2019\u00e9laboration d\u2019une philosophie concr\u00e8te de l\u2019imagination comme contribution \u00e0 une anthropologie philosophique. La m\u00e9thode de recherche consiste donc ici \u00e0 croiser sans cesse travail concret sur les formes d\u2019invention litt\u00e9raires et philosophie fondamentale de l\u2019imagination. C\u2019est ainsi que se sont d\u00e9velopp\u00e9es des recherches simultan\u00e9es sur le th\u00e9\u00e2tre shakespearien et les philosophies de l\u2019imagination de Castoriadis et de Bachelard.<\/p>\n<p style=\"text-align: justify;\">Il se consacre d\u00e9sormais \u00e0 l\u2019\u00e9laboration d\u2019une philosophie de l\u2019image et de l\u2019imagination \u00e0 partir de la donn\u00e9e concr\u00e8te de l\u2019image cin\u00e9matographique. Apr\u00e8s un premier travail portant sur la forme de l\u2019image pure et sa r\u00e9flexivit\u00e9 dans le cin\u00e9ma d\u2019Alfred Hitchcock, il \u00e9labore actuellement une philosophie du western classique qui lui permet d\u2019articuler \u00e0 sa question anthropologique de base les perspectives de l\u2019esth\u00e9tique, mais aussi de la philosophie politique et sociale et de la philosophie de l\u2019histoire. La prochaine \u00e9tape consistera en une analyse syst\u00e9matique de l\u2019image \u00e9quivoque au cin\u00e9ma, \u00e0 travers les genres du western, du film noir et du cin\u00e9ma fantastique hollywoodiens.<\/p>\n<\/div><\/div>\n<div class=\"su-spoiler su-spoiler-style-1\"><div class=\"su-spoiler-title\"><i class=\"moon-arrow-right-2 spoiler-button\"><\/i><i class=\"moon-arrow-down spoiler-button spoiler-active\"><\/i><strong>Adresse de contact<\/strong><\/div><div class=\"su-spoiler-content\">\n<p><a href=\"mailto:laurent.vaneynde@usaintlouis.be\">laurent.vaneynde@usaintlouis.be<\/a><\/p>\n<\/div><\/div>\n<\/div>\n<\/div><div class=\"clear\"><\/div>\n","protected":false},"excerpt":{"rendered":"","protected":false},"author":4,"featured_media":0,"parent":0,"menu_order":0,"comment_status":"closed","ping_status":"closed","template":"","meta":{"footnotes":""},"class_list":["post-3453","page","type-page","status-publish","hentry"],"_links":{"self":[{"href":"http:\/\/web.philo.ulg.ac.be\/culturessensibles\/wp-json\/wp\/v2\/pages\/3453","targetHints":{"allow":["GET"]}}],"collection":[{"href":"http:\/\/web.philo.ulg.ac.be\/culturessensibles\/wp-json\/wp\/v2\/pages"}],"about":[{"href":"http:\/\/web.philo.ulg.ac.be\/culturessensibles\/wp-json\/wp\/v2\/types\/page"}],"author":[{"embeddable":true,"href":"http:\/\/web.philo.ulg.ac.be\/culturessensibles\/wp-json\/wp\/v2\/users\/4"}],"replies":[{"embeddable":true,"href":"http:\/\/web.philo.ulg.ac.be\/culturessensibles\/wp-json\/wp\/v2\/comments?post=3453"}],"version-history":[{"count":5,"href":"http:\/\/web.philo.ulg.ac.be\/culturessensibles\/wp-json\/wp\/v2\/pages\/3453\/revisions"}],"predecessor-version":[{"id":5110,"href":"http:\/\/web.philo.ulg.ac.be\/culturessensibles\/wp-json\/wp\/v2\/pages\/3453\/revisions\/5110"}],"wp:attachment":[{"href":"http:\/\/web.philo.ulg.ac.be\/culturessensibles\/wp-json\/wp\/v2\/media?parent=3453"}],"curies":[{"name":"wp","href":"https:\/\/api.w.org\/{rel}","templated":true}]}}