{"id":3580,"date":"2014-07-31T14:42:53","date_gmt":"2014-07-31T13:42:53","guid":{"rendered":"http:\/\/web.philo.ulg.ac.be\/culturessensibles\/?page_id=3580"},"modified":"2017-07-13T14:08:00","modified_gmt":"2017-07-13T13:08:00","slug":"art-et-sciences","status":"publish","type":"page","link":"http:\/\/web.philo.ulg.ac.be\/culturessensibles\/art-et-sciences\/","title":{"rendered":"Art et sciences"},"content":{"rendered":"<div class=\"heading-wrapper\"><h6><span class=\"heading-line-left\"><\/span><strong>\n<h4><strong>arts et sciences<\/strong><\/h4>\n<\/strong><span class=\"heading-line-right\"><\/span><\/h6><\/div>\n<p style=\"text-align: justify\">On le comprendra ais\u00e9ment au vu de nos orientations de recherche: la question des relations entre arts et sciences nous int\u00e9resse tout particuli\u00e8rement. D&rsquo;abord, sans doute, parce que plusieurs parmi nous m\u00e8nent des activit\u00e9s transfrontali\u00e8res et qu&rsquo;ils se refusent \u00e0 consid\u00e9rer comme absolument \u00e9trangers l&rsquo;un \u00e0 l&rsquo;autre modes d&rsquo;expression savant et artistique &#8211; comment penser le sensible, en effet, sans mobiliser, partiellement, ses propres moyens, ses propres puissances? De ce point de vue, nous nous refusons \u00e0 poser le probl\u00e8me au d\u00e9part de la distinction, toute convenue et, pour tout dire, infond\u00e9e, entre \u00ab\u00a0th\u00e9orie\u00a0\u00bb et \u00ab\u00a0pratique\u00a0\u00bb. Nous voulons au contraire consid\u00e9rer deux modalit\u00e9s distinctes des pratiques de connaissance et d&rsquo;expression &#8211; \u00ab\u00a0pratiques savantes\u00a0\u00bb et \u00ab\u00a0pratiques artistiques\u00a0\u00bb -, et explorer les moyens, pratiques eux-aussi, de leur articulation.<\/p>\n<p style=\"text-align: justify\">La question est \u00e9galement institutionnelle et s&rsquo;inscrit dans une double perspective, acad\u00e9mique et p\u00e9dagogique: le doctorat en art et sciences de l&rsquo;art, d&rsquo;une part, et le rapprochement entre universit\u00e9s et \u00e9coles sup\u00e9rieures des arts, d&rsquo;autre part. Nous souhaitons participer tr\u00e8s concr\u00e8tement \u00e0 cette r\u00e9flexion dont les enjeux nous paraissent essentiels &#8211; et les obstacles, nombreux! C&rsquo;est pourquoi nous assumons la pr\u00e9sidence li\u00e9geoise de <a href=\"http:\/\/artetsciencesdelart.be\/\" target=\"_blank\" rel=\"noopener\"><strong>l&rsquo;\u00e9cole doctorale en arts et sciences de l&rsquo;art<\/strong><strong><\/strong><\/a> et pourquoi nous avons mis en oeuvre, d\u00e8s l&rsquo;ann\u00e9e acad\u00e9mique 2013-2014, un master \u00e0 finalit\u00e9 approfondie dans le cadre d&rsquo;un partenariat entre <a href=\"http:\/\/www.academieroyaledesbeauxartsliege.be\/\" target=\"_blank\" rel=\"noopener\"><strong>l&rsquo;Acad\u00e9mie royale des beaux arts<\/strong><\/a> et l&rsquo;Universit\u00e9 de Li\u00e8ge. On trouvera <a href=\"http:\/\/web.philo.ulg.ac.be\/culturessensibles\/wp-content\/uploads\/sites\/34\/pdf\/ARD-Havelange.pdf\" target=\"_blank\" rel=\"noopener\"><strong>ici<\/strong><\/a> quelques premi\u00e8res r\u00e9flexions concernant cette aventure indissociablement p\u00e9dagogique, institutionnelle et \u00e9pist\u00e9mologique.<\/p>\n","protected":false},"excerpt":{"rendered":"<p>On le comprendra ais\u00e9ment au vu de nos orientations de recherche: la question des relations entre arts et sciences nous int\u00e9resse tout particuli\u00e8rement. D&rsquo;abord, sans doute, parce que plusieurs parmi nous m\u00e8nent des activit\u00e9s transfrontali\u00e8res et qu&rsquo;ils se refusent \u00e0 consid\u00e9rer comme absolument \u00e9trangers l&rsquo;un \u00e0 l&rsquo;autre modes d&rsquo;expression savant et artistique &#8211; comment penser [&hellip;]<\/p>\n","protected":false},"author":2,"featured_media":0,"parent":0,"menu_order":0,"comment_status":"closed","ping_status":"closed","template":"","meta":{"footnotes":""},"class_list":["post-3580","page","type-page","status-publish","hentry"],"_links":{"self":[{"href":"http:\/\/web.philo.ulg.ac.be\/culturessensibles\/wp-json\/wp\/v2\/pages\/3580","targetHints":{"allow":["GET"]}}],"collection":[{"href":"http:\/\/web.philo.ulg.ac.be\/culturessensibles\/wp-json\/wp\/v2\/pages"}],"about":[{"href":"http:\/\/web.philo.ulg.ac.be\/culturessensibles\/wp-json\/wp\/v2\/types\/page"}],"author":[{"embeddable":true,"href":"http:\/\/web.philo.ulg.ac.be\/culturessensibles\/wp-json\/wp\/v2\/users\/2"}],"replies":[{"embeddable":true,"href":"http:\/\/web.philo.ulg.ac.be\/culturessensibles\/wp-json\/wp\/v2\/comments?post=3580"}],"version-history":[{"count":5,"href":"http:\/\/web.philo.ulg.ac.be\/culturessensibles\/wp-json\/wp\/v2\/pages\/3580\/revisions"}],"predecessor-version":[{"id":5216,"href":"http:\/\/web.philo.ulg.ac.be\/culturessensibles\/wp-json\/wp\/v2\/pages\/3580\/revisions\/5216"}],"wp:attachment":[{"href":"http:\/\/web.philo.ulg.ac.be\/culturessensibles\/wp-json\/wp\/v2\/media?parent=3580"}],"curies":[{"name":"wp","href":"https:\/\/api.w.org\/{rel}","templated":true}]}}