{"id":3583,"date":"2014-07-31T14:45:16","date_gmt":"2014-07-31T13:45:16","guid":{"rendered":"http:\/\/web.philo.ulg.ac.be\/culturessensibles\/?page_id=3583"},"modified":"2014-10-07T15:50:00","modified_gmt":"2014-10-07T14:50:00","slug":"goupe-de-contact-fnrs","status":"publish","type":"page","link":"http:\/\/web.philo.ulg.ac.be\/culturessensibles\/goupe-de-contact-fnrs\/","title":{"rendered":"Groupe de contact FNRS"},"content":{"rendered":"<div class=\"heading-wrapper\"><h6><span class=\"heading-line-left\"><\/span><strong>\n<h4><a href=\"http:\/\/www.fnrs.be\/index.php\/financements\/groupes-de-contact\" target=\"_blank\"><strong>groupe de contact FNRS<\/strong><\/a><\/h4>\n<\/strong><span class=\"heading-line-right\"><\/span><\/h6><\/div>\n<p style=\"text-align: justify;\">L\u2019\u00e9tude des modalit\u00e9s culturelles de la perception et de la sensibilit\u00e9 constitue, depuis longtemps, l\u2019une des lignes d\u2019horizon principales de l\u2019historiographie contemporaine. D\u00e8s les ann\u00e9es Trente, Lucien Febvre, notamment, invitait les chercheurs \u00e0 multiplier les \u00e9tudes sur ce qu\u2019il appelait \u00ab les supports sensibles de la pens\u00e9e aux diverses \u00e9poques \u00bb. Les id\u00e9es qu\u2019il d\u00e9fendait alors peuvent para\u00eetre dat\u00e9es. Mais l\u2019intuition dont elles proc\u00e8dent reste pleinement d\u2019actualit\u00e9. A la crois\u00e9e des disciplines \u2013 histoire, anthropologie, sociologie, philosophie, psychologie \u2013, se d\u00e9veloppent de nombreuses recherches qui explorent les divers registres de la perception et leur inscription dans la dimension de l\u2019histoire et de la culture.<\/p>\n<p style=\"text-align: justify;\">L\u2019objectif de ce<a href=\"http:\/\/www.fnrs.be\/index.php\/financements\/groupes-de-contact\" target=\"_blank\"> groupe de contact <\/a>est de f\u00e9d\u00e9rer autour de la notion de <em>cultures sensibles<\/em> des recherches qui se d\u00e9ploient g\u00e9n\u00e9ralement dans des secteurs disciplinaires ou th\u00e9matiques propres. Par exemple, des domaines aussi apparemment distincts que les cultures visuelles, l&rsquo;anthropologie de la nature, les <em>food studies<\/em>, l\u2019anthropologie des \u00e9motions, celle des univers sonores ou encore des modalit\u00e9s de la r\u00e9ception et de la production des images, sont-ils tous r\u00e9unis par la pr\u00e9occupation commune de l\u2019\u00e9tude des cultures sensibles, sans pour autant dialoguer les uns avec les autres.<\/p>\n<p style=\"text-align: justify;\">En cr\u00e9ant une telle structure d\u2019\u00e9changes, le groupe de contact voudrait, non seulement favoriser rencontres et d\u00e9bats intellectuels, mais aussi susciter la cr\u00e9ation d\u2019un nouveau terrain de recherches. Celui-ci, au d\u00e9part de la notion r\u00e9solument f\u00e9d\u00e9rative de <em>cultures sensibles<\/em>, entre \u00e9tude des pratiques, des discours et des repr\u00e9sentations, aura pour vocation de proposer de nouveaux mod\u00e8les d\u2019intelligibilit\u00e9 \u00e0 propos de la gen\u00e8se et du d\u00e9ploiement des identit\u00e9s culturelles.<\/p>\n<p style=\"text-align: justify;\"><a href=\"http:\/\/web.philo.ulg.ac.be\/culturessensibles\/journee-detudes\/\">Les journ\u00e9es d&rsquo;\u00e9tudes de <em>Cultures sensibles<\/em><\/a><\/p>\n","protected":false},"excerpt":{"rendered":"<p>L\u2019\u00e9tude des modalit\u00e9s culturelles de la perception et de la sensibilit\u00e9 constitue, depuis longtemps, l\u2019une des lignes d\u2019horizon principales de l\u2019historiographie contemporaine. D\u00e8s les ann\u00e9es Trente, Lucien Febvre, notamment, invitait les chercheurs \u00e0 multiplier les \u00e9tudes sur ce qu\u2019il appelait \u00ab les supports sensibles de la pens\u00e9e aux diverses \u00e9poques \u00bb. Les id\u00e9es qu\u2019il d\u00e9fendait [&hellip;]<\/p>\n","protected":false},"author":2,"featured_media":0,"parent":0,"menu_order":0,"comment_status":"open","ping_status":"open","template":"","meta":{"footnotes":""},"class_list":["post-3583","page","type-page","status-publish","hentry"],"_links":{"self":[{"href":"http:\/\/web.philo.ulg.ac.be\/culturessensibles\/wp-json\/wp\/v2\/pages\/3583","targetHints":{"allow":["GET"]}}],"collection":[{"href":"http:\/\/web.philo.ulg.ac.be\/culturessensibles\/wp-json\/wp\/v2\/pages"}],"about":[{"href":"http:\/\/web.philo.ulg.ac.be\/culturessensibles\/wp-json\/wp\/v2\/types\/page"}],"author":[{"embeddable":true,"href":"http:\/\/web.philo.ulg.ac.be\/culturessensibles\/wp-json\/wp\/v2\/users\/2"}],"replies":[{"embeddable":true,"href":"http:\/\/web.philo.ulg.ac.be\/culturessensibles\/wp-json\/wp\/v2\/comments?post=3583"}],"version-history":[{"count":0,"href":"http:\/\/web.philo.ulg.ac.be\/culturessensibles\/wp-json\/wp\/v2\/pages\/3583\/revisions"}],"wp:attachment":[{"href":"http:\/\/web.philo.ulg.ac.be\/culturessensibles\/wp-json\/wp\/v2\/media?parent=3583"}],"curies":[{"name":"wp","href":"https:\/\/api.w.org\/{rel}","templated":true}]}}