{"id":3587,"date":"2014-07-31T15:13:12","date_gmt":"2014-07-31T14:13:12","guid":{"rendered":"http:\/\/web.philo.ulg.ac.be\/culturessensibles\/?page_id=3587"},"modified":"2016-12-01T14:07:06","modified_gmt":"2016-12-01T13:07:06","slug":"enseignements","status":"publish","type":"page","link":"http:\/\/web.philo.ulg.ac.be\/culturessensibles\/enseignements\/","title":{"rendered":"Formations"},"content":{"rendered":"<div class=\"heading-wrapper\"><h6><span class=\"heading-line-left\"><\/span><strong>\n<h4><strong>liste des enseignements<\/strong><\/h4>\n<\/strong><span class=\"heading-line-right\"><\/span><\/h6><\/div>\n<p style=\"text-align: justify;\">Sont repris sous cette rubrique (actuellement loin d&rsquo;\u00eatre exhaustive!) les enseignements des membres du groupe de recherches qui nourrissent la r\u00e9flexion, d&rsquo;un point de vue aussi bien th\u00e9matique que m\u00e9thodologique, en mati\u00e8re de cultures sensibles.<\/p>\n<p><em>&#8211; Analyse des cultures et des pratiques de la cr\u00e9ation<\/em> &#8211; Lucienne<strong> STRIVAY<\/strong> (ULg &#8211; <a href=\"http:\/\/progcours.ulg.ac.be\/cocoon\/cours\/MEDC0004-1.html\" target=\"_blank\">MEDC0004-1<\/a> et <a href=\"http:\/\/progcours.ulg.ac.be\/cocoon\/cours\/MEDC0004-2.html\" target=\"_blank\">MEDC0004-2<\/a>)<br \/>\n&#8211; <em>Anthropologie de la nature<\/em> &#8211; Lucienne <strong>STRIVAY<\/strong> (ULg &#8211; <a href=\"http:\/\/progcours.ulg.ac.be\/cocoon\/cours\/ANTH0004-1.html\" target=\"_blank\">ANTH0004-1<\/a>)<br \/>\n&#8211; <em>Atelier de m\u00e9diation par l&rsquo;\u00e9criture<\/em> &#8211; Carl <strong>HAVELANGE<\/strong>\u00a0 (ULg\u00a0 &#8211; <a href=\"http:\/\/progcours.ulg.ac.be\/cocoon\/cours\/ANTH0043-1.html\" target=\"_blank\">ANTH0043-1<\/a>)<br \/>\n&#8211; <em>Histoire culturelle<\/em> &#8211; Carl <strong>HAVELANGE<\/strong> (ULg &#8211; <a href=\"http:\/\/progcours.ulg.ac.be\/cocoon\/cours\/HIST0022-2.html\" target=\"_blank\">HIST0022-2<\/a>)<br \/>\n&#8211; <em>Histoire culturelle du visuel<\/em>\u00a0 &#8211; Carl <strong>HAVELANGE<\/strong> et Lucienne <strong>STRIVAY<\/strong> (ULg &#8211; <a href=\"http:\/\/progcours.ulg.ac.be\/cocoon\/cours\/MEDC0003-1.html\" target=\"_blank\">MEDC0003-1 <\/a>et <a href=\"http:\/\/progcours.ulg.ac.be\/cocoon\/cours\/MEDC0003-2.html\" target=\"_blank\">MEDC0003-2<\/a>)<br \/>\n&#8211; <em>Philosophie de l&rsquo;art et de la litt\u00e9rature<\/em> &#8211; Laurent <strong>VAN EYNDE<\/strong> (Universit\u00e9 Saint-Louis \u00e0 Bruxelles &#8211;<a href=\"http:\/\/www.usaintlouis.be\/sl\/2014\/CFILO1217.html\" target=\"_blank\"> FILO1217<\/a>)<br \/>\n&#8211; <em>Pratiques de gestion de la biodiversit\u00e9<\/em> &#8211; Catherine <strong>MOUGENOT<\/strong> et Lucienne<strong> STRIVAY<\/strong> (ULg &#8211; <a href=\"http:\/\/progcours.ulg.ac.be\/cocoon\/cours\/ENVT3027-1.html\" target=\"_blank\">ENVT3027-1<\/a>)<br \/>\n&#8211; <em>Questions de litt\u00e9ratures modernes compar\u00e9es \u2013 partim : \u00ab Art et nourriture \u00bb<\/em> &#8211; Michel<strong> DELVILLE<\/strong> (ULg, <a href=\"http:\/\/progcours.ulg.ac.be\/cocoon\/cours\/LITT0003-1.html\" target=\"_blank\">LITT0003-1<\/a>)<br \/>\n&#8211; <em>Questions approfondies d&rsquo;histoire culturelle<\/em> &#8211; Carl <strong>HAVELANGE<\/strong> (ULg &#8211; <a href=\"http:\/\/progcours.ulg.ac.be\/cocoon\/cours\/HIST0057-1.html\" target=\"_blank\">HIST0057-1<\/a> et <a href=\"http:\/\/progcours.ulg.ac.be\/cocoon\/cours\/HIST0152-1.html\" target=\"_blank\">HIST0152-1<\/a>)<br \/>\n&#8211; <em>Repr\u00e9sentations\/pratiques de l&rsquo;environnement et de la nature<\/em> &#8211; Lucienne <strong>STRIVAY<\/strong> (ULg &#8211; <a href=\"http:\/\/progcours.ulg.ac.be\/cocoon\/cours\/ENVT0005-1.html\" target=\"_blank\">ENVT0005-1<\/a> et <a href=\"http:\/\/progcours.ulg.ac.be\/cocoon\/cours\/ENVT0005-2.html\" target=\"_blank\">ENVT0005-2<\/a><a href=\"http:\/\/progcours.ulg.ac.be\/cocoon\/cours\/ENVT0005-1.html\" target=\"_blank\">)<\/a><br \/>\n&#8211; <em>S\u00e9minaire d&rsquo;esth\u00e9tique et sciences de l&rsquo;art<\/em> &#8211; Maud <strong>HAGELSTEIN<\/strong> (ULg &#8211; <a href=\"http:\/\/progcours.ulg.ac.be\/cocoon\/cours\/PHIL0226-1.html\" target=\"_blank\">PHIL0226-1<\/a>)<\/p>\n","protected":false},"excerpt":{"rendered":"<p>Sont repris sous cette rubrique (actuellement loin d&rsquo;\u00eatre exhaustive!) les enseignements des membres du groupe de recherches qui nourrissent la r\u00e9flexion, d&rsquo;un point de vue aussi bien th\u00e9matique que m\u00e9thodologique, en mati\u00e8re de cultures sensibles. &#8211; Analyse des cultures et des pratiques de la cr\u00e9ation &#8211; Lucienne STRIVAY (ULg &#8211; MEDC0004-1 et MEDC0004-2) &#8211; Anthropologie [&hellip;]<\/p>\n","protected":false},"author":2,"featured_media":0,"parent":0,"menu_order":0,"comment_status":"closed","ping_status":"closed","template":"","meta":{"footnotes":""},"class_list":["post-3587","page","type-page","status-publish","hentry"],"_links":{"self":[{"href":"http:\/\/web.philo.ulg.ac.be\/culturessensibles\/wp-json\/wp\/v2\/pages\/3587","targetHints":{"allow":["GET"]}}],"collection":[{"href":"http:\/\/web.philo.ulg.ac.be\/culturessensibles\/wp-json\/wp\/v2\/pages"}],"about":[{"href":"http:\/\/web.philo.ulg.ac.be\/culturessensibles\/wp-json\/wp\/v2\/types\/page"}],"author":[{"embeddable":true,"href":"http:\/\/web.philo.ulg.ac.be\/culturessensibles\/wp-json\/wp\/v2\/users\/2"}],"replies":[{"embeddable":true,"href":"http:\/\/web.philo.ulg.ac.be\/culturessensibles\/wp-json\/wp\/v2\/comments?post=3587"}],"version-history":[{"count":1,"href":"http:\/\/web.philo.ulg.ac.be\/culturessensibles\/wp-json\/wp\/v2\/pages\/3587\/revisions"}],"predecessor-version":[{"id":4995,"href":"http:\/\/web.philo.ulg.ac.be\/culturessensibles\/wp-json\/wp\/v2\/pages\/3587\/revisions\/4995"}],"wp:attachment":[{"href":"http:\/\/web.philo.ulg.ac.be\/culturessensibles\/wp-json\/wp\/v2\/media?parent=3587"}],"curies":[{"name":"wp","href":"https:\/\/api.w.org\/{rel}","templated":true}]}}