{"id":3634,"date":"2014-08-01T14:27:53","date_gmt":"2014-08-01T13:27:53","guid":{"rendered":"http:\/\/web.philo.ulg.ac.be\/culturessensibles\/?page_id=3634"},"modified":"2016-12-01T12:21:55","modified_gmt":"2016-12-01T11:21:55","slug":"journee-detudes","status":"publish","type":"page","link":"http:\/\/web.philo.ulg.ac.be\/culturessensibles\/journee-detudes\/","title":{"rendered":"journ\u00e9es d&rsquo;\u00e9tudes et colloques"},"content":{"rendered":"<div class=\"heading-wrapper\"><h6><span class=\"heading-line-left\"><\/span><strong>\n<h4><strong>Colloques et journ\u00e9es d&rsquo;\u00e9tudes<\/strong><\/h4>\n<\/strong><span class=\"heading-line-right\"><\/span><\/h6><\/div>\n<p>Deux fois par an depuis la cr\u00e9ation du groupe de contact en 2010, nous organisons, \u00e0 Li\u00e8ge ou ailleurs, une journ\u00e9e d&rsquo;\u00e9tudes th\u00e9matique<strong><br \/>\n<\/strong><\/p>\n<p style=\"padding-left: 30px;\">&#8211; 17 d\u00e9cembre 2010:<em><strong> Journ\u00e9e de constitution du groupe de contact<\/strong><\/em><\/p>\n<p style=\"padding-left: 30px;\">&#8211; 10 mars 2011 (Universit\u00e9 de Lille 3):<em><strong> <a href=\"http:\/\/web.philo.ulg.ac.be\/culturessensibles\/contiguites-journee-detudes-du-10-mars-2011\/\">Contigu\u00eft\u00e9s<\/a><\/strong><\/em><\/p>\n<p style=\"padding-left: 30px;\">&#8211; 21 mai 2012:<em><strong> <a href=\"http:\/\/web.philo.ulg.ac.be\/culturessensibles\/les-recits-du-sensible\/\">Les r\u00e9cits du sensible<\/a><\/strong><\/em><\/p>\n<p style=\"padding-left: 30px;\">&#8211; 17 d\u00e9cembre 2012:<em><strong> <a href=\"http:\/\/web.philo.ulg.ac.be\/culturessensibles\/paysages\/\">Paysages<\/a><\/strong><\/em><\/p>\n<p style=\"padding-left: 30px;\">&#8211; 28 mai 2013: <em><strong> <a href=\"http:\/\/web.philo.ulg.ac.be\/culturessensibles\/arts-et-sciences-de-lart-en-questions-journee-detudes-du-28-mai-2013\/\">Arts et sciences de l&rsquo;art&#8230; en questions<\/a><\/strong><\/em><\/p>\n<p style=\"padding-left: 30px;\">&#8211; 22-24 mai 2014: <em><strong> <a href=\"http:\/\/web.philo.ulg.ac.be\/culturessensibles\/disgust-colloque-des-22-24-mai-2013\/\">Disgust (histoire, langage, politique et esth\u00e9tique d&rsquo;une \u00e9motion plurielle)<\/a><\/strong><\/em><\/p>\n<p style=\"padding-left: 30px;\">&#8211; 15-16 mai 2014:<a href=\"http:\/\/web.philo.ulg.ac.be\/culturessensibles\/ce-que-la-photographie-fait-au-portrait-journees-detudes-des-15-et-16-mai-2014\/\"><em><strong> Ce que la photographie fait au portrait<\/strong> <strong>(Class of excellence de la chaire Francqui attribu\u00e9e \u00e0 Victor I. Stoichita)<\/strong><\/em><\/a><\/p>\n<p style=\"padding-left: 30px;\">&#8211; 14 novembre 2014:<a href=\"http:\/\/web.philo.ulg.ac.be\/culturessensibles\/wp-content\/uploads\/sites\/34\/pdf\/fenestrit\u00e9.pdf\" target=\"_blank\"> <strong>Laurent Van Eynde\/Anthony Mann &#8211; <em>Fensetrit\u00e9 de l&rsquo;image cin\u00e9matographique<\/em><\/strong><\/a><\/p>\n<p style=\"padding-left: 30px;\">&#8211; 12-13 mars 2015: <a href=\"http:\/\/web.philo.ulg.ac.be\/culturessensibles\/journee-detudes-des-12-13-mars-2015-etre-touche-autour-de-jean-christophe-bailly\/\"><em><strong>Etre touch\u00e9 &#8211; autour de Jean-Christophe Bailly<\/strong><\/em><\/a><\/p>\n<p style=\"padding-left: 30px;\">&#8211; 29 mai 2015 (Rome):\u00a0<a href=\"http:\/\/web.philo.ulg.ac.be\/culturessensibles\/wp-content\/uploads\/sites\/34\/pdf\/Esth%C3%A9sies-prog.pdf\" target=\"_blank\"><em><strong>Esth\u00e9sies. Approches plastiques du sensible<\/strong><\/em><\/a><\/p>\n<p style=\"padding-left: 30px;\">&#8211; 17 d\u00e9cembre 2015 (ULg):<em><strong>\u00a0<a href=\"http:\/\/web.philo.ulg.ac.be\/culturessensibles\/limage-dans-loeuvre-dalphonse-dupront-quelle-place-lui-faire-aujourdhui\/\">L&rsquo;image dans l&rsquo;oeuvre d&rsquo;Alphonse Dupront: quelle place lui faire aujourd&rsquo;hui?<\/a><\/strong><\/em><\/p>\n","protected":false},"excerpt":{"rendered":"<p>Deux fois par an depuis la cr\u00e9ation du groupe de contact en 2010, nous organisons, \u00e0 Li\u00e8ge ou ailleurs, une journ\u00e9e d&rsquo;\u00e9tudes th\u00e9matique &#8211; 17 d\u00e9cembre 2010: Journ\u00e9e de constitution du groupe de contact &#8211; 10 mars 2011 (Universit\u00e9 de Lille 3): Contigu\u00eft\u00e9s &#8211; 21 mai 2012: Les r\u00e9cits du sensible &#8211; 17 d\u00e9cembre 2012: [&hellip;]<\/p>\n","protected":false},"author":2,"featured_media":0,"parent":0,"menu_order":0,"comment_status":"closed","ping_status":"closed","template":"","meta":{"footnotes":""},"class_list":["post-3634","page","type-page","status-publish","hentry"],"_links":{"self":[{"href":"http:\/\/web.philo.ulg.ac.be\/culturessensibles\/wp-json\/wp\/v2\/pages\/3634","targetHints":{"allow":["GET"]}}],"collection":[{"href":"http:\/\/web.philo.ulg.ac.be\/culturessensibles\/wp-json\/wp\/v2\/pages"}],"about":[{"href":"http:\/\/web.philo.ulg.ac.be\/culturessensibles\/wp-json\/wp\/v2\/types\/page"}],"author":[{"embeddable":true,"href":"http:\/\/web.philo.ulg.ac.be\/culturessensibles\/wp-json\/wp\/v2\/users\/2"}],"replies":[{"embeddable":true,"href":"http:\/\/web.philo.ulg.ac.be\/culturessensibles\/wp-json\/wp\/v2\/comments?post=3634"}],"version-history":[{"count":5,"href":"http:\/\/web.philo.ulg.ac.be\/culturessensibles\/wp-json\/wp\/v2\/pages\/3634\/revisions"}],"predecessor-version":[{"id":4991,"href":"http:\/\/web.philo.ulg.ac.be\/culturessensibles\/wp-json\/wp\/v2\/pages\/3634\/revisions\/4991"}],"wp:attachment":[{"href":"http:\/\/web.philo.ulg.ac.be\/culturessensibles\/wp-json\/wp\/v2\/media?parent=3634"}],"curies":[{"name":"wp","href":"https:\/\/api.w.org\/{rel}","templated":true}]}}