{"id":3648,"date":"2014-08-01T16:40:47","date_gmt":"2014-08-01T15:40:47","guid":{"rendered":"http:\/\/web.philo.ulg.ac.be\/culturessensibles\/?page_id=3648"},"modified":"2016-12-01T16:34:42","modified_gmt":"2016-12-01T15:34:42","slug":"agora","status":"publish","type":"page","link":"http:\/\/web.philo.ulg.ac.be\/culturessensibles\/agora\/","title":{"rendered":"Agora"},"content":{"rendered":"<div class=\"heading-wrapper\"><h6><span class=\"heading-line-left\"><\/span><strong>\n<h4><strong>agora<\/strong><\/h4>\n<\/strong><span class=\"heading-line-right\"><\/span><\/h6><\/div>\n<p style=\"text-align: justify;\"><em>Agora<\/em> est la section collaborative de <em>Cultures sensibles<\/em>. Elle comporte deux rubriques. La <strong> <a href=\"http:\/\/web.philo.ulg.ac.be\/culturessensibles\/notes-et-commentaires\/\">premi\u00e8re<\/a><\/strong> est destin\u00e9e \u00e0 recevoir les commentaires des lecteurs du site et, si le besoin s&rsquo;en fait sentir, \u00e0 ouvrir la discussion. La\u00a0<a href=\"http:\/\/web.philo.ulg.ac.be\/culturessensibles\/bibliographie-collaborative-resultats\/\" target=\"_blank\"><strong>seconde<\/strong><\/a> rubrique est d\u00e9volue \u00e0 la bibliographie du sensible, chacun \u00e9tant invit\u00e9 \u00e0 y d\u00e9poser et, \u00e9ventuellement, \u00e0 y commenter les r\u00e9f\u00e9rences qui lui sont famili\u00e8res ou qui lui semblent importantes.<\/p>\n","protected":false},"excerpt":{"rendered":"<p>Agora est la section collaborative de Cultures sensibles. Elle comporte deux rubriques. La premi\u00e8re est destin\u00e9e \u00e0 recevoir les commentaires des lecteurs du site et, si le besoin s&rsquo;en fait sentir, \u00e0 ouvrir la discussion. La\u00a0seconde rubrique est d\u00e9volue \u00e0 la bibliographie du sensible, chacun \u00e9tant invit\u00e9 \u00e0 y d\u00e9poser et, \u00e9ventuellement, \u00e0 y commenter [&hellip;]<\/p>\n","protected":false},"author":2,"featured_media":0,"parent":0,"menu_order":0,"comment_status":"closed","ping_status":"closed","template":"","meta":{"footnotes":""},"class_list":["post-3648","page","type-page","status-publish","hentry"],"_links":{"self":[{"href":"http:\/\/web.philo.ulg.ac.be\/culturessensibles\/wp-json\/wp\/v2\/pages\/3648","targetHints":{"allow":["GET"]}}],"collection":[{"href":"http:\/\/web.philo.ulg.ac.be\/culturessensibles\/wp-json\/wp\/v2\/pages"}],"about":[{"href":"http:\/\/web.philo.ulg.ac.be\/culturessensibles\/wp-json\/wp\/v2\/types\/page"}],"author":[{"embeddable":true,"href":"http:\/\/web.philo.ulg.ac.be\/culturessensibles\/wp-json\/wp\/v2\/users\/2"}],"replies":[{"embeddable":true,"href":"http:\/\/web.philo.ulg.ac.be\/culturessensibles\/wp-json\/wp\/v2\/comments?post=3648"}],"version-history":[{"count":2,"href":"http:\/\/web.philo.ulg.ac.be\/culturessensibles\/wp-json\/wp\/v2\/pages\/3648\/revisions"}],"predecessor-version":[{"id":5154,"href":"http:\/\/web.philo.ulg.ac.be\/culturessensibles\/wp-json\/wp\/v2\/pages\/3648\/revisions\/5154"}],"wp:attachment":[{"href":"http:\/\/web.philo.ulg.ac.be\/culturessensibles\/wp-json\/wp\/v2\/media?parent=3648"}],"curies":[{"name":"wp","href":"https:\/\/api.w.org\/{rel}","templated":true}]}}