{"id":3651,"date":"2014-08-02T10:02:35","date_gmt":"2014-08-02T09:02:35","guid":{"rendered":"http:\/\/web.philo.ulg.ac.be\/culturessensibles\/?page_id=3651"},"modified":"2014-08-02T10:07:16","modified_gmt":"2014-08-02T09:07:16","slug":"les-recits-du-sensible","status":"publish","type":"page","link":"http:\/\/web.philo.ulg.ac.be\/culturessensibles\/les-recits-du-sensible\/","title":{"rendered":"Les r\u00e9cits du sensible &#8211; journ\u00e9e d&rsquo;\u00e9tudes du 21 mai 2012"},"content":{"rendered":"<p style=\"text-align: center;\"><a href=\"http:\/\/web.philo.ulg.ac.be\/culturessensibles\/wp-content\/uploads\/sites\/34\/2014\/08\/21-MAI-2012.jpg\"><img loading=\"lazy\" decoding=\"async\" class=\"alignnone size-medium wp-image-3644\" src=\"http:\/\/web.philo.ulg.ac.be\/culturessensibles\/wp-content\/uploads\/sites\/34\/2014\/08\/21-MAI-2012-212x300.jpg\" alt=\"r\u008ecite.indd\" width=\"212\" height=\"300\" srcset=\"http:\/\/web.philo.ulg.ac.be\/culturessensibles\/wp-content\/uploads\/sites\/34\/2014\/08\/21-MAI-2012-212x300.jpg 212w, http:\/\/web.philo.ulg.ac.be\/culturessensibles\/wp-content\/uploads\/sites\/34\/2014\/08\/21-MAI-2012.jpg 612w\" sizes=\"auto, (max-width: 212px) 100vw, 212px\" \/><\/a><\/p>\n","protected":false},"excerpt":{"rendered":"","protected":false},"author":2,"featured_media":0,"parent":0,"menu_order":0,"comment_status":"open","ping_status":"open","template":"","meta":{"footnotes":""},"class_list":["post-3651","page","type-page","status-publish","hentry"],"_links":{"self":[{"href":"http:\/\/web.philo.ulg.ac.be\/culturessensibles\/wp-json\/wp\/v2\/pages\/3651","targetHints":{"allow":["GET"]}}],"collection":[{"href":"http:\/\/web.philo.ulg.ac.be\/culturessensibles\/wp-json\/wp\/v2\/pages"}],"about":[{"href":"http:\/\/web.philo.ulg.ac.be\/culturessensibles\/wp-json\/wp\/v2\/types\/page"}],"author":[{"embeddable":true,"href":"http:\/\/web.philo.ulg.ac.be\/culturessensibles\/wp-json\/wp\/v2\/users\/2"}],"replies":[{"embeddable":true,"href":"http:\/\/web.philo.ulg.ac.be\/culturessensibles\/wp-json\/wp\/v2\/comments?post=3651"}],"version-history":[{"count":0,"href":"http:\/\/web.philo.ulg.ac.be\/culturessensibles\/wp-json\/wp\/v2\/pages\/3651\/revisions"}],"wp:attachment":[{"href":"http:\/\/web.philo.ulg.ac.be\/culturessensibles\/wp-json\/wp\/v2\/media?parent=3651"}],"curies":[{"name":"wp","href":"https:\/\/api.w.org\/{rel}","templated":true}]}}