{"id":3657,"date":"2014-08-02T10:19:41","date_gmt":"2014-08-02T09:19:41","guid":{"rendered":"http:\/\/web.philo.ulg.ac.be\/culturessensibles\/?page_id=3657"},"modified":"2014-08-02T10:19:59","modified_gmt":"2014-08-02T09:19:59","slug":"paysages-journee-detudes-du-17-decembre-2012","status":"publish","type":"page","link":"http:\/\/web.philo.ulg.ac.be\/culturessensibles\/paysages-journee-detudes-du-17-decembre-2012\/","title":{"rendered":"paysages &#8211; journ\u00e9e d&rsquo;\u00e9tudes du 17 d\u00e9cembre 2012"},"content":{"rendered":"<p style=\"text-align: center;\"><a href=\"http:\/\/web.philo.ulg.ac.be\/culturessensibles\/wp-content\/uploads\/sites\/34\/2014\/07\/decembre_2012.png\"><img loading=\"lazy\" decoding=\"async\" class=\"alignnone size-medium wp-image-3507\" src=\"http:\/\/web.philo.ulg.ac.be\/culturessensibles\/wp-content\/uploads\/sites\/34\/2014\/07\/decembre_2012-212x300.png\" alt=\"decembre_2012\" width=\"212\" height=\"300\" srcset=\"http:\/\/web.philo.ulg.ac.be\/culturessensibles\/wp-content\/uploads\/sites\/34\/2014\/07\/decembre_2012-212x300.png 212w, http:\/\/web.philo.ulg.ac.be\/culturessensibles\/wp-content\/uploads\/sites\/34\/2014\/07\/decembre_2012-723x1024.png 723w, http:\/\/web.philo.ulg.ac.be\/culturessensibles\/wp-content\/uploads\/sites\/34\/2014\/07\/decembre_2012.png 900w\" sizes=\"auto, (max-width: 212px) 100vw, 212px\" \/><\/a><\/p>\n","protected":false},"excerpt":{"rendered":"","protected":false},"author":2,"featured_media":0,"parent":0,"menu_order":0,"comment_status":"open","ping_status":"open","template":"","meta":{"footnotes":""},"class_list":["post-3657","page","type-page","status-publish","hentry"],"_links":{"self":[{"href":"http:\/\/web.philo.ulg.ac.be\/culturessensibles\/wp-json\/wp\/v2\/pages\/3657","targetHints":{"allow":["GET"]}}],"collection":[{"href":"http:\/\/web.philo.ulg.ac.be\/culturessensibles\/wp-json\/wp\/v2\/pages"}],"about":[{"href":"http:\/\/web.philo.ulg.ac.be\/culturessensibles\/wp-json\/wp\/v2\/types\/page"}],"author":[{"embeddable":true,"href":"http:\/\/web.philo.ulg.ac.be\/culturessensibles\/wp-json\/wp\/v2\/users\/2"}],"replies":[{"embeddable":true,"href":"http:\/\/web.philo.ulg.ac.be\/culturessensibles\/wp-json\/wp\/v2\/comments?post=3657"}],"version-history":[{"count":0,"href":"http:\/\/web.philo.ulg.ac.be\/culturessensibles\/wp-json\/wp\/v2\/pages\/3657\/revisions"}],"wp:attachment":[{"href":"http:\/\/web.philo.ulg.ac.be\/culturessensibles\/wp-json\/wp\/v2\/media?parent=3657"}],"curies":[{"name":"wp","href":"https:\/\/api.w.org\/{rel}","templated":true}]}}