{"id":3799,"date":"2014-08-03T16:00:11","date_gmt":"2014-08-03T15:00:11","guid":{"rendered":"http:\/\/web.philo.ulg.ac.be\/culturessensibles\/?page_id=3799"},"modified":"2016-12-01T15:38:33","modified_gmt":"2016-12-01T14:38:33","slug":"marc-emmanuel-melon","status":"publish","type":"page","link":"http:\/\/web.philo.ulg.ac.be\/culturessensibles\/marc-emmanuel-melon\/","title":{"rendered":"Marc-Emmanuel M\u00e9lon"},"content":{"rendered":"<div class=\"heading-wrapper\"><h6><span class=\"heading-line-left\"><\/span><strong>Membres<\/strong><span class=\"heading-line-right\"><\/span><\/h6><\/div>\n<div class=\"column column-1-3\"><div class=\"staff-wrapper\"><img decoding=\"async\" src=\"\" alt=\"\"\/><div class=\"person-name\">Marc-Emmanuel M\u00e9lon<i class=\"moon-users-2\"><\/i><\/div><div class=\"person-title\">ULg<\/div><div class=\"person-description\"><\/div><\/div><\/div>\n<div class=\"column column-2-3 column-last\">\n<div class=\"su-accordion\">\n<div class=\"su-spoiler su-spoiler-style-1 su-spoiler-open\"><div class=\"su-spoiler-title\"><i class=\"moon-arrow-right-2 spoiler-button\"><\/i><i class=\"moon-arrow-down spoiler-button spoiler-active\"><\/i><strong>Pr\u00e9sentation<\/strong><\/div><div class=\"su-spoiler-content\" style=\"display:block\">\n<p style=\"text-align: justify;\">Marc-Emmanuel M\u00e9lon est professeur \u00e0 l\u2019Universit\u00e9 de Li\u00e8ge o\u00f9 il enseigne l\u2019histoire et l\u2019esth\u00e9tique de la photographie, du cin\u00e9ma, de la vid\u00e9o et des arts visuels, envisag\u00e9s globalement sous l\u2019angle g\u00e9n\u00e9ral de l\u2019histoire culturelle de la production du sens. Ses recherches actuelles portent sur la photographie ancienne (en particulier ses usages non artistiques), le discours photographique, l\u2019esth\u00e9tique de la profondeur (du trompe-l\u2019\u0153il \u00e0 la 3D), l\u2019all\u00e9gorie visuelle et le cin\u00e9ma de non-fiction en Belgique.<\/p>\n<p style=\"text-align: justify;\"><\/div><\/div>\n<div class=\"su-spoiler su-spoiler-style-1\"><div class=\"su-spoiler-title\"><i class=\"moon-arrow-right-2 spoiler-button\"><\/i><i class=\"moon-arrow-down spoiler-button spoiler-active\"><\/i><strong>Publications r\u00e9centes<\/strong><\/div><div class=\"su-spoiler-content\">\n<ul>\n<li style=\"text-align: justify;\">2014\u00a0: \u00ab\u00a0Portrait de l\u2019\u00e9crivain <em>absorb\u00e9<\/em>\u00a0\u00bb, <em>COnTEXTES<\/em>. Revue de sociologie de la litt\u00e9rature [En ligne], n\u00b014\u00a0: \u00ab\u00a0Le portrait photographique d\u2019\u00e9crivain\u00a0\u00bb, n\u00b0 dirig\u00e9 par Jean-Pierre Bertrand, Pascal Durand et Martine Lavaud, mis en ligne le 17 juin 2014. URL\u00a0: http:\/\/contextes.revues.org\/5939\u00a0; DOI\u00a0: 10.4000\/contextes.5939<\/li>\n<li style=\"text-align: justify;\">2013\u00a0: Jacqueline Aubenas, Emmanuel d\u2019Autreppe, Jean Breschand, Marc-Emmanuel M\u00e9lon, Serge Meurant, Jean-Luc Outers (auteurs) et Francis Dujardin (dir.), <em>Regards sur le r\u00e9el. 20 documentaires du 20<sup>e<\/sup> si\u00e8cle<\/em>, Bruxelles, Cin\u00e9math\u00e8que de la F\u00e9d\u00e9ration Wallonie-Bruxelles et Crisn\u00e9e, \u00e9d. Yellow Now, coll. \u00ab\u00a0C\u00f4t\u00e9 cin\u00e9ma\u00a0\u00bb, pp. 53-88, 197-210, 259-270.<\/li>\n<li style=\"text-align: justify;\">2013\u00a0: \u00ab\u00a0L\u2019espace cin\u00e9matographique en 3-D\u00a0: au-del\u00e0 de l\u2019illusion\u00a0\u00bb in Francesco Federici et Cosetta G. Saba (dir.), <em>Cin\u00e9ma\u00a0: immersivit\u00e9, surface, exposition<\/em>, Pasian di Prato, Campanotto Editore, coll. \u00ab\u00a0Zeta Cinema\u00a0\u00bb, pp. 57-68.<\/li>\n<li style=\"text-align: justify;\">2012 : \u00ab\u00a0La photographie\u00a0\u00bb et \u00ab\u00a0Le cin\u00e9ma et les arts audiovisuels\u00a0\u00bb in Bruno Demoulin (dir.) <em>Histoire culturelle de la Wallonie<\/em>. Anvers, Fonds Mercator, pp. 304-325.<\/li>\n<li style=\"text-align: justify;\">2011\u00a0: \u00ab\u00a0Paradoxe esth\u00e9tique et ambigu\u00eft\u00e9s sociales d\u2019un documentaire photographique : <em>La Houill\u00e8re<\/em> de Gustave Marissiaux (1904-1905)\u00a0\u00bb in <em>Art &amp; Fact. Revue des historiens de l\u2019art, des arch\u00e9ologues et des musicologues de l\u2019Universit\u00e9 de Li\u00e8ge<\/em>, n\u00b030, \u00ab\u00a0Art et industrie\u00a0\u00bb, Universit\u00e9 de Li\u00e8ge, pp. 146-156.<\/li>\n<\/ul>\n<\/div><\/div>\n<div class=\"su-spoiler su-spoiler-style-1\"><div class=\"su-spoiler-title\"><i class=\"moon-arrow-right-2 spoiler-button\"><\/i><i class=\"moon-arrow-down spoiler-button spoiler-active\"><\/i><strong>Adresse de contact<\/strong><\/div><div class=\"su-spoiler-content\">\n<p style=\"text-align: justify;\"><a href=\"mailto:ME.Melon@ulg.ac.be\">ME.Melon@ulg.ac.be<\/a><\/p>\n<\/div><\/div>\n<\/div>\n<\/div><div class=\"clear\"><\/div>\n","protected":false},"excerpt":{"rendered":"","protected":false},"author":2,"featured_media":0,"parent":0,"menu_order":0,"comment_status":"closed","ping_status":"closed","template":"","meta":{"footnotes":""},"class_list":["post-3799","page","type-page","status-publish","hentry"],"_links":{"self":[{"href":"http:\/\/web.philo.ulg.ac.be\/culturessensibles\/wp-json\/wp\/v2\/pages\/3799","targetHints":{"allow":["GET"]}}],"collection":[{"href":"http:\/\/web.philo.ulg.ac.be\/culturessensibles\/wp-json\/wp\/v2\/pages"}],"about":[{"href":"http:\/\/web.philo.ulg.ac.be\/culturessensibles\/wp-json\/wp\/v2\/types\/page"}],"author":[{"embeddable":true,"href":"http:\/\/web.philo.ulg.ac.be\/culturessensibles\/wp-json\/wp\/v2\/users\/2"}],"replies":[{"embeddable":true,"href":"http:\/\/web.philo.ulg.ac.be\/culturessensibles\/wp-json\/wp\/v2\/comments?post=3799"}],"version-history":[{"count":4,"href":"http:\/\/web.philo.ulg.ac.be\/culturessensibles\/wp-json\/wp\/v2\/pages\/3799\/revisions"}],"predecessor-version":[{"id":5079,"href":"http:\/\/web.philo.ulg.ac.be\/culturessensibles\/wp-json\/wp\/v2\/pages\/3799\/revisions\/5079"}],"wp:attachment":[{"href":"http:\/\/web.philo.ulg.ac.be\/culturessensibles\/wp-json\/wp\/v2\/media?parent=3799"}],"curies":[{"name":"wp","href":"https:\/\/api.w.org\/{rel}","templated":true}]}}