{"id":3843,"date":"2014-08-04T16:46:36","date_gmt":"2014-08-04T15:46:36","guid":{"rendered":"http:\/\/web.philo.ulg.ac.be\/culturessensibles\/?page_id=3843"},"modified":"2016-12-01T16:14:58","modified_gmt":"2016-12-01T15:14:58","slug":"charlotte-breda","status":"publish","type":"page","link":"http:\/\/web.philo.ulg.ac.be\/culturessensibles\/charlotte-breda\/","title":{"rendered":"Charlotte Breda"},"content":{"rendered":"<div class=\"heading-wrapper\"><h6><span class=\"heading-line-left\"><\/span><strong>Membres<\/strong><span class=\"heading-line-right\"><\/span><\/h6><\/div>\n<div class=\"column column-1-3\"><div class=\"staff-wrapper\"><img decoding=\"async\" src=\"\" alt=\"\"\/><div class=\"person-name\">Charlotte Breda<i class=\"moon-users-2\"><\/i><\/div><div class=\"person-title\">UCL<\/div><div class=\"person-description\"><\/div><\/div><\/div>\n<div class=\"column column-2-3 column-last\">\n<div class=\"su-accordion\">\n<div class=\"su-spoiler su-spoiler-style-1 su-spoiler-open\"><div class=\"su-spoiler-title\"><i class=\"moon-arrow-right-2 spoiler-button\"><\/i><i class=\"moon-arrow-down spoiler-button spoiler-active\"><\/i><strong>Pr\u00e9sentation<\/strong><\/div><div class=\"su-spoiler-content\" style=\"display:block\">\n<p style=\"text-align: justify;\">Charlotte Br\u00e9da est doctorante en anthropologie \u00e0 l\u2019Universit\u00e9 de Louvain (Louvain-la-Neuve). A partir d\u2019une ethnographie du ph\u00e9nom\u00e8ne d\u2019\u00e9rosion du littoral dans la r\u00e9gion de la C\u00f4te-Nord, au Qu\u00e9bec, ses recherches portent sur les modalit\u00e9s de coexistence des rapports \u00e0 la nature, la place qu\u2019occupent les exp\u00e9riences sensibles du littoral et les diff\u00e9rents savoirs qui y sont li\u00e9s. Ses int\u00e9r\u00eats se situent au croisement des d\u00e9bats qui animent l\u2019anthropologie de la nature, l\u2019anthropologie des sciences et l\u2019\u00e9cologie politique.<\/p>\n<p style=\"text-align: justify;\">Parall\u00e8lement, elle poursuit ses recherches dans le domaine de l&rsquo;anthropologie mus\u00e9ale o\u00f9 les pratiques et les discours sont appr\u00e9hend\u00e9s comme les r\u00e9v\u00e9lateurs et les op\u00e9rateurs de relations entre les cultures.<\/p>\n<\/div><\/div>\n<div class=\"su-spoiler su-spoiler-style-1\"><div class=\"su-spoiler-title\"><i class=\"moon-arrow-right-2 spoiler-button\"><\/i><i class=\"moon-arrow-down spoiler-button spoiler-active\"><\/i><strong>Adresse de contact<\/strong><\/div><div class=\"su-spoiler-content\">\n<p><a href=\"mailto:charlotte.breda@uclouvain.be\">charlotte.breda@uclouvain.be<\/a><\/p>\n<\/div><\/div>\n<\/div>\n<\/div><div class=\"clear\"><\/div>\n","protected":false},"excerpt":{"rendered":"","protected":false},"author":2,"featured_media":0,"parent":0,"menu_order":0,"comment_status":"closed","ping_status":"closed","template":"","meta":{"footnotes":""},"class_list":["post-3843","page","type-page","status-publish","hentry"],"_links":{"self":[{"href":"http:\/\/web.philo.ulg.ac.be\/culturessensibles\/wp-json\/wp\/v2\/pages\/3843","targetHints":{"allow":["GET"]}}],"collection":[{"href":"http:\/\/web.philo.ulg.ac.be\/culturessensibles\/wp-json\/wp\/v2\/pages"}],"about":[{"href":"http:\/\/web.philo.ulg.ac.be\/culturessensibles\/wp-json\/wp\/v2\/types\/page"}],"author":[{"embeddable":true,"href":"http:\/\/web.philo.ulg.ac.be\/culturessensibles\/wp-json\/wp\/v2\/users\/2"}],"replies":[{"embeddable":true,"href":"http:\/\/web.philo.ulg.ac.be\/culturessensibles\/wp-json\/wp\/v2\/comments?post=3843"}],"version-history":[{"count":5,"href":"http:\/\/web.philo.ulg.ac.be\/culturessensibles\/wp-json\/wp\/v2\/pages\/3843\/revisions"}],"predecessor-version":[{"id":5121,"href":"http:\/\/web.philo.ulg.ac.be\/culturessensibles\/wp-json\/wp\/v2\/pages\/3843\/revisions\/5121"}],"wp:attachment":[{"href":"http:\/\/web.philo.ulg.ac.be\/culturessensibles\/wp-json\/wp\/v2\/media?parent=3843"}],"curies":[{"name":"wp","href":"https:\/\/api.w.org\/{rel}","templated":true}]}}