{"id":3847,"date":"2014-08-04T16:50:47","date_gmt":"2014-08-04T15:50:47","guid":{"rendered":"http:\/\/web.philo.ulg.ac.be\/culturessensibles\/?page_id=3847"},"modified":"2016-12-01T16:16:53","modified_gmt":"2016-12-01T15:16:53","slug":"bernard-charlier","status":"publish","type":"page","link":"http:\/\/web.philo.ulg.ac.be\/culturessensibles\/bernard-charlier\/","title":{"rendered":"Bernard Charlier"},"content":{"rendered":"<div class=\"heading-wrapper\"><h6><span class=\"heading-line-left\"><\/span><strong>Membres<\/strong><span class=\"heading-line-right\"><\/span><\/h6><\/div>\n<div class=\"column column-1-3\"><div class=\"staff-wrapper\"><img decoding=\"async\" src=\"\" alt=\"\"\/><div class=\"person-name\">Bernard Charlier<i class=\"moon-users-2\"><\/i><\/div><div class=\"person-title\">UCL<\/div><div class=\"person-description\"><\/div><\/div><\/div>\n<div class=\"column column-2-3 column-last\">\n<div class=\"su-accordion\">\n<div class=\"su-spoiler su-spoiler-style-1 su-spoiler-open\"><div class=\"su-spoiler-title\"><i class=\"moon-arrow-right-2 spoiler-button\"><\/i><i class=\"moon-arrow-down spoiler-button spoiler-active\"><\/i><strong>Pr\u00e9sentation<\/strong><\/div><div class=\"su-spoiler-content\" style=\"display:block\">\n<p style=\"text-align: justify;\">Bernard CHARLIER est titulaire d\u2019une th\u00e8se de doctorat qu\u2019il a r\u00e9alis\u00e9e \u00e0 l\u2019Universit\u00e9 de Cambridge sous la direction de Caroline Humphrey. Sa th\u00e8se porte sur les relations entre des \u00e9leveurs nomades vivant dans l\u2019ouest de la Mongolie et les loups. Ses recherches ont fournit la base d\u2019une monographie intitul\u00e9e <em>Faces of the Wolf. Managing the Human, Non-human Boundary in Mongolia <\/em>\u00e0 para\u00eetre chez Brill. Gr\u00e2ce \u00e0 l\u2019obtention d\u2019une bourse postdoctorale de la fondation Fyssen, il a r\u00e9alis\u00e9 une recherche sur le statut des animaux consacr\u00e9s en Mongolie de l\u2019Ouest et leur mise en figuration (<em>Annales de la fondation Fyssen 27<\/em>) sous la direction de Philippe Descola. Il est actuellement R\u00e9dacteur en Chef de la revue internationale de sociologie de religion <em>Social Compass<\/em> \u00e0 l\u2019Universit\u00e9 de Louvain-la-Neuve. Il est en outre Chercheur affili\u00e9 au LAAP (Laboratoire d\u2019anthropologie prospective) de l\u2019Universit\u00e9 de Louvain-la-Neuve, au LAS (Laboratoire d\u2019anthropologie sociale) du Coll\u00e8ge de France, et au MIASU (Mongolia and Inner Asia Studies Unit) de l\u2019Universit\u00e9 de Cambridge (Grande-Bretagne)<\/p>\n<\/div><\/div>\n<div class=\"su-spoiler su-spoiler-style-1\"><div class=\"su-spoiler-title\"><i class=\"moon-arrow-right-2 spoiler-button\"><\/i><i class=\"moon-arrow-down spoiler-button spoiler-active\"><\/i><strong>Bibliographie s\u00e9lective<\/strong><\/div><div class=\"su-spoiler-content\">\n<ul>\n<li style=\"text-align: justify;\"><em>Faces of the Wolf<\/em>. <em>Managing the Human, Non-human Boundary in Mongolia<\/em>, Brill, Boston\/Leiden, 2015 (\u00e0 para\u00eetre)<\/li>\n<li style=\"text-align: justify;\">\u00ab Du chasseur au loup, de l\u2019\u00e9leveur au chien: garder l\u2019animal \u00e0 bonne distance en Mongolie de l\u2019Ouest \u00bb, in Fr\u00e9d\u00e9ric Laugrand, Mich\u00e8le Cros et Julien Bondaz (dirs),<em>Visions du monde animal &#8211; m\u00e9diations ordinaires, brouillages ontologiques et cosmologies <\/em><em>autochtones<\/em>, Archives contemporaines (\u00e0 para\u00eetre), 2014.<\/li>\n<li style=\"text-align: justify;\">(avec Charles St\u00e9panoff) \u00abAnimaux consacr\u00e9s\u00bb, in Charles St\u00e9panoff, Carole Ferret, Ga\u00eblle Lacaze et Julien Thorez (dirs), <em>Nomadismes d\u2019Asie centrale et septentrionale<\/em>, Paris, Armand Colin, 2013, pp. 209-211.<\/li>\n<li style=\"text-align: justify;\">\u00abLe pays natal en Mongolie\u00bb, in Charles St\u00e9panoff, Carole Ferret, Ga\u00eblle Lacaze et Julien Thorez (dirs), <em>Nomadismes d\u2019Asie centrale et septentrionale<\/em>, Paris, Armand Colin, 2013, pp. 103-105.<\/li>\n<li style=\"text-align: justify;\">\u00abTwo temporalities of the Mongolian wolf hunter\u00bb, in Luna Filipovic et Kasia Jaszczolt (dirs.), <em>Space and Time in Languages and Cultures. Language, culture and cognition<\/em>, Philadelphia\/Amsterdam, John Benjamin Books, 2012, pp. 121-142.<\/li>\n<li style=\"text-align: justify;\">Dessiner pour consacrer. Interpr\u00e9tation d\u2019un rituel de cons\u00e9cration d\u2019animaux en Mongolie de l\u2019Ouest \/ Drawing to consecrate. Interpretation of a ritual of consecration of animals in west Mongolia, <em>Annales de la fondation Fyssen<\/em> 27: 7-21, 2012.<\/li>\n<\/ul>\n<\/div><\/div>\n<div class=\"su-spoiler su-spoiler-style-1\"><div class=\"su-spoiler-title\"><i class=\"moon-arrow-right-2 spoiler-button\"><\/i><i class=\"moon-arrow-down spoiler-button spoiler-active\"><\/i><strong>Adresse de contact<\/strong><\/div><div class=\"su-spoiler-content\">\n<p><a href=\"mailto:bernardcharlier@hotmail.com\">bernardcharlier@hotmail.com<\/a><\/p>\n<\/div><\/div>\n<\/div>\n<\/div><div class=\"clear\"><\/div>\n","protected":false},"excerpt":{"rendered":"","protected":false},"author":2,"featured_media":0,"parent":0,"menu_order":0,"comment_status":"closed","ping_status":"closed","template":"","meta":{"footnotes":""},"class_list":["post-3847","page","type-page","status-publish","hentry"],"_links":{"self":[{"href":"http:\/\/web.philo.ulg.ac.be\/culturessensibles\/wp-json\/wp\/v2\/pages\/3847","targetHints":{"allow":["GET"]}}],"collection":[{"href":"http:\/\/web.philo.ulg.ac.be\/culturessensibles\/wp-json\/wp\/v2\/pages"}],"about":[{"href":"http:\/\/web.philo.ulg.ac.be\/culturessensibles\/wp-json\/wp\/v2\/types\/page"}],"author":[{"embeddable":true,"href":"http:\/\/web.philo.ulg.ac.be\/culturessensibles\/wp-json\/wp\/v2\/users\/2"}],"replies":[{"embeddable":true,"href":"http:\/\/web.philo.ulg.ac.be\/culturessensibles\/wp-json\/wp\/v2\/comments?post=3847"}],"version-history":[{"count":4,"href":"http:\/\/web.philo.ulg.ac.be\/culturessensibles\/wp-json\/wp\/v2\/pages\/3847\/revisions"}],"predecessor-version":[{"id":5124,"href":"http:\/\/web.philo.ulg.ac.be\/culturessensibles\/wp-json\/wp\/v2\/pages\/3847\/revisions\/5124"}],"wp:attachment":[{"href":"http:\/\/web.philo.ulg.ac.be\/culturessensibles\/wp-json\/wp\/v2\/media?parent=3847"}],"curies":[{"name":"wp","href":"https:\/\/api.w.org\/{rel}","templated":true}]}}