{"id":3854,"date":"2014-08-04T17:22:01","date_gmt":"2014-08-04T16:22:01","guid":{"rendered":"http:\/\/web.philo.ulg.ac.be\/culturessensibles\/?page_id=3854"},"modified":"2016-12-01T16:08:51","modified_gmt":"2016-12-01T15:08:51","slug":"bertrand-verine","status":"publish","type":"page","link":"http:\/\/web.philo.ulg.ac.be\/culturessensibles\/bertrand-verine\/","title":{"rendered":"Bertrand Verine"},"content":{"rendered":"<div class=\"heading-wrapper\"><h6><span class=\"heading-line-left\"><\/span><strong>Membres<\/strong><span class=\"heading-line-right\"><\/span><\/h6><\/div>\n<div class=\"column column-1-3\"><div class=\"staff-wrapper\"><img decoding=\"async\" src=\"\" alt=\"\"\/><div class=\"person-name\">Bertrand Verine<i class=\"moon-users-2\"><\/i><\/div><div class=\"person-title\">Universit\u00e9 de Montpellier 3<\/div><div class=\"person-description\"><\/div><\/div><\/div>\n<div class=\"column column-2-3 column-last\">\n<div class=\"su-accordion\">\n<div class=\"su-spoiler su-spoiler-style-1 su-spoiler-open\"><div class=\"su-spoiler-title\"><i class=\"moon-arrow-right-2 spoiler-button\"><\/i><i class=\"moon-arrow-down spoiler-button spoiler-active\"><\/i><strong>Pr\u00e9sentation<\/strong><\/div><div class=\"su-spoiler-content\" style=\"display:block\">\n<p style=\"text-align: justify;\">J\u2019enseigne la linguistique textuelle \u00e0 l\u2019universit\u00e9 Montpellier\u00a03 (laboratoire Praxiling UMR CNRS 5267). Je suis \u00e9galement administrateur b\u00e9n\u00e9vole de plusieurs associations fran\u00e7aises de personnes d\u00e9ficientes visuelles. J\u2019ai t\u00e9moign\u00e9 de mon exp\u00e9rience du toucher dans le film de Benjamin D\u2019Aoust <em>La Nuit qu\u2019on suppose<\/em>, Magritte 2014 du long m\u00e9trage documentaire.<\/p>\n<\/div><\/div>\n<div class=\"su-spoiler su-spoiler-style-1\"><div class=\"su-spoiler-title\"><i class=\"moon-arrow-right-2 spoiler-button\"><\/i><i class=\"moon-arrow-down spoiler-button spoiler-active\"><\/i><strong>Recherches<\/strong><\/div><div class=\"su-spoiler-content\">\n<p style=\"text-align: justify;\">\u00c0 l\u2019occasion du bicentenaire de la naissance de Louis Braille en 2009, j\u2019ai lanc\u00e9 deux programmes de recherche pluridisciplinaires sur les sensations minor\u00e9es\u00a0:<\/p>\n<p style=\"text-align: justify;\"><em>Dire le non-visuel<\/em>\u00a0: ce concours d\u2019\u00e9criture a recueilli 135 textes courts de t\u00e9moignage et d\u2019imagination\u00a0; leur \u00e9tude par neuf chercheurs (historiens, linguistes et psychologues) donne mati\u00e8re au volume\u00a02 de la collection Cultures sensibles des PULG.<\/p>\n<p style=\"text-align: justify;\"><em>Description verbale et perception haptique<\/em>\u00a0: trente informateurs (dix aveugles pr\u00e9coces, dix aveugles tardifs et dix voyants aux yeux band\u00e9s) ont \u00e9t\u00e9 film\u00e9es lors de t\u00e2ches consistant \u00e0 d\u00e9crire des personnes (absentes) et des objets (d\u00e9couverts par le toucher)\u00a0; ce corpus est en cours d\u2019analyse par des psychologues de l\u2019universit\u00e9 Grenoble\u00a02 et des linguistes de l\u2019universit\u00e9 Montpellier\u00a03.<\/p>\n<\/div><\/div>\n<div class=\"su-spoiler su-spoiler-style-1\"><div class=\"su-spoiler-title\"><i class=\"moon-arrow-right-2 spoiler-button\"><\/i><i class=\"moon-arrow-down spoiler-button spoiler-active\"><\/i><strong>Publications<\/strong><\/div><div class=\"su-spoiler-content\">\n<ul>\n<li style=\"text-align: justify;\">2014, <em>Dire le non-visuel\u00a0: approche pluridisciplinaire des perceptions autres que la vue<\/em>, Li\u00e8ge\u00a0: P.U. (Cultures sensibles\u00a02).<\/li>\n<li style=\"text-align: justify;\">2013, \u00ab\u00a0N\u00e3o podemos ver, n\u00e3o devemos tocar\u00a0: quais as repercuss\u00f5es dessa m\u00e1xima no discurso das pessoas cegas\u00a0?\u00a0\u00bb, <em>Benjamin Constant<\/em>, vol. 9, edi\u00e7\u00e3o especial, \u00ab\u00a0Defici\u00eancia visual, pr\u00e1ticas de pesquisa e produ\u00e7\u00e3o de subjetividade\u00a0\u00bb, p. 6-19 (ISSN 1414-6339).<\/li>\n<li style=\"text-align: justify;\">2011, \u00ab\u00a0L\u2019imaginaire des personnes aveugles et la repr\u00e9sentation des perceptions en discours\u00a0\u00bb, <em>Voir\u00a0barr\u00e9<\/em> 38-39, \u00ab\u00a0Rep\u00e8res culturels de la c\u00e9cit\u00e9. II\u00a0\u00bb, p. 154-158.<\/li>\n<li style=\"text-align: justify;\">2009 (\u00e9d.), <em>L\u2019Autre beaut\u00e9 du monde<\/em>, Lyon\u00a0: \u00c9ditions de la Loupe.<\/li>\n<li style=\"text-align: justify;\">2008, en collaboration avec Philippe Franck, \u00ab\u00a0Au pays d\u2019Eros aveugle\u00a0\u00bb, <em>Les Brigittines<\/em> 4, p.\u00a021-24.<\/li>\n<li style=\"text-align: justify;\">2007, \u00ab\u00a0\u00c0 la recherche du point de vue aveugle\u00a0\u00bb, <em>in<\/em> R. Dutry &amp; B. de Patoul, <em>Voir barr\u00e9<\/em> 34-35, \u00ab\u00a0La peinture dans le noir\u00a0: contributions \u00e0 une th\u00e9orie du partage des sensibles\u00a0\u00bb, p. 99-115.<\/li>\n<\/ul>\n<\/div><\/div>\n<div class=\"su-spoiler su-spoiler-style-1\"><div class=\"su-spoiler-title\"><i class=\"moon-arrow-right-2 spoiler-button\"><\/i><i class=\"moon-arrow-down spoiler-button spoiler-active\"><\/i><strong>Adresse de contact<\/strong><\/div><div class=\"su-spoiler-content\">\n<p><a href=\"mailto:bertrand.verine@univ-montp3.fr\">bertrand.verine@univ-montp3.fr<\/a><\/p>\n<\/div><\/div>\n<div class=\"su-spoiler su-spoiler-style-1\"><div class=\"su-spoiler-title\"><i class=\"moon-arrow-right-2 spoiler-button\"><\/i><i class=\"moon-arrow-down spoiler-button spoiler-active\"><\/i><strong>Page personnelle<\/strong><\/div><div class=\"su-spoiler-content\">\n<p><a href=\"http:\/\/praxiling.fr\" target=\"_blank\">http:\/\/praxiling.fr<\/a><\/p>\n<\/div><\/div>\n<\/div>\n<\/div><div class=\"clear\"><\/div>\n","protected":false},"excerpt":{"rendered":"","protected":false},"author":2,"featured_media":0,"parent":0,"menu_order":0,"comment_status":"closed","ping_status":"closed","template":"","meta":{"footnotes":""},"class_list":["post-3854","page","type-page","status-publish","hentry"],"_links":{"self":[{"href":"http:\/\/web.philo.ulg.ac.be\/culturessensibles\/wp-json\/wp\/v2\/pages\/3854","targetHints":{"allow":["GET"]}}],"collection":[{"href":"http:\/\/web.philo.ulg.ac.be\/culturessensibles\/wp-json\/wp\/v2\/pages"}],"about":[{"href":"http:\/\/web.philo.ulg.ac.be\/culturessensibles\/wp-json\/wp\/v2\/types\/page"}],"author":[{"embeddable":true,"href":"http:\/\/web.philo.ulg.ac.be\/culturessensibles\/wp-json\/wp\/v2\/users\/2"}],"replies":[{"embeddable":true,"href":"http:\/\/web.philo.ulg.ac.be\/culturessensibles\/wp-json\/wp\/v2\/comments?post=3854"}],"version-history":[{"count":3,"href":"http:\/\/web.philo.ulg.ac.be\/culturessensibles\/wp-json\/wp\/v2\/pages\/3854\/revisions"}],"predecessor-version":[{"id":5113,"href":"http:\/\/web.philo.ulg.ac.be\/culturessensibles\/wp-json\/wp\/v2\/pages\/3854\/revisions\/5113"}],"wp:attachment":[{"href":"http:\/\/web.philo.ulg.ac.be\/culturessensibles\/wp-json\/wp\/v2\/media?parent=3854"}],"curies":[{"name":"wp","href":"https:\/\/api.w.org\/{rel}","templated":true}]}}