{"id":3878,"date":"2014-08-05T07:46:09","date_gmt":"2014-08-05T06:46:09","guid":{"rendered":"http:\/\/web.philo.ulg.ac.be\/culturessensibles\/?page_id=3878"},"modified":"2016-12-01T15:04:12","modified_gmt":"2016-12-01T14:04:12","slug":"michel-delville","status":"publish","type":"page","link":"http:\/\/web.philo.ulg.ac.be\/culturessensibles\/michel-delville\/","title":{"rendered":"Michel Delville"},"content":{"rendered":"<div class=\"heading-wrapper\"><h6><span class=\"heading-line-left\"><\/span><strong>Membres<\/strong><span class=\"heading-line-right\"><\/span><\/h6><\/div>\n<div class=\"column column-1-3\"><div class=\"staff-wrapper\"><img decoding=\"async\" src=\"\" alt=\"\"\/><div class=\"person-name\">Michel Delville<i class=\"moon-users-2\"><\/i><\/div><div class=\"person-title\">ULg<\/div><div class=\"person-description\"><\/div><\/div><\/div>\n<p style=\"text-align: justify;\"><div class=\"column column-2-3 column-last\">\n<div class=\"su-accordion\">\n<div class=\"su-spoiler su-spoiler-style-1 su-spoiler-open\"><div class=\"su-spoiler-title\"><i class=\"moon-arrow-right-2 spoiler-button\"><\/i><i class=\"moon-arrow-down spoiler-button spoiler-active\"><\/i><strong>Pr\u00e9sentation<\/strong><\/div><div class=\"su-spoiler-content\" style=\"display:block\">\n<p style=\"text-align: justify;\">Michel Delville enseigne la litt\u00e9rature anglaise et la litt\u00e9rature compar\u00e9e \u00e0 l\u2019Universit\u00e9 de Li\u00e8ge, o\u00f9 il dirige le Centre Interdisciplinaire de Po\u00e9tique Appliqu\u00e9e. Ses ouvrages les plus r\u00e9cents ont trait aux rapports entre texte, image et musique (Crossroads Poetics : Text, Image, Music, Film &amp; Beyond, Prague, Litteraria Pragensia, 2013) ainsi qu\u2019\u00e0 la question du go\u00fbt et du d\u00e9go\u00fbt dans l\u2019art contemporain (Food, Poetry and the Aesthetics of Consumption: Eating the Avant-Garde, New York\/Londres, Routledge, 2008). Il a co-dirig\u00e9 un ouvrage collectif en collaboration avec Viktoria von Hoffmann et Andrew Norris (Disgust. Histoire, langage, politique et esth\u00e9tique d\u2019une \u00e9motion plurielle, PULg, collection \u00ab Cultures sensibles \u00bb, 2015). Son prochain ouvrage, \u00e9crit en collaboration avec Andrew Norris, est consacr\u00e9 aux expressions culturelles de la faim.<\/p>\n<\/div><\/div>\n<div class=\"su-spoiler su-spoiler-style-1\"><div class=\"su-spoiler-title\"><i class=\"moon-arrow-right-2 spoiler-button\"><\/i><i class=\"moon-arrow-down spoiler-button spoiler-active\"><\/i><strong>Adresse de contact<\/strong><\/div><div class=\"su-spoiler-content\">\n<p style=\"text-align: justify;\"><a href=\"mailto:mdelville@ulg.ac.be\"><span id=\"OBJ_PREFIX_DWT50_com_zimbra_email\" class=\"Object\"><span id=\"OBJ_PREFIX_DWT51_com_zimbra_email\" class=\"Object\">mdelville@ulg.ac.be<\/span><\/span><\/a><\/p>\n<\/div><\/div>\n<\/div>\n<\/div><div class=\"clear\"><\/div>\n","protected":false},"excerpt":{"rendered":"","protected":false},"author":2,"featured_media":0,"parent":0,"menu_order":0,"comment_status":"closed","ping_status":"closed","template":"","meta":{"footnotes":""},"class_list":["post-3878","page","type-page","status-publish","hentry"],"_links":{"self":[{"href":"http:\/\/web.philo.ulg.ac.be\/culturessensibles\/wp-json\/wp\/v2\/pages\/3878","targetHints":{"allow":["GET"]}}],"collection":[{"href":"http:\/\/web.philo.ulg.ac.be\/culturessensibles\/wp-json\/wp\/v2\/pages"}],"about":[{"href":"http:\/\/web.philo.ulg.ac.be\/culturessensibles\/wp-json\/wp\/v2\/types\/page"}],"author":[{"embeddable":true,"href":"http:\/\/web.philo.ulg.ac.be\/culturessensibles\/wp-json\/wp\/v2\/users\/2"}],"replies":[{"embeddable":true,"href":"http:\/\/web.philo.ulg.ac.be\/culturessensibles\/wp-json\/wp\/v2\/comments?post=3878"}],"version-history":[{"count":1,"href":"http:\/\/web.philo.ulg.ac.be\/culturessensibles\/wp-json\/wp\/v2\/pages\/3878\/revisions"}],"predecessor-version":[{"id":5047,"href":"http:\/\/web.philo.ulg.ac.be\/culturessensibles\/wp-json\/wp\/v2\/pages\/3878\/revisions\/5047"}],"wp:attachment":[{"href":"http:\/\/web.philo.ulg.ac.be\/culturessensibles\/wp-json\/wp\/v2\/media?parent=3878"}],"curies":[{"name":"wp","href":"https:\/\/api.w.org\/{rel}","templated":true}]}}