{"id":3963,"date":"2014-08-06T14:59:30","date_gmt":"2014-08-06T13:59:30","guid":{"rendered":"http:\/\/web.philo.ulg.ac.be\/culturessensibles\/?page_id=3963"},"modified":"2016-12-01T16:13:56","modified_gmt":"2016-12-01T15:13:56","slug":"jean-pierre-bertrand","status":"publish","type":"page","link":"http:\/\/web.philo.ulg.ac.be\/culturessensibles\/jean-pierre-bertrand\/","title":{"rendered":"Jean-Pierre Bertrand"},"content":{"rendered":"<div class=\"heading-wrapper\"><h6><span class=\"heading-line-left\"><\/span><strong>Membres<\/strong><span class=\"heading-line-right\"><\/span><\/h6><\/div>\n<div class=\"column column-1-3\"><div class=\"staff-wrapper\"><img decoding=\"async\" src=\"\" alt=\"\"\/><div class=\"person-name\">Jean-Pierre Bertrand<i class=\"moon-users-2\"><\/i><\/div><div class=\"person-title\">ULg<\/div><div class=\"person-description\"><\/div><\/div><\/div>\n<div class=\"column column-2-3 column-last\">\n<div class=\"su-accordion\">\n<div class=\"su-spoiler su-spoiler-style-1 su-spoiler-open\"><div class=\"su-spoiler-title\"><i class=\"moon-arrow-right-2 spoiler-button\"><\/i><i class=\"moon-arrow-down spoiler-button spoiler-active\"><\/i><strong>Pr\u00e9sentation<\/strong><\/div><div class=\"su-spoiler-content\" style=\"display:block\">\n<p style=\"text-align: justify;\">Jean-Pierre Bertrand enseigne la litt\u00e9rature des XIXe et XXe si\u00e8cles et la sociologie de la litt\u00e9rature \u00e0 l&rsquo;universit\u00e9 de Li\u00e8ge. Il s&rsquo;est\u00a0notamment sp\u00e9cialis\u00e9 dans l&rsquo;histoire des formes litt\u00e9raires au XIXe si\u00e8cle et a publi\u00e9 en 2006 avec Pascal Durand <em>La modernit\u00e9 romantique. De Lamartine \u00e0 Nerval<\/em>\u00a0\u00a0(Impressions nouvelles) et <em>Les Po\u00e8tes de la modernit\u00e9. De Baudelaire \u00e0 Apollinaire<\/em>\u00a0(Seuil). Il a r\u00e9\u00e9dit\u00e9 en \u00ab\u00a0GF\u00a0\u00bb quelques textes marquants de la litt\u00e9rature \u00ab\u00a0fin de si\u00e8cle\u00a0\u00bb : Laforgue, Rodenbach, Dujardin, Schwob. Il a publi\u00e9, avec Paul Aron, <em>Les 100 mots du surr\u00e9alisme<\/em> et <em>Les 100 mots du symbolisme<\/em> en \u00ab\u00a0Que sais-je\u00a0?\u00a0\u00bb. Il s\u2019appr\u00eate \u00e0 \u00e9diter l\u2019int\u00e9grale des <em>Causeries du lundi<\/em> de Sainte-Beuve avec Andr\u00e9 Guyaux et Aur\u00e9lia Cervoni et publiera en 2014 les <em>Po\u00e8mes en prose<\/em> d\u2019Emile Verhaeren dans le cadre de la r\u00e9\u00e9dition de ses <em>\u0152uvres compl\u00e8tes<\/em> (Bruxelles, Archives et Mus\u00e9e de la litt\u00e9rature). Son dernier ouvrage : <em>Invention et Litt\u00e9rature. Du po\u00e8me en prose \u00e0 l\u2019\u00e9criture automatique<\/em>, \u00e0 para\u00eetre \u00e0 l\u2019automne 2014.<\/p>\n<\/div><\/div>\n<div class=\"su-spoiler su-spoiler-style-1\"><div class=\"su-spoiler-title\"><i class=\"moon-arrow-right-2 spoiler-button\"><\/i><i class=\"moon-arrow-down spoiler-button spoiler-active\"><\/i><strong>Adresse de contact<\/strong><\/div><div class=\"su-spoiler-content\">\n<p style=\"text-align: justify;\"><a href=\"mailto:JP.Bertrand@ulg.ac.be\">JP.Bertrand@ulg.ac.be<\/a><\/p>\n<\/div><\/div>\n<\/div>\n<\/div><div class=\"clear\"><\/div>\n","protected":false},"excerpt":{"rendered":"","protected":false},"author":2,"featured_media":0,"parent":0,"menu_order":0,"comment_status":"closed","ping_status":"closed","template":"","meta":{"footnotes":""},"class_list":["post-3963","page","type-page","status-publish","hentry"],"_links":{"self":[{"href":"http:\/\/web.philo.ulg.ac.be\/culturessensibles\/wp-json\/wp\/v2\/pages\/3963","targetHints":{"allow":["GET"]}}],"collection":[{"href":"http:\/\/web.philo.ulg.ac.be\/culturessensibles\/wp-json\/wp\/v2\/pages"}],"about":[{"href":"http:\/\/web.philo.ulg.ac.be\/culturessensibles\/wp-json\/wp\/v2\/types\/page"}],"author":[{"embeddable":true,"href":"http:\/\/web.philo.ulg.ac.be\/culturessensibles\/wp-json\/wp\/v2\/users\/2"}],"replies":[{"embeddable":true,"href":"http:\/\/web.philo.ulg.ac.be\/culturessensibles\/wp-json\/wp\/v2\/comments?post=3963"}],"version-history":[{"count":3,"href":"http:\/\/web.philo.ulg.ac.be\/culturessensibles\/wp-json\/wp\/v2\/pages\/3963\/revisions"}],"predecessor-version":[{"id":5119,"href":"http:\/\/web.philo.ulg.ac.be\/culturessensibles\/wp-json\/wp\/v2\/pages\/3963\/revisions\/5119"}],"wp:attachment":[{"href":"http:\/\/web.philo.ulg.ac.be\/culturessensibles\/wp-json\/wp\/v2\/media?parent=3963"}],"curies":[{"name":"wp","href":"https:\/\/api.w.org\/{rel}","templated":true}]}}