{"id":4009,"date":"2014-08-08T11:44:52","date_gmt":"2014-08-08T10:44:52","guid":{"rendered":"http:\/\/web.philo.ulg.ac.be\/culturessensibles\/?page_id=4009"},"modified":"2016-12-01T15:55:39","modified_gmt":"2016-12-01T14:55:39","slug":"pierre-francois-pirlet","status":"publish","type":"page","link":"http:\/\/web.philo.ulg.ac.be\/culturessensibles\/pierre-francois-pirlet\/","title":{"rendered":"Pierre-Fran\u00e7ois Pirlet"},"content":{"rendered":"<div class=\"heading-wrapper\"><h6><span class=\"heading-line-left\"><\/span><strong>Membres<\/strong><span class=\"heading-line-right\"><\/span><\/h6><\/div>\n<div class=\"column column-1-3\"><div class=\"staff-wrapper\"><img decoding=\"async\" src=\"\" alt=\"\"\/><div class=\"person-name\">Pierre-Fran\u00e7ois Pirlet<i class=\"moon-users-2\"><\/i><\/div><div class=\"person-title\">ULg<\/div><div class=\"person-description\"><\/div><\/div><\/div>\n<div class=\"column column-2-3 column-last\">\n<div class=\"su-accordion\">\n<div class=\"su-spoiler su-spoiler-style-1 su-spoiler-open\"><div class=\"su-spoiler-title\"><i class=\"moon-arrow-right-2 spoiler-button\"><\/i><i class=\"moon-arrow-down spoiler-button spoiler-active\"><\/i><strong>Pr\u00e9sentation<\/strong><\/div><div class=\"su-spoiler-content\" style=\"display:block\">\n<p style=\"text-align: justify;\">Licenci\u00e9 en histoire, je suis assistant au d\u00e9partement des Sciences historiques de l\u2019Universit\u00e9 de Li\u00e8ge depuis <span id=\"OBJ_PREFIX_DWT57_com_zimbra_date\" class=\"Object\">octobre 2009<\/span>. Je pr\u00e9pare actuellement, sous la direction d\u2019Annick Delfosse, une th\u00e8se de doctorat consacr\u00e9e aux confesseurs princiers \u00e0 la cour de Bruxelles (1598-1659). Mes recherches me m\u00e8nent \u00e0 interroger la nature des liens entre les pouvoirs s\u00e9culiers et religieux, au travers de la figure nodale du confesseur du Prince. Oscillant entre Court Studies et histoire religieuse, mes recherches visent \u00e0 r\u00e9-\u00e9valuer les formes et les modalit\u00e9s du pouvoir \u00e0 la cour de Bruxelles durant le XVIIe si\u00e8cle.<\/p>\n<p style=\"text-align: justify;\">Je pratique \u00e9galement la photographie en amateur, en m&rsquo;interrogeant sur la permanence et le lieu commun formel au travers de la multiplicit\u00e9 des clich\u00e9s.<\/p>\n<\/div><\/div>\n<\/div>\n<\/div><div class=\"clear\"><\/div>\n","protected":false},"excerpt":{"rendered":"","protected":false},"author":2,"featured_media":0,"parent":0,"menu_order":0,"comment_status":"closed","ping_status":"closed","template":"","meta":{"footnotes":""},"class_list":["post-4009","page","type-page","status-publish","hentry"],"_links":{"self":[{"href":"http:\/\/web.philo.ulg.ac.be\/culturessensibles\/wp-json\/wp\/v2\/pages\/4009","targetHints":{"allow":["GET"]}}],"collection":[{"href":"http:\/\/web.philo.ulg.ac.be\/culturessensibles\/wp-json\/wp\/v2\/pages"}],"about":[{"href":"http:\/\/web.philo.ulg.ac.be\/culturessensibles\/wp-json\/wp\/v2\/types\/page"}],"author":[{"embeddable":true,"href":"http:\/\/web.philo.ulg.ac.be\/culturessensibles\/wp-json\/wp\/v2\/users\/2"}],"replies":[{"embeddable":true,"href":"http:\/\/web.philo.ulg.ac.be\/culturessensibles\/wp-json\/wp\/v2\/comments?post=4009"}],"version-history":[{"count":1,"href":"http:\/\/web.philo.ulg.ac.be\/culturessensibles\/wp-json\/wp\/v2\/pages\/4009\/revisions"}],"predecessor-version":[{"id":5093,"href":"http:\/\/web.philo.ulg.ac.be\/culturessensibles\/wp-json\/wp\/v2\/pages\/4009\/revisions\/5093"}],"wp:attachment":[{"href":"http:\/\/web.philo.ulg.ac.be\/culturessensibles\/wp-json\/wp\/v2\/media?parent=4009"}],"curies":[{"name":"wp","href":"https:\/\/api.w.org\/{rel}","templated":true}]}}