{"id":4239,"date":"2014-08-15T10:49:44","date_gmt":"2014-08-15T09:49:44","guid":{"rendered":"http:\/\/web.philo.ulg.ac.be\/culturessensibles\/?page_id=4239"},"modified":"2016-12-01T15:58:35","modified_gmt":"2016-12-01T14:58:35","slug":"olivier-servais","status":"publish","type":"page","link":"http:\/\/web.philo.ulg.ac.be\/culturessensibles\/olivier-servais\/","title":{"rendered":"Olivier SERVAIS"},"content":{"rendered":"<div class=\"heading-wrapper\"><h6><span class=\"heading-line-left\"><\/span><strong>Membres<\/strong><span class=\"heading-line-right\"><\/span><\/h6><\/div>\n<div class=\"column column-1-3\"><div class=\"staff-wrapper\"><img decoding=\"async\" src=\"\" alt=\"\"\/><div class=\"person-name\">Olivier Servais<i class=\"moon-users-2\"><\/i><\/div><div class=\"person-title\">UCL<\/div><div class=\"person-description\"><\/div><\/div><\/div>\n<p style=\"text-align: justify;\"><div class=\"column column-2-3 column-last\">\n<div class=\"su-accordion\">\n<div class=\"su-spoiler su-spoiler-style-1 su-spoiler-open\"><div class=\"su-spoiler-title\"><i class=\"moon-arrow-right-2 spoiler-button\"><\/i><i class=\"moon-arrow-down spoiler-button spoiler-active\"><\/i><strong>Pr\u00e9sentation<\/strong><\/div><div class=\"su-spoiler-content\" style=\"display:block\">\n<p style=\"text-align: justify;\">Olivier Servais est\u00a0anthropologue et historien. \u00a0Il est professeur \u00e0 l&rsquo;Universit\u00e9 de Louvain (Louvain-la-Neuve), o\u00f9 il enseigne l&rsquo;anthropologie des religions, de l&rsquo;environnement et des syst\u00e8mes symboliques. Du c\u00f4t\u00e9 de le recherche apr\u00e8s un premier terrain\u00a0ethnographique au Canada entre J\u00e9suites et Anishinaabeg, entre religion et environnement, dans une\u00a0perspective de transformation d\u2019usage et de perception de la nature,\u00a0il a d\u00e9velopp\u00e9 un int\u00e9r\u00eat de recherche pour les mondes virtuels. Depuis 2009-2010, il m\u00e8ne ce nouveau terrain dans plusieurs jeux video en ligne dont Guild Wars 2 et World of Warcraft. \u00a0Son approche \u00a0ethnographique s\u2019impr\u00e8gne d\u2019une r\u00e9flexion sur les sensibilit\u00e9s et identit\u00e9s m\u00e9diatis\u00e9es par la technologie.<\/p>\n<\/div><\/div>\n<div class=\"su-spoiler su-spoiler-style-1\"><div class=\"su-spoiler-title\"><i class=\"moon-arrow-right-2 spoiler-button\"><\/i><i class=\"moon-arrow-down spoiler-button spoiler-active\"><\/i><strong>Adresse de contact<\/strong><\/div><div class=\"su-spoiler-content\">\n<p style=\"text-align: justify;\"><span id=\"OBJ_PREFIX_DWT512_com_zimbra_email\" class=\"Object\"><a href=\"mailto:olivier.servais@uclouvain.be\" target=\"_blank\">olivier.servais@uclouvain.be<\/a><\/span><\/p>\n<\/div><\/div>\n<div class=\"su-spoiler su-spoiler-style-1\"><div class=\"su-spoiler-title\"><i class=\"moon-arrow-right-2 spoiler-button\"><\/i><i class=\"moon-arrow-down spoiler-button spoiler-active\"><\/i><strong>Page personnelle<\/strong><\/div><div class=\"su-spoiler-content\">\n<p style=\"text-align: justify;\"><a href=\"http:\/\/www.uclouvain.be\/laap\" target=\"_blank\">http:\/\/www.uclouvain.be\/laap<\/a><\/p>\n<\/div><\/div>\n<\/div>\n<\/div><div class=\"clear\"><\/div>\n","protected":false},"excerpt":{"rendered":"","protected":false},"author":2,"featured_media":0,"parent":0,"menu_order":0,"comment_status":"closed","ping_status":"closed","template":"","meta":{"footnotes":""},"class_list":["post-4239","page","type-page","status-publish","hentry"],"_links":{"self":[{"href":"http:\/\/web.philo.ulg.ac.be\/culturessensibles\/wp-json\/wp\/v2\/pages\/4239","targetHints":{"allow":["GET"]}}],"collection":[{"href":"http:\/\/web.philo.ulg.ac.be\/culturessensibles\/wp-json\/wp\/v2\/pages"}],"about":[{"href":"http:\/\/web.philo.ulg.ac.be\/culturessensibles\/wp-json\/wp\/v2\/types\/page"}],"author":[{"embeddable":true,"href":"http:\/\/web.philo.ulg.ac.be\/culturessensibles\/wp-json\/wp\/v2\/users\/2"}],"replies":[{"embeddable":true,"href":"http:\/\/web.philo.ulg.ac.be\/culturessensibles\/wp-json\/wp\/v2\/comments?post=4239"}],"version-history":[{"count":2,"href":"http:\/\/web.philo.ulg.ac.be\/culturessensibles\/wp-json\/wp\/v2\/pages\/4239\/revisions"}],"predecessor-version":[{"id":5098,"href":"http:\/\/web.philo.ulg.ac.be\/culturessensibles\/wp-json\/wp\/v2\/pages\/4239\/revisions\/5098"}],"wp:attachment":[{"href":"http:\/\/web.philo.ulg.ac.be\/culturessensibles\/wp-json\/wp\/v2\/media?parent=4239"}],"curies":[{"name":"wp","href":"https:\/\/api.w.org\/{rel}","templated":true}]}}