{"id":4298,"date":"2014-08-16T08:30:00","date_gmt":"2014-08-16T07:30:00","guid":{"rendered":"http:\/\/web.philo.ulg.ac.be\/culturessensibles\/?page_id=4298"},"modified":"2016-12-01T15:36:15","modified_gmt":"2016-12-01T14:36:15","slug":"arnaud-maillet","status":"publish","type":"page","link":"http:\/\/web.philo.ulg.ac.be\/culturessensibles\/arnaud-maillet\/","title":{"rendered":"Arnaud Maillet"},"content":{"rendered":"<div class=\"heading-wrapper\"><h6><span class=\"heading-line-left\"><\/span><strong>Membres<\/strong><span class=\"heading-line-right\"><\/span><\/h6><\/div>\n<div class=\"column column-1-3\"><div class=\"staff-wrapper\"><img decoding=\"async\" src=\"\" alt=\"\"\/><div class=\"person-name\">Arnaud Maillet<i class=\"moon-users-2\"><\/i><\/div><div class=\"person-title\">Paris<\/div><div class=\"person-description\"><\/div><\/div><\/div>\n<div class=\"column column-2-3 column-last\">\n<div class=\"su-accordion\">\n<div class=\"su-spoiler su-spoiler-style-1 su-spoiler-open\"><div class=\"su-spoiler-title\"><i class=\"moon-arrow-right-2 spoiler-button\"><\/i><i class=\"moon-arrow-down spoiler-button spoiler-active\"><\/i><strong>Pr\u00e9sentation<\/strong><\/div><div class=\"su-spoiler-content\" style=\"display:block\">\n<div style=\"text-align: justify;\">Arnaud Maillet est Ma\u00eetre de conf\u00e9rences \u00e0 l&rsquo;Universit\u00e9 Paris-Sorbonne o\u00f9 il enseigne l&rsquo;histoire de l&rsquo;art coupl\u00e9e \u00e0 l&rsquo;histoire du regard. Membre du Centre Andr\u00e9 Chastel, Laboratoire de recherche en histoire de l&rsquo;art, ses travaux portent sur l&rsquo;histoire culturelle du visuel et de l&rsquo;imaginaire.<\/div>\n<div><\/div>\n<\/div><\/div>\n<div class=\"su-spoiler su-spoiler-style-1\"><div class=\"su-spoiler-title\"><i class=\"moon-arrow-right-2 spoiler-button\"><\/i><i class=\"moon-arrow-down spoiler-button spoiler-active\"><\/i><strong>Publications<\/strong><\/div><div class=\"su-spoiler-content\">\n<div><strong>Principaux ouvrages<\/strong><\/div>\n<ul>\n<li style=\"text-align: justify;\">Le miroir noir. Enqu\u00eate sur le c\u00f4t\u00e9 obscur du reflet, Paris, \u00e9d. Kargo\/L\u2019\u00c9clat, 2005, publi\u00e9 au pr\u00e9alable en anglais (US) \u00e0 New York chez Zone Books en 2004.<\/li>\n<li style=\"text-align: justify;\">Proth\u00e8ses lunatiques. Les lunettes, de la science aux fantasmes, \u00e9d. Kargo\/ Amsterdam, 2007, traduit en italien chez Raphaelo Cortina \u00e0 Milan en 2010.<\/li>\n<\/ul>\n<div class=\"spacer\" style=\"height:15px\"><\/div>\n<p><strong>Principaux articles r\u00e9cents<\/strong><\/p>\n<ul>\n<li style=\"text-align: justify;\">\u00ab Regard, pi\u00e8ges et fascination chez Walt Disney \u00bb, Revue Les Cahiers Robinson, n\u00b0 35 sous la dir. du Pr. Christian Chelebourg, 2014, pp. 47-59.<\/li>\n<li style=\"text-align: justify;\">\u00ab L\u2019arbre comme ornement, charpente et tuteur dans les th\u00e9ories artistiques (xviie-xixe si\u00e8cles) \u00bb, L\u2019arbre. Ou la raison des arbres. XVIIIe Entretiens de La Garenne Lemot, sous la dir. du Pr. \u00e9m\u00e9rite Jackie Pigeaud, Rennes, Presses Universitaires Rennes, 2013, pp. 45-83.<\/li>\n<li style=\"text-align: justify;\">\u00ab The Kaleidoscopic Imagination \u00bb, Grey Room, MIT Press, n\u00b0 48 (\u00ab Multiplying the Visual: Reproduction and the Nineteenth Century \u00bb), \u00e9t\u00e9 2012, pp. 36-55. Traduit du fran\u00e7ais vers l\u2019anglais (US) par Elaine Briggs.<\/li>\n<li style=\"text-align: justify;\">\u00ab Daguerr\u00e9otype, m\u00e9moire et limites \u00bb, La Limite &#8211; XVe Rencontres de Lagarenne Lemot, sous la dir. du Pr. \u00e9m\u00e9rite Jackie Pigeaud, Rennes, Presses Universitaires de Rennes, 2012, pp. 275-296.<\/li>\n<li style=\"text-align: justify;\">\u00ab Le miroir d\u2019encre. Images visuelles, images mentales, images litt\u00e9raires \u00bb, Miroirs &#8211; XVe Rencontres de Lagarenne Lemot, sous la dir. du Pr. \u00e9m\u00e9rite Jackie Pigeaud, Rennes, Presses Universitaires de Rennes, 2011 pp. 207-236.<\/li>\n<li style=\"text-align: justify;\">\u00ab L\u2019image scientifique face \u00e0 l\u2019obstacle \u00e9pist\u00e9mologique : logique du palliatif \u00bb, La Revue Histoire de l\u2019Art, Institut National d\u2019Histoire de l\u2019Art, n\u00b0 67 : \u00ab Art et Science \u00bb, rubrique \u00ab Perspective \u00bb, octobre 2010, pp. 21-27.<\/li>\n<\/ul>\n<\/div><\/div>\n<div class=\"su-spoiler su-spoiler-style-1\"><div class=\"su-spoiler-title\"><i class=\"moon-arrow-right-2 spoiler-button\"><\/i><i class=\"moon-arrow-down spoiler-button spoiler-active\"><\/i><strong>Adresse de contact<\/strong><\/div><div class=\"su-spoiler-content\">\n<p><a href=\"mailto:Arnaud.Maillet@paris-sorbonne.fr\">Arnaud.Maillet@paris-sorbonne.fr<\/a><\/p>\n<\/div><\/div>\n<\/div>\n<\/div><div class=\"clear\"><\/div>\n","protected":false},"excerpt":{"rendered":"","protected":false},"author":2,"featured_media":0,"parent":0,"menu_order":0,"comment_status":"closed","ping_status":"closed","template":"","meta":{"footnotes":""},"class_list":["post-4298","page","type-page","status-publish","hentry"],"_links":{"self":[{"href":"http:\/\/web.philo.ulg.ac.be\/culturessensibles\/wp-json\/wp\/v2\/pages\/4298","targetHints":{"allow":["GET"]}}],"collection":[{"href":"http:\/\/web.philo.ulg.ac.be\/culturessensibles\/wp-json\/wp\/v2\/pages"}],"about":[{"href":"http:\/\/web.philo.ulg.ac.be\/culturessensibles\/wp-json\/wp\/v2\/types\/page"}],"author":[{"embeddable":true,"href":"http:\/\/web.philo.ulg.ac.be\/culturessensibles\/wp-json\/wp\/v2\/users\/2"}],"replies":[{"embeddable":true,"href":"http:\/\/web.philo.ulg.ac.be\/culturessensibles\/wp-json\/wp\/v2\/comments?post=4298"}],"version-history":[{"count":2,"href":"http:\/\/web.philo.ulg.ac.be\/culturessensibles\/wp-json\/wp\/v2\/pages\/4298\/revisions"}],"predecessor-version":[{"id":5075,"href":"http:\/\/web.philo.ulg.ac.be\/culturessensibles\/wp-json\/wp\/v2\/pages\/4298\/revisions\/5075"}],"wp:attachment":[{"href":"http:\/\/web.philo.ulg.ac.be\/culturessensibles\/wp-json\/wp\/v2\/media?parent=4298"}],"curies":[{"name":"wp","href":"https:\/\/api.w.org\/{rel}","templated":true}]}}