{"id":4403,"date":"2014-08-23T18:14:16","date_gmt":"2014-08-23T17:14:16","guid":{"rendered":"http:\/\/web.philo.ulg.ac.be\/culturessensibles\/?page_id=4403"},"modified":"2017-06-04T15:02:53","modified_gmt":"2017-06-04T14:02:53","slug":"marie-luce-gelard","status":"publish","type":"page","link":"http:\/\/web.philo.ulg.ac.be\/culturessensibles\/marie-luce-gelard\/","title":{"rendered":"Marie-Luce G\u00e9lard"},"content":{"rendered":"<div class=\"heading-wrapper\"><h6><span class=\"heading-line-left\"><\/span><strong>Membres<\/strong><span class=\"heading-line-right\"><\/span><\/h6><\/div>\n<div class=\"column column-1-3\"><div class=\"staff-wrapper\"><img decoding=\"async\" src=\"\" alt=\"\"\/><div class=\"person-name\">Marie-Luce G\u00e9lard<i class=\"moon-users-2\"><\/i><\/div><div class=\"person-title\">Universit\u00e9 de Paris 5<\/div><div class=\"person-description\"><\/div><\/div><\/div>\n<div class=\"column column-2-3 column-last\">\n<div class=\"su-accordion\">\n<div class=\"su-spoiler su-spoiler-style-1 su-spoiler-open\"><div class=\"su-spoiler-title\"><i class=\"moon-arrow-right-2 spoiler-button\"><\/i><i class=\"moon-arrow-down spoiler-button spoiler-active\"><\/i><strong>Pr\u00e9sentation<\/strong><\/div><div class=\"su-spoiler-content\" style=\"display:block\">\n<p style=\"text-align: justify\">Marie-Luce G\u00e9lard est anthropologue, Ma\u00eetre de Conf\u00e9rences-HDR en anthropologie. Universit\u00e9 Paris Descartes. CANTHEL Centre d\u2019Anthropologie Culturelle.<\/p>\n<p style=\"text-align: justify\">Membre junior de l\u2019Institut Universitaire de France.<br \/>\nVisiting Scholar 2014, Department of Anthropology, Columbia University.<br \/>\nChercheur associ\u00e9 \u00e0 l\u2019Institut de Recherches et d\u2019\u00c9tude sur le Monde Arabe et Musulman (IREMAM), p\u00f4le \u00ab Anthropologie, Histoire et Images : images et imaginaires \u00bb.<br \/>\nMembre du r\u00e9seau <a href=\"http:\/\/www.sensorystudies.org\/\" target=\"_blank\" rel=\"noopener noreferrer\">Sensory Studies<\/a> (pilot\u00e9 par la Concordia University et l\u2019University of Copenhague).<\/p>\n<p style=\"text-align: justify\">Apr\u00e8s une premi\u00e8re recherche effectu\u00e9e en Alg\u00e9rie (Kabylie) dans les ann\u00e9es 90, ses \u00e9tudes se sont poursuivies au Maroc en milieu rural (Haut Atlas) et saharien (Tafilalt, Sud-Est, tribu des A\u00eft Khebbach). Ses recherches proposent par la mise en perspective des th\u00e9ories locales consubstantielles, une analyse des perceptions du rapport de parent\u00e9 orient\u00e9 autour de la colactation collective (parent\u00e9 de lait) et de la dimension pactuelle (protection, sacrifice).<br \/>\nAujourd\u2019hui, toujours en milieu saharien, ses recherches s\u2019orientent autour des modalit\u00e9s de la perception sensorielle et de leurs codifications corporelles par la mise en place d\u2019une anthropologie des sens (domaine auditif et olfactif).<br \/>\nSes \u00e9tudes abordent \u00e9galement la culture mat\u00e9rielle (objets rituels et genre des objets) et le tourisme th\u00e9rapeutique (\u00ab bains de sable \u00bb). Dernier ouvrage publi\u00e9 en 2013, Corps sensibles. Usages et langages des sens, Collection \u00e9pist\u00e9mologie du corps, PUN, Edition Universitaire de Lorraine.<\/p>\n<\/div><\/div>\n<div class=\"su-spoiler su-spoiler-style-1\"><div class=\"su-spoiler-title\"><i class=\"moon-arrow-right-2 spoiler-button\"><\/i><i class=\"moon-arrow-down spoiler-button spoiler-active\"><\/i><strong>Publications relatives aux cultures sensibles<\/strong><\/div><div class=\"su-spoiler-content\">\n<ul>\n<li style=\"text-align: justify\">2013 Corps sensibles. Usages et langages des sens, Presses Universitaires de Nancy \u2013 Editions Universitaires de Lorraine.<\/li>\n<li style=\"text-align: justify\">2013 \u00ab Des corps sensibles aux langages sensoriels en contexte saharien (tribu des A\u00eft Khebbach, Maroc) \u00bb in P.-L. Colon (\u00e9d.), Ethnographier les sens, Paris, Editions P\u00e9tra, Collection \u00ab Anthropologiques \u00bb : 101-115.<\/li>\n<li style=\"text-align: justify\">2013 \u00ab Ethos olfactif et rapports de s\u00e9duction en contexte saharien \u00bb, in B. Schaal, C. Ferdenzi et O. Wathelet, Odeurs et \u00e9motions. Le nez a ses raisons\u2026, Dijon, \u00c9ditions Universitaires de Dijon, collection \u00ab Sciences \u00bb : 251-265.<\/li>\n<li style=\"text-align: justify\">2010 &amp; O. Sirost, Langages des sens, Communications (86).<\/li>\n<li style=\"text-align: justify\">2010 &amp; O. Sirost, Bonnes humeurs ? Corps. Revue interdisciplinaire CNRS (8).<\/li>\n<li style=\"text-align: justify\">2010 \u00ab De la perception sensorielle d\u2019autrui dans le Sud marocain (Tafilalt, A\u00eft Atta) \u00bb, Communications (86) : 175-252.<\/li>\n<li style=\"text-align: justify\">2010 &amp; O. Sirost, \u00ab Corps et langages des sens \u00bb, Communications (86) : 7-14.<\/li>\n<li style=\"text-align: justify\">2008 \u00ab Des corps qui parlent. Classement temporel, manifestations sensorielles et expression de soi dans le Tafilalt (tribu des A\u00eft Khebbach, Maroc) \u00bb, Journal des anthropologues (112-113) : 23-45.<\/li>\n<li style=\"text-align: justify\">2007 \u00ab Les colliers odorif\u00e9rants (ssxab) en Afrique du Nord aujourd\u2019hui \u00bb, in M.-C. Grasse, Une histoire mondiale du parfum. Des origines \u00e0 nos jours, Paris, Somogy : 188-189.<\/li>\n<\/ul>\n<\/div><\/div>\n<div class=\"su-spoiler su-spoiler-style-1\"><div class=\"su-spoiler-title\"><i class=\"moon-arrow-right-2 spoiler-button\"><\/i><i class=\"moon-arrow-down spoiler-button spoiler-active\"><\/i><strong>Adresse de contact<\/strong><\/div><div class=\"su-spoiler-content\">\n<p style=\"text-align: justify\"><a href=\"mailto:mlgelard@yahoo.fr\">mlgelard@yahoo.fr<\/a><\/p>\n<\/div><\/div>\n<div class=\"su-spoiler su-spoiler-style-1\"><div class=\"su-spoiler-title\"><i class=\"moon-arrow-right-2 spoiler-button\"><\/i><i class=\"moon-arrow-down spoiler-button spoiler-active\"><\/i><strong>Page personnelle<\/strong><\/div><div class=\"su-spoiler-content\">\n<blockquote data-secret=\"xC9h9A9cG9\" class=\"wp-embedded-content\"><p><a href=\"http:\/\/canthel.shs.parisdescartes.fr\/mlg\/\">G\u00e9lard Marie-Luce<\/a><\/p><\/blockquote>\n<p><iframe loading=\"lazy\" class=\"wp-embedded-content\" sandbox=\"allow-scripts\" security=\"restricted\" style=\"position: absolute; clip: rect(1px, 1px, 1px, 1px);\" src=\"http:\/\/canthel.shs.parisdescartes.fr\/mlg\/embed\/#?secret=xC9h9A9cG9\" data-secret=\"xC9h9A9cG9\" width=\"600\" height=\"338\" title=\"&laquo;&nbsp;G\u00e9lard Marie-Luce&nbsp;&raquo; &#8212; Canthel - Centre d&#039;Anthropologie Culturelle (EA 45 45)\" frameborder=\"0\" marginwidth=\"0\" marginheight=\"0\" scrolling=\"no\"><\/iframe><\/p>\n<p style=\"text-align: justify\">\n<\/div><\/div>\n<\/div>\n<\/div><div class=\"clear\"><\/div>\n","protected":false},"excerpt":{"rendered":"","protected":false},"author":2,"featured_media":0,"parent":0,"menu_order":0,"comment_status":"closed","ping_status":"closed","template":"","meta":{"footnotes":""},"class_list":["post-4403","page","type-page","status-publish","hentry"],"_links":{"self":[{"href":"http:\/\/web.philo.ulg.ac.be\/culturessensibles\/wp-json\/wp\/v2\/pages\/4403","targetHints":{"allow":["GET"]}}],"collection":[{"href":"http:\/\/web.philo.ulg.ac.be\/culturessensibles\/wp-json\/wp\/v2\/pages"}],"about":[{"href":"http:\/\/web.philo.ulg.ac.be\/culturessensibles\/wp-json\/wp\/v2\/types\/page"}],"author":[{"embeddable":true,"href":"http:\/\/web.philo.ulg.ac.be\/culturessensibles\/wp-json\/wp\/v2\/users\/2"}],"replies":[{"embeddable":true,"href":"http:\/\/web.philo.ulg.ac.be\/culturessensibles\/wp-json\/wp\/v2\/comments?post=4403"}],"version-history":[{"count":4,"href":"http:\/\/web.philo.ulg.ac.be\/culturessensibles\/wp-json\/wp\/v2\/pages\/4403\/revisions"}],"predecessor-version":[{"id":5207,"href":"http:\/\/web.philo.ulg.ac.be\/culturessensibles\/wp-json\/wp\/v2\/pages\/4403\/revisions\/5207"}],"wp:attachment":[{"href":"http:\/\/web.philo.ulg.ac.be\/culturessensibles\/wp-json\/wp\/v2\/media?parent=4403"}],"curies":[{"name":"wp","href":"https:\/\/api.w.org\/{rel}","templated":true}]}}