{"id":4508,"date":"2014-09-04T07:46:36","date_gmt":"2014-09-04T06:46:36","guid":{"rendered":"http:\/\/web.philo.ulg.ac.be\/culturessensibles\/?page_id=4508"},"modified":"2016-12-01T15:00:53","modified_gmt":"2016-12-01T14:00:53","slug":"frederic-cousinie","status":"publish","type":"page","link":"http:\/\/web.philo.ulg.ac.be\/culturessensibles\/frederic-cousinie\/","title":{"rendered":"Fr\u00e9d\u00e9ric Cousini\u00e9"},"content":{"rendered":"<div class=\"heading-wrapper\"><h6><span class=\"heading-line-left\"><\/span><strong>Membres<\/strong><span class=\"heading-line-right\"><\/span><\/h6><\/div>\n<div class=\"column column-1-3\"><div class=\"staff-wrapper\"><img decoding=\"async\" src=\"\" alt=\"\"\/><div class=\"person-name\">Fr\u00e9d\u00e9ric Cousini\u00e9<i class=\"moon-users-2\"><\/i><\/div><div class=\"person-title\">Universit\u00e9 de Rouen<\/div><div class=\"person-description\"><\/div><\/div><\/div>\n<div class=\"column column-2-3 column-last\">\n<div class=\"su-accordion\">\n<div class=\"su-spoiler su-spoiler-style-1 su-spoiler-open\"><div class=\"su-spoiler-title\"><i class=\"moon-arrow-right-2 spoiler-button\"><\/i><i class=\"moon-arrow-down spoiler-button spoiler-active\"><\/i><strong>Pr\u00e9sentation<\/strong><\/div><div class=\"su-spoiler-content\" style=\"display:block\">\n<p style=\"text-align: justify;\">Fr\u00e9d\u00e9ric Cousini\u00e9 est professeur d&rsquo;histoire et th\u00e9orie de l&rsquo;art moderne \u00e0 l&rsquo;Universit\u00e9 de Normandie,\u00a0sp\u00e9cialiste notamment des relations entre peinture et spiritualit\u00e9 au XVIIe si\u00e8cle.<\/p>\n<\/div><\/div>\n<div class=\"su-spoiler su-spoiler-style-1\"><div class=\"su-spoiler-title\"><i class=\"moon-arrow-right-2 spoiler-button\"><\/i><i class=\"moon-arrow-down spoiler-button spoiler-active\"><\/i><strong>Choix de publications<\/strong><\/div><div class=\"su-spoiler-content\">\n<ul>\n<li style=\"text-align: justify;\"><em>Esth\u00e9tique des fluides. Sang, sperme, merde au XVII<sup>e<\/sup> si\u00e8cle<\/em>, Paris, \u00e9d. Du F\u00e9lin, 2011<\/li>\n<li style=\"text-align: justify;\"><em>Tactique des images : S\u00e9bastien Bourdon, peintre protestant pour l\u2019\u00e9glise catholique, <\/em>Paris, \u00e9d. 1:1, 2010.<\/li>\n<li style=\"text-align: justify;\"><em>Images et m\u00e9ditation au XVII<sup>e<\/sup> si\u00e8cle<\/em>, Rennes, PUR, 2007.<\/li>\n<li style=\"text-align: justify;\"><em>Le Saint des Saints \u2013 Ma\u00eetres-autels et retables parisiens du XVII<sup>e<\/sup> si\u00e8cle<\/em>, Publications de l\u2019Universit\u00e9 de Provence, Aix-en-Provence, 2006.<\/li>\n<li style=\"text-align: justify;\"><em>Beaut\u00e9s fuyantes et passag\u00e8res \u2013 La repr\u00e9sentation et ses \u00ab objets-limites \u00bb aux XVII<sup>e<\/sup>-XVIII<sup>e<\/sup> si\u00e8cles<\/em>, Paris, G\u00e9rard Monfort, 2005.<\/li>\n<li style=\"text-align: justify;\"><em>Le Peintre chr\u00e9tien. Th\u00e9ories de l\u2019image religieuse dans la France du XVIIe si\u00e8cle<\/em>, Paris, L\u2019Harmattan, 2000.<\/li>\n<\/ul>\n<\/div><\/div>\n<div class=\"su-spoiler su-spoiler-style-1\"><div class=\"su-spoiler-title\"><i class=\"moon-arrow-right-2 spoiler-button\"><\/i><i class=\"moon-arrow-down spoiler-button spoiler-active\"><\/i><strong>Adresse de contact<\/strong><\/div><div class=\"su-spoiler-content\">\n<p><a href=\"mailto:f.cousinie@orange.fr\">f.cousinie@orange.fr<\/a><\/p>\n<\/div><\/div>\n<\/div>\n<\/div><div class=\"clear\"><\/div>\n","protected":false},"excerpt":{"rendered":"","protected":false},"author":2,"featured_media":0,"parent":0,"menu_order":0,"comment_status":"closed","ping_status":"closed","template":"","meta":{"footnotes":""},"class_list":["post-4508","page","type-page","status-publish","hentry"],"_links":{"self":[{"href":"http:\/\/web.philo.ulg.ac.be\/culturessensibles\/wp-json\/wp\/v2\/pages\/4508","targetHints":{"allow":["GET"]}}],"collection":[{"href":"http:\/\/web.philo.ulg.ac.be\/culturessensibles\/wp-json\/wp\/v2\/pages"}],"about":[{"href":"http:\/\/web.philo.ulg.ac.be\/culturessensibles\/wp-json\/wp\/v2\/types\/page"}],"author":[{"embeddable":true,"href":"http:\/\/web.philo.ulg.ac.be\/culturessensibles\/wp-json\/wp\/v2\/users\/2"}],"replies":[{"embeddable":true,"href":"http:\/\/web.philo.ulg.ac.be\/culturessensibles\/wp-json\/wp\/v2\/comments?post=4508"}],"version-history":[{"count":3,"href":"http:\/\/web.philo.ulg.ac.be\/culturessensibles\/wp-json\/wp\/v2\/pages\/4508\/revisions"}],"predecessor-version":[{"id":5044,"href":"http:\/\/web.philo.ulg.ac.be\/culturessensibles\/wp-json\/wp\/v2\/pages\/4508\/revisions\/5044"}],"wp:attachment":[{"href":"http:\/\/web.philo.ulg.ac.be\/culturessensibles\/wp-json\/wp\/v2\/media?parent=4508"}],"curies":[{"name":"wp","href":"https:\/\/api.w.org\/{rel}","templated":true}]}}