{"id":4551,"date":"2014-09-09T07:54:31","date_gmt":"2014-09-09T06:54:31","guid":{"rendered":"http:\/\/web.philo.ulg.ac.be\/culturessensibles\/?page_id=4551"},"modified":"2016-12-01T15:47:35","modified_gmt":"2016-12-01T14:47:35","slug":"stephan-nowotnick","status":"publish","type":"page","link":"http:\/\/web.philo.ulg.ac.be\/culturessensibles\/stephan-nowotnick\/","title":{"rendered":"Stephan Nowotnick"},"content":{"rendered":"<div class=\"heading-wrapper\"><h6><span class=\"heading-line-left\"><\/span><strong>Membres<\/strong><span class=\"heading-line-right\"><\/span><\/h6><\/div>\n<div class=\"column column-1-3\"><div class=\"staff-wrapper\"><img decoding=\"async\" src=\"\" alt=\"\"\/><div class=\"person-name\">Stephan Nowotnick<i class=\"moon-users-2\"><\/i><\/div><div class=\"person-title\">Bergische Universit\u00e4t Wuppertal<\/div><div class=\"person-description\"><\/div><\/div><\/div>\n<div class=\"column column-2-3 column-last\">\n<div class=\"su-accordion\">\n<div class=\"su-spoiler su-spoiler-style-1 su-spoiler-open\"><div class=\"su-spoiler-title\"><i class=\"moon-arrow-right-2 spoiler-button\"><\/i><i class=\"moon-arrow-down spoiler-button spoiler-active\"><\/i><strong>Pr\u00e9sentation<\/strong><\/div><div class=\"su-spoiler-content\" style=\"display:block\">\n<p style=\"text-align: justify;\">Stephan Nowotnick m\u00e8ne des activit\u00e9s de recherche et d&rsquo;enseignement\u00a0 dans les domaines de la litt\u00e9rature fran\u00e7aise (surtout 20<sup>e<\/sup> si\u00e8cle voire litt\u00e9rature contemporaine, ann\u00e9es 20, surr\u00e9alisme, dada), de la litt\u00e9rature espagnole (16e si\u00e9cle: roman picaresque; 17e si\u00e8cle: Cervantes; litt\u00e9rature 20e si\u00e8cle voire litt\u00e9rature contemporaine); et de la litt\u00e9rature latino-americaine (surtout litt\u00e9rature argentine, 20e si\u00e8cle, ann\u00e9es 40-60). Il \u00e9prouve un int\u00e9r\u00eat grandissant pour les th\u00e9ories de la m\u00e9moire historique et de la m\u00e9moire collective dans leurs repr\u00e9sentations litt\u00e9raires. Il dirige de nombreuses th\u00e8ses de Bachelier et de Master sous cet angle th\u00e9orique. Au cours des derni\u00e8res ann\u00e9es, il a \u00e9galement mis en place de nombreuses activit\u00e9s dans le domaine de l\u2019internationalisation des \u00e9tudes de philologie romane \u00e0 Wuppertal et cr\u00e9\u00e9\u00a0 des parcours internationaux et des cursus d\u2019\u00e9tudes int\u00e9gr\u00e9s avec la France et l\u2019Argentine.<\/p>\n<\/div><\/div>\n<div class=\"su-spoiler su-spoiler-style-1\"><div class=\"su-spoiler-title\"><i class=\"moon-arrow-right-2 spoiler-button\"><\/i><i class=\"moon-arrow-down spoiler-button spoiler-active\"><\/i><strong>Choix de publications<\/strong><\/div><div class=\"su-spoiler-content\">\n<ul>\n<li style=\"text-align: justify;\">Philippe Soupault \u2013 der vergessene Surrealist. Studien zu seinem erz\u00e4hlerischen Werk. Avec un r\u00e9sum\u00e9 en fran\u00e7ais. Bonn: Romanistischer Verlag (Abhandlungen zur Sprache und Literatur 12), 1988.<\/li>\n<li style=\"text-align: justify;\"><em><i>Sor Juana In\u00e9s de la Cruz: Der Traum<\/i><\/em>. Spanisch &#8211; Deutsch. Herausgegeben und \u00fcbersetzt von Alberto Perez-Amador Adam und Stephan Nowotnick. Frankfurt\/ Main: Verlag Neue Kritik, 1992.<\/li>\n<li style=\"text-align: justify;\">\u00ab\u00a0La Argentina vivida como ambigu\u00ebdad: Reflexiones sobre la narrativa de Osvaldo Soriano\u00a0\u00bb. In: Literaturas del R\u00edo de la Plata hoy. De las utop\u00edas al desencanto. Herausgegeben von Karl Kohut. Frankfurt\/ Madrid: Vervuert, 1996, S. 48 &#8211; 67.<\/li>\n<li style=\"text-align: justify;\"><em><i>Visiones y versiones de la historia<\/i><\/em>. El peronismo en la literatura argentina. (\u00e0 para\u00eetre)<\/li>\n<\/ul>\n<\/div><\/div>\n<div class=\"su-spoiler su-spoiler-style-1\"><div class=\"su-spoiler-title\"><i class=\"moon-arrow-right-2 spoiler-button\"><\/i><i class=\"moon-arrow-down spoiler-button spoiler-active\"><\/i><strong>Adresse de contact<\/strong><\/div><div class=\"su-spoiler-content\">\n<p>Bergische Universit\u00e4t Wuppertal<br \/>\nFachbereich A \u2013 Romanistik<br \/>\nGauss Str. 20<br \/>\nD \u2013 42119 Wuppertal<\/p>\n<p><a href=\"mailto:nowotnick@uni-wuppertal.de\">nowotnick@uni-wuppertal.de<\/a><\/p>\n<\/div><\/div>\n<\/div>\n<\/div><div class=\"clear\"><\/div>\n","protected":false},"excerpt":{"rendered":"","protected":false},"author":2,"featured_media":0,"parent":0,"menu_order":0,"comment_status":"closed","ping_status":"closed","template":"","meta":{"footnotes":""},"class_list":["post-4551","page","type-page","status-publish","hentry"],"_links":{"self":[{"href":"http:\/\/web.philo.ulg.ac.be\/culturessensibles\/wp-json\/wp\/v2\/pages\/4551","targetHints":{"allow":["GET"]}}],"collection":[{"href":"http:\/\/web.philo.ulg.ac.be\/culturessensibles\/wp-json\/wp\/v2\/pages"}],"about":[{"href":"http:\/\/web.philo.ulg.ac.be\/culturessensibles\/wp-json\/wp\/v2\/types\/page"}],"author":[{"embeddable":true,"href":"http:\/\/web.philo.ulg.ac.be\/culturessensibles\/wp-json\/wp\/v2\/users\/2"}],"replies":[{"embeddable":true,"href":"http:\/\/web.philo.ulg.ac.be\/culturessensibles\/wp-json\/wp\/v2\/comments?post=4551"}],"version-history":[{"count":2,"href":"http:\/\/web.philo.ulg.ac.be\/culturessensibles\/wp-json\/wp\/v2\/pages\/4551\/revisions"}],"predecessor-version":[{"id":5084,"href":"http:\/\/web.philo.ulg.ac.be\/culturessensibles\/wp-json\/wp\/v2\/pages\/4551\/revisions\/5084"}],"wp:attachment":[{"href":"http:\/\/web.philo.ulg.ac.be\/culturessensibles\/wp-json\/wp\/v2\/media?parent=4551"}],"curies":[{"name":"wp","href":"https:\/\/api.w.org\/{rel}","templated":true}]}}