{"id":4762,"date":"2015-03-16T11:50:21","date_gmt":"2015-03-16T10:50:21","guid":{"rendered":"http:\/\/web.philo.ulg.ac.be\/culturessensibles\/?page_id=4762"},"modified":"2016-12-01T12:18:58","modified_gmt":"2016-12-01T11:18:58","slug":"journee-detudes-des-12-13-mars-2015-etre-touche-autour-de-jean-christophe-bailly","status":"publish","type":"page","link":"http:\/\/web.philo.ulg.ac.be\/culturessensibles\/journee-detudes-des-12-13-mars-2015-etre-touche-autour-de-jean-christophe-bailly\/","title":{"rendered":"Journ\u00e9e d&rsquo;\u00e9tudes des 12-13 mars 2015 &#8211; Etre touch\u00e9. Autour de Jean-Christophe Bailly"},"content":{"rendered":"<p><a href=\"http:\/\/web.philo.ulg.ac.be\/culturessensibles\/wp-content\/uploads\/sites\/34\/2015\/02\/bailly-2.jpg\"><img loading=\"lazy\" decoding=\"async\" class=\"aligncenter wp-image-4744 size-medium\" src=\"http:\/\/web.philo.ulg.ac.be\/culturessensibles\/wp-content\/uploads\/sites\/34\/2015\/02\/bailly-2-212x300.jpg\" alt=\"bailly (2)\" width=\"212\" height=\"300\" srcset=\"http:\/\/web.philo.ulg.ac.be\/culturessensibles\/wp-content\/uploads\/sites\/34\/2015\/02\/bailly-2-212x300.jpg 212w, http:\/\/web.philo.ulg.ac.be\/culturessensibles\/wp-content\/uploads\/sites\/34\/2015\/02\/bailly-2-724x1024.jpg 724w, http:\/\/web.philo.ulg.ac.be\/culturessensibles\/wp-content\/uploads\/sites\/34\/2015\/02\/bailly-2.jpg 1190w\" sizes=\"auto, (max-width: 212px) 100vw, 212px\" \/><\/a><a href=\"http:\/\/web.philo.ulg.ac.be\/culturessensibles\/wp-content\/uploads\/sites\/34\/2015\/03\/13-mars.jpg\"><img loading=\"lazy\" decoding=\"async\" class=\"aligncenter wp-image-4758 size-medium\" src=\"http:\/\/web.philo.ulg.ac.be\/culturessensibles\/wp-content\/uploads\/sites\/34\/2015\/03\/13-mars-300x300.jpg\" alt=\"13 mars\" width=\"300\" height=\"300\" srcset=\"http:\/\/web.philo.ulg.ac.be\/culturessensibles\/wp-content\/uploads\/sites\/34\/2015\/03\/13-mars-300x300.jpg 300w, http:\/\/web.philo.ulg.ac.be\/culturessensibles\/wp-content\/uploads\/sites\/34\/2015\/03\/13-mars-150x150.jpg 150w, http:\/\/web.philo.ulg.ac.be\/culturessensibles\/wp-content\/uploads\/sites\/34\/2015\/03\/13-mars.jpg 595w\" sizes=\"auto, (max-width: 300px) 100vw, 300px\" \/><\/a><\/p>\n","protected":false},"excerpt":{"rendered":"","protected":false},"author":2,"featured_media":0,"parent":0,"menu_order":0,"comment_status":"closed","ping_status":"closed","template":"","meta":{"footnotes":""},"class_list":["post-4762","page","type-page","status-publish","hentry"],"_links":{"self":[{"href":"http:\/\/web.philo.ulg.ac.be\/culturessensibles\/wp-json\/wp\/v2\/pages\/4762","targetHints":{"allow":["GET"]}}],"collection":[{"href":"http:\/\/web.philo.ulg.ac.be\/culturessensibles\/wp-json\/wp\/v2\/pages"}],"about":[{"href":"http:\/\/web.philo.ulg.ac.be\/culturessensibles\/wp-json\/wp\/v2\/types\/page"}],"author":[{"embeddable":true,"href":"http:\/\/web.philo.ulg.ac.be\/culturessensibles\/wp-json\/wp\/v2\/users\/2"}],"replies":[{"embeddable":true,"href":"http:\/\/web.philo.ulg.ac.be\/culturessensibles\/wp-json\/wp\/v2\/comments?post=4762"}],"version-history":[{"count":1,"href":"http:\/\/web.philo.ulg.ac.be\/culturessensibles\/wp-json\/wp\/v2\/pages\/4762\/revisions"}],"predecessor-version":[{"id":4987,"href":"http:\/\/web.philo.ulg.ac.be\/culturessensibles\/wp-json\/wp\/v2\/pages\/4762\/revisions\/4987"}],"wp:attachment":[{"href":"http:\/\/web.philo.ulg.ac.be\/culturessensibles\/wp-json\/wp\/v2\/media?parent=4762"}],"curies":[{"name":"wp","href":"https:\/\/api.w.org\/{rel}","templated":true}]}}