{"id":4960,"date":"2016-09-20T13:58:49","date_gmt":"2016-09-20T12:58:49","guid":{"rendered":"http:\/\/web.philo.ulg.ac.be\/culturessensibles\/?page_id=4960"},"modified":"2016-12-01T15:53:34","modified_gmt":"2016-12-01T14:53:34","slug":"quentin-nicolai","status":"publish","type":"page","link":"http:\/\/web.philo.ulg.ac.be\/culturessensibles\/quentin-nicolai\/","title":{"rendered":"Quentin Nicola\u00ef"},"content":{"rendered":"<div class=\"heading-wrapper\"><h6><span class=\"heading-line-left\"><\/span><strong>Membres<\/strong><span class=\"heading-line-right\"><\/span><\/h6><\/div>\n<div class=\"column column-1-3\"><div class=\"staff-wrapper\"><img decoding=\"async\" src=\"\" alt=\"\"\/><div class=\"person-name\">Quentin Nicola\u00ef<i class=\"moon-users-2\"><\/i><\/div><div class=\"person-title\">ULB<\/div><div class=\"person-description\"><\/div><\/div><\/div>\n<div class=\"column column-2-3 column-last\">\n<div class=\"su-accordion\">\n<div class=\"su-spoiler su-spoiler-style-1 su-spoiler-open\"><div class=\"su-spoiler-title\"><i class=\"moon-arrow-right-2 spoiler-button\"><\/i><i class=\"moon-arrow-down spoiler-button spoiler-active\"><\/i><strong>Pr\u00e9sentation<\/strong><\/div><div class=\"su-spoiler-content\" style=\"display:block\">\n<p style=\"text-align: justify;\">Quentin Nicola\u00ef est architecte. Il a collabor\u00e9 pendant cinq ans \u00e0 divers projets d&rsquo;architecture du paysage, au sein du bureau d&rsquo;architecture et d&rsquo;urbanisme Karbon&rsquo;. Depuis 2014, il m\u00e8ne des recherches dans le cadre d&rsquo;une th\u00e8se de doctorat (PDR FNRS) \u00e0 la Facult\u00e9 d&rsquo;architecture de l&rsquo;Universit\u00e9 libre de Bruxelles, portant sur la place du v\u00e9g\u00e9tal dans l&rsquo;am\u00e9nagement des lieux habit\u00e9s sur le plateau d&rsquo;Abomey dans le sud du B\u00e9nin. Il s\u2019int\u00e9resse notamment aux for\u00eats sacr\u00e9es, g\u00e9n\u00e9ralement \u00e9tudi\u00e9es comme des morceaux de nature conserv\u00e9s \u00e0 des fins religieuses. \u00c0 partir d&rsquo;une mise en exercice du dessin d&rsquo;architecture, son enqu\u00eate porte sur les relations (transferts, correspondances) entre ces for\u00eats, qui sont en r\u00e9alit\u00e9 am\u00e9nag\u00e9es, et les habitations, o\u00f9 le v\u00e9g\u00e9tal tient souvent un r\u00f4le important. Ce faisant, son travail explore d&rsquo;autres mani\u00e8res d&rsquo;articuler ce que le concept moderne de nature a s\u00e9par\u00e9 : espace habit\u00e9 et nature, urbain et rural, domestique et sauvage, figure et fond, &#8230;<\/p>\n<p style=\"text-align: justify;\"><\/div><\/div>\n<div class=\"su-spoiler su-spoiler-style-1\"><div class=\"su-spoiler-title\"><i class=\"moon-arrow-right-2 spoiler-button\"><\/i><i class=\"moon-arrow-down spoiler-button spoiler-active\"><\/i><strong>Bibliographie s\u00e9lective<\/strong><\/div><div class=\"su-spoiler-content\">\n<ul>\n<li style=\"text-align: justify;\">Quentin Nicola\u00ef, \u00ab\u00a0L\u2019appropriation de la nature dans le B\u00e9nin m\u00e9ridional : observations \u00e0 partir des cour-jardins \u00e0 Abomey\u00a0\u00bb, <em>CLARA architecture\/recherche<\/em>, n\u00b04, Editions Mardaga, 2016 (\u00e0 para\u00eetre).<\/li>\n<li style=\"text-align: justify;\">Dominique Juh\u00e9-Beaulaton et Quentin Nicola\u00ef, \u00ab\u00a0Des for\u00eats sacr\u00e9es aux cour-jardins dans le sud du B\u00e9nin\u00a0\u00bb, <em>Les carnets du paysage, Le paysage et le sacr\u00e9<\/em>, ENSP\/Actes Sud, 2017 (\u00e0 para\u00eetre).<\/li>\n<\/ul>\n<\/div><\/div>\n<div class=\"su-spoiler su-spoiler-style-1\"><div class=\"su-spoiler-title\"><i class=\"moon-arrow-right-2 spoiler-button\"><\/i><i class=\"moon-arrow-down spoiler-button spoiler-active\"><\/i><strong>Adresse de contact<\/strong><\/div><div class=\"su-spoiler-content\">\n<p><a href=\"mailto:quentin.nicolai@ulb.ac.be\">quentin.nicolai@ulb.ac.be<\/a><\/p>\n<\/div><\/div>\n<\/div>\n<\/div><div class=\"clear\"><\/div>\n","protected":false},"excerpt":{"rendered":"","protected":false},"author":2,"featured_media":0,"parent":0,"menu_order":0,"comment_status":"closed","ping_status":"closed","template":"","meta":{"footnotes":""},"class_list":["post-4960","page","type-page","status-publish","hentry"],"_links":{"self":[{"href":"http:\/\/web.philo.ulg.ac.be\/culturessensibles\/wp-json\/wp\/v2\/pages\/4960","targetHints":{"allow":["GET"]}}],"collection":[{"href":"http:\/\/web.philo.ulg.ac.be\/culturessensibles\/wp-json\/wp\/v2\/pages"}],"about":[{"href":"http:\/\/web.philo.ulg.ac.be\/culturessensibles\/wp-json\/wp\/v2\/types\/page"}],"author":[{"embeddable":true,"href":"http:\/\/web.philo.ulg.ac.be\/culturessensibles\/wp-json\/wp\/v2\/users\/2"}],"replies":[{"embeddable":true,"href":"http:\/\/web.philo.ulg.ac.be\/culturessensibles\/wp-json\/wp\/v2\/comments?post=4960"}],"version-history":[{"count":2,"href":"http:\/\/web.philo.ulg.ac.be\/culturessensibles\/wp-json\/wp\/v2\/pages\/4960\/revisions"}],"predecessor-version":[{"id":5090,"href":"http:\/\/web.philo.ulg.ac.be\/culturessensibles\/wp-json\/wp\/v2\/pages\/4960\/revisions\/5090"}],"wp:attachment":[{"href":"http:\/\/web.philo.ulg.ac.be\/culturessensibles\/wp-json\/wp\/v2\/media?parent=4960"}],"curies":[{"name":"wp","href":"https:\/\/api.w.org\/{rel}","templated":true}]}}