{"id":4967,"date":"2016-09-20T14:14:21","date_gmt":"2016-09-20T13:14:21","guid":{"rendered":"http:\/\/web.philo.ulg.ac.be\/culturessensibles\/?page_id=4967"},"modified":"2016-12-01T15:50:51","modified_gmt":"2016-12-01T14:50:51","slug":"valentine-pasin","status":"publish","type":"page","link":"http:\/\/web.philo.ulg.ac.be\/culturessensibles\/valentine-pasin\/","title":{"rendered":"Valentine PASIN"},"content":{"rendered":"<div class=\"heading-wrapper\"><h6><span class=\"heading-line-left\"><\/span><strong>Membres<\/strong><span class=\"heading-line-right\"><\/span><\/h6><\/div>\n<div class=\"column column-1-3\"><div class=\"staff-wrapper\"><img decoding=\"async\" src=\"\" alt=\"\"\/><div class=\"person-name\">Valentine PASIN<i class=\"moon-users-2\"><\/i><\/div><div class=\"person-title\">UCL<\/div><div class=\"person-description\"><\/div><\/div><\/div>\n<div class=\"column column-2-3 column-last\">\n<div class=\"su-accordion\">\n<div class=\"su-spoiler su-spoiler-style-1 su-spoiler-open\"><div class=\"su-spoiler-title\"><i class=\"moon-arrow-right-2 spoiler-button\"><\/i><i class=\"moon-arrow-down spoiler-button spoiler-active\"><\/i><strong>Pr\u00e9sentation<\/strong><\/div><div class=\"su-spoiler-content\" style=\"display:block\">\n<p>Doctorante<br \/>\nAssistante<br \/>\nUCL \u2013 Laboratoire d\u2019Anthropologie Prospective<\/p>\n<p style=\"text-align: justify;\">Valentine Pasin m\u00e8ne une \u00e9tude ethnographique qui vise \u00e0 mener une r\u00e9flexion approfondie sur les pluralit\u00e9s \u00abd\u2019\u00eatre m\u00e8re et\/ou soignante\u00bb et les tensions qu\u2019elles suscitent dans le contexte sanitaire p\u00e9ruvien. Je m&rsquo;int\u00e9resse particuli\u00e8rement \u00e0 la diversit\u00e9 des savoirs, des protagonistes et des pratiques de soins p\u00e9rinatals et leurs transformations au sein des Andes. Depuis 2005, le minist\u00e8re de la sant\u00e9 p\u00e9ruvien a officialis\u00e9 par une norme technique l\u2019implantation de soins interculturels dans diff\u00e9rents centres de sant\u00e9 pour r\u00e9pondre \u00e0 des conflits de reconnaissance des diff\u00e9rents savoirs coexistant sur \u00ab son territoire \u00bb national. Cependant, \u00e0 une \u00e9chelle plus locale, ces politiques sanitaires interculturelles ont conduit d\u2019une part, \u00e0 une diminution importante voire l\u2019\u00e9limination de la prise en charge des soins p\u00e9rinatals par les sages-femmes issues des communaut\u00e9s de zones rurales andines d\u00e9nomm\u00e9es parteras; et d\u2019autre part \u00e0 l\u2019augmentation d\u2019accouchements institutionnels. \u00a0Aujourd\u2019hui, certaines femmes p\u00e9ruviennes semblent poss\u00e9der peu de choix et de libert\u00e9s pour d\u00e9cider o\u00f9, quand, comment et avec qui elles veulent vivre et faire l\u2019exp\u00e9rience de devenir m\u00e8res. Cette recherche doctorale \u00e9tudie de plus pr\u00e8s ce moment particulier o\u00f9 les femmes donnent naissance et ce que cela implique dans chacune des trajectoires de vies. Un questionnement \u00e9pist\u00e9mologique approfondi est men\u00e9 sur les affects, les \u00e9motions, les sensations et les invisibles ainsi que sur le(s) r\u00f4le(s) qui me sont donn\u00e9s lors de ces \u00e9v\u00e8nements exceptionnels. C&rsquo;est pourquoi, le sensible est \u00e9tudi\u00e9 tant comme objet que comme m\u00e9thode (\u00e9tude du sensible et\/ou par le sensible).<\/p>\n<\/div><\/div>\n<div class=\"su-spoiler su-spoiler-style-1\"><div class=\"su-spoiler-title\"><i class=\"moon-arrow-right-2 spoiler-button\"><\/i><i class=\"moon-arrow-down spoiler-button spoiler-active\"><\/i><strong>Adresse de contact<\/strong><\/div><div class=\"su-spoiler-content\">\n<p><a href=\"mailto:valentine.pasin@uclouvain.be\">valentine.pasin@uclouvain.be<\/a><\/p>\n<\/div><\/div>\n<\/div>\n<\/div><div class=\"clear\"><\/div>\n","protected":false},"excerpt":{"rendered":"","protected":false},"author":2,"featured_media":0,"parent":0,"menu_order":0,"comment_status":"closed","ping_status":"closed","template":"","meta":{"footnotes":""},"class_list":["post-4967","page","type-page","status-publish","hentry"],"_links":{"self":[{"href":"http:\/\/web.philo.ulg.ac.be\/culturessensibles\/wp-json\/wp\/v2\/pages\/4967","targetHints":{"allow":["GET"]}}],"collection":[{"href":"http:\/\/web.philo.ulg.ac.be\/culturessensibles\/wp-json\/wp\/v2\/pages"}],"about":[{"href":"http:\/\/web.philo.ulg.ac.be\/culturessensibles\/wp-json\/wp\/v2\/types\/page"}],"author":[{"embeddable":true,"href":"http:\/\/web.philo.ulg.ac.be\/culturessensibles\/wp-json\/wp\/v2\/users\/2"}],"replies":[{"embeddable":true,"href":"http:\/\/web.philo.ulg.ac.be\/culturessensibles\/wp-json\/wp\/v2\/comments?post=4967"}],"version-history":[{"count":1,"href":"http:\/\/web.philo.ulg.ac.be\/culturessensibles\/wp-json\/wp\/v2\/pages\/4967\/revisions"}],"predecessor-version":[{"id":5087,"href":"http:\/\/web.philo.ulg.ac.be\/culturessensibles\/wp-json\/wp\/v2\/pages\/4967\/revisions\/5087"}],"wp:attachment":[{"href":"http:\/\/web.philo.ulg.ac.be\/culturessensibles\/wp-json\/wp\/v2\/media?parent=4967"}],"curies":[{"name":"wp","href":"https:\/\/api.w.org\/{rel}","templated":true}]}}