{"id":5191,"date":"2017-02-20T10:20:27","date_gmt":"2017-02-20T09:20:27","guid":{"rendered":"http:\/\/web.philo.ulg.ac.be\/culturessensibles\/?page_id=5191"},"modified":"2017-02-20T10:20:27","modified_gmt":"2017-02-20T09:20:27","slug":"erika-wicky","status":"publish","type":"page","link":"http:\/\/web.philo.ulg.ac.be\/culturessensibles\/erika-wicky\/","title":{"rendered":"Erika WICKY"},"content":{"rendered":"<div class=\"heading-wrapper\"><h6><span class=\"heading-line-left\"><\/span><strong>Membres<\/strong><span class=\"heading-line-right\"><\/span><\/h6><\/div>\n<div class=\"column column-1-3\"><div class=\"staff-wrapper\"><img decoding=\"async\" src=\"\" alt=\"\"\/><div class=\"person-name\">Erika Wicky<i class=\"moon-users-2\"><\/i><\/div><div class=\"person-title\">FNRS, ULg<\/div><div class=\"person-description\"><\/div><\/div><\/div>\n<div class=\"column column-2-3 column-last\">\n<div class=\"su-accordion\">\n<div class=\"su-spoiler su-spoiler-style-1 su-spoiler-open\"><div class=\"su-spoiler-title\"><i class=\"moon-arrow-right-2 spoiler-button\"><\/i><i class=\"moon-arrow-down spoiler-button spoiler-active\"><\/i><strong>Pr\u00e9sentation<\/strong><\/div><div class=\"su-spoiler-content\" style=\"display:block\">\n<p>Actuellement charg\u00e9e de recherches (FNRS) \u00e0 l\u2019Universit\u00e9 de Li\u00e8ge, \u00c9rika Wicky est docteure en histoire de l\u2019art (Universit\u00e9 de Montr\u00e9al). Ses recherches sont consacr\u00e9es \u00e0 l\u2019histoire de la culture visuelle du XIX<sup>e<\/sup> si\u00e8cle, qu\u2019elle \u00e9tudie notamment \u00e0 travers les \u00e9crits de cette p\u00e9riode sur l\u2019art et la photographie. Elle s\u2019int\u00e9resse \u00e9galement aux diff\u00e9rentes expressions d\u2019une culture olfactive du XVIIIe si\u00e8cle \u00e0 nos jours.<\/p>\n<\/div><\/div>\n<p>&nbsp;<\/p>\n<div class=\"su-spoiler su-spoiler-style-1\"><div class=\"su-spoiler-title\"><i class=\"moon-arrow-right-2 spoiler-button\"><\/i><i class=\"moon-arrow-down spoiler-button spoiler-active\"><\/i><strong>Publications<\/strong><\/div><div class=\"su-spoiler-content\">\n<p><strong>Livre<\/strong><\/p>\n<p>\u00c9rika Wicky, <em>Les paradoxes du d\u00e9tail\u00a0: voir, savoir, repr\u00e9senter \u00e0 l\u2019\u00e8re de la photographie<\/em>, Rennes, Presses Universitaires de Rennes, Collection \u00ab\u00c6sthetica\u00a0\u00bb, mai 2015.<\/p>\n<p>&nbsp;<\/p>\n<p><strong>Co-direction de volumes collectifs<\/strong><\/p>\n<p><em>Litt\u00e9rature<\/em>, Sociabilit\u00e9s du parfum (XVIII<sup>e<\/sup> \u2013 XIX<sup>e<\/sup> si\u00e8cles), Jean-Alexandre Perras et \u00c9rika Wicky (dir.), n\u00b0185, \u00e0 para\u00eetre en mars 2017.<\/p>\n<p><em>Interm\u00e9dialit\u00e9s<\/em>, Projeter \/ Projecting, Larisa Dryansky et \u00c9rika Wicky (dir.), Presses de l\u2019Universit\u00e9 de Montr\u00e9al, n\u00b0 double 24-25, 2016.<\/p>\n<p><em>\u00c9tudes fran\u00e7aises<\/em>, La physiognomonie au XIX<sup>e<\/sup> si\u00e8cle : transpositions\u00a0esth\u00e9tiques et m\u00e9diatiques, Val\u00e9rie Sti\u00e9non et \u00c9rika Wicky (dir.), Presses de l\u2019Universit\u00e9 de Montr\u00e9al, vol.\u00a049, n\u00b03, 2013.<\/p>\n<p><em>Le corps dans l\u2019Histoire et les histoires du corps pr\u00e9c\u00e9d\u00e9 d\u2019entretiens avec Georges Vigarello<\/em>, Micka\u00ebl Bouffard, Jean-Alexandre Perras et \u00c9rika Wicky (dir.), Paris, Hermann, 2013.<\/p>\n<p>&nbsp;<\/p>\n<p><strong>Articles (extrait)<\/strong><\/p>\n<p>\u00ab\u00a0L\u2019avenir de la peinture \u00e0 l\u2019\u00e8re de la photographie\u00a0\u00bb, <em>Le XIX<\/em><em><sup>e<\/sup><\/em><em> si\u00e8cle au futur<\/em>, Actes du colloque de la Soci\u00e9t\u00e9 d\u2019\u00e9tudes romantiques et dix-neuvi\u00e8mistes, Claire Barel-Moisan (dir.), \u00e0 para\u00eetre en 2017 [en ligne].<\/p>\n<p>\u00ab\u00a0Le portrait photographique d\u2019\u00e9crivain vu par la presse du XIX<sup>e<\/sup> si\u00e8cle\u00a0\u00bb, <em>L\u2019\u00c9crivain vu par la photographie<\/em>, Actes du colloque de Cerisy-la-Salle, David Martens, Jean-Pierre Montier et Anne Reverseau (dir.), Rennes, Presses universitaires de Rennes, Coll. \u00ab\u00a0Interf\u00e9rences litt\u00e9raires\u00a0\u00bb, \u00e0 para\u00eetre en 2017.<\/p>\n<p>Andrea Oberhuber et \u00c9rika Wicky, \u00ab\u00a0Du mauvais usage des parfums\u00a0: Ch\u00e9rie empoisonn\u00e9e par le musc et l\u2019h\u00e9liotrope\u00a0\u00bb, <em>Cahiers Edmond et Jules de Goncourt<\/em>, n\u00b023, 2016 (\u00e0 para\u00eetre en avril 2017).<\/p>\n<p>\u00ab\u00a0Grammaire olfactive\u00a0: les parfums au pluriel\u00a0\u00bb, <em>Litt\u00e9rature<\/em>, Jean-Alexandre Perras et \u00c9rika Wicky (dir.), n\u00b0185, \u00e0 para\u00eetre en mars 2017.<\/p>\n<p>\u00ab\u00a0\u00c9crire le paysage photographique, photographier la po\u00e9sie du paysage au XIX<sup>e<\/sup> si\u00e8cle\u00a0\u00bb, \u00a0<em>Les inventions photographiques du paysage<\/em>, Rennes, Presses universitaires de Rennes, 2016.<\/p>\n<p>\u00ab\u00a0La <em>cuisine<\/em> du photographe : un imaginaire pictural de la mati\u00e8re photographique \u00bb, <em>RACAR<\/em> (Revue d\u2019art canadienne \/ Canadian Art Review), vol. 40, n\u00b01, printemps 2015.<\/p>\n<p>\u00ab\u00a0Ce que sentent les jeunes filles\u00a0\u00bb, <em>Romantisme<\/em>, n\u00b0164, septembre 2014.<\/p>\n<p>\u00ab\u00a0La peinture <em>\u00e0 vue de nez\u00a0<\/em>: la juste distance du critique d\u2019art de Diderot \u00e0 Zola\u00a0\u00bb, <em>RACAR<\/em> (Revue d\u2019art canadienne \/ Canadian Art Review), vol. 39, n\u00b01, printemps 2014.<\/p>\n<p>Bouchard, Karine et \u00c9rika Wicky, \u00ab\u00a0Description et olfaction de l\u2019art contemporain\u00a0: les mutations de la critique d\u2019art \u00bb, <em>Marges, revue d\u2019art contemporain<\/em>, Presses Universitaires de Vincennes, num\u00e9ro hors s\u00e9rie, avril 2014.<\/p>\n<p>\u00ab\u00a0Les \u00ab\u00a0degr\u00e9s d\u2019art\u00a0\u00bb de la reproduction de tableaux\u00a0: Proust et les pr\u00e9mices de l\u2019industrie culturelle\u00a0\u00bb, <em>Image and Narrative<\/em>, vol. 15, n\u00b01, mars 2014.<\/p>\n<p>Perras, Jean-Alexandre et \u00c9rika Wicky, \u00ab\u00a0La s\u00e9miologie des odeurs au XIXe si\u00e8cle\u00a0: du savoir m\u00e9dical \u00e0 la norme sociale\u00a0\u00bb, <em>\u00c9tudes fran\u00e7aises<\/em>, vol. 49, n\u00b03, 2013.<\/p>\n<p>\u00ab\u00a0Les arts visuels dans la gen\u00e8se de Salammb\u00f4\u00a0\u00bb dans <em>Flaubert et la peinture<\/em>, Gis\u00e8le S\u00e9ginger (dir.), Paris, Minard\u00a0Lettres modernes, S\u00e9rie Flaubert n\u00b07, 2010.<\/p>\n<\/div><\/div>\n<div class=\"su-spoiler su-spoiler-style-1\"><div class=\"su-spoiler-title\"><i class=\"moon-arrow-right-2 spoiler-button\"><\/i><i class=\"moon-arrow-down spoiler-button spoiler-active\"><\/i><strong>Adresse de contact<\/strong><\/div><div class=\"su-spoiler-content\">\n<p>erika.wicky@gmail.com<\/p>\n<\/div><\/div>\n<\/div>\n<\/div><div class=\"clear\"><\/div>\n","protected":false},"excerpt":{"rendered":"","protected":false},"author":40,"featured_media":0,"parent":0,"menu_order":0,"comment_status":"closed","ping_status":"closed","template":"","meta":{"footnotes":""},"class_list":["post-5191","page","type-page","status-publish","hentry"],"_links":{"self":[{"href":"http:\/\/web.philo.ulg.ac.be\/culturessensibles\/wp-json\/wp\/v2\/pages\/5191","targetHints":{"allow":["GET"]}}],"collection":[{"href":"http:\/\/web.philo.ulg.ac.be\/culturessensibles\/wp-json\/wp\/v2\/pages"}],"about":[{"href":"http:\/\/web.philo.ulg.ac.be\/culturessensibles\/wp-json\/wp\/v2\/types\/page"}],"author":[{"embeddable":true,"href":"http:\/\/web.philo.ulg.ac.be\/culturessensibles\/wp-json\/wp\/v2\/users\/40"}],"replies":[{"embeddable":true,"href":"http:\/\/web.philo.ulg.ac.be\/culturessensibles\/wp-json\/wp\/v2\/comments?post=5191"}],"version-history":[{"count":1,"href":"http:\/\/web.philo.ulg.ac.be\/culturessensibles\/wp-json\/wp\/v2\/pages\/5191\/revisions"}],"predecessor-version":[{"id":5192,"href":"http:\/\/web.philo.ulg.ac.be\/culturessensibles\/wp-json\/wp\/v2\/pages\/5191\/revisions\/5192"}],"wp:attachment":[{"href":"http:\/\/web.philo.ulg.ac.be\/culturessensibles\/wp-json\/wp\/v2\/media?parent=5191"}],"curies":[{"name":"wp","href":"https:\/\/api.w.org\/{rel}","templated":true}]}}