{"id":1166,"date":"2021-01-12T15:14:34","date_gmt":"2021-01-12T14:14:34","guid":{"rendered":"http:\/\/web.philo.ulg.ac.be\/epistolarita\/?page_id=1166"},"modified":"2021-04-13T15:41:21","modified_gmt":"2021-04-13T13:41:21","slug":"chi-siamo","status":"publish","type":"page","link":"http:\/\/web.philo.ulg.ac.be\/epistolarita\/chi-siamo\/","title":{"rendered":"Chi siamo"},"content":{"rendered":"<div class=\"fusion-fullwidth fullwidth-box fusion-builder-row-1 fusion-flex-container nonhundred-percent-fullwidth non-hundred-percent-height-scrolling\" style=\"background-color: rgba(255,255,255,0);background-position: left top;background-repeat: no-repeat;border-width: 0px 0px 0px 0px;border-color:#eae9e9;border-style:solid;\" ><div class=\"fusion-builder-row fusion-row fusion-flex-align-items-flex-start fusion-flex-align-content-flex-start\" style=\"max-width:calc( 1170px + 0px );margin-left: calc(-0px \/ 2 );margin-right: calc(-0px \/ 2 );\"><div class=\"fusion-layout-column fusion_builder_column fusion-builder-column-0 fusion_builder_column_1_3 1_3 fusion-flex-column\"><div class=\"fusion-column-wrapper fusion-flex-justify-content-flex-start fusion-content-layout-column\" style=\"background-position:left top;background-repeat:no-repeat;-webkit-background-size:cover;-moz-background-size:cover;-o-background-size:cover;background-size:cover;padding: 0px 0px 0px 0px;\"><a class=\"fusion-modal-text-link\" data-toggle=\"modal\" data-target=\".fusion-modal.gvalenti\" href=\"#\">\n<div style=\"text-align: center;\"><span class=\" fusion-imageframe imageframe-none imageframe-1 hover-type-none\" style=\"border-radius: 50%;\"><img decoding=\"async\" class=\"img-responsive wp-image-1431\" title=\"valenti\" src=\"http:\/\/web.philo.ulg.ac.be\/epistolarita\/wp-content\/uploads\/sites\/63\/2021\/02\/valenti.jpeg\" width=\"200\" height=\"200\" srcset=\"http:\/\/web.philo.ulg.ac.be\/epistolarita\/wp-content\/uploads\/sites\/63\/2021\/02\/valenti-66x66.jpeg 66w, http:\/\/web.philo.ulg.ac.be\/epistolarita\/wp-content\/uploads\/sites\/63\/2021\/02\/valenti-150x150.jpeg 150w, http:\/\/web.philo.ulg.ac.be\/epistolarita\/wp-content\/uploads\/sites\/63\/2021\/02\/valenti.jpeg 200w\" sizes=\"(max-width: 200px) 100vw, 200px\" \/><\/span><\/div>\n<\/a><div class=\"fusion-separator fusion-full-width-sep\" style=\"align-self: center;margin-left: auto;margin-right: auto;margin-top:30px;width:100%;\"><\/div><style type=\"text\/css\">@media only screen and (max-width:1024px) {.fusion-title.fusion-title-1{margin-top:0px!important; margin-right:0px!important;margin-bottom:31px!important;margin-left:0px!important;}}@media only screen and (max-width:640px) {.fusion-title.fusion-title-1{margin-top:0px!important; margin-right:0px!important;margin-bottom:20px!important; margin-left:0px!important;}}<\/style><div class=\"fusion-title title fusion-title-1 fusion-sep-none fusion-title-text fusion-title-size-five\" style=\"margin-top:0px;margin-right:0px;margin-bottom:31px;margin-left:0px;\"><h5 class=\"title-heading-left\" style=\"margin:0;\"><p style=\"text-align: center;\">Gianluca Valenti<\/p>\n<p style=\"text-align: center;\">responsabile scientifico<\/p><\/h5><\/div><div class=\"fusion-modal modal fade modal-1 gvalenti\" tabindex=\"-1\" role=\"dialog\" aria-labelledby=\"modal-heading-1\" aria-hidden=\"true\"><style type=\"text\/css\">.modal-1 .modal-header, .modal-1 .modal-footer{border-color:#c00000;}<\/style><div class=\"modal-dialog modal-lg\" role=\"document\"><div class=\"modal-content fusion-modal-content\" style=\"background-color:#f6f6f6\"><div class=\"modal-header\"><button class=\"close\" type=\"button\" data-dismiss=\"modal\" aria-hidden=\"true\" aria-label=\"Close\">&times;<\/button><h3 class=\"modal-title\" id=\"modal-heading-1\" data-dismiss=\"modal\" aria-hidden=\"true\">Gianluca Valenti<\/h3><\/div><div class=\"modal-body fusion-clearfix\">\n<p style=\"text-align: justify;\">Gianluca Valenti \u00e8 ricercatore in filologia e linguistica italiana all\u2019Universit\u00e0 di Liegi, co-direttore dell\u2019Unit\u00e0 di Ricerca \u201cTransitions\u201d e delle riviste scientifiche \u201cCognitive Philology\u201d e \u201cArm@rium\u201d.<\/p>\n<p style=\"text-align: justify;\">I suoi ambiti di ricerca sono l\u2019epistolografia in volgare tra XV e XVII secolo, l\u2019evoluzione del lessico artistico, lo studio delle grammatiche cinquecentesche di fiorentino antico e l\u2019analisi sociolinguistica di testi pratici. Ha curato l\u2019edizione critica di un nucleo di lettere spedite da Bartolomeo Ammannati e di un trattato di caccia scritto alla corte d\u2019Este nella seconda met\u00e0 del Quattrocento. Negli ultimi anni ha pubblicato articoli sulla lingua di Ammannati e di Michelangelo, anche con l\u2019ausilio di strumenti informatici e di analisi statistiche.<\/p>\n<\/div><\/div><\/div><\/div><\/div><style type=\"text\/css\">.fusion-body .fusion-builder-column-0{width:33.333333333333% !important;margin-top : 0px;margin-bottom : 20px;}.fusion-builder-column-0 > .fusion-column-wrapper {padding-top : 0px !important;padding-right : 0px !important;margin-right : 0px;padding-bottom : 0px !important;padding-left : 0px !important;margin-left : 0px;}@media only screen and (max-width:1024px) {.fusion-body .fusion-builder-column-0{width:100% !important;order : 0;}.fusion-builder-column-0 > .fusion-column-wrapper {margin-right : 0px;margin-left : 0px;}}@media only screen and (max-width:640px) {.fusion-body .fusion-builder-column-0{width:100% !important;order : 0;}.fusion-builder-column-0 > .fusion-column-wrapper {margin-right : 0px;margin-left : 0px;}}<\/style><\/div><div class=\"fusion-layout-column fusion_builder_column fusion-builder-column-1 fusion_builder_column_1_3 1_3 fusion-flex-column\"><div class=\"fusion-column-wrapper fusion-flex-justify-content-flex-start fusion-content-layout-column\" style=\"background-position:left top;background-repeat:no-repeat;-webkit-background-size:cover;-moz-background-size:cover;-o-background-size:cover;background-size:cover;padding: 0px 0px 0px 0px;\"><a class=\"fusion-modal-text-link\" data-toggle=\"modal\" data-target=\".fusion-modal.azeisberg\" href=\"#\">\n<div style=\"text-align: center;\"><span class=\" fusion-imageframe imageframe-none imageframe-1 hover-type-none\" style=\"border-radius: 50%;\"><img decoding=\"async\" class=\"img-responsive wp-image-1441\" title=\"zeisberg\" src=\"http:\/\/web.philo.ulg.ac.be\/epistolarita\/wp-content\/uploads\/sites\/63\/2021\/02\/zeisberg.jpeg\" width=\"200\" height=\"200\" srcset=\"http:\/\/web.philo.ulg.ac.be\/epistolarita\/wp-content\/uploads\/sites\/63\/2021\/02\/zeisberg-66x66.jpeg 66w, http:\/\/web.philo.ulg.ac.be\/epistolarita\/wp-content\/uploads\/sites\/63\/2021\/02\/zeisberg-150x150.jpeg 150w, http:\/\/web.philo.ulg.ac.be\/epistolarita\/wp-content\/uploads\/sites\/63\/2021\/02\/zeisberg.jpeg 200w\" sizes=\"(max-width: 200px) 100vw, 200px\" \/><\/span><\/div>\n<\/a><div class=\"fusion-separator fusion-full-width-sep\" style=\"align-self: center;margin-left: auto;margin-right: auto;margin-top:30px;width:100%;\"><\/div><style type=\"text\/css\">@media only screen and (max-width:1024px) {.fusion-title.fusion-title-2{margin-top:0px!important; margin-right:0px!important;margin-bottom:31px!important;margin-left:0px!important;}}@media only screen and (max-width:640px) {.fusion-title.fusion-title-2{margin-top:0px!important; margin-right:0px!important;margin-bottom:20px!important; margin-left:0px!important;}}<\/style><div class=\"fusion-title title fusion-title-2 fusion-sep-none fusion-title-text fusion-title-size-five\" style=\"margin-top:0px;margin-right:0px;margin-bottom:31px;margin-left:0px;\"><h5 class=\"title-heading-left\" style=\"margin:0;\"><p style=\"text-align: center;\">Alexander Zeisberg<\/p>\n<p style=\"text-align: center;\">data scientist<\/p><\/h5><\/div><div class=\"fusion-modal modal fade modal-2 azeisberg\" tabindex=\"-1\" role=\"dialog\" aria-labelledby=\"modal-heading-2\" aria-hidden=\"true\"><style type=\"text\/css\">.modal-2 .modal-header, .modal-2 .modal-footer{border-color:#c00000;}<\/style><div class=\"modal-dialog modal-lg\" role=\"document\"><div class=\"modal-content fusion-modal-content\" style=\"background-color:#f6f6f6\"><div class=\"modal-header\"><button class=\"close\" type=\"button\" data-dismiss=\"modal\" aria-hidden=\"true\" aria-label=\"Close\">&times;<\/button><h3 class=\"modal-title\" id=\"modal-heading-2\" data-dismiss=\"modal\" aria-hidden=\"true\">Alexander Zeisberg<\/h3><\/div><div class=\"modal-body fusion-clearfix\">\n<p style=\"text-align: justify;\">Alexander Paolo Zeisberg Militerni \u00e8 un freelancer senior data scientist.<\/p>\n<p style=\"text-align: justify;\">Ha lavorato come data scientist principalmente in ambito aziendale, sviluppando e gestendo team e progetti di big data e intelligenza artificiale, con particolare attenzione a ricerche sul text mining. Ha svolto corsi di formazione interni ed esterni come docente in data science per aziende multinazionali. Lavora attualmente al progetto epistolarITA come responsabile tecnologico e dello sviluppo di algoritmi di intelligenza artificiale.<\/p>\n<\/div><\/div><\/div><\/div><\/div><style type=\"text\/css\">.fusion-body .fusion-builder-column-1{width:33.333333333333% !important;margin-top : 0px;margin-bottom : 20px;}.fusion-builder-column-1 > .fusion-column-wrapper {padding-top : 0px !important;padding-right : 0px !important;margin-right : 0px;padding-bottom : 0px !important;padding-left : 0px !important;margin-left : 0px;}@media only screen and (max-width:1024px) {.fusion-body .fusion-builder-column-1{width:100% !important;order : 0;}.fusion-builder-column-1 > .fusion-column-wrapper {margin-right : 0px;margin-left : 0px;}}@media only screen and (max-width:640px) {.fusion-body .fusion-builder-column-1{width:100% !important;order : 0;}.fusion-builder-column-1 > .fusion-column-wrapper {margin-right : 0px;margin-left : 0px;}}<\/style><\/div><div class=\"fusion-layout-column fusion_builder_column fusion-builder-column-2 fusion_builder_column_1_3 1_3 fusion-flex-column\"><div class=\"fusion-column-wrapper fusion-flex-justify-content-flex-start fusion-content-layout-column\" style=\"background-position:left top;background-repeat:no-repeat;-webkit-background-size:cover;-moz-background-size:cover;-o-background-size:cover;background-size:cover;padding: 0px 0px 0px 0px;\"><a class=\"fusion-modal-text-link\" data-toggle=\"modal\" data-target=\".fusion-modal.arocco\" href=\"#\">\n<div style=\"text-align: center;\"><span class=\" fusion-imageframe imageframe-none imageframe-1 hover-type-none\" style=\"border-radius: 50%;\"><img decoding=\"async\" class=\"img-responsive wp-image-1483\" title=\"rocco\" src=\"http:\/\/web.philo.ulg.ac.be\/epistolarita\/wp-content\/uploads\/sites\/63\/2021\/02\/rocco.jpg\" width=\"200\" height=\"200\" srcset=\"http:\/\/web.philo.ulg.ac.be\/epistolarita\/wp-content\/uploads\/sites\/63\/2021\/02\/rocco-66x66.jpg 66w, http:\/\/web.philo.ulg.ac.be\/epistolarita\/wp-content\/uploads\/sites\/63\/2021\/02\/rocco-150x150.jpg 150w, http:\/\/web.philo.ulg.ac.be\/epistolarita\/wp-content\/uploads\/sites\/63\/2021\/02\/rocco.jpg 200w\" sizes=\"(max-width: 200px) 100vw, 200px\" \/><\/span><\/div>\n<\/a><div class=\"fusion-separator fusion-full-width-sep\" style=\"align-self: center;margin-left: auto;margin-right: auto;margin-top:30px;width:100%;\"><\/div><style type=\"text\/css\">@media only screen and (max-width:1024px) {.fusion-title.fusion-title-3{margin-top:0px!important; margin-right:0px!important;margin-bottom:31px!important;margin-left:0px!important;}}@media only screen and (max-width:640px) {.fusion-title.fusion-title-3{margin-top:0px!important; margin-right:0px!important;margin-bottom:20px!important; margin-left:0px!important;}}<\/style><div class=\"fusion-title title fusion-title-3 fusion-sep-none fusion-title-text fusion-title-size-five\" style=\"margin-top:0px;margin-right:0px;margin-bottom:31px;margin-left:0px;\"><h5 class=\"title-heading-left\" style=\"margin:0;\"><p style=\"text-align: center;\">Andr\u00e9 Rocco<\/p>\n<p style=\"text-align: center;\">archivista<\/p><\/h5><\/div><div class=\"fusion-modal modal fade modal-3 arocco\" tabindex=\"-1\" role=\"dialog\" aria-labelledby=\"modal-heading-3\" aria-hidden=\"true\"><style type=\"text\/css\">.modal-3 .modal-header, .modal-3 .modal-footer{border-color:#c00000;}<\/style><div class=\"modal-dialog modal-lg\" role=\"document\"><div class=\"modal-content fusion-modal-content\" style=\"background-color:#f6f6f6\"><div class=\"modal-header\"><button class=\"close\" type=\"button\" data-dismiss=\"modal\" aria-hidden=\"true\" aria-label=\"Close\">&times;<\/button><h3 class=\"modal-title\" id=\"modal-heading-3\" data-dismiss=\"modal\" aria-hidden=\"true\">Andr\u00e9 Rocco<\/h3><\/div><div class=\"modal-body fusion-clearfix\">\n<p style=\"text-align: justify;\">Nel 2020 Andr\u00e9 Rocco ha conseguito la doppia laurea magistrale in storia (finalit\u00e0 di ricerca, con lode, e finalit\u00e0 di didattica) all\u2019Universit\u00e0 di Liegi. La sua tesi di laurea, che ha avuto come oggetto di studio il carteggio di un ambasciatore fiorentino del Cinquecento, gli ha concesso di svolgere diversi soggiorni di ricerca a Firenze e a Roma, e di partecipare ad un seminario del Medici Archive Project (2018).<\/p>\n<p style=\"text-align: justify;\">Dopo avere insegnato nelle scuole secondarie in Italia e in Belgio si \u00e8 occupato \u2013 nell\u2019ambito del progetto EpistolartITA \u2013 dello spoglio delle biblioteche e dei fondi archivistici belgi allo scopo di ritrovare un corpus di documenti epistolari scritti in italiano tra il Quattro e il Seicento.<\/p>\n<\/div><\/div><\/div><\/div><\/div><style type=\"text\/css\">.fusion-body .fusion-builder-column-2{width:33.333333333333% !important;margin-top : 0px;margin-bottom : 20px;}.fusion-builder-column-2 > .fusion-column-wrapper {padding-top : 0px !important;padding-right : 0px !important;margin-right : 0px;padding-bottom : 0px !important;padding-left : 0px !important;margin-left : 0px;}@media only screen and (max-width:1024px) {.fusion-body .fusion-builder-column-2{width:100% !important;order : 0;}.fusion-builder-column-2 > .fusion-column-wrapper {margin-right : 0px;margin-left : 0px;}}@media only screen and (max-width:640px) {.fusion-body .fusion-builder-column-2{width:100% !important;order : 0;}.fusion-builder-column-2 > .fusion-column-wrapper {margin-right : 0px;margin-left : 0px;}}<\/style><\/div><div class=\"fusion-layout-column fusion_builder_column fusion-builder-column-3 fusion_builder_column_1_3 1_3 fusion-flex-column\"><div class=\"fusion-column-wrapper fusion-flex-justify-content-flex-start fusion-content-layout-column\" style=\"background-position:left top;background-repeat:no-repeat;-webkit-background-size:cover;-moz-background-size:cover;-o-background-size:cover;background-size:cover;padding: 0px 0px 0px 0px;\"><a class=\"fusion-modal-text-link\" data-toggle=\"modal\" data-target=\".fusion-modal.pmoreno\" href=\"#\">\n<div style=\"text-align: center;\"><span class=\" fusion-imageframe imageframe-none imageframe-2 hover-type-none\" style=\"border-radius: 50%;\"><img decoding=\"async\" class=\"img-responsive wp-image-1446\" title=\"moreno\" src=\"http:\/\/web.philo.ulg.ac.be\/epistolarita\/wp-content\/uploads\/sites\/63\/2021\/02\/moreno.jpg\" width=\"200\" height=\"200\" srcset=\"http:\/\/web.philo.ulg.ac.be\/epistolarita\/wp-content\/uploads\/sites\/63\/2021\/02\/moreno-66x66.jpg 66w, http:\/\/web.philo.ulg.ac.be\/epistolarita\/wp-content\/uploads\/sites\/63\/2021\/02\/moreno-150x150.jpg 150w, http:\/\/web.philo.ulg.ac.be\/epistolarita\/wp-content\/uploads\/sites\/63\/2021\/02\/moreno.jpg 200w\" sizes=\"(max-width: 200px) 100vw, 200px\" \/><\/span><\/div>\n<\/a><div class=\"fusion-separator fusion-full-width-sep\" style=\"align-self: center;margin-left: auto;margin-right: auto;margin-top:30px;width:100%;\"><\/div><style type=\"text\/css\">@media only screen and (max-width:1024px) {.fusion-title.fusion-title-4{margin-top:0px!important; margin-right:0px!important;margin-bottom:31px!important;margin-left:0px!important;}}@media only screen and (max-width:640px) {.fusion-title.fusion-title-4{margin-top:0px!important; margin-right:0px!important;margin-bottom:20px!important; margin-left:0px!important;}}<\/style><div class=\"fusion-title title fusion-title-4 fusion-sep-none fusion-title-text fusion-title-size-five\" style=\"margin-top:0px;margin-right:0px;margin-bottom:31px;margin-left:0px;\"><h5 class=\"title-heading-left\" style=\"margin:0;\"><p style=\"text-align: center;\">Paola Moreno<\/p>\n<p style=\"text-align: center;\">responsabile accademico<\/p><\/h5><\/div><div class=\"fusion-modal modal fade modal-4 pmoreno\" tabindex=\"-1\" role=\"dialog\" aria-labelledby=\"modal-heading-4\" aria-hidden=\"true\"><style type=\"text\/css\">.modal-4 .modal-header, .modal-4 .modal-footer{border-color:#c00000;}<\/style><div class=\"modal-dialog modal-lg\" role=\"document\"><div class=\"modal-content fusion-modal-content\" style=\"background-color:#f6f6f6\"><div class=\"modal-header\"><button class=\"close\" type=\"button\" data-dismiss=\"modal\" aria-hidden=\"true\" aria-label=\"Close\">&times;<\/button><h3 class=\"modal-title\" id=\"modal-heading-4\" data-dismiss=\"modal\" aria-hidden=\"true\">Paola Moreno<\/h3><\/div><div class=\"modal-body fusion-clearfix\">\n<p style=\"text-align: justify;\">Paola Moreno \u00e8 professore ordinario di Lingua e Letteratura Italiana all\u2019Universit\u00e0 di Liegi.<\/p>\n<p style=\"text-align: justify;\">La sua formazione da filologa romanza e la sua esperienza nel campo dell\u2019epistolografia in volgare dal Medioevo al Rinascimento l&rsquo;hanno portata alla cura dell\u2019edizione della corrispondenza di Francesco Guicciardini e alla direzione del progetto EpistolART, condotto all\u2019Universit\u00e0 di Liegi.<\/p>\n<p style=\"text-align: justify;\">Autrice di pubblicazioni teoriche sull&rsquo;edizione filologica di testi epistolari, ha organizzato diversi seminari e conferenze sui temi dell&rsquo;edizione digitale e sui problemi linguistici e filologici sollevati dall&rsquo;edizione critica di corpora eterogenei, sia dal punto di vista cronologico che linguistico.<\/p>\n<\/div><\/div><\/div><\/div><\/div><style type=\"text\/css\">.fusion-body .fusion-builder-column-3{width:33.333333333333% !important;margin-top : 0px;margin-bottom : 20px;}.fusion-builder-column-3 > .fusion-column-wrapper {padding-top : 0px !important;padding-right : 0px !important;margin-right : 0px;padding-bottom : 0px !important;padding-left : 0px !important;margin-left : 0px;}@media only screen and (max-width:1024px) {.fusion-body .fusion-builder-column-3{width:100% !important;order : 0;}.fusion-builder-column-3 > .fusion-column-wrapper {margin-right : 0px;margin-left : 0px;}}@media only screen and (max-width:640px) {.fusion-body .fusion-builder-column-3{width:100% !important;order : 0;}.fusion-builder-column-3 > .fusion-column-wrapper {margin-right : 0px;margin-left : 0px;}}<\/style><\/div><div class=\"fusion-layout-column fusion_builder_column fusion-builder-column-4 fusion_builder_column_1_3 1_3 fusion-flex-column\"><div class=\"fusion-column-wrapper fusion-flex-justify-content-flex-start fusion-content-layout-column\" style=\"background-position:left top;background-repeat:no-repeat;-webkit-background-size:cover;-moz-background-size:cover;-o-background-size:cover;background-size:cover;padding: 0px 0px 0px 0px;\"><div style=\"text-align:center;\"><span class=\" fusion-imageframe imageframe-none imageframe-1 hover-type-none\" style=\"border-radius:50%;\"><a class=\"fusion-no-lightbox\" href=\"https:\/\/www.uliege.be\/cms\/c_9054334\/fr\/repertoire?uid=u188313\" target=\"_blank\" aria-label=\"simon\" rel=\"noopener noreferrer\"><img decoding=\"async\" width=\"200\" height=\"200\" src=\"http:\/\/web.philo.ulg.ac.be\/epistolarita\/wp-content\/uploads\/sites\/63\/2021\/04\/simon.jpg\" alt class=\"img-responsive wp-image-1546\" srcset=\"http:\/\/web.philo.ulg.ac.be\/epistolarita\/wp-content\/uploads\/sites\/63\/2021\/04\/simon-66x66.jpg 66w, http:\/\/web.philo.ulg.ac.be\/epistolarita\/wp-content\/uploads\/sites\/63\/2021\/04\/simon-150x150.jpg 150w, http:\/\/web.philo.ulg.ac.be\/epistolarita\/wp-content\/uploads\/sites\/63\/2021\/04\/simon.jpg 200w\" sizes=\"(max-width: 200px) 100vw, 200px\" \/><\/a><\/span><\/div><div class=\"fusion-separator fusion-full-width-sep\" style=\"align-self: center;margin-left: auto;margin-right: auto;margin-top:30px;width:100%;\"><\/div><style type=\"text\/css\">@media only screen and (max-width:1024px) {.fusion-title.fusion-title-5{margin-top:0px!important; margin-right:0px!important;margin-bottom:31px!important;margin-left:0px!important;}}@media only screen and (max-width:640px) {.fusion-title.fusion-title-5{margin-top:0px!important; margin-right:0px!important;margin-bottom:20px!important; margin-left:0px!important;}}<\/style><div class=\"fusion-title title fusion-title-5 fusion-sep-none fusion-title-text fusion-title-size-five\" style=\"margin-top:0px;margin-right:0px;margin-bottom:31px;margin-left:0px;\"><h5 class=\"title-heading-left\" style=\"margin:0;\"><p style=\"text-align: center;\">Laurent Simon<\/p>\n<p style=\"text-align: center;\">informatico<\/p><\/h5><\/div><\/div><style type=\"text\/css\">.fusion-body .fusion-builder-column-4{width:33.333333333333% !important;margin-top : 0px;margin-bottom : 20px;}.fusion-builder-column-4 > .fusion-column-wrapper {padding-top : 0px !important;padding-right : 0px !important;margin-right : 0px;padding-bottom : 0px !important;padding-left : 0px !important;margin-left : 0px;}@media only screen and (max-width:1024px) {.fusion-body .fusion-builder-column-4{width:100% !important;order : 0;}.fusion-builder-column-4 > .fusion-column-wrapper {margin-right : 0px;margin-left : 0px;}}@media only screen and (max-width:640px) {.fusion-body .fusion-builder-column-4{width:100% !important;order : 0;}.fusion-builder-column-4 > .fusion-column-wrapper {margin-right : 0px;margin-left : 0px;}}<\/style><\/div><div class=\"fusion-layout-column fusion_builder_column fusion-builder-column-5 fusion_builder_column_1_3 1_3 fusion-flex-column\"><div class=\"fusion-column-wrapper fusion-flex-justify-content-flex-start fusion-content-layout-column\" style=\"background-position:left top;background-repeat:no-repeat;-webkit-background-size:cover;-moz-background-size:cover;-o-background-size:cover;background-size:cover;padding: 0px 0px 0px 0px;\"><div style=\"text-align:center;\"><span class=\" fusion-imageframe imageframe-none imageframe-2 hover-type-none\" style=\"border-radius:50%;\"><a class=\"fusion-no-lightbox\" href=\"https:\/\/www.uliege.be\/cms\/c_9054334\/fr\/repertoire?uid=u201550\" target=\"_blank\" aria-label=\"morimont\" rel=\"noopener noreferrer\"><img decoding=\"async\" width=\"200\" height=\"200\" src=\"http:\/\/web.philo.ulg.ac.be\/epistolarita\/wp-content\/uploads\/sites\/63\/2021\/04\/morimont.jpg\" alt class=\"img-responsive wp-image-1547\" srcset=\"http:\/\/web.philo.ulg.ac.be\/epistolarita\/wp-content\/uploads\/sites\/63\/2021\/04\/morimont-66x66.jpg 66w, http:\/\/web.philo.ulg.ac.be\/epistolarita\/wp-content\/uploads\/sites\/63\/2021\/04\/morimont-150x150.jpg 150w, http:\/\/web.philo.ulg.ac.be\/epistolarita\/wp-content\/uploads\/sites\/63\/2021\/04\/morimont.jpg 200w\" sizes=\"(max-width: 200px) 100vw, 200px\" \/><\/a><\/span><\/div><div class=\"fusion-separator fusion-full-width-sep\" style=\"align-self: center;margin-left: auto;margin-right: auto;margin-top:30px;width:100%;\"><\/div><style type=\"text\/css\">@media only screen and (max-width:1024px) {.fusion-title.fusion-title-6{margin-top:0px!important; margin-right:0px!important;margin-bottom:31px!important;margin-left:0px!important;}}@media only screen and (max-width:640px) {.fusion-title.fusion-title-6{margin-top:0px!important; margin-right:0px!important;margin-bottom:20px!important; margin-left:0px!important;}}<\/style><div class=\"fusion-title title fusion-title-6 fusion-sep-none fusion-title-text fusion-title-size-five\" style=\"margin-top:0px;margin-right:0px;margin-bottom:31px;margin-left:0px;\"><h5 class=\"title-heading-left\" style=\"margin:0;\"><p style=\"text-align: center;\">Benoit Morimont<\/p>\n<p style=\"text-align: center;\">informatico<\/p><\/h5><\/div><\/div><style type=\"text\/css\">.fusion-body .fusion-builder-column-5{width:33.333333333333% !important;margin-top : 0px;margin-bottom : 20px;}.fusion-builder-column-5 > .fusion-column-wrapper {padding-top : 0px !important;padding-right : 0px !important;margin-right : 0px;padding-bottom : 0px !important;padding-left : 0px !important;margin-left : 0px;}@media only screen and (max-width:1024px) {.fusion-body .fusion-builder-column-5{width:100% !important;order : 0;}.fusion-builder-column-5 > .fusion-column-wrapper {margin-right : 0px;margin-left : 0px;}}@media only screen and (max-width:640px) {.fusion-body .fusion-builder-column-5{width:100% !important;order : 0;}.fusion-builder-column-5 > .fusion-column-wrapper {margin-right : 0px;margin-left : 0px;}}<\/style><\/div><\/div><style type=\"text\/css\">.fusion-body .fusion-flex-container.fusion-builder-row-1{ padding-top : 150px;margin-top : 0px;padding-right : 0px;padding-bottom : 0px;margin-bottom : 0px;padding-left : 0px;}<\/style><\/div>\n","protected":false},"excerpt":{"rendered":"","protected":false},"author":2,"featured_media":0,"parent":0,"menu_order":0,"comment_status":"closed","ping_status":"closed","template":"","meta":{"footnotes":""},"class_list":["post-1166","page","type-page","status-publish","hentry"],"_links":{"self":[{"href":"http:\/\/web.philo.ulg.ac.be\/epistolarita\/wp-json\/wp\/v2\/pages\/1166","targetHints":{"allow":["GET"]}}],"collection":[{"href":"http:\/\/web.philo.ulg.ac.be\/epistolarita\/wp-json\/wp\/v2\/pages"}],"about":[{"href":"http:\/\/web.philo.ulg.ac.be\/epistolarita\/wp-json\/wp\/v2\/types\/page"}],"author":[{"embeddable":true,"href":"http:\/\/web.philo.ulg.ac.be\/epistolarita\/wp-json\/wp\/v2\/users\/2"}],"replies":[{"embeddable":true,"href":"http:\/\/web.philo.ulg.ac.be\/epistolarita\/wp-json\/wp\/v2\/comments?post=1166"}],"version-history":[{"count":5,"href":"http:\/\/web.philo.ulg.ac.be\/epistolarita\/wp-json\/wp\/v2\/pages\/1166\/revisions"}],"predecessor-version":[{"id":1550,"href":"http:\/\/web.philo.ulg.ac.be\/epistolarita\/wp-json\/wp\/v2\/pages\/1166\/revisions\/1550"}],"wp:attachment":[{"href":"http:\/\/web.philo.ulg.ac.be\/epistolarita\/wp-json\/wp\/v2\/media?parent=1166"}],"curies":[{"name":"wp","href":"https:\/\/api.w.org\/{rel}","templated":true}]}}