{"id":1171,"date":"2021-01-12T15:16:14","date_gmt":"2021-01-12T14:16:14","guid":{"rendered":"http:\/\/web.philo.ulg.ac.be\/epistolarita\/?page_id=1171"},"modified":"2022-03-31T06:38:22","modified_gmt":"2022-03-31T04:38:22","slug":"le-pubblicazioni","status":"publish","type":"page","link":"http:\/\/web.philo.ulg.ac.be\/epistolarita\/le-pubblicazioni\/","title":{"rendered":"Le pubblicazioni"},"content":{"rendered":"<div class=\"fusion-fullwidth fullwidth-box fusion-builder-row-1 fusion-flex-container nonhundred-percent-fullwidth non-hundred-percent-height-scrolling\" style=\"background-color: rgba(255,255,255,0);background-position: left top;background-repeat: no-repeat;border-width: 0px 0px 0px 0px;border-color:#eae9e9;border-style:solid;\" ><div class=\"fusion-builder-row fusion-row fusion-flex-align-items-flex-start fusion-flex-align-content-flex-start\" style=\"max-width:calc( 1170px + 0px );margin-left: calc(-0px \/ 2 );margin-right: calc(-0px \/ 2 );\"><div class=\"fusion-layout-column fusion_builder_column fusion-builder-column-0 fusion_builder_column_1_1 1_1 fusion-flex-column\"><div class=\"fusion-column-wrapper fusion-flex-justify-content-center fusion-content-layout-column\" style=\"background-position:left top;background-repeat:no-repeat;-webkit-background-size:cover;-moz-background-size:cover;-o-background-size:cover;background-size:cover;padding: 100px 10% 100px 10%;\"><div class=\"fusion-text fusion-text-1\"><p>In questa pagina si segnalano le pubblicazioni e le attivit\u00e0 scientifiche relative a tematiche epistolari dei membri del progetto <i>epistolarITA<\/i>, cos\u00ec come una lista non esaustiva di lavori che sono stati tra le maggiori fonti d&rsquo;ispirazione per l&rsquo;ideazione e lo sviluppo del database.<\/p>\n<\/div><div class=\"fusion-separator fusion-full-width-sep\" style=\"align-self: center;margin-left: auto;margin-right: auto;margin-top:15px;margin-bottom:15px;width:100%;\"><\/div><div class=\"fusion-text fusion-text-2\"><p><b>Pubblicazioni dei membri di <i>epistolarITA<\/i><\/b><\/p>\n<\/div><ul class=\"fusion-checklist fusion-checklist-1\" style=\"font-size:16px;line-height:27.2px;\"><li style=\"background-color:rgba(255,255,255,0);\" class=\"fusion-li-item\"><span style=\"height:27.2px;width:27.2px;margin-right:11.2px;\" class=\"icon-wrapper circle-no\"><i class=\"fusion-li-icon fa-angle-right fas\" style=\"color:#c00000;\" aria-hidden=\"true\"><\/i><\/span><div class=\"fusion-li-item-content\" style=\"margin-left:38.4px;color:#262e44;\">\n<p>Andr\u00e9 Rocco e Gianluca Valenti, <em>Les Italiens aux anciens Pays-Bas \u00e0 la lumi\u00e8re des sources \u00e9pistolaires: le cas d\u2019Alexandre Farn\u00e8se<\/em>, Revue Belge de Philologie et d\u2019Histoire, accettato, in pubblicazione<\/p>\n<\/div><\/li><li style=\"background-color:rgba(255,255,255,0);\" class=\"fusion-li-item\"><span style=\"height:27.2px;width:27.2px;margin-right:11.2px;\" class=\"icon-wrapper circle-no\"><i class=\"fusion-li-icon fa-angle-right fas\" style=\"color:#c00000;\" aria-hidden=\"true\"><\/i><\/span><div class=\"fusion-li-item-content\" style=\"margin-left:38.4px;color:#262e44;\">\n<p>Paola Moreno (ed.), <em>Francesco Guicciardini. Lettere (1499-1540)<\/em>, Indice dei nomi e delle cose notevoli a cura di Gianluca Valenti, Torino, Einaudi, 2022<\/p>\n<\/div><\/li><li style=\"background-color:rgba(255,255,255,0);\" class=\"fusion-li-item\"><span style=\"height:27.2px;width:27.2px;margin-right:11.2px;\" class=\"icon-wrapper circle-no\"><i class=\"fusion-li-icon fa-angle-right fas\" style=\"color:#c00000;\" aria-hidden=\"true\"><\/i><\/span><div class=\"fusion-li-item-content\" style=\"margin-left:38.4px;color:#262e44;\">\n<p>Gianluca Valenti e Alexander Zeisberg, <em>Il progetto \u2018epistolarITA\u2019 e una proposta di applicazione di algoritmi di prossimit\u00e0 testuale su documenti epistolari italiani (XV-XVII s.)<\/em>, in \u00abCulture digitali. Intersezioni: filosofia, arti, media. Atti del XI Convegno Annuale AIUCD (Universit\u00e0 del Salento, 19-21\/01\/2022)\u00bb, a cura di Fabio Cirac\u00ec, Giulia Miglietta e Carola Gatto, Bologna, Quaderni di Umanistica Digitale, 2022, pp. 172-176 [<a href=\"http:\/\/amsacta.unibo.it\/6848\/1\/Proceedings_AIUCD2022.pdf\" target=\"_blank\" rel=\"noopener\">online<\/a>]\n<\/div><\/li><li style=\"background-color:rgba(255,255,255,0);\" class=\"fusion-li-item\"><span style=\"height:27.2px;width:27.2px;margin-right:11.2px;\" class=\"icon-wrapper circle-no\"><i class=\"fusion-li-icon fa-angle-right fas\" style=\"color:#c00000;\" aria-hidden=\"true\"><\/i><\/span><div class=\"fusion-li-item-content\" style=\"margin-left:38.4px;color:#262e44;\">\n<p>Gianluca Valenti, <span style=\"color: var(--body_typography-color);font-family: var(--body_typography-font-family);font-weight: var(--body_typography-font-weight);letter-spacing: var(--body_typography-letter-spacing)\"><i>Alessandro Farnese ai Capizucchi. Considerazioni retorico-pragmatiche a margine di un carteggio inedito<\/i><\/span><span style=\"color: var(--body_typography-color);font-family: var(--body_typography-font-family);font-weight: var(--body_typography-font-weight);letter-spacing: var(--body_typography-letter-spacing)\">, in <\/span><span style=\"color: var(--body_typography-color);font-family: var(--body_typography-font-family);font-weight: var(--body_typography-font-weight);letter-spacing: var(--body_typography-letter-spacing)\">\u00ab<\/span><span style=\"color: var(--body_typography-color);font-family: var(--body_typography-font-family);font-weight: var(--body_typography-font-weight);letter-spacing: var(--body_typography-letter-spacing)\">Per un epistolario farnesiano. Atti della giornata di studio (Viterbo, 28 gennaio 2021)<\/span><span style=\"color: var(--body_typography-color);font-family: var(--body_typography-font-family);font-weight: var(--body_typography-font-weight);letter-spacing: var(--body_typography-letter-spacing)\">\u00bb<\/span><span style=\"color: var(--body_typography-color);font-family: var(--body_typography-font-family);font-weight: var(--body_typography-font-weight);letter-spacing: var(--body_typography-letter-spacing)\">, a cura di Paolo Marini, Enrico Parlato e Paolo Procaccioli <\/span><span style=\"color: var(--body_typography-color);font-family: var(--body_typography-font-family);font-weight: var(--body_typography-font-weight);letter-spacing: var(--body_typography-letter-spacing)\">, <\/span><span style=\"color: var(--body_typography-color);font-family: var(--body_typography-font-family);font-weight: var(--body_typography-font-weight);letter-spacing: var(--body_typography-letter-spacing)\">Manziana, Vecchiarelli, 2022, pp. <\/span><span style=\"color: var(--body_typography-color);font-family: var(--body_typography-font-family);font-weight: var(--body_typography-font-weight);letter-spacing: var(--body_typography-letter-spacing)\">199-222<\/span><\/p>\n<\/div><\/li><li style=\"background-color:rgba(255,255,255,0);\" class=\"fusion-li-item\"><span style=\"height:27.2px;width:27.2px;margin-right:11.2px;\" class=\"icon-wrapper circle-no\"><i class=\"fusion-li-icon fa-angle-right fas\" style=\"color:#c00000;\" aria-hidden=\"true\"><\/i><\/span><div class=\"fusion-li-item-content\" style=\"margin-left:38.4px;color:#262e44;\">\n<p>Gianluca Valenti, <i>Strategie della richiesta in un nucleo di lettere di Bartolomeo Ammannati (1563-1578)<\/i>, Lingua e Stile, 55 (2020), pp. 261-285<\/p>\n<\/div><\/li><li style=\"background-color:rgba(255,255,255,0);\" class=\"fusion-li-item\"><span style=\"height:27.2px;width:27.2px;margin-right:11.2px;\" class=\"icon-wrapper circle-no\"><i class=\"fusion-li-icon fa-angle-right fas\" style=\"color:#c00000;\" aria-hidden=\"true\"><\/i><\/span><div class=\"fusion-li-item-content\" style=\"margin-left:38.4px;color:#262e44;\">\n<p>Gianluca Valenti, <i>A Corpus-Based Approach to Michelangelo\u2019s Epistolary Language<\/i>, DH Benelux journal, 2 (2020), pp. 1-17 [<a href=\"https:\/\/journal.dhbenelux.org\/journal\/issues\/002\/article-2-valenti\/article-2-valenti.html\" target=\"_blank\" rel=\"noopener\">online<\/a>]\n<\/div><\/li><li style=\"background-color:rgba(255,255,255,0);\" class=\"fusion-li-item\"><span style=\"height:27.2px;width:27.2px;margin-right:11.2px;\" class=\"icon-wrapper circle-no\"><i class=\"fusion-li-icon fa-angle-right fas\" style=\"color:#c00000;\" aria-hidden=\"true\"><\/i><\/span><div class=\"fusion-li-item-content\" style=\"margin-left:38.4px;color:#262e44;\">\n<p>Paola Moreno e Irene Regini, <i>Il rapporto tra gli intellettuali e i loro mecenati in una lettera inedita di Romolo Amaseo a Francesco Guicciardini. Edizione, traduzione e studio<\/i>, Studi e problemi di critica testuale, 100 (2020), pp. 69-102<\/p>\n<\/div><\/li><li style=\"background-color:rgba(255,255,255,0);\" class=\"fusion-li-item\"><span style=\"height:27.2px;width:27.2px;margin-right:11.2px;\" class=\"icon-wrapper circle-no\"><i class=\"fusion-li-icon fa-angle-right fas\" style=\"color:#c00000;\" aria-hidden=\"true\"><\/i><\/span><div class=\"fusion-li-item-content\" style=\"margin-left:38.4px;color:#262e44;\">\n<p>Paola Moreno, <i>Il progetto EpistolART dell\u2019Universit\u00e0 di Liegi<\/i>, in \u00abIl carteggio d\u2019artista: fonti, questioni, ricerche tra XVII e XIX secolo\u00bb, a cura di Serenella Rol\ufb01 O\u017evald e Carla Mazzarelli, Milano, Silvana Editoriale, 2019, pp. 402-407<\/p>\n<\/div><\/li><li style=\"background-color:rgba(255,255,255,0);\" class=\"fusion-li-item\"><span style=\"height:27.2px;width:27.2px;margin-right:11.2px;\" class=\"icon-wrapper circle-no\"><i class=\"fusion-li-icon fa-angle-right fas\" style=\"color:#c00000;\" aria-hidden=\"true\"><\/i><\/span><div class=\"fusion-li-item-content\" style=\"margin-left:38.4px;color:#262e44;\">\n<p>Gianluca Valenti, <i>Bartolomeo Ammannati, lettere sui cantieri toscani (1563-1578). Trascrizione e note linguistiche<\/i>, Studi di filologia italiana, 77 (2019), pp. 203-288<\/p>\n<\/div><\/li><li style=\"background-color:rgba(255,255,255,0);\" class=\"fusion-li-item\"><span style=\"height:27.2px;width:27.2px;margin-right:11.2px;\" class=\"icon-wrapper circle-no\"><i class=\"fusion-li-icon fa-angle-right fas\" style=\"color:#c00000;\" aria-hidden=\"true\"><\/i><\/span><div class=\"fusion-li-item-content\" style=\"margin-left:38.4px;color:#262e44;\">\n<p>Gianluca Valenti, <i>Le revisioni linguistiche del Riccio e del Giannotti alle lettere di Michelangelo<\/i>, in \u00abLingua delle arti e lingua di artisti in Italia fra Medioevo e Rinascimento\u00bb, a cura di Alessandro Aresti, Firenze, Franco Cesati, 2019, pp. 263-290<\/p>\n<\/div><\/li><li style=\"background-color:rgba(255,255,255,0);\" class=\"fusion-li-item\"><span style=\"height:27.2px;width:27.2px;margin-right:11.2px;\" class=\"icon-wrapper circle-no\"><i class=\"fusion-li-icon fa-angle-right fas\" style=\"color:#c00000;\" aria-hidden=\"true\"><\/i><\/span><div class=\"fusion-li-item-content\" style=\"margin-left:38.4px;color:#262e44;\">\n<p>Gianluca Valenti, <i>Le lettere di Michelangelo. Auto-promozione e auto-percezione nel contesto del dibattito linguistico contemporaneo<\/i>, Studi di Memofonte, 18 (2017), pp. 182-210 [<a href=\"https:\/\/www.memofonte.it\/studi-di-memofonte\/numero-18-2017\/#g-valenti-le-lettere-di-michelangelo-auto-promozione-e-auto-percezione-nel-contesto-del-dibattito-linguistico-contemporaneo\" target=\"_blank\" rel=\"noopener\">online<\/a>]\n<\/div><\/li><li style=\"background-color:rgba(255,255,255,0);\" class=\"fusion-li-item\"><span style=\"height:27.2px;width:27.2px;margin-right:11.2px;\" class=\"icon-wrapper circle-no\"><i class=\"fusion-li-icon fa-angle-right fas\" style=\"color:#c00000;\" aria-hidden=\"true\"><\/i><\/span><div class=\"fusion-li-item-content\" style=\"margin-left:38.4px;color:#262e44;\">\n<p>Gianluca Valenti, <i>Per l\u2019edizione di un corpus epistolare plurilinguistico. Note sul rapporto tra grafia e pronuncia in testi italiani del \u2019400 e del \u2019500<\/i>, Studi e problemi di critica testuale, 92 (2016), pp. 81-104<\/p>\n<\/div><\/li><li style=\"background-color:rgba(255,255,255,0);\" class=\"fusion-li-item\"><span style=\"height:27.2px;width:27.2px;margin-right:11.2px;\" class=\"icon-wrapper circle-no\"><i class=\"fusion-li-icon fa-angle-right fas\" style=\"color:#c00000;\" aria-hidden=\"true\"><\/i><\/span><div class=\"fusion-li-item-content\" style=\"margin-left:38.4px;color:#262e44;\">\n<p>Paola Moreno, <i>Filologia dei carteggi volgari quattro-cinquecenteschi<\/i>, Studi e problemi di critica testuale. Numero speciale per il 150\u00b0 anniversario della Commissione per i testi in lingua, 85 (2012), pp. 127-147<\/p>\n<\/div><\/li><\/ul><div class=\"fusion-separator fusion-full-width-sep\" style=\"align-self: center;margin-left: auto;margin-right: auto;margin-top:15px;margin-bottom:15px;width:100%;\"><\/div><div class=\"fusion-text fusion-text-3\"><p><b>Convegni, seminari, conferenze dei membri di <i>epistolarITA<\/i><\/b><\/p>\n<\/div><ul class=\"fusion-checklist fusion-checklist-2\" style=\"font-size:16px;line-height:27.2px;\"><li style=\"background-color:rgba(255,255,255,0);\" class=\"fusion-li-item\"><span style=\"height:27.2px;width:27.2px;margin-right:11.2px;\" class=\"icon-wrapper circle-no\"><i class=\"fusion-li-icon fa-angle-right fas\" style=\"color:#c00000;\" aria-hidden=\"true\"><\/i><\/span><div class=\"fusion-li-item-content\" style=\"margin-left:38.4px;color:#262e44;\">\n<p><span style=\"color: var(--body_typography-color);font-family: var(--body_typography-font-family);font-weight: var(--body_typography-font-weight);letter-spacing: var(--body_typography-letter-spacing)\">Gianluca Valenti e Alexander Zeisberg Militerni, <\/span><span style=\"color: var(--body_typography-color);font-family: var(--body_typography-font-family);font-weight: var(--body_typography-font-weight);letter-spacing: var(--body_typography-letter-spacing)\"><i>Il progetto \u2018epistolarITA\u2019 e una proposta di applicazione di algoritmi di prossimit\u00e0 testuale su documenti epistolari italiani (XV-XVII s.)<\/i><\/span><span style=\"color: var(--body_typography-color);font-family: var(--body_typography-font-family);font-weight: var(--body_typography-font-weight);letter-spacing: var(--body_typography-letter-spacing)\">, XI Convegno Annuale AIUCD. Culture digitali. Intersezioni: filosofia, arti, media (Universit\u00e0 del Salento, 01-03\/06\/2022)<\/span><\/p>\n<\/div><\/li><li style=\"background-color:rgba(255,255,255,0);\" class=\"fusion-li-item\"><span style=\"height:27.2px;width:27.2px;margin-right:11.2px;\" class=\"icon-wrapper circle-no\"><i class=\"fusion-li-icon fa-angle-right fas\" style=\"color:#c00000;\" aria-hidden=\"true\"><\/i><\/span><div class=\"fusion-li-item-content\" style=\"margin-left:38.4px;color:#262e44;\">\n<p>Paola Moreno e Gianluca Valenti, <i>La \u2018lettera di artista\u2019, una tipologia epistolare?<\/i>, Convegno internazionale \u00abEpistolografia e circolazione dei saperi in et\u00e0 moderna\u00bb (Universit\u00e0 di Bergamo, 5-6\/05\/2022)<\/p>\n<\/div><\/li><li style=\"background-color:rgba(255,255,255,0);\" class=\"fusion-li-item\"><span style=\"height:27.2px;width:27.2px;margin-right:11.2px;\" class=\"icon-wrapper circle-no\"><i class=\"fusion-li-icon fa-angle-right fas\" style=\"color:#c00000;\" aria-hidden=\"true\"><\/i><\/span><div class=\"fusion-li-item-content\" style=\"margin-left:38.4px;color:#262e44;\">\n<p>Gianluca Valenti, <i>Modern letters and text analysis: the \u2018epistolarITA\u2019 project<\/i>, \u00abDigital Humanities Virtual Discussion Group for ECRs in Belgium: Spring 2022 Edition\u00bb (KULeuven, 21\/03\/2022)<\/p>\n<\/div><\/li><li style=\"background-color:rgba(255,255,255,0);\" class=\"fusion-li-item\"><span style=\"height:27.2px;width:27.2px;margin-right:11.2px;\" class=\"icon-wrapper circle-no\"><i class=\"fusion-li-icon fa-angle-right fas\" style=\"color:#c00000;\" aria-hidden=\"true\"><\/i><\/span><div class=\"fusion-li-item-content\" style=\"margin-left:38.4px;color:#262e44;\">\n<p>Gianluca Valenti, <span style=\"color: var(--body_typography-color);font-family: var(--body_typography-font-family);font-weight: var(--body_typography-font-weight);letter-spacing: var(--body_typography-letter-spacing)\"><i>epistolarITA: Applying similarity techniques to Modern Italian letters<\/i><\/span><span style=\"color: var(--body_typography-color);font-family: var(--body_typography-font-family);font-weight: var(--body_typography-font-weight);letter-spacing: var(--body_typography-letter-spacing)\">, Seminario organizzato da \u00abDigital Scholarship @ Oxford\u00bb (University of Oxford, 09\/03\/2022)<\/span><\/p>\n<\/div><\/li><li style=\"background-color:rgba(255,255,255,0);\" class=\"fusion-li-item\"><span style=\"height:27.2px;width:27.2px;margin-right:11.2px;\" class=\"icon-wrapper circle-no\"><i class=\"fusion-li-icon fa-angle-right fas\" style=\"color:#c00000;\" aria-hidden=\"true\"><\/i><\/span><div class=\"fusion-li-item-content\" style=\"margin-left:38.4px;color:#262e44;\">\n<p>Paola Moreno e Gianluca Valenti, <i>L\u2019edizione digitale EpistolART e i suoi sviluppi successivi: ItalART ed epistolarITA<\/i>, \u00abEsercitazioni di Digital Humanities 2022\u00bb (Universit\u00e0 di Bergamo, 03\/03\/2022)<\/p>\n<\/div><\/li><li style=\"background-color:rgba(255,255,255,0);\" class=\"fusion-li-item\"><span style=\"height:27.2px;width:27.2px;margin-right:11.2px;\" class=\"icon-wrapper circle-no\"><i class=\"fusion-li-icon fa-angle-right fas\" style=\"color:#c00000;\" aria-hidden=\"true\"><\/i><\/span><div class=\"fusion-li-item-content\" style=\"margin-left:38.4px;color:#262e44;\">\n<p>Gianluca Valenti e Andr\u00e9 Rocco, <i>Sur les traces de la pr\u00e9sence italienne en Belgique \u00e0 la Renaissance<\/i>, Conferenza organizzata dalla \u00abFondazione Euritalia\u00bb e dall&rsquo;Unit\u00e0 di Ricerche \u00abTransitions\u00bb (Universit\u00e9 de Li\u00e8ge, 18\/02\/2022)<\/p>\n<\/div><\/li><li style=\"background-color:rgba(255,255,255,0);\" class=\"fusion-li-item\"><span style=\"height:27.2px;width:27.2px;margin-right:11.2px;\" class=\"icon-wrapper circle-no\"><i class=\"fusion-li-icon fa-angle-right fas\" style=\"color:#c00000;\" aria-hidden=\"true\"><\/i><\/span><div class=\"fusion-li-item-content\" style=\"margin-left:38.4px;color:#262e44;\">\n<p>Paola Moreno e Gianluca Valenti, <i>Il lessico delle emozioni nella corrispondenza e nella storiografia di Francesco Guicciardini. Filologia e strumenti digitali al servizio dell\u2019interpretazione<\/i>, Convegno internazionale \u00abLe passioni della politica. Storia, storiografia ed emozioni a Firenze fra Quattro e Cinquecento\u00bb (Universit\u00e0 di Padova, 15-16\/12\/2021)<\/p>\n<\/div><\/li><\/ul><div class=\"fusion-separator fusion-full-width-sep\" style=\"align-self: center;margin-left: auto;margin-right: auto;margin-top:15px;margin-bottom:15px;width:100%;\"><\/div><div class=\"fusion-text fusion-text-4\"><p><b>Altri lavori scientifici<\/b><\/p>\n<\/div><ul class=\"fusion-checklist fusion-checklist-3\" style=\"font-size:16px;line-height:27.2px;\"><li style=\"background-color:rgba(255,255,255,0);\" class=\"fusion-li-item\"><span style=\"height:27.2px;width:27.2px;margin-right:11.2px;\" class=\"icon-wrapper circle-no\"><i class=\"fusion-li-icon fa-angle-right fas\" style=\"color:#c00000;\" aria-hidden=\"true\"><\/i><\/span><div class=\"fusion-li-item-content\" style=\"margin-left:38.4px;color:#262e44;\">\n<p><em>Reassembling the Republic of Letters in the Digital Age: Standards, Systems, Scholarship<\/em>, a cura di Howard Hotson e Thomas Wallnig, G\u00f6ttingen, University Press, 2019 [<a href=\"https:\/\/www.univerlag.uni-goettingen.de\/handle\/3\/isbn-978-3-86395-403-1\" target=\"_blank\" rel=\"noopener\">online<\/a>]\n<\/div><\/li><li style=\"background-color:rgba(255,255,255,0);\" class=\"fusion-li-item\"><span style=\"height:27.2px;width:27.2px;margin-right:11.2px;\" class=\"icon-wrapper circle-no\"><i class=\"fusion-li-icon fa-angle-right fas\" style=\"color:#c00000;\" aria-hidden=\"true\"><\/i><\/span><div class=\"fusion-li-item-content\" style=\"margin-left:38.4px;color:#262e44;\">\n<p><i>The Grand Ducal Medici and their Archive (1537-1743)<\/i>, a cura di Alessio Assonitis e Brian Sandberg, Turnhout, Brepols, 2016<\/p>\n<\/div><\/li><li style=\"background-color:rgba(255,255,255,0);\" class=\"fusion-li-item\"><span style=\"height:27.2px;width:27.2px;margin-right:11.2px;\" class=\"icon-wrapper circle-no\"><i class=\"fusion-li-icon fa-angle-right fas\" style=\"color:#c00000;\" aria-hidden=\"true\"><\/i><\/span><div class=\"fusion-li-item-content\" style=\"margin-left:38.4px;color:#262e44;\">\n<p>Peter Wittek e Walter Ravenek,\u00a0<i>Supporting the Exploration of a Corpus of 17th-Century Scholarly Correspondences by Topic Modeling<\/i>, in \u00abSupporting Digital Humanities 2011: Answering the unaskable\u00bb, a cura di Bente Maegaard, Copenhagen, 2011 [<a href=\"https:\/\/www.diva-portal.org\/smash\/get\/diva2:887360\/FULLTEXT01.pdf\" target=\"_blank\" rel=\"noopener\">online<\/a>]\n<\/div><\/li><\/ul><div class=\"fusion-separator fusion-full-width-sep\" style=\"align-self: center;margin-left: auto;margin-right: auto;margin-top:15px;margin-bottom:15px;width:100%;\"><\/div><div class=\"fusion-text fusion-text-5\"><p><b>Siti internet<\/b><\/p>\n<\/div><ul class=\"fusion-checklist fusion-checklist-4\" style=\"font-size:16px;line-height:27.2px;\"><li style=\"background-color:rgba(255,255,255,0);\" class=\"fusion-li-item\"><span style=\"height:27.2px;width:27.2px;margin-right:11.2px;\" class=\"icon-wrapper circle-no\"><i class=\"fusion-li-icon fa-angle-right fas\" style=\"color:#c00000;\" aria-hidden=\"true\"><\/i><\/span><div class=\"fusion-li-item-content\" style=\"margin-left:38.4px;color:#262e44;\">\n<p><a href=\"https:\/\/voyant-tools.org\/\" target=\"_blank\" rel=\"noopener\">Voyant Tools<\/a><\/p>\n<\/div><\/li><li style=\"background-color:rgba(255,255,255,0);\" class=\"fusion-li-item\"><span style=\"height:27.2px;width:27.2px;margin-right:11.2px;\" class=\"icon-wrapper circle-no\"><i class=\"fusion-li-icon fa-angle-right fas\" style=\"color:#c00000;\" aria-hidden=\"true\"><\/i><\/span><div class=\"fusion-li-item-content\" style=\"margin-left:38.4px;color:#262e44;\">\n<p><a href=\"http:\/\/ckcc.huygens.knaw.nl\/epistolarium\/\" target=\"_blank\" rel=\"noopener\">ePistolarium<\/a><\/p>\n<\/div><\/li><li style=\"background-color:rgba(255,255,255,0);\" class=\"fusion-li-item\"><span style=\"height:27.2px;width:27.2px;margin-right:11.2px;\" class=\"icon-wrapper circle-no\"><i class=\"fusion-li-icon fa-angle-right fas\" style=\"color:#c00000;\" aria-hidden=\"true\"><\/i><\/span><div class=\"fusion-li-item-content\" style=\"margin-left:38.4px;color:#262e44;\">\n<p><a href=\"https:\/\/adsieg.github.io\/\" target=\"_blank\" rel=\"noopener\">Adrien Sieg<\/a><\/p>\n<\/div><\/li><\/ul><\/div><style type=\"text\/css\">.fusion-body .fusion-builder-column-0{width:100% !important;margin-top : 0px;margin-bottom : 0px;}.fusion-builder-column-0 > .fusion-column-wrapper {padding-top : 100px !important;padding-right : 10% !important;margin-right : 0px;padding-bottom : 100px !important;padding-left : 10% !important;margin-left : 0px;}@media only screen and (max-width:1024px) {.fusion-body .fusion-builder-column-0{width:100% !important;order : 0;}.fusion-builder-column-0 > .fusion-column-wrapper {margin-right : 0px;margin-left : 0px;}}@media only screen and (max-width:640px) {.fusion-body .fusion-builder-column-0{width:100% !important;order : 0;}.fusion-builder-column-0 > .fusion-column-wrapper {margin-right : 0px;margin-left : 0px;}}<\/style><\/div><\/div><style type=\"text\/css\">.fusion-body .fusion-flex-container.fusion-builder-row-1{ padding-top : 50px;margin-top : 0px;padding-right : 0px;padding-bottom : 0px;margin-bottom : 0px;padding-left : 0px;}<\/style><\/div>\n","protected":false},"excerpt":{"rendered":"","protected":false},"author":2,"featured_media":0,"parent":0,"menu_order":0,"comment_status":"closed","ping_status":"closed","template":"100-width.php","meta":{"footnotes":""},"class_list":["post-1171","page","type-page","status-publish","hentry"],"_links":{"self":[{"href":"http:\/\/web.philo.ulg.ac.be\/epistolarita\/wp-json\/wp\/v2\/pages\/1171","targetHints":{"allow":["GET"]}}],"collection":[{"href":"http:\/\/web.philo.ulg.ac.be\/epistolarita\/wp-json\/wp\/v2\/pages"}],"about":[{"href":"http:\/\/web.philo.ulg.ac.be\/epistolarita\/wp-json\/wp\/v2\/types\/page"}],"author":[{"embeddable":true,"href":"http:\/\/web.philo.ulg.ac.be\/epistolarita\/wp-json\/wp\/v2\/users\/2"}],"replies":[{"embeddable":true,"href":"http:\/\/web.philo.ulg.ac.be\/epistolarita\/wp-json\/wp\/v2\/comments?post=1171"}],"version-history":[{"count":6,"href":"http:\/\/web.philo.ulg.ac.be\/epistolarita\/wp-json\/wp\/v2\/pages\/1171\/revisions"}],"predecessor-version":[{"id":1704,"href":"http:\/\/web.philo.ulg.ac.be\/epistolarita\/wp-json\/wp\/v2\/pages\/1171\/revisions\/1704"}],"wp:attachment":[{"href":"http:\/\/web.philo.ulg.ac.be\/epistolarita\/wp-json\/wp\/v2\/media?parent=1171"}],"curies":[{"name":"wp","href":"https:\/\/api.w.org\/{rel}","templated":true}]}}